{"id":9747,"date":"2019-08-06T17:31:39","date_gmt":"2019-08-06T16:31:39","guid":{"rendered":"https:\/\/ikisbaby.com\/?post_type=product&#038;p=9747"},"modified":"2024-06-20T23:24:48","modified_gmt":"2024-06-20T22:24:48","slug":"carapins-de-malha-pompom","status":"publish","type":"product","link":"https:\/\/ikisbaby.com\/index.php\/produto\/carapins-de-malha-pompom\/","title":{"rendered":"Carapins de Malha com Pompom"},"content":{"rendered":"<p>Carapins de malha com pompom.<\/p>\n<p>Carapins de beb\u00e9 em malha trabalhada com pompom dobra no tornozelo.<\/p>\n<p>Desing delicado. Este produto n\u00e3o s\u00f3 completa o look do seu beb\u00e9, como o deixa ainda mais confort\u00e1vel.<\/p>\n<p>Tamanho \u00fanico (<strong>Primeiros meses<\/strong>).<\/p>\n<p>Composi\u00e7\u00e3o: 100% acr\u00edlico.<\/p>\n","protected":false},"excerpt":{"rendered":"<p>Carapins de beb\u00e9 em malha trabalhada com pompom dobra no tornozelo.<\/p>\n<p>Desing delicado. Este produto n\u00e3o s\u00f3 completa o look do seu beb\u00e9, como o deixa ainda mais confort\u00e1vel.<\/p>\n<p>Tamanho \u00fanico (<strong>Primeiros meses<\/strong>).<\/p>\n<p>Composi\u00e7\u00e3o: 100% acr\u00edlico.<\/p>\n","protected":false},"featured_media":9757,"comment_status":"closed","ping_status":"closed","template":"","meta":[],"product_brand":[],"product_cat":[71,64],"product_tag":[98,827],"class_list":{"0":"post-9747","1":"product","2":"type-product","3":"status-publish","6":"product_cat-meias-carapins","7":"product_cat-malhas","8":"product_tag-carapins","9":"product_tag-carapins-malha","11":"first","12":"instock","13":"taxable","14":"shipping-taxable","15":"purchasable","16":"product-type-variable"},"yoast_head":"<!-- This site is optimized with the Yoast SEO plugin v27.0 - https:\/\/yoast.com\/product\/yoast-seo-wordpress\/ -->\n<title>Carapins de Malha com Pompom - ikisbaby - Loja Online<\/title>\n<meta name=\"description\" content=\"Carapins de malha com pompom. Design delicado, com cores variadas que completam qualquer look do seu beb\u00e9.\" \/>\n<meta name=\"robots\" content=\"index, follow, max-snippet:-1, max-image-preview:large, max-video-preview:-1\" \/>\n<link rel=\"canonical\" href=\"https:\/\/ikisbaby.com\/index.php\/produto\/carapins-de-malha-pompom\/\" \/>\n<meta property=\"og:locale\" content=\"pt_PT\" \/>\n<meta property=\"og:type\" content=\"article\" \/>\n<meta property=\"og:title\" content=\"Carapins de Malha com Pompom - ikisbaby - Loja Online\" \/>\n<meta property=\"og:description\" content=\"Carapins de malha com pompom. Design delicado, com cores variadas que completam qualquer look do seu beb\u00e9.\" \/>\n<meta property=\"og:url\" content=\"https:\/\/ikisbaby.com\/index.php\/produto\/carapins-de-malha-pompom\/\" \/>\n<meta property=\"og:site_name\" content=\"Ikisbaby\" \/>\n<meta property=\"article:publisher\" content=\"https:\/\/facebook.com\/ikisbaby\" \/>\n<meta property=\"article:modified_time\" content=\"2024-06-20T22:24:48+00:00\" \/>\n<meta property=\"og:image\" content=\"https:\/\/ikisbaby.com\/wp-content\/uploads\/2018\/11\/carapins_dobra_pompom.png\" \/>\n\t<meta property=\"og:image:width\" content=\"700\" \/>\n\t<meta property=\"og:image:height\" content=\"750\" \/>\n\t<meta property=\"og:image:type\" content=\"image\/png\" \/>\n<script type=\"application\/ld+json\" class=\"yoast-schema-graph\">{\"@context\":\"https:\/\/schema.org\",\"@graph\":[{\"@type\":\"WebPage\",\"@id\":\"https:\/\/ikisbaby.com\/index.php\/produto\/carapins-de-malha-pompom\/\",\"url\":\"https:\/\/ikisbaby.com\/index.php\/produto\/carapins-de-malha-pompom\/\",\"name\":\"Carapins de Malha com Pompom - ikisbaby - Loja Online\",\"isPartOf\":{\"@id\":\"https:\/\/ikisbaby.com\/#website\"},\"primaryImageOfPage\":{\"@id\":\"https:\/\/ikisbaby.com\/index.php\/produto\/carapins-de-malha-pompom\/#primaryimage\"},\"image\":{\"@id\":\"https:\/\/ikisbaby.com\/index.php\/produto\/carapins-de-malha-pompom\/#primaryimage\"},\"thumbnailUrl\":\"https:\/\/ikisbaby.com\/wp-content\/uploads\/2018\/11\/carapins_dobra_pompom.png\",\"datePublished\":\"2019-08-06T16:31:39+00:00\",\"dateModified\":\"2024-06-20T22:24:48+00:00\",\"description\":\"Carapins de malha com pompom. Design delicado, com cores variadas que completam qualquer look do seu beb\u00e9.\",\"breadcrumb\":{\"@id\":\"https:\/\/ikisbaby.com\/index.php\/produto\/carapins-de-malha-pompom\/#breadcrumb\"},\"inLanguage\":\"pt-PT\",\"potentialAction\":[{\"@type\":\"ReadAction\",\"target\":[\"https:\/\/ikisbaby.com\/index.php\/produto\/carapins-de-malha-pompom\/\"]}]},{\"@type\":\"ImageObject\",\"inLanguage\":\"pt-PT\",\"@id\":\"https:\/\/ikisbaby.com\/index.php\/produto\/carapins-de-malha-pompom\/#primaryimage\",\"url\":\"https:\/\/ikisbaby.com\/wp-content\/uploads\/2018\/11\/carapins_dobra_pompom.png\",\"contentUrl\":\"https:\/\/ikisbaby.com\/wp-content\/uploads\/2018\/11\/carapins_dobra_pompom.png\",\"width\":700,\"height\":750,\"caption\":\"Carapins malha pompom\"},{\"@type\":\"BreadcrumbList\",\"@id\":\"https:\/\/ikisbaby.com\/index.php\/produto\/carapins-de-malha-pompom\/#breadcrumb\",\"itemListElement\":[{\"@type\":\"ListItem\",\"position\":1,\"name\":\"In\u00edcio\",\"item\":\"https:\/\/ikisbaby.com\/\"},{\"@type\":\"ListItem\",\"position\":2,\"name\":\"Loja\",\"item\":\"https:\/\/ikisbaby.com\/index.php\/loja-roupa-para-bebe\/\"},{\"@type\":\"ListItem\",\"position\":3,\"name\":\"Carapins de Malha com Pompom\"}]},{\"@type\":\"WebSite\",\"@id\":\"https:\/\/ikisbaby.com\/#website\",\"url\":\"https:\/\/ikisbaby.com\/\",\"name\":\"Ikisbaby\",\"description\":\"Loja Online para Beb\u00e9\",\"publisher\":{\"@id\":\"https:\/\/ikisbaby.com\/#organization\"},\"potentialAction\":[{\"@type\":\"SearchAction\",\"target\":{\"@type\":\"EntryPoint\",\"urlTemplate\":\"https:\/\/ikisbaby.com\/?s={search_term_string}\"},\"query-input\":{\"@type\":\"PropertyValueSpecification\",\"valueRequired\":true,\"valueName\":\"search_term_string\"}}],\"inLanguage\":\"pt-PT\"},{\"@type\":\"Organization\",\"@id\":\"https:\/\/ikisbaby.com\/#organization\",\"name\":\"Ikisbaby\",\"url\":\"https:\/\/ikisbaby.com\/\",\"logo\":{\"@type\":\"ImageObject\",\"inLanguage\":\"pt-PT\",\"@id\":\"https:\/\/ikisbaby.com\/#\/schema\/logo\/image\/\",\"url\":\"https:\/\/ikisbaby.com\/wp-content\/uploads\/2019\/02\/favicon.png\",\"contentUrl\":\"https:\/\/ikisbaby.com\/wp-content\/uploads\/2019\/02\/favicon.png\",\"width\":512,\"height\":512,\"caption\":\"Ikisbaby\"},\"image\":{\"@id\":\"https:\/\/ikisbaby.com\/#\/schema\/logo\/image\/\"},\"sameAs\":[\"https:\/\/facebook.com\/ikisbaby\",\"https:\/\/www.instagram.com\/ikisbaby\/\"]}]}<\/script>\n<!-- \/ Yoast SEO plugin. -->","yoast_head_json":{"title":"Carapins de Malha com Pompom - ikisbaby - Loja Online","description":"Carapins de malha com pompom. Design delicado, com cores variadas que completam qualquer look do seu beb\u00e9.","robots":{"index":"index","follow":"follow","max-snippet":"max-snippet:-1","max-image-preview":"max-image-preview:large","max-video-preview":"max-video-preview:-1"},"canonical":"https:\/\/ikisbaby.com\/index.php\/produto\/carapins-de-malha-pompom\/","og_locale":"pt_PT","og_type":"article","og_title":"Carapins de Malha com Pompom - ikisbaby - Loja Online","og_description":"Carapins de malha com pompom. Design delicado, com cores variadas que completam qualquer look do seu beb\u00e9.","og_url":"https:\/\/ikisbaby.com\/index.php\/produto\/carapins-de-malha-pompom\/","og_site_name":"Ikisbaby","article_publisher":"https:\/\/facebook.com\/ikisbaby","article_modified_time":"2024-06-20T22:24:48+00:00","og_image":[{"width":700,"height":750,"url":"https:\/\/ikisbaby.com\/wp-content\/uploads\/2018\/11\/carapins_dobra_pompom.png","type":"image\/png"}],"schema":{"@context":"https:\/\/schema.org","@graph":[{"@type":"WebPage","@id":"https:\/\/ikisbaby.com\/index.php\/produto\/carapins-de-malha-pompom\/","url":"https:\/\/ikisbaby.com\/index.php\/produto\/carapins-de-malha-pompom\/","name":"Carapins de Malha com Pompom - ikisbaby - Loja Online","isPartOf":{"@id":"https:\/\/ikisbaby.com\/#website"},"primaryImageOfPage":{"@id":"https:\/\/ikisbaby.com\/index.php\/produto\/carapins-de-malha-pompom\/#primaryimage"},"image":{"@id":"https:\/\/ikisbaby.com\/index.php\/produto\/carapins-de-malha-pompom\/#primaryimage"},"thumbnailUrl":"https:\/\/ikisbaby.com\/wp-content\/uploads\/2018\/11\/carapins_dobra_pompom.png","datePublished":"2019-08-06T16:31:39+00:00","dateModified":"2024-06-20T22:24:48+00:00","description":"Carapins de malha com pompom. Design delicado, com cores variadas que completam qualquer look do seu beb\u00e9.","breadcrumb":{"@id":"https:\/\/ikisbaby.com\/index.php\/produto\/carapins-de-malha-pompom\/#breadcrumb"},"inLanguage":"pt-PT","potentialAction":[{"@type":"ReadAction","target":["https:\/\/ikisbaby.com\/index.php\/produto\/carapins-de-malha-pompom\/"]}]},{"@type":"ImageObject","inLanguage":"pt-PT","@id":"https:\/\/ikisbaby.com\/index.php\/produto\/carapins-de-malha-pompom\/#primaryimage","url":"https:\/\/ikisbaby.com\/wp-content\/uploads\/2018\/11\/carapins_dobra_pompom.png","contentUrl":"https:\/\/ikisbaby.com\/wp-content\/uploads\/2018\/11\/carapins_dobra_pompom.png","width":700,"height":750,"caption":"Carapins malha pompom"},{"@type":"BreadcrumbList","@id":"https:\/\/ikisbaby.com\/index.php\/produto\/carapins-de-malha-pompom\/#breadcrumb","itemListElement":[{"@type":"ListItem","position":1,"name":"In\u00edcio","item":"https:\/\/ikisbaby.com\/"},{"@type":"ListItem","position":2,"name":"Loja","item":"https:\/\/ikisbaby.com\/index.php\/loja-roupa-para-bebe\/"},{"@type":"ListItem","position":3,"name":"Carapins de Malha com Pompom"}]},{"@type":"WebSite","@id":"https:\/\/ikisbaby.com\/#website","url":"https:\/\/ikisbaby.com\/","name":"Ikisbaby","description":"Loja Online para Beb\u00e9","publisher":{"@id":"https:\/\/ikisbaby.com\/#organization"},"potentialAction":[{"@type":"SearchAction","target":{"@type":"EntryPoint","urlTemplate":"https:\/\/ikisbaby.com\/?s={search_term_string}"},"query-input":{"@type":"PropertyValueSpecification","valueRequired":true,"valueName":"search_term_string"}}],"inLanguage":"pt-PT"},{"@type":"Organization","@id":"https:\/\/ikisbaby.com\/#organization","name":"Ikisbaby","url":"https:\/\/ikisbaby.com\/","logo":{"@type":"ImageObject","inLanguage":"pt-PT","@id":"https:\/\/ikisbaby.com\/#\/schema\/logo\/image\/","url":"https:\/\/ikisbaby.com\/wp-content\/uploads\/2019\/02\/favicon.png","contentUrl":"https:\/\/ikisbaby.com\/wp-content\/uploads\/2019\/02\/favicon.png","width":512,"height":512,"caption":"Ikisbaby"},"image":{"@id":"https:\/\/ikisbaby.com\/#\/schema\/logo\/image\/"},"sameAs":["https:\/\/facebook.com\/ikisbaby","https:\/\/www.instagram.com\/ikisbaby\/"]}]}},"_links":{"self":[{"href":"https:\/\/ikisbaby.com\/index.php\/wp-json\/wp\/v2\/product\/9747","targetHints":{"allow":["GET"]}}],"collection":[{"href":"https:\/\/ikisbaby.com\/index.php\/wp-json\/wp\/v2\/product"}],"about":[{"href":"https:\/\/ikisbaby.com\/index.php\/wp-json\/wp\/v2\/types\/product"}],"replies":[{"embeddable":true,"href":"https:\/\/ikisbaby.com\/index.php\/wp-json\/wp\/v2\/comments?post=9747"}],"version-history":[{"count":4,"href":"https:\/\/ikisbaby.com\/index.php\/wp-json\/wp\/v2\/product\/9747\/revisions"}],"predecessor-version":[{"id":28734,"href":"https:\/\/ikisbaby.com\/index.php\/wp-json\/wp\/v2\/product\/9747\/revisions\/28734"}],"wp:featuredmedia":[{"embeddable":true,"href":"https:\/\/ikisbaby.com\/index.php\/wp-json\/wp\/v2\/media\/9757"}],"wp:attachment":[{"href":"https:\/\/ikisbaby.com\/index.php\/wp-json\/wp\/v2\/media?parent=9747"}],"wp:term":[{"taxonomy":"product_brand","embeddable":true,"href":"https:\/\/ikisbaby.com\/index.php\/wp-json\/wp\/v2\/product_brand?post=9747"},{"taxonomy":"product_cat","embeddable":true,"href":"https:\/\/ikisbaby.com\/index.php\/wp-json\/wp\/v2\/product_cat?post=9747"},{"taxonomy":"product_tag","embeddable":true,"href":"https:\/\/ikisbaby.com\/index.php\/wp-json\/wp\/v2\/product_tag?post=9747"}],"curies":[{"name":"wp","href":"https:\/\/api.w.org\/{rel}","templated":true}]}}