{"id":8445,"date":"2018-09-13T12:08:52","date_gmt":"2018-09-13T11:08:52","guid":{"rendered":"https:\/\/ikisbaby.com\/?post_type=product&#038;p=8445"},"modified":"2020-11-16T13:48:56","modified_gmt":"2020-11-16T13:48:56","slug":"casaco-de-pelo","status":"publish","type":"product","link":"https:\/\/ikisbaby.com\/index.php\/produto\/casaco-de-pelo\/","title":{"rendered":"Casaco Fofinho C\/Capuz"},"content":{"rendered":"<p>Casaco de P\u00ealo Forrado para Beb\u00e9 com Capuz .<\/p>\n<p>Modelo muito quentinho e fofinho para manter o beb\u00e9 sempre protegido e confot\u00e1vel.<\/p>\n<p>Composi\u00e7\u00e3o: 100% Poli\u00e9ster \/ Forro: 100% Poli\u00e9ster \/ Enchimento: 100% Poli\u00e9ster.<\/p>\n","protected":false},"excerpt":{"rendered":"<p>Casaco de P\u00ealo aos Pipos, Forrado para Beb\u00e9 com Capuz .<\/p>\n<p>Modelo muito quentinho e fofinho para manter o beb\u00e9 sempre protegido e confot\u00e1vel.<\/p>\n<p>Composi\u00e7\u00e3o: 100% Poli\u00e9ster \/ Forro: 100% Poli\u00e9ster \/ Enchimento: 100% Poli\u00e9ster.<\/p>\n","protected":false},"featured_media":8448,"comment_status":"closed","ping_status":"closed","template":"","meta":[],"product_brand":[],"product_cat":[267,62],"product_tag":[102],"class_list":{"0":"post-8445","1":"product","2":"type-product","3":"status-publish","6":"product_cat-outono-inverno-2022","7":"product_cat-casacos-bebe-menina","8":"product_tag-casaco-de-bebe","10":"first","11":"instock","12":"taxable","13":"shipping-taxable","14":"product-type-variable"},"yoast_head":"<!-- This site is optimized with the Yoast SEO plugin v27.0 - https:\/\/yoast.com\/product\/yoast-seo-wordpress\/ -->\n<title>Casaco de P\u00ealo Forrado Para Beb\u00e9 - Ikisbaby - Loja Online<\/title>\n<meta name=\"description\" content=\"Casaco de P\u00ealo Forrado para Beb\u00e9 com Capuz .Modelo muito quentinho e fofinho para manter o beb\u00e9 sempre protegido e confot\u00e1vel.\" \/>\n<meta name=\"robots\" content=\"index, follow, max-snippet:-1, max-image-preview:large, max-video-preview:-1\" \/>\n<link rel=\"canonical\" href=\"https:\/\/ikisbaby.com\/index.php\/produto\/casaco-de-pelo\/\" \/>\n<meta property=\"og:locale\" content=\"pt_PT\" \/>\n<meta property=\"og:type\" content=\"article\" \/>\n<meta property=\"og:title\" content=\"Casaco de P\u00ealo Forrado Para Beb\u00e9 - Ikisbaby - Loja Online\" \/>\n<meta property=\"og:description\" content=\"Casaco de P\u00ealo Forrado para Beb\u00e9 com Capuz .Modelo muito quentinho e fofinho para manter o beb\u00e9 sempre protegido e confot\u00e1vel.\" \/>\n<meta property=\"og:url\" content=\"https:\/\/ikisbaby.com\/index.php\/produto\/casaco-de-pelo\/\" \/>\n<meta property=\"og:site_name\" content=\"Ikisbaby\" \/>\n<meta property=\"article:publisher\" content=\"https:\/\/facebook.com\/ikisbaby\" \/>\n<meta property=\"article:modified_time\" content=\"2020-11-16T13:48:56+00:00\" \/>\n<meta property=\"og:image\" content=\"https:\/\/ikisbaby.com\/wp-content\/uploads\/2018\/09\/casaco_fofo_rosa.png\" \/>\n\t<meta property=\"og:image:width\" content=\"700\" \/>\n\t<meta property=\"og:image:height\" content=\"750\" \/>\n\t<meta property=\"og:image:type\" content=\"image\/png\" \/>\n<script type=\"application\/ld+json\" class=\"yoast-schema-graph\">{\"@context\":\"https:\/\/schema.org\",\"@graph\":[{\"@type\":\"WebPage\",\"@id\":\"https:\/\/ikisbaby.com\/index.php\/produto\/casaco-de-pelo\/\",\"url\":\"https:\/\/ikisbaby.com\/index.php\/produto\/casaco-de-pelo\/\",\"name\":\"Casaco de P\u00ealo Forrado Para Beb\u00e9 - Ikisbaby - Loja Online\",\"isPartOf\":{\"@id\":\"https:\/\/ikisbaby.com\/#website\"},\"primaryImageOfPage\":{\"@id\":\"https:\/\/ikisbaby.com\/index.php\/produto\/casaco-de-pelo\/#primaryimage\"},\"image\":{\"@id\":\"https:\/\/ikisbaby.com\/index.php\/produto\/casaco-de-pelo\/#primaryimage\"},\"thumbnailUrl\":\"https:\/\/ikisbaby.com\/wp-content\/uploads\/2018\/09\/casaco_fofo_rosa.png\",\"datePublished\":\"2018-09-13T11:08:52+00:00\",\"dateModified\":\"2020-11-16T13:48:56+00:00\",\"description\":\"Casaco de P\u00ealo Forrado para Beb\u00e9 com Capuz .Modelo muito quentinho e fofinho para manter o beb\u00e9 sempre protegido e confot\u00e1vel.\",\"breadcrumb\":{\"@id\":\"https:\/\/ikisbaby.com\/index.php\/produto\/casaco-de-pelo\/#breadcrumb\"},\"inLanguage\":\"pt-PT\",\"potentialAction\":[{\"@type\":\"ReadAction\",\"target\":[\"https:\/\/ikisbaby.com\/index.php\/produto\/casaco-de-pelo\/\"]}]},{\"@type\":\"ImageObject\",\"inLanguage\":\"pt-PT\",\"@id\":\"https:\/\/ikisbaby.com\/index.php\/produto\/casaco-de-pelo\/#primaryimage\",\"url\":\"https:\/\/ikisbaby.com\/wp-content\/uploads\/2018\/09\/casaco_fofo_rosa.png\",\"contentUrl\":\"https:\/\/ikisbaby.com\/wp-content\/uploads\/2018\/09\/casaco_fofo_rosa.png\",\"width\":700,\"height\":750,\"caption\":\"Casaco de P\u00ealo\"},{\"@type\":\"BreadcrumbList\",\"@id\":\"https:\/\/ikisbaby.com\/index.php\/produto\/casaco-de-pelo\/#breadcrumb\",\"itemListElement\":[{\"@type\":\"ListItem\",\"position\":1,\"name\":\"In\u00edcio\",\"item\":\"https:\/\/ikisbaby.com\/\"},{\"@type\":\"ListItem\",\"position\":2,\"name\":\"Loja\",\"item\":\"https:\/\/ikisbaby.com\/index.php\/loja-roupa-para-bebe\/\"},{\"@type\":\"ListItem\",\"position\":3,\"name\":\"Casaco Fofinho C\/Capuz\"}]},{\"@type\":\"WebSite\",\"@id\":\"https:\/\/ikisbaby.com\/#website\",\"url\":\"https:\/\/ikisbaby.com\/\",\"name\":\"Ikisbaby\",\"description\":\"Loja Online para Beb\u00e9\",\"publisher\":{\"@id\":\"https:\/\/ikisbaby.com\/#organization\"},\"potentialAction\":[{\"@type\":\"SearchAction\",\"target\":{\"@type\":\"EntryPoint\",\"urlTemplate\":\"https:\/\/ikisbaby.com\/?s={search_term_string}\"},\"query-input\":{\"@type\":\"PropertyValueSpecification\",\"valueRequired\":true,\"valueName\":\"search_term_string\"}}],\"inLanguage\":\"pt-PT\"},{\"@type\":\"Organization\",\"@id\":\"https:\/\/ikisbaby.com\/#organization\",\"name\":\"Ikisbaby\",\"url\":\"https:\/\/ikisbaby.com\/\",\"logo\":{\"@type\":\"ImageObject\",\"inLanguage\":\"pt-PT\",\"@id\":\"https:\/\/ikisbaby.com\/#\/schema\/logo\/image\/\",\"url\":\"https:\/\/ikisbaby.com\/wp-content\/uploads\/2019\/02\/favicon.png\",\"contentUrl\":\"https:\/\/ikisbaby.com\/wp-content\/uploads\/2019\/02\/favicon.png\",\"width\":512,\"height\":512,\"caption\":\"Ikisbaby\"},\"image\":{\"@id\":\"https:\/\/ikisbaby.com\/#\/schema\/logo\/image\/\"},\"sameAs\":[\"https:\/\/facebook.com\/ikisbaby\",\"https:\/\/www.instagram.com\/ikisbaby\/\"]}]}<\/script>\n<!-- \/ Yoast SEO plugin. -->","yoast_head_json":{"title":"Casaco de P\u00ealo Forrado Para Beb\u00e9 - Ikisbaby - Loja Online","description":"Casaco de P\u00ealo Forrado para Beb\u00e9 com Capuz .Modelo muito quentinho e fofinho para manter o beb\u00e9 sempre protegido e confot\u00e1vel.","robots":{"index":"index","follow":"follow","max-snippet":"max-snippet:-1","max-image-preview":"max-image-preview:large","max-video-preview":"max-video-preview:-1"},"canonical":"https:\/\/ikisbaby.com\/index.php\/produto\/casaco-de-pelo\/","og_locale":"pt_PT","og_type":"article","og_title":"Casaco de P\u00ealo Forrado Para Beb\u00e9 - Ikisbaby - Loja Online","og_description":"Casaco de P\u00ealo Forrado para Beb\u00e9 com Capuz .Modelo muito quentinho e fofinho para manter o beb\u00e9 sempre protegido e confot\u00e1vel.","og_url":"https:\/\/ikisbaby.com\/index.php\/produto\/casaco-de-pelo\/","og_site_name":"Ikisbaby","article_publisher":"https:\/\/facebook.com\/ikisbaby","article_modified_time":"2020-11-16T13:48:56+00:00","og_image":[{"width":700,"height":750,"url":"https:\/\/ikisbaby.com\/wp-content\/uploads\/2018\/09\/casaco_fofo_rosa.png","type":"image\/png"}],"schema":{"@context":"https:\/\/schema.org","@graph":[{"@type":"WebPage","@id":"https:\/\/ikisbaby.com\/index.php\/produto\/casaco-de-pelo\/","url":"https:\/\/ikisbaby.com\/index.php\/produto\/casaco-de-pelo\/","name":"Casaco de P\u00ealo Forrado Para Beb\u00e9 - Ikisbaby - Loja Online","isPartOf":{"@id":"https:\/\/ikisbaby.com\/#website"},"primaryImageOfPage":{"@id":"https:\/\/ikisbaby.com\/index.php\/produto\/casaco-de-pelo\/#primaryimage"},"image":{"@id":"https:\/\/ikisbaby.com\/index.php\/produto\/casaco-de-pelo\/#primaryimage"},"thumbnailUrl":"https:\/\/ikisbaby.com\/wp-content\/uploads\/2018\/09\/casaco_fofo_rosa.png","datePublished":"2018-09-13T11:08:52+00:00","dateModified":"2020-11-16T13:48:56+00:00","description":"Casaco de P\u00ealo Forrado para Beb\u00e9 com Capuz .Modelo muito quentinho e fofinho para manter o beb\u00e9 sempre protegido e confot\u00e1vel.","breadcrumb":{"@id":"https:\/\/ikisbaby.com\/index.php\/produto\/casaco-de-pelo\/#breadcrumb"},"inLanguage":"pt-PT","potentialAction":[{"@type":"ReadAction","target":["https:\/\/ikisbaby.com\/index.php\/produto\/casaco-de-pelo\/"]}]},{"@type":"ImageObject","inLanguage":"pt-PT","@id":"https:\/\/ikisbaby.com\/index.php\/produto\/casaco-de-pelo\/#primaryimage","url":"https:\/\/ikisbaby.com\/wp-content\/uploads\/2018\/09\/casaco_fofo_rosa.png","contentUrl":"https:\/\/ikisbaby.com\/wp-content\/uploads\/2018\/09\/casaco_fofo_rosa.png","width":700,"height":750,"caption":"Casaco de P\u00ealo"},{"@type":"BreadcrumbList","@id":"https:\/\/ikisbaby.com\/index.php\/produto\/casaco-de-pelo\/#breadcrumb","itemListElement":[{"@type":"ListItem","position":1,"name":"In\u00edcio","item":"https:\/\/ikisbaby.com\/"},{"@type":"ListItem","position":2,"name":"Loja","item":"https:\/\/ikisbaby.com\/index.php\/loja-roupa-para-bebe\/"},{"@type":"ListItem","position":3,"name":"Casaco Fofinho C\/Capuz"}]},{"@type":"WebSite","@id":"https:\/\/ikisbaby.com\/#website","url":"https:\/\/ikisbaby.com\/","name":"Ikisbaby","description":"Loja Online para Beb\u00e9","publisher":{"@id":"https:\/\/ikisbaby.com\/#organization"},"potentialAction":[{"@type":"SearchAction","target":{"@type":"EntryPoint","urlTemplate":"https:\/\/ikisbaby.com\/?s={search_term_string}"},"query-input":{"@type":"PropertyValueSpecification","valueRequired":true,"valueName":"search_term_string"}}],"inLanguage":"pt-PT"},{"@type":"Organization","@id":"https:\/\/ikisbaby.com\/#organization","name":"Ikisbaby","url":"https:\/\/ikisbaby.com\/","logo":{"@type":"ImageObject","inLanguage":"pt-PT","@id":"https:\/\/ikisbaby.com\/#\/schema\/logo\/image\/","url":"https:\/\/ikisbaby.com\/wp-content\/uploads\/2019\/02\/favicon.png","contentUrl":"https:\/\/ikisbaby.com\/wp-content\/uploads\/2019\/02\/favicon.png","width":512,"height":512,"caption":"Ikisbaby"},"image":{"@id":"https:\/\/ikisbaby.com\/#\/schema\/logo\/image\/"},"sameAs":["https:\/\/facebook.com\/ikisbaby","https:\/\/www.instagram.com\/ikisbaby\/"]}]}},"_links":{"self":[{"href":"https:\/\/ikisbaby.com\/index.php\/wp-json\/wp\/v2\/product\/8445","targetHints":{"allow":["GET"]}}],"collection":[{"href":"https:\/\/ikisbaby.com\/index.php\/wp-json\/wp\/v2\/product"}],"about":[{"href":"https:\/\/ikisbaby.com\/index.php\/wp-json\/wp\/v2\/types\/product"}],"replies":[{"embeddable":true,"href":"https:\/\/ikisbaby.com\/index.php\/wp-json\/wp\/v2\/comments?post=8445"}],"version-history":[{"count":0,"href":"https:\/\/ikisbaby.com\/index.php\/wp-json\/wp\/v2\/product\/8445\/revisions"}],"wp:featuredmedia":[{"embeddable":true,"href":"https:\/\/ikisbaby.com\/index.php\/wp-json\/wp\/v2\/media\/8448"}],"wp:attachment":[{"href":"https:\/\/ikisbaby.com\/index.php\/wp-json\/wp\/v2\/media?parent=8445"}],"wp:term":[{"taxonomy":"product_brand","embeddable":true,"href":"https:\/\/ikisbaby.com\/index.php\/wp-json\/wp\/v2\/product_brand?post=8445"},{"taxonomy":"product_cat","embeddable":true,"href":"https:\/\/ikisbaby.com\/index.php\/wp-json\/wp\/v2\/product_cat?post=8445"},{"taxonomy":"product_tag","embeddable":true,"href":"https:\/\/ikisbaby.com\/index.php\/wp-json\/wp\/v2\/product_tag?post=8445"}],"curies":[{"name":"wp","href":"https:\/\/api.w.org\/{rel}","templated":true}]}}