{"id":7332,"date":"2020-04-09T10:36:07","date_gmt":"2020-04-09T09:36:07","guid":{"rendered":"https:\/\/ikisbaby.com\/?post_type=product&#038;p=7332"},"modified":"2025-02-18T18:21:10","modified_gmt":"2025-02-18T18:21:10","slug":"body-com-gola","status":"publish","type":"product","link":"https:\/\/ikisbaby.com\/index.php\/produto\/body-com-gola\/","title":{"rendered":"Body com Gola"},"content":{"rendered":"<p>Body com gola sem carda para beb\u00e9.<\/p>\n<p>Um pequeno toque fofura ao look do seu beb\u00e9.<\/p>\n<p>100% Algod\u00e3o respeita a suavidade da pele do seu beb\u00e9.<\/p>\n<p><strong>SEM CARDA<\/strong><\/p>\n<p>&nbsp;<\/p>\n<p><strong>\u00a0<\/strong><\/p>\n","protected":false},"excerpt":{"rendered":"<p>Body com gola sem carda para beb\u00e9.<\/p>\n<p>Um pequeno toque fofura ao look do seu beb\u00e9.<\/p>\n<ul>\n<li>100% Algod\u00e3o respeita a suavidade da pele do seu beb\u00e9.<\/li>\n<li>Cores: branco, branco\/rosa\/, branco\/azul claro, branco\/azul marinho<\/li>\n<\/ul>\n<p>&nbsp;<\/p>\n<p><strong>SEM CARDA<\/strong><\/p>\n","protected":false},"featured_media":21836,"comment_status":"open","ping_status":"closed","template":"","meta":[],"product_brand":[],"product_cat":[190,303,69],"product_tag":[182,588],"class_list":{"0":"post-7332","1":"product","2":"type-product","3":"status-publish","6":"product_cat-bodies-com-gola","7":"product_cat-primavera-verao-2024","8":"product_cat-bodys-bebe","9":"product_tag-body","10":"product_tag-body-com-gola","12":"first","13":"instock","14":"taxable","15":"shipping-taxable","16":"purchasable","17":"product-type-variable"},"yoast_head":"<!-- This site is optimized with the Yoast SEO plugin v27.0 - https:\/\/yoast.com\/product\/yoast-seo-wordpress\/ -->\n<title>Body com Gola para Beb\u00e9 Branco - ikisbaby - Loja Online<\/title>\n<meta name=\"description\" content=\"Body com gola para beb\u00e9 branco. Um pequeno toque fofura ao look do seu beb\u00e9. 100% Algod\u00e3o respeita a suavidade da pele do seu beb\u00e9.\" \/>\n<meta name=\"robots\" content=\"index, follow, max-snippet:-1, max-image-preview:large, max-video-preview:-1\" \/>\n<link rel=\"canonical\" href=\"https:\/\/ikisbaby.com\/index.php\/produto\/body-com-gola\/\" \/>\n<meta property=\"og:locale\" content=\"pt_PT\" \/>\n<meta property=\"og:type\" content=\"article\" \/>\n<meta property=\"og:title\" content=\"Body com Gola para Beb\u00e9 Branco - ikisbaby - Loja Online\" \/>\n<meta property=\"og:description\" content=\"Body com gola para beb\u00e9 branco. Um pequeno toque fofura ao look do seu beb\u00e9. 100% Algod\u00e3o respeita a suavidade da pele do seu beb\u00e9.\" \/>\n<meta property=\"og:url\" content=\"https:\/\/ikisbaby.com\/index.php\/produto\/body-com-gola\/\" \/>\n<meta property=\"og:site_name\" content=\"Ikisbaby\" \/>\n<meta property=\"article:publisher\" content=\"https:\/\/facebook.com\/ikisbaby\" \/>\n<meta property=\"article:modified_time\" content=\"2025-02-18T18:21:10+00:00\" \/>\n<meta property=\"og:image\" content=\"https:\/\/ikisbaby.com\/wp-content\/uploads\/2019\/11\/body_gola_cardado.jpg.png\" \/>\n\t<meta property=\"og:image:width\" content=\"750\" \/>\n\t<meta property=\"og:image:height\" content=\"1000\" \/>\n\t<meta property=\"og:image:type\" content=\"image\/png\" \/>\n<script type=\"application\/ld+json\" class=\"yoast-schema-graph\">{\"@context\":\"https:\/\/schema.org\",\"@graph\":[{\"@type\":\"WebPage\",\"@id\":\"https:\/\/ikisbaby.com\/index.php\/produto\/body-com-gola\/\",\"url\":\"https:\/\/ikisbaby.com\/index.php\/produto\/body-com-gola\/\",\"name\":\"Body com Gola para Beb\u00e9 Branco - ikisbaby - Loja Online\",\"isPartOf\":{\"@id\":\"https:\/\/ikisbaby.com\/#website\"},\"primaryImageOfPage\":{\"@id\":\"https:\/\/ikisbaby.com\/index.php\/produto\/body-com-gola\/#primaryimage\"},\"image\":{\"@id\":\"https:\/\/ikisbaby.com\/index.php\/produto\/body-com-gola\/#primaryimage\"},\"thumbnailUrl\":\"https:\/\/ikisbaby.com\/wp-content\/uploads\/2019\/11\/body_gola_cardado.jpg.png\",\"datePublished\":\"2020-04-09T09:36:07+00:00\",\"dateModified\":\"2025-02-18T18:21:10+00:00\",\"description\":\"Body com gola para beb\u00e9 branco. Um pequeno toque fofura ao look do seu beb\u00e9. 100% Algod\u00e3o respeita a suavidade da pele do seu beb\u00e9.\",\"breadcrumb\":{\"@id\":\"https:\/\/ikisbaby.com\/index.php\/produto\/body-com-gola\/#breadcrumb\"},\"inLanguage\":\"pt-PT\",\"potentialAction\":[{\"@type\":\"ReadAction\",\"target\":[\"https:\/\/ikisbaby.com\/index.php\/produto\/body-com-gola\/\"]}]},{\"@type\":\"ImageObject\",\"inLanguage\":\"pt-PT\",\"@id\":\"https:\/\/ikisbaby.com\/index.php\/produto\/body-com-gola\/#primaryimage\",\"url\":\"https:\/\/ikisbaby.com\/wp-content\/uploads\/2019\/11\/body_gola_cardado.jpg.png\",\"contentUrl\":\"https:\/\/ikisbaby.com\/wp-content\/uploads\/2019\/11\/body_gola_cardado.jpg.png\",\"width\":750,\"height\":1000,\"caption\":\"body com gola cardado\"},{\"@type\":\"BreadcrumbList\",\"@id\":\"https:\/\/ikisbaby.com\/index.php\/produto\/body-com-gola\/#breadcrumb\",\"itemListElement\":[{\"@type\":\"ListItem\",\"position\":1,\"name\":\"In\u00edcio\",\"item\":\"https:\/\/ikisbaby.com\/\"},{\"@type\":\"ListItem\",\"position\":2,\"name\":\"Loja\",\"item\":\"https:\/\/ikisbaby.com\/index.php\/loja-roupa-para-bebe\/\"},{\"@type\":\"ListItem\",\"position\":3,\"name\":\"Body com Gola\"}]},{\"@type\":\"WebSite\",\"@id\":\"https:\/\/ikisbaby.com\/#website\",\"url\":\"https:\/\/ikisbaby.com\/\",\"name\":\"Ikisbaby\",\"description\":\"Loja Online para Beb\u00e9\",\"publisher\":{\"@id\":\"https:\/\/ikisbaby.com\/#organization\"},\"potentialAction\":[{\"@type\":\"SearchAction\",\"target\":{\"@type\":\"EntryPoint\",\"urlTemplate\":\"https:\/\/ikisbaby.com\/?s={search_term_string}\"},\"query-input\":{\"@type\":\"PropertyValueSpecification\",\"valueRequired\":true,\"valueName\":\"search_term_string\"}}],\"inLanguage\":\"pt-PT\"},{\"@type\":\"Organization\",\"@id\":\"https:\/\/ikisbaby.com\/#organization\",\"name\":\"Ikisbaby\",\"url\":\"https:\/\/ikisbaby.com\/\",\"logo\":{\"@type\":\"ImageObject\",\"inLanguage\":\"pt-PT\",\"@id\":\"https:\/\/ikisbaby.com\/#\/schema\/logo\/image\/\",\"url\":\"https:\/\/ikisbaby.com\/wp-content\/uploads\/2019\/02\/favicon.png\",\"contentUrl\":\"https:\/\/ikisbaby.com\/wp-content\/uploads\/2019\/02\/favicon.png\",\"width\":512,\"height\":512,\"caption\":\"Ikisbaby\"},\"image\":{\"@id\":\"https:\/\/ikisbaby.com\/#\/schema\/logo\/image\/\"},\"sameAs\":[\"https:\/\/facebook.com\/ikisbaby\",\"https:\/\/www.instagram.com\/ikisbaby\/\"]}]}<\/script>\n<!-- \/ Yoast SEO plugin. -->","yoast_head_json":{"title":"Body com Gola para Beb\u00e9 Branco - ikisbaby - Loja Online","description":"Body com gola para beb\u00e9 branco. Um pequeno toque fofura ao look do seu beb\u00e9. 100% Algod\u00e3o respeita a suavidade da pele do seu beb\u00e9.","robots":{"index":"index","follow":"follow","max-snippet":"max-snippet:-1","max-image-preview":"max-image-preview:large","max-video-preview":"max-video-preview:-1"},"canonical":"https:\/\/ikisbaby.com\/index.php\/produto\/body-com-gola\/","og_locale":"pt_PT","og_type":"article","og_title":"Body com Gola para Beb\u00e9 Branco - ikisbaby - Loja Online","og_description":"Body com gola para beb\u00e9 branco. Um pequeno toque fofura ao look do seu beb\u00e9. 100% Algod\u00e3o respeita a suavidade da pele do seu beb\u00e9.","og_url":"https:\/\/ikisbaby.com\/index.php\/produto\/body-com-gola\/","og_site_name":"Ikisbaby","article_publisher":"https:\/\/facebook.com\/ikisbaby","article_modified_time":"2025-02-18T18:21:10+00:00","og_image":[{"width":750,"height":1000,"url":"https:\/\/ikisbaby.com\/wp-content\/uploads\/2019\/11\/body_gola_cardado.jpg.png","type":"image\/png"}],"schema":{"@context":"https:\/\/schema.org","@graph":[{"@type":"WebPage","@id":"https:\/\/ikisbaby.com\/index.php\/produto\/body-com-gola\/","url":"https:\/\/ikisbaby.com\/index.php\/produto\/body-com-gola\/","name":"Body com Gola para Beb\u00e9 Branco - ikisbaby - Loja Online","isPartOf":{"@id":"https:\/\/ikisbaby.com\/#website"},"primaryImageOfPage":{"@id":"https:\/\/ikisbaby.com\/index.php\/produto\/body-com-gola\/#primaryimage"},"image":{"@id":"https:\/\/ikisbaby.com\/index.php\/produto\/body-com-gola\/#primaryimage"},"thumbnailUrl":"https:\/\/ikisbaby.com\/wp-content\/uploads\/2019\/11\/body_gola_cardado.jpg.png","datePublished":"2020-04-09T09:36:07+00:00","dateModified":"2025-02-18T18:21:10+00:00","description":"Body com gola para beb\u00e9 branco. Um pequeno toque fofura ao look do seu beb\u00e9. 100% Algod\u00e3o respeita a suavidade da pele do seu beb\u00e9.","breadcrumb":{"@id":"https:\/\/ikisbaby.com\/index.php\/produto\/body-com-gola\/#breadcrumb"},"inLanguage":"pt-PT","potentialAction":[{"@type":"ReadAction","target":["https:\/\/ikisbaby.com\/index.php\/produto\/body-com-gola\/"]}]},{"@type":"ImageObject","inLanguage":"pt-PT","@id":"https:\/\/ikisbaby.com\/index.php\/produto\/body-com-gola\/#primaryimage","url":"https:\/\/ikisbaby.com\/wp-content\/uploads\/2019\/11\/body_gola_cardado.jpg.png","contentUrl":"https:\/\/ikisbaby.com\/wp-content\/uploads\/2019\/11\/body_gola_cardado.jpg.png","width":750,"height":1000,"caption":"body com gola cardado"},{"@type":"BreadcrumbList","@id":"https:\/\/ikisbaby.com\/index.php\/produto\/body-com-gola\/#breadcrumb","itemListElement":[{"@type":"ListItem","position":1,"name":"In\u00edcio","item":"https:\/\/ikisbaby.com\/"},{"@type":"ListItem","position":2,"name":"Loja","item":"https:\/\/ikisbaby.com\/index.php\/loja-roupa-para-bebe\/"},{"@type":"ListItem","position":3,"name":"Body com Gola"}]},{"@type":"WebSite","@id":"https:\/\/ikisbaby.com\/#website","url":"https:\/\/ikisbaby.com\/","name":"Ikisbaby","description":"Loja Online para Beb\u00e9","publisher":{"@id":"https:\/\/ikisbaby.com\/#organization"},"potentialAction":[{"@type":"SearchAction","target":{"@type":"EntryPoint","urlTemplate":"https:\/\/ikisbaby.com\/?s={search_term_string}"},"query-input":{"@type":"PropertyValueSpecification","valueRequired":true,"valueName":"search_term_string"}}],"inLanguage":"pt-PT"},{"@type":"Organization","@id":"https:\/\/ikisbaby.com\/#organization","name":"Ikisbaby","url":"https:\/\/ikisbaby.com\/","logo":{"@type":"ImageObject","inLanguage":"pt-PT","@id":"https:\/\/ikisbaby.com\/#\/schema\/logo\/image\/","url":"https:\/\/ikisbaby.com\/wp-content\/uploads\/2019\/02\/favicon.png","contentUrl":"https:\/\/ikisbaby.com\/wp-content\/uploads\/2019\/02\/favicon.png","width":512,"height":512,"caption":"Ikisbaby"},"image":{"@id":"https:\/\/ikisbaby.com\/#\/schema\/logo\/image\/"},"sameAs":["https:\/\/facebook.com\/ikisbaby","https:\/\/www.instagram.com\/ikisbaby\/"]}]}},"_links":{"self":[{"href":"https:\/\/ikisbaby.com\/index.php\/wp-json\/wp\/v2\/product\/7332","targetHints":{"allow":["GET"]}}],"collection":[{"href":"https:\/\/ikisbaby.com\/index.php\/wp-json\/wp\/v2\/product"}],"about":[{"href":"https:\/\/ikisbaby.com\/index.php\/wp-json\/wp\/v2\/types\/product"}],"replies":[{"embeddable":true,"href":"https:\/\/ikisbaby.com\/index.php\/wp-json\/wp\/v2\/comments?post=7332"}],"version-history":[{"count":1,"href":"https:\/\/ikisbaby.com\/index.php\/wp-json\/wp\/v2\/product\/7332\/revisions"}],"predecessor-version":[{"id":28177,"href":"https:\/\/ikisbaby.com\/index.php\/wp-json\/wp\/v2\/product\/7332\/revisions\/28177"}],"wp:featuredmedia":[{"embeddable":true,"href":"https:\/\/ikisbaby.com\/index.php\/wp-json\/wp\/v2\/media\/21836"}],"wp:attachment":[{"href":"https:\/\/ikisbaby.com\/index.php\/wp-json\/wp\/v2\/media?parent=7332"}],"wp:term":[{"taxonomy":"product_brand","embeddable":true,"href":"https:\/\/ikisbaby.com\/index.php\/wp-json\/wp\/v2\/product_brand?post=7332"},{"taxonomy":"product_cat","embeddable":true,"href":"https:\/\/ikisbaby.com\/index.php\/wp-json\/wp\/v2\/product_cat?post=7332"},{"taxonomy":"product_tag","embeddable":true,"href":"https:\/\/ikisbaby.com\/index.php\/wp-json\/wp\/v2\/product_tag?post=7332"}],"curies":[{"name":"wp","href":"https:\/\/api.w.org\/{rel}","templated":true}]}}