{"id":4679,"date":"2018-02-19T15:03:18","date_gmt":"2018-02-19T15:03:18","guid":{"rendered":"https:\/\/ikisbaby.com\/?post_type=product&#038;p=4679"},"modified":"2020-06-30T15:20:17","modified_gmt":"2020-06-30T14:20:17","slug":"casaco-bebe-em-malha","status":"publish","type":"product","link":"https:\/\/ikisbaby.com\/index.php\/produto\/casaco-bebe-em-malha\/","title":{"rendered":"Casaco Malha Riscas La\u00e7o"},"content":{"rendered":"<address>Casaco Beb\u00e9 em Malha com Riscas e La\u00e7o Aplicado.<\/address>\n<address>\u00a0Para alegras os dias cinzentos da primavera.<\/address>\n<address>\u00a0Composi\u00e7\u00e3o: 100% Acr\u00edlico.<\/address>\n<address>\u00a0Tamanho: \u00danico (<strong><em>Primeiros meses<\/em><\/strong>).<\/address>\n","protected":false},"excerpt":{"rendered":"<address>Casaco para Beb\u00e9 em Malha com Riscas e La\u00e7o Aplicado.<\/address>\n<address>\u00a0Para alegras os dias cinzentos da primavera.<\/address>\n<address>\u00a0Composi\u00e7\u00e3o: 100% Acr\u00edlico.<\/address>\n<address>\u00a0Tamanho: \u00danico (<strong><em>Primeiros meses<\/em><\/strong>).<\/address>\n","protected":false},"featured_media":7958,"comment_status":"closed","ping_status":"closed","template":"","meta":[],"product_brand":[],"product_cat":[264,62],"product_tag":[102],"class_list":{"0":"post-4679","1":"product","2":"type-product","3":"status-publish","6":"product_cat-saldos","7":"product_cat-casacos-bebe-menina","8":"product_tag-casaco-de-bebe","10":"first","11":"instock","12":"taxable","13":"shipping-taxable","14":"purchasable","15":"product-type-variable"},"yoast_head":"<!-- This site is optimized with the Yoast SEO plugin v27.0 - https:\/\/yoast.com\/product\/yoast-seo-wordpress\/ -->\n<title>Casaco Beb\u00e9 em Malha com Riscas e La\u00e7o - ikisbaby - Loja Online<\/title>\n<meta name=\"description\" content=\"Casaco Beb\u00e9 em Malha com Riscas e La\u00e7o Aplicado. Para alegras os dias cinzentos da primavera. Composi\u00e7\u00e3o: 100% Acr\u00edlico. Tamanho: \u00danico.\" \/>\n<meta name=\"robots\" content=\"index, follow, max-snippet:-1, max-image-preview:large, max-video-preview:-1\" \/>\n<link rel=\"canonical\" href=\"https:\/\/ikisbaby.com\/index.php\/produto\/casaco-bebe-em-malha\/\" \/>\n<meta property=\"og:locale\" content=\"pt_PT\" \/>\n<meta property=\"og:type\" content=\"article\" \/>\n<meta property=\"og:title\" content=\"Casaco Beb\u00e9 em Malha com Riscas e La\u00e7o - ikisbaby - Loja Online\" \/>\n<meta property=\"og:description\" content=\"Casaco Beb\u00e9 em Malha com Riscas e La\u00e7o Aplicado. Para alegras os dias cinzentos da primavera. Composi\u00e7\u00e3o: 100% Acr\u00edlico. Tamanho: \u00danico.\" \/>\n<meta property=\"og:url\" content=\"https:\/\/ikisbaby.com\/index.php\/produto\/casaco-bebe-em-malha\/\" \/>\n<meta property=\"og:site_name\" content=\"Ikisbaby\" \/>\n<meta property=\"article:publisher\" content=\"https:\/\/facebook.com\/ikisbaby\" \/>\n<meta property=\"article:modified_time\" content=\"2020-06-30T14:20:17+00:00\" \/>\n<meta property=\"og:image\" content=\"https:\/\/ikisbaby.com\/wp-content\/uploads\/2018\/02\/casaco_risca_laco.png\" \/>\n\t<meta property=\"og:image:width\" content=\"700\" \/>\n\t<meta property=\"og:image:height\" content=\"750\" \/>\n\t<meta property=\"og:image:type\" content=\"image\/png\" \/>\n<script type=\"application\/ld+json\" class=\"yoast-schema-graph\">{\"@context\":\"https:\/\/schema.org\",\"@graph\":[{\"@type\":\"WebPage\",\"@id\":\"https:\/\/ikisbaby.com\/index.php\/produto\/casaco-bebe-em-malha\/\",\"url\":\"https:\/\/ikisbaby.com\/index.php\/produto\/casaco-bebe-em-malha\/\",\"name\":\"Casaco Beb\u00e9 em Malha com Riscas e La\u00e7o - ikisbaby - Loja Online\",\"isPartOf\":{\"@id\":\"https:\/\/ikisbaby.com\/#website\"},\"primaryImageOfPage\":{\"@id\":\"https:\/\/ikisbaby.com\/index.php\/produto\/casaco-bebe-em-malha\/#primaryimage\"},\"image\":{\"@id\":\"https:\/\/ikisbaby.com\/index.php\/produto\/casaco-bebe-em-malha\/#primaryimage\"},\"thumbnailUrl\":\"https:\/\/ikisbaby.com\/wp-content\/uploads\/2018\/02\/casaco_risca_laco.png\",\"datePublished\":\"2018-02-19T15:03:18+00:00\",\"dateModified\":\"2020-06-30T14:20:17+00:00\",\"description\":\"Casaco Beb\u00e9 em Malha com Riscas e La\u00e7o Aplicado. Para alegras os dias cinzentos da primavera. Composi\u00e7\u00e3o: 100% Acr\u00edlico. Tamanho: \u00danico.\",\"breadcrumb\":{\"@id\":\"https:\/\/ikisbaby.com\/index.php\/produto\/casaco-bebe-em-malha\/#breadcrumb\"},\"inLanguage\":\"pt-PT\",\"potentialAction\":[{\"@type\":\"ReadAction\",\"target\":[\"https:\/\/ikisbaby.com\/index.php\/produto\/casaco-bebe-em-malha\/\"]}]},{\"@type\":\"ImageObject\",\"inLanguage\":\"pt-PT\",\"@id\":\"https:\/\/ikisbaby.com\/index.php\/produto\/casaco-bebe-em-malha\/#primaryimage\",\"url\":\"https:\/\/ikisbaby.com\/wp-content\/uploads\/2018\/02\/casaco_risca_laco.png\",\"contentUrl\":\"https:\/\/ikisbaby.com\/wp-content\/uploads\/2018\/02\/casaco_risca_laco.png\",\"width\":700,\"height\":750,\"caption\":\"Casaco Beb\u00e9 em Malha\"},{\"@type\":\"BreadcrumbList\",\"@id\":\"https:\/\/ikisbaby.com\/index.php\/produto\/casaco-bebe-em-malha\/#breadcrumb\",\"itemListElement\":[{\"@type\":\"ListItem\",\"position\":1,\"name\":\"In\u00edcio\",\"item\":\"https:\/\/ikisbaby.com\/\"},{\"@type\":\"ListItem\",\"position\":2,\"name\":\"Loja\",\"item\":\"https:\/\/ikisbaby.com\/index.php\/loja-roupa-para-bebe\/\"},{\"@type\":\"ListItem\",\"position\":3,\"name\":\"Casaco Malha Riscas La\u00e7o\"}]},{\"@type\":\"WebSite\",\"@id\":\"https:\/\/ikisbaby.com\/#website\",\"url\":\"https:\/\/ikisbaby.com\/\",\"name\":\"Ikisbaby\",\"description\":\"Loja Online para Beb\u00e9\",\"publisher\":{\"@id\":\"https:\/\/ikisbaby.com\/#organization\"},\"potentialAction\":[{\"@type\":\"SearchAction\",\"target\":{\"@type\":\"EntryPoint\",\"urlTemplate\":\"https:\/\/ikisbaby.com\/?s={search_term_string}\"},\"query-input\":{\"@type\":\"PropertyValueSpecification\",\"valueRequired\":true,\"valueName\":\"search_term_string\"}}],\"inLanguage\":\"pt-PT\"},{\"@type\":\"Organization\",\"@id\":\"https:\/\/ikisbaby.com\/#organization\",\"name\":\"Ikisbaby\",\"url\":\"https:\/\/ikisbaby.com\/\",\"logo\":{\"@type\":\"ImageObject\",\"inLanguage\":\"pt-PT\",\"@id\":\"https:\/\/ikisbaby.com\/#\/schema\/logo\/image\/\",\"url\":\"https:\/\/ikisbaby.com\/wp-content\/uploads\/2019\/02\/favicon.png\",\"contentUrl\":\"https:\/\/ikisbaby.com\/wp-content\/uploads\/2019\/02\/favicon.png\",\"width\":512,\"height\":512,\"caption\":\"Ikisbaby\"},\"image\":{\"@id\":\"https:\/\/ikisbaby.com\/#\/schema\/logo\/image\/\"},\"sameAs\":[\"https:\/\/facebook.com\/ikisbaby\",\"https:\/\/www.instagram.com\/ikisbaby\/\"]}]}<\/script>\n<!-- \/ Yoast SEO plugin. -->","yoast_head_json":{"title":"Casaco Beb\u00e9 em Malha com Riscas e La\u00e7o - ikisbaby - Loja Online","description":"Casaco Beb\u00e9 em Malha com Riscas e La\u00e7o Aplicado. Para alegras os dias cinzentos da primavera. Composi\u00e7\u00e3o: 100% Acr\u00edlico. Tamanho: \u00danico.","robots":{"index":"index","follow":"follow","max-snippet":"max-snippet:-1","max-image-preview":"max-image-preview:large","max-video-preview":"max-video-preview:-1"},"canonical":"https:\/\/ikisbaby.com\/index.php\/produto\/casaco-bebe-em-malha\/","og_locale":"pt_PT","og_type":"article","og_title":"Casaco Beb\u00e9 em Malha com Riscas e La\u00e7o - ikisbaby - Loja Online","og_description":"Casaco Beb\u00e9 em Malha com Riscas e La\u00e7o Aplicado. Para alegras os dias cinzentos da primavera. Composi\u00e7\u00e3o: 100% Acr\u00edlico. Tamanho: \u00danico.","og_url":"https:\/\/ikisbaby.com\/index.php\/produto\/casaco-bebe-em-malha\/","og_site_name":"Ikisbaby","article_publisher":"https:\/\/facebook.com\/ikisbaby","article_modified_time":"2020-06-30T14:20:17+00:00","og_image":[{"width":700,"height":750,"url":"https:\/\/ikisbaby.com\/wp-content\/uploads\/2018\/02\/casaco_risca_laco.png","type":"image\/png"}],"schema":{"@context":"https:\/\/schema.org","@graph":[{"@type":"WebPage","@id":"https:\/\/ikisbaby.com\/index.php\/produto\/casaco-bebe-em-malha\/","url":"https:\/\/ikisbaby.com\/index.php\/produto\/casaco-bebe-em-malha\/","name":"Casaco Beb\u00e9 em Malha com Riscas e La\u00e7o - ikisbaby - Loja Online","isPartOf":{"@id":"https:\/\/ikisbaby.com\/#website"},"primaryImageOfPage":{"@id":"https:\/\/ikisbaby.com\/index.php\/produto\/casaco-bebe-em-malha\/#primaryimage"},"image":{"@id":"https:\/\/ikisbaby.com\/index.php\/produto\/casaco-bebe-em-malha\/#primaryimage"},"thumbnailUrl":"https:\/\/ikisbaby.com\/wp-content\/uploads\/2018\/02\/casaco_risca_laco.png","datePublished":"2018-02-19T15:03:18+00:00","dateModified":"2020-06-30T14:20:17+00:00","description":"Casaco Beb\u00e9 em Malha com Riscas e La\u00e7o Aplicado. Para alegras os dias cinzentos da primavera. Composi\u00e7\u00e3o: 100% Acr\u00edlico. Tamanho: \u00danico.","breadcrumb":{"@id":"https:\/\/ikisbaby.com\/index.php\/produto\/casaco-bebe-em-malha\/#breadcrumb"},"inLanguage":"pt-PT","potentialAction":[{"@type":"ReadAction","target":["https:\/\/ikisbaby.com\/index.php\/produto\/casaco-bebe-em-malha\/"]}]},{"@type":"ImageObject","inLanguage":"pt-PT","@id":"https:\/\/ikisbaby.com\/index.php\/produto\/casaco-bebe-em-malha\/#primaryimage","url":"https:\/\/ikisbaby.com\/wp-content\/uploads\/2018\/02\/casaco_risca_laco.png","contentUrl":"https:\/\/ikisbaby.com\/wp-content\/uploads\/2018\/02\/casaco_risca_laco.png","width":700,"height":750,"caption":"Casaco Beb\u00e9 em Malha"},{"@type":"BreadcrumbList","@id":"https:\/\/ikisbaby.com\/index.php\/produto\/casaco-bebe-em-malha\/#breadcrumb","itemListElement":[{"@type":"ListItem","position":1,"name":"In\u00edcio","item":"https:\/\/ikisbaby.com\/"},{"@type":"ListItem","position":2,"name":"Loja","item":"https:\/\/ikisbaby.com\/index.php\/loja-roupa-para-bebe\/"},{"@type":"ListItem","position":3,"name":"Casaco Malha Riscas La\u00e7o"}]},{"@type":"WebSite","@id":"https:\/\/ikisbaby.com\/#website","url":"https:\/\/ikisbaby.com\/","name":"Ikisbaby","description":"Loja Online para Beb\u00e9","publisher":{"@id":"https:\/\/ikisbaby.com\/#organization"},"potentialAction":[{"@type":"SearchAction","target":{"@type":"EntryPoint","urlTemplate":"https:\/\/ikisbaby.com\/?s={search_term_string}"},"query-input":{"@type":"PropertyValueSpecification","valueRequired":true,"valueName":"search_term_string"}}],"inLanguage":"pt-PT"},{"@type":"Organization","@id":"https:\/\/ikisbaby.com\/#organization","name":"Ikisbaby","url":"https:\/\/ikisbaby.com\/","logo":{"@type":"ImageObject","inLanguage":"pt-PT","@id":"https:\/\/ikisbaby.com\/#\/schema\/logo\/image\/","url":"https:\/\/ikisbaby.com\/wp-content\/uploads\/2019\/02\/favicon.png","contentUrl":"https:\/\/ikisbaby.com\/wp-content\/uploads\/2019\/02\/favicon.png","width":512,"height":512,"caption":"Ikisbaby"},"image":{"@id":"https:\/\/ikisbaby.com\/#\/schema\/logo\/image\/"},"sameAs":["https:\/\/facebook.com\/ikisbaby","https:\/\/www.instagram.com\/ikisbaby\/"]}]}},"_links":{"self":[{"href":"https:\/\/ikisbaby.com\/index.php\/wp-json\/wp\/v2\/product\/4679","targetHints":{"allow":["GET"]}}],"collection":[{"href":"https:\/\/ikisbaby.com\/index.php\/wp-json\/wp\/v2\/product"}],"about":[{"href":"https:\/\/ikisbaby.com\/index.php\/wp-json\/wp\/v2\/types\/product"}],"replies":[{"embeddable":true,"href":"https:\/\/ikisbaby.com\/index.php\/wp-json\/wp\/v2\/comments?post=4679"}],"version-history":[{"count":0,"href":"https:\/\/ikisbaby.com\/index.php\/wp-json\/wp\/v2\/product\/4679\/revisions"}],"wp:featuredmedia":[{"embeddable":true,"href":"https:\/\/ikisbaby.com\/index.php\/wp-json\/wp\/v2\/media\/7958"}],"wp:attachment":[{"href":"https:\/\/ikisbaby.com\/index.php\/wp-json\/wp\/v2\/media?parent=4679"}],"wp:term":[{"taxonomy":"product_brand","embeddable":true,"href":"https:\/\/ikisbaby.com\/index.php\/wp-json\/wp\/v2\/product_brand?post=4679"},{"taxonomy":"product_cat","embeddable":true,"href":"https:\/\/ikisbaby.com\/index.php\/wp-json\/wp\/v2\/product_cat?post=4679"},{"taxonomy":"product_tag","embeddable":true,"href":"https:\/\/ikisbaby.com\/index.php\/wp-json\/wp\/v2\/product_tag?post=4679"}],"curies":[{"name":"wp","href":"https:\/\/api.w.org\/{rel}","templated":true}]}}