{"id":3347,"date":"2018-11-13T11:00:31","date_gmt":"2018-11-13T11:00:31","guid":{"rendered":"https:\/\/ikisbaby.com\/?post_type=product&#038;p=3347"},"modified":"2023-11-22T16:13:03","modified_gmt":"2023-11-22T16:13:03","slug":"fato-de-treino-para-bebe-menino","status":"publish","type":"product","link":"https:\/\/ikisbaby.com\/index.php\/produto\/fato-de-treino-para-bebe-menino\/","title":{"rendered":"Fato Treino Carrro"},"content":{"rendered":"<p>Fato de treino para beb\u00e9 menino, composto por camisola e cal\u00e7a.<\/p>\n<p>Com bordado de carrinho.<\/p>\n<p>Muito confort\u00e1vel e quentinho.<\/p>\n<p>Fato de treino 95% algod\u00e3o 5% lycra.<\/p>\n","protected":false},"excerpt":{"rendered":"<p>Fato de treino para beb\u00e9 menino azul mescla, composto por camisola e cal\u00e7a.<\/p>\n<p>Com bordado de carrinho.<\/p>\n<p>Muito confort\u00e1vel e quentinho.<\/p>\n<p>Fato de treino 95% algod\u00e3o 5% lycra.<\/p>\n","protected":false},"featured_media":9774,"comment_status":"closed","ping_status":"closed","template":"","meta":[],"product_brand":[],"product_cat":[267,264,89],"product_tag":[167],"class_list":{"0":"post-3347","1":"product","2":"type-product","3":"status-publish","6":"product_cat-outono-inverno-2022","7":"product_cat-saldos","8":"product_cat-vestuario-para-bebe-menino","9":"product_tag-fato-de-treino","11":"first","12":"outofstock","13":"taxable","14":"shipping-taxable","15":"product-type-variable"},"yoast_head":"<!-- This site is optimized with the Yoast SEO plugin v27.0 - https:\/\/yoast.com\/product\/yoast-seo-wordpress\/ -->\n<title>Fato de treino para beb\u00e9 menino bordado - ikisbaby - Loja Online<\/title>\n<meta name=\"description\" content=\"Fato de treino para beb\u00e9 menino, composto por camisola e cal\u00e7a.Com bordado de carrinho.Muito confort\u00e1vel e quentinho.Fato de treino 95% algod\u00e3o 5% lycra.\" \/>\n<meta name=\"robots\" content=\"index, follow, max-snippet:-1, max-image-preview:large, max-video-preview:-1\" \/>\n<link rel=\"canonical\" href=\"https:\/\/ikisbaby.com\/index.php\/produto\/fato-de-treino-para-bebe-menino\/\" \/>\n<meta property=\"og:locale\" content=\"pt_PT\" \/>\n<meta property=\"og:type\" content=\"article\" \/>\n<meta property=\"og:title\" content=\"Fato de treino para beb\u00e9 menino bordado - ikisbaby - Loja Online\" \/>\n<meta property=\"og:description\" content=\"Fato de treino para beb\u00e9 menino, composto por camisola e cal\u00e7a.Com bordado de carrinho.Muito confort\u00e1vel e quentinho.Fato de treino 95% algod\u00e3o 5% lycra.\" \/>\n<meta property=\"og:url\" content=\"https:\/\/ikisbaby.com\/index.php\/produto\/fato-de-treino-para-bebe-menino\/\" \/>\n<meta property=\"og:site_name\" content=\"Ikisbaby\" \/>\n<meta property=\"article:publisher\" content=\"https:\/\/facebook.com\/ikisbaby\" \/>\n<meta property=\"article:modified_time\" content=\"2023-11-22T16:13:03+00:00\" \/>\n<meta property=\"og:image\" content=\"https:\/\/ikisbaby.com\/wp-content\/uploads\/2017\/12\/fato_treino_carro_azul.png\" \/>\n\t<meta property=\"og:image:width\" content=\"700\" \/>\n\t<meta property=\"og:image:height\" content=\"750\" \/>\n\t<meta property=\"og:image:type\" content=\"image\/png\" \/>\n<script type=\"application\/ld+json\" class=\"yoast-schema-graph\">{\"@context\":\"https:\/\/schema.org\",\"@graph\":[{\"@type\":\"WebPage\",\"@id\":\"https:\/\/ikisbaby.com\/index.php\/produto\/fato-de-treino-para-bebe-menino\/\",\"url\":\"https:\/\/ikisbaby.com\/index.php\/produto\/fato-de-treino-para-bebe-menino\/\",\"name\":\"Fato de treino para beb\u00e9 menino bordado - ikisbaby - Loja Online\",\"isPartOf\":{\"@id\":\"https:\/\/ikisbaby.com\/#website\"},\"primaryImageOfPage\":{\"@id\":\"https:\/\/ikisbaby.com\/index.php\/produto\/fato-de-treino-para-bebe-menino\/#primaryimage\"},\"image\":{\"@id\":\"https:\/\/ikisbaby.com\/index.php\/produto\/fato-de-treino-para-bebe-menino\/#primaryimage\"},\"thumbnailUrl\":\"https:\/\/ikisbaby.com\/wp-content\/uploads\/2017\/12\/fato_treino_carro_azul.png\",\"datePublished\":\"2018-11-13T11:00:31+00:00\",\"dateModified\":\"2023-11-22T16:13:03+00:00\",\"description\":\"Fato de treino para beb\u00e9 menino, composto por camisola e cal\u00e7a.Com bordado de carrinho.Muito confort\u00e1vel e quentinho.Fato de treino 95% algod\u00e3o 5% lycra.\",\"breadcrumb\":{\"@id\":\"https:\/\/ikisbaby.com\/index.php\/produto\/fato-de-treino-para-bebe-menino\/#breadcrumb\"},\"inLanguage\":\"pt-PT\",\"potentialAction\":[{\"@type\":\"ReadAction\",\"target\":[\"https:\/\/ikisbaby.com\/index.php\/produto\/fato-de-treino-para-bebe-menino\/\"]}]},{\"@type\":\"ImageObject\",\"inLanguage\":\"pt-PT\",\"@id\":\"https:\/\/ikisbaby.com\/index.php\/produto\/fato-de-treino-para-bebe-menino\/#primaryimage\",\"url\":\"https:\/\/ikisbaby.com\/wp-content\/uploads\/2017\/12\/fato_treino_carro_azul.png\",\"contentUrl\":\"https:\/\/ikisbaby.com\/wp-content\/uploads\/2017\/12\/fato_treino_carro_azul.png\",\"width\":700,\"height\":750,\"caption\":\"Fato de treino para beb\u00e9 menino\"},{\"@type\":\"BreadcrumbList\",\"@id\":\"https:\/\/ikisbaby.com\/index.php\/produto\/fato-de-treino-para-bebe-menino\/#breadcrumb\",\"itemListElement\":[{\"@type\":\"ListItem\",\"position\":1,\"name\":\"In\u00edcio\",\"item\":\"https:\/\/ikisbaby.com\/\"},{\"@type\":\"ListItem\",\"position\":2,\"name\":\"Loja\",\"item\":\"https:\/\/ikisbaby.com\/index.php\/loja-roupa-para-bebe\/\"},{\"@type\":\"ListItem\",\"position\":3,\"name\":\"Fato Treino Carrro\"}]},{\"@type\":\"WebSite\",\"@id\":\"https:\/\/ikisbaby.com\/#website\",\"url\":\"https:\/\/ikisbaby.com\/\",\"name\":\"Ikisbaby\",\"description\":\"Loja Online para Beb\u00e9\",\"publisher\":{\"@id\":\"https:\/\/ikisbaby.com\/#organization\"},\"potentialAction\":[{\"@type\":\"SearchAction\",\"target\":{\"@type\":\"EntryPoint\",\"urlTemplate\":\"https:\/\/ikisbaby.com\/?s={search_term_string}\"},\"query-input\":{\"@type\":\"PropertyValueSpecification\",\"valueRequired\":true,\"valueName\":\"search_term_string\"}}],\"inLanguage\":\"pt-PT\"},{\"@type\":\"Organization\",\"@id\":\"https:\/\/ikisbaby.com\/#organization\",\"name\":\"Ikisbaby\",\"url\":\"https:\/\/ikisbaby.com\/\",\"logo\":{\"@type\":\"ImageObject\",\"inLanguage\":\"pt-PT\",\"@id\":\"https:\/\/ikisbaby.com\/#\/schema\/logo\/image\/\",\"url\":\"https:\/\/ikisbaby.com\/wp-content\/uploads\/2019\/02\/favicon.png\",\"contentUrl\":\"https:\/\/ikisbaby.com\/wp-content\/uploads\/2019\/02\/favicon.png\",\"width\":512,\"height\":512,\"caption\":\"Ikisbaby\"},\"image\":{\"@id\":\"https:\/\/ikisbaby.com\/#\/schema\/logo\/image\/\"},\"sameAs\":[\"https:\/\/facebook.com\/ikisbaby\",\"https:\/\/www.instagram.com\/ikisbaby\/\"]}]}<\/script>\n<!-- \/ Yoast SEO plugin. -->","yoast_head_json":{"title":"Fato de treino para beb\u00e9 menino bordado - ikisbaby - Loja Online","description":"Fato de treino para beb\u00e9 menino, composto por camisola e cal\u00e7a.Com bordado de carrinho.Muito confort\u00e1vel e quentinho.Fato de treino 95% algod\u00e3o 5% lycra.","robots":{"index":"index","follow":"follow","max-snippet":"max-snippet:-1","max-image-preview":"max-image-preview:large","max-video-preview":"max-video-preview:-1"},"canonical":"https:\/\/ikisbaby.com\/index.php\/produto\/fato-de-treino-para-bebe-menino\/","og_locale":"pt_PT","og_type":"article","og_title":"Fato de treino para beb\u00e9 menino bordado - ikisbaby - Loja Online","og_description":"Fato de treino para beb\u00e9 menino, composto por camisola e cal\u00e7a.Com bordado de carrinho.Muito confort\u00e1vel e quentinho.Fato de treino 95% algod\u00e3o 5% lycra.","og_url":"https:\/\/ikisbaby.com\/index.php\/produto\/fato-de-treino-para-bebe-menino\/","og_site_name":"Ikisbaby","article_publisher":"https:\/\/facebook.com\/ikisbaby","article_modified_time":"2023-11-22T16:13:03+00:00","og_image":[{"width":700,"height":750,"url":"https:\/\/ikisbaby.com\/wp-content\/uploads\/2017\/12\/fato_treino_carro_azul.png","type":"image\/png"}],"schema":{"@context":"https:\/\/schema.org","@graph":[{"@type":"WebPage","@id":"https:\/\/ikisbaby.com\/index.php\/produto\/fato-de-treino-para-bebe-menino\/","url":"https:\/\/ikisbaby.com\/index.php\/produto\/fato-de-treino-para-bebe-menino\/","name":"Fato de treino para beb\u00e9 menino bordado - ikisbaby - Loja Online","isPartOf":{"@id":"https:\/\/ikisbaby.com\/#website"},"primaryImageOfPage":{"@id":"https:\/\/ikisbaby.com\/index.php\/produto\/fato-de-treino-para-bebe-menino\/#primaryimage"},"image":{"@id":"https:\/\/ikisbaby.com\/index.php\/produto\/fato-de-treino-para-bebe-menino\/#primaryimage"},"thumbnailUrl":"https:\/\/ikisbaby.com\/wp-content\/uploads\/2017\/12\/fato_treino_carro_azul.png","datePublished":"2018-11-13T11:00:31+00:00","dateModified":"2023-11-22T16:13:03+00:00","description":"Fato de treino para beb\u00e9 menino, composto por camisola e cal\u00e7a.Com bordado de carrinho.Muito confort\u00e1vel e quentinho.Fato de treino 95% algod\u00e3o 5% lycra.","breadcrumb":{"@id":"https:\/\/ikisbaby.com\/index.php\/produto\/fato-de-treino-para-bebe-menino\/#breadcrumb"},"inLanguage":"pt-PT","potentialAction":[{"@type":"ReadAction","target":["https:\/\/ikisbaby.com\/index.php\/produto\/fato-de-treino-para-bebe-menino\/"]}]},{"@type":"ImageObject","inLanguage":"pt-PT","@id":"https:\/\/ikisbaby.com\/index.php\/produto\/fato-de-treino-para-bebe-menino\/#primaryimage","url":"https:\/\/ikisbaby.com\/wp-content\/uploads\/2017\/12\/fato_treino_carro_azul.png","contentUrl":"https:\/\/ikisbaby.com\/wp-content\/uploads\/2017\/12\/fato_treino_carro_azul.png","width":700,"height":750,"caption":"Fato de treino para beb\u00e9 menino"},{"@type":"BreadcrumbList","@id":"https:\/\/ikisbaby.com\/index.php\/produto\/fato-de-treino-para-bebe-menino\/#breadcrumb","itemListElement":[{"@type":"ListItem","position":1,"name":"In\u00edcio","item":"https:\/\/ikisbaby.com\/"},{"@type":"ListItem","position":2,"name":"Loja","item":"https:\/\/ikisbaby.com\/index.php\/loja-roupa-para-bebe\/"},{"@type":"ListItem","position":3,"name":"Fato Treino Carrro"}]},{"@type":"WebSite","@id":"https:\/\/ikisbaby.com\/#website","url":"https:\/\/ikisbaby.com\/","name":"Ikisbaby","description":"Loja Online para Beb\u00e9","publisher":{"@id":"https:\/\/ikisbaby.com\/#organization"},"potentialAction":[{"@type":"SearchAction","target":{"@type":"EntryPoint","urlTemplate":"https:\/\/ikisbaby.com\/?s={search_term_string}"},"query-input":{"@type":"PropertyValueSpecification","valueRequired":true,"valueName":"search_term_string"}}],"inLanguage":"pt-PT"},{"@type":"Organization","@id":"https:\/\/ikisbaby.com\/#organization","name":"Ikisbaby","url":"https:\/\/ikisbaby.com\/","logo":{"@type":"ImageObject","inLanguage":"pt-PT","@id":"https:\/\/ikisbaby.com\/#\/schema\/logo\/image\/","url":"https:\/\/ikisbaby.com\/wp-content\/uploads\/2019\/02\/favicon.png","contentUrl":"https:\/\/ikisbaby.com\/wp-content\/uploads\/2019\/02\/favicon.png","width":512,"height":512,"caption":"Ikisbaby"},"image":{"@id":"https:\/\/ikisbaby.com\/#\/schema\/logo\/image\/"},"sameAs":["https:\/\/facebook.com\/ikisbaby","https:\/\/www.instagram.com\/ikisbaby\/"]}]}},"_links":{"self":[{"href":"https:\/\/ikisbaby.com\/index.php\/wp-json\/wp\/v2\/product\/3347","targetHints":{"allow":["GET"]}}],"collection":[{"href":"https:\/\/ikisbaby.com\/index.php\/wp-json\/wp\/v2\/product"}],"about":[{"href":"https:\/\/ikisbaby.com\/index.php\/wp-json\/wp\/v2\/types\/product"}],"replies":[{"embeddable":true,"href":"https:\/\/ikisbaby.com\/index.php\/wp-json\/wp\/v2\/comments?post=3347"}],"version-history":[{"count":1,"href":"https:\/\/ikisbaby.com\/index.php\/wp-json\/wp\/v2\/product\/3347\/revisions"}],"predecessor-version":[{"id":9773,"href":"https:\/\/ikisbaby.com\/index.php\/wp-json\/wp\/v2\/product\/3347\/revisions\/9773"}],"wp:featuredmedia":[{"embeddable":true,"href":"https:\/\/ikisbaby.com\/index.php\/wp-json\/wp\/v2\/media\/9774"}],"wp:attachment":[{"href":"https:\/\/ikisbaby.com\/index.php\/wp-json\/wp\/v2\/media?parent=3347"}],"wp:term":[{"taxonomy":"product_brand","embeddable":true,"href":"https:\/\/ikisbaby.com\/index.php\/wp-json\/wp\/v2\/product_brand?post=3347"},{"taxonomy":"product_cat","embeddable":true,"href":"https:\/\/ikisbaby.com\/index.php\/wp-json\/wp\/v2\/product_cat?post=3347"},{"taxonomy":"product_tag","embeddable":true,"href":"https:\/\/ikisbaby.com\/index.php\/wp-json\/wp\/v2\/product_tag?post=3347"}],"curies":[{"name":"wp","href":"https:\/\/api.w.org\/{rel}","templated":true}]}}