{"id":28548,"date":"2024-05-07T23:45:55","date_gmt":"2024-05-07T22:45:55","guid":{"rendered":"https:\/\/ikisbaby.com\/?post_type=product&#038;p=28548"},"modified":"2025-01-19T17:13:30","modified_gmt":"2025-01-19T17:13:30","slug":"fralda-de-pano-leao","status":"publish","type":"product","link":"https:\/\/ikisbaby.com\/index.php\/produto\/fralda-de-pano-leao\/","title":{"rendered":"Fralda de Pano Rei Le\u00e3o"},"content":{"rendered":"<div class=\"flex flex-grow flex-col gap-3\">\n<div class=\"min-h-[20px] flex flex-col items-start gap-4 whitespace-pre-wrap break-words\">\n<div class=\"markdown prose w-full break-words dark:prose-invert light\">\n<p><a href=\"https:\/\/ikisbaby.com\/index.php\/categoria-produto\/complementos\/fraldas\/\">Fralda<\/a> de pano com bordado de Rei Le\u00e3o!<\/p>\n<p>Fabricada com 100% algod\u00e3o de alta qualidade, garantindo suavidade e conforto para a pele sens\u00edvel do seu beb\u00e9.<\/p>\n<p>Com uma medida de 60x60cm, \u00e9 perfeita para diversas finalidades, desde aconchegar seu beb\u00e9 durante a troca de fraldas at\u00e9 ser usada como pano de arroto ou para cobrir o carrinho.<\/p>\n<p>Proporcione ao seu beb\u00e9 o conforto e a qualidade que ele merece com a nossa encantadora fralda de pano Rei Le\u00e3o. Um item essencial no enxoval do beb\u00e9 rec\u00e9m-nascido!<\/p>\n<\/div>\n<\/div>\n<\/div>\n","protected":false},"excerpt":{"rendered":"<p>Fralda de pano com bordado Rei Le\u00e3o.<\/p>\n<p>Fralda de beb\u00e9 com bordado de Rei Le\u00e3o.<\/p>\n<p>100% Algod\u00e3o.<\/p>\n<p>Medida: 60x60cm<\/p>\n","protected":false},"featured_media":28554,"comment_status":"open","ping_status":"closed","template":"","meta":[],"product_brand":[],"product_cat":[68],"product_tag":[97,822,684],"class_list":{"0":"post-28548","1":"product","2":"type-product","3":"status-publish","6":"product_cat-fraldas","7":"product_tag-fralda","8":"product_tag-fralda-algodao","9":"product_tag-fralda-de-pano","11":"first","12":"instock","13":"taxable","14":"shipping-taxable","15":"purchasable","16":"product-type-variable"},"yoast_head":"<!-- This site is optimized with the Yoast SEO plugin v27.0 - https:\/\/yoast.com\/product\/yoast-seo-wordpress\/ -->\n<title>Fralda de pano Rei Le\u00e3o - Ikisbaby - Loja Online<\/title>\n<meta name=\"description\" content=\"Fralda de pano com bordado de Rei Le\u00e3o. Confort\u00e1vel e respeita a pele sens\u00edvel do beb\u00e9. 100% Algod\u00e3o. Medida aproximada: 60x60cm\" \/>\n<meta name=\"robots\" content=\"index, follow, max-snippet:-1, max-image-preview:large, max-video-preview:-1\" \/>\n<link rel=\"canonical\" href=\"https:\/\/ikisbaby.com\/index.php\/produto\/fralda-de-pano-leao\/\" \/>\n<meta property=\"og:locale\" content=\"pt_PT\" \/>\n<meta property=\"og:type\" content=\"article\" \/>\n<meta property=\"og:title\" content=\"Fralda de pano Rei Le\u00e3o - Ikisbaby - Loja Online\" \/>\n<meta property=\"og:description\" content=\"Fralda de pano com bordado de Rei Le\u00e3o. Confort\u00e1vel e respeita a pele sens\u00edvel do beb\u00e9. 100% Algod\u00e3o. Medida aproximada: 60x60cm\" \/>\n<meta property=\"og:url\" content=\"https:\/\/ikisbaby.com\/index.php\/produto\/fralda-de-pano-leao\/\" \/>\n<meta property=\"og:site_name\" content=\"Ikisbaby\" \/>\n<meta property=\"article:publisher\" content=\"https:\/\/facebook.com\/ikisbaby\" \/>\n<meta property=\"article:modified_time\" content=\"2025-01-19T17:13:30+00:00\" \/>\n<meta property=\"og:image\" content=\"https:\/\/ikisbaby.com\/wp-content\/uploads\/2024\/05\/IMG_20240507_235820-02-scaled-e1715123419243.jpeg\" \/>\n\t<meta property=\"og:image:width\" content=\"600\" \/>\n\t<meta property=\"og:image:height\" content=\"600\" \/>\n\t<meta property=\"og:image:type\" content=\"image\/jpeg\" \/>\n<script type=\"application\/ld+json\" class=\"yoast-schema-graph\">{\"@context\":\"https:\/\/schema.org\",\"@graph\":[{\"@type\":\"WebPage\",\"@id\":\"https:\/\/ikisbaby.com\/index.php\/produto\/fralda-de-pano-leao\/\",\"url\":\"https:\/\/ikisbaby.com\/index.php\/produto\/fralda-de-pano-leao\/\",\"name\":\"Fralda de pano Rei Le\u00e3o - Ikisbaby - Loja Online\",\"isPartOf\":{\"@id\":\"https:\/\/ikisbaby.com\/#website\"},\"primaryImageOfPage\":{\"@id\":\"https:\/\/ikisbaby.com\/index.php\/produto\/fralda-de-pano-leao\/#primaryimage\"},\"image\":{\"@id\":\"https:\/\/ikisbaby.com\/index.php\/produto\/fralda-de-pano-leao\/#primaryimage\"},\"thumbnailUrl\":\"https:\/\/ikisbaby.com\/wp-content\/uploads\/2024\/05\/IMG_20240507_235820-02-scaled-e1715123419243.jpeg\",\"datePublished\":\"2024-05-07T22:45:55+00:00\",\"dateModified\":\"2025-01-19T17:13:30+00:00\",\"description\":\"Fralda de pano com bordado de Rei Le\u00e3o. Confort\u00e1vel e respeita a pele sens\u00edvel do beb\u00e9. 100% Algod\u00e3o. Medida aproximada: 60x60cm\",\"breadcrumb\":{\"@id\":\"https:\/\/ikisbaby.com\/index.php\/produto\/fralda-de-pano-leao\/#breadcrumb\"},\"inLanguage\":\"pt-PT\",\"potentialAction\":[{\"@type\":\"ReadAction\",\"target\":[\"https:\/\/ikisbaby.com\/index.php\/produto\/fralda-de-pano-leao\/\"]}]},{\"@type\":\"ImageObject\",\"inLanguage\":\"pt-PT\",\"@id\":\"https:\/\/ikisbaby.com\/index.php\/produto\/fralda-de-pano-leao\/#primaryimage\",\"url\":\"https:\/\/ikisbaby.com\/wp-content\/uploads\/2024\/05\/IMG_20240507_235820-02-scaled-e1715123419243.jpeg\",\"contentUrl\":\"https:\/\/ikisbaby.com\/wp-content\/uploads\/2024\/05\/IMG_20240507_235820-02-scaled-e1715123419243.jpeg\",\"width\":600,\"height\":600,\"caption\":\"Fralda tecido algod\u00e3o le\u00e3o\"},{\"@type\":\"BreadcrumbList\",\"@id\":\"https:\/\/ikisbaby.com\/index.php\/produto\/fralda-de-pano-leao\/#breadcrumb\",\"itemListElement\":[{\"@type\":\"ListItem\",\"position\":1,\"name\":\"In\u00edcio\",\"item\":\"https:\/\/ikisbaby.com\/\"},{\"@type\":\"ListItem\",\"position\":2,\"name\":\"Loja\",\"item\":\"https:\/\/ikisbaby.com\/index.php\/loja-roupa-para-bebe\/\"},{\"@type\":\"ListItem\",\"position\":3,\"name\":\"Fralda de Pano Rei Le\u00e3o\"}]},{\"@type\":\"WebSite\",\"@id\":\"https:\/\/ikisbaby.com\/#website\",\"url\":\"https:\/\/ikisbaby.com\/\",\"name\":\"Ikisbaby\",\"description\":\"Loja Online para Beb\u00e9\",\"publisher\":{\"@id\":\"https:\/\/ikisbaby.com\/#organization\"},\"potentialAction\":[{\"@type\":\"SearchAction\",\"target\":{\"@type\":\"EntryPoint\",\"urlTemplate\":\"https:\/\/ikisbaby.com\/?s={search_term_string}\"},\"query-input\":{\"@type\":\"PropertyValueSpecification\",\"valueRequired\":true,\"valueName\":\"search_term_string\"}}],\"inLanguage\":\"pt-PT\"},{\"@type\":\"Organization\",\"@id\":\"https:\/\/ikisbaby.com\/#organization\",\"name\":\"Ikisbaby\",\"url\":\"https:\/\/ikisbaby.com\/\",\"logo\":{\"@type\":\"ImageObject\",\"inLanguage\":\"pt-PT\",\"@id\":\"https:\/\/ikisbaby.com\/#\/schema\/logo\/image\/\",\"url\":\"https:\/\/ikisbaby.com\/wp-content\/uploads\/2019\/02\/favicon.png\",\"contentUrl\":\"https:\/\/ikisbaby.com\/wp-content\/uploads\/2019\/02\/favicon.png\",\"width\":512,\"height\":512,\"caption\":\"Ikisbaby\"},\"image\":{\"@id\":\"https:\/\/ikisbaby.com\/#\/schema\/logo\/image\/\"},\"sameAs\":[\"https:\/\/facebook.com\/ikisbaby\",\"https:\/\/www.instagram.com\/ikisbaby\/\"]}]}<\/script>\n<!-- \/ Yoast SEO plugin. -->","yoast_head_json":{"title":"Fralda de pano Rei Le\u00e3o - Ikisbaby - Loja Online","description":"Fralda de pano com bordado de Rei Le\u00e3o. Confort\u00e1vel e respeita a pele sens\u00edvel do beb\u00e9. 100% Algod\u00e3o. Medida aproximada: 60x60cm","robots":{"index":"index","follow":"follow","max-snippet":"max-snippet:-1","max-image-preview":"max-image-preview:large","max-video-preview":"max-video-preview:-1"},"canonical":"https:\/\/ikisbaby.com\/index.php\/produto\/fralda-de-pano-leao\/","og_locale":"pt_PT","og_type":"article","og_title":"Fralda de pano Rei Le\u00e3o - Ikisbaby - Loja Online","og_description":"Fralda de pano com bordado de Rei Le\u00e3o. Confort\u00e1vel e respeita a pele sens\u00edvel do beb\u00e9. 100% Algod\u00e3o. Medida aproximada: 60x60cm","og_url":"https:\/\/ikisbaby.com\/index.php\/produto\/fralda-de-pano-leao\/","og_site_name":"Ikisbaby","article_publisher":"https:\/\/facebook.com\/ikisbaby","article_modified_time":"2025-01-19T17:13:30+00:00","og_image":[{"width":600,"height":600,"url":"https:\/\/ikisbaby.com\/wp-content\/uploads\/2024\/05\/IMG_20240507_235820-02-scaled-e1715123419243.jpeg","type":"image\/jpeg"}],"schema":{"@context":"https:\/\/schema.org","@graph":[{"@type":"WebPage","@id":"https:\/\/ikisbaby.com\/index.php\/produto\/fralda-de-pano-leao\/","url":"https:\/\/ikisbaby.com\/index.php\/produto\/fralda-de-pano-leao\/","name":"Fralda de pano Rei Le\u00e3o - Ikisbaby - Loja Online","isPartOf":{"@id":"https:\/\/ikisbaby.com\/#website"},"primaryImageOfPage":{"@id":"https:\/\/ikisbaby.com\/index.php\/produto\/fralda-de-pano-leao\/#primaryimage"},"image":{"@id":"https:\/\/ikisbaby.com\/index.php\/produto\/fralda-de-pano-leao\/#primaryimage"},"thumbnailUrl":"https:\/\/ikisbaby.com\/wp-content\/uploads\/2024\/05\/IMG_20240507_235820-02-scaled-e1715123419243.jpeg","datePublished":"2024-05-07T22:45:55+00:00","dateModified":"2025-01-19T17:13:30+00:00","description":"Fralda de pano com bordado de Rei Le\u00e3o. Confort\u00e1vel e respeita a pele sens\u00edvel do beb\u00e9. 100% Algod\u00e3o. Medida aproximada: 60x60cm","breadcrumb":{"@id":"https:\/\/ikisbaby.com\/index.php\/produto\/fralda-de-pano-leao\/#breadcrumb"},"inLanguage":"pt-PT","potentialAction":[{"@type":"ReadAction","target":["https:\/\/ikisbaby.com\/index.php\/produto\/fralda-de-pano-leao\/"]}]},{"@type":"ImageObject","inLanguage":"pt-PT","@id":"https:\/\/ikisbaby.com\/index.php\/produto\/fralda-de-pano-leao\/#primaryimage","url":"https:\/\/ikisbaby.com\/wp-content\/uploads\/2024\/05\/IMG_20240507_235820-02-scaled-e1715123419243.jpeg","contentUrl":"https:\/\/ikisbaby.com\/wp-content\/uploads\/2024\/05\/IMG_20240507_235820-02-scaled-e1715123419243.jpeg","width":600,"height":600,"caption":"Fralda tecido algod\u00e3o le\u00e3o"},{"@type":"BreadcrumbList","@id":"https:\/\/ikisbaby.com\/index.php\/produto\/fralda-de-pano-leao\/#breadcrumb","itemListElement":[{"@type":"ListItem","position":1,"name":"In\u00edcio","item":"https:\/\/ikisbaby.com\/"},{"@type":"ListItem","position":2,"name":"Loja","item":"https:\/\/ikisbaby.com\/index.php\/loja-roupa-para-bebe\/"},{"@type":"ListItem","position":3,"name":"Fralda de Pano Rei Le\u00e3o"}]},{"@type":"WebSite","@id":"https:\/\/ikisbaby.com\/#website","url":"https:\/\/ikisbaby.com\/","name":"Ikisbaby","description":"Loja Online para Beb\u00e9","publisher":{"@id":"https:\/\/ikisbaby.com\/#organization"},"potentialAction":[{"@type":"SearchAction","target":{"@type":"EntryPoint","urlTemplate":"https:\/\/ikisbaby.com\/?s={search_term_string}"},"query-input":{"@type":"PropertyValueSpecification","valueRequired":true,"valueName":"search_term_string"}}],"inLanguage":"pt-PT"},{"@type":"Organization","@id":"https:\/\/ikisbaby.com\/#organization","name":"Ikisbaby","url":"https:\/\/ikisbaby.com\/","logo":{"@type":"ImageObject","inLanguage":"pt-PT","@id":"https:\/\/ikisbaby.com\/#\/schema\/logo\/image\/","url":"https:\/\/ikisbaby.com\/wp-content\/uploads\/2019\/02\/favicon.png","contentUrl":"https:\/\/ikisbaby.com\/wp-content\/uploads\/2019\/02\/favicon.png","width":512,"height":512,"caption":"Ikisbaby"},"image":{"@id":"https:\/\/ikisbaby.com\/#\/schema\/logo\/image\/"},"sameAs":["https:\/\/facebook.com\/ikisbaby","https:\/\/www.instagram.com\/ikisbaby\/"]}]}},"_links":{"self":[{"href":"https:\/\/ikisbaby.com\/index.php\/wp-json\/wp\/v2\/product\/28548","targetHints":{"allow":["GET"]}}],"collection":[{"href":"https:\/\/ikisbaby.com\/index.php\/wp-json\/wp\/v2\/product"}],"about":[{"href":"https:\/\/ikisbaby.com\/index.php\/wp-json\/wp\/v2\/types\/product"}],"replies":[{"embeddable":true,"href":"https:\/\/ikisbaby.com\/index.php\/wp-json\/wp\/v2\/comments?post=28548"}],"version-history":[{"count":3,"href":"https:\/\/ikisbaby.com\/index.php\/wp-json\/wp\/v2\/product\/28548\/revisions"}],"predecessor-version":[{"id":28558,"href":"https:\/\/ikisbaby.com\/index.php\/wp-json\/wp\/v2\/product\/28548\/revisions\/28558"}],"wp:featuredmedia":[{"embeddable":true,"href":"https:\/\/ikisbaby.com\/index.php\/wp-json\/wp\/v2\/media\/28554"}],"wp:attachment":[{"href":"https:\/\/ikisbaby.com\/index.php\/wp-json\/wp\/v2\/media?parent=28548"}],"wp:term":[{"taxonomy":"product_brand","embeddable":true,"href":"https:\/\/ikisbaby.com\/index.php\/wp-json\/wp\/v2\/product_brand?post=28548"},{"taxonomy":"product_cat","embeddable":true,"href":"https:\/\/ikisbaby.com\/index.php\/wp-json\/wp\/v2\/product_cat?post=28548"},{"taxonomy":"product_tag","embeddable":true,"href":"https:\/\/ikisbaby.com\/index.php\/wp-json\/wp\/v2\/product_tag?post=28548"}],"curies":[{"name":"wp","href":"https:\/\/api.w.org\/{rel}","templated":true}]}}