{"id":28126,"date":"2023-06-21T14:10:18","date_gmt":"2023-06-21T13:10:18","guid":{"rendered":"https:\/\/ikisbaby.com\/?post_type=product&#038;p=28126"},"modified":"2023-06-21T15:52:41","modified_gmt":"2023-06-21T14:52:41","slug":"babygrow-menina-girafa-rosa","status":"publish","type":"product","link":"https:\/\/ikisbaby.com\/index.php\/produto\/babygrow-menina-girafa-rosa\/","title":{"rendered":"Babygrow Menina &#8211; Girafa Rosa"},"content":{"rendered":"<p>Babygrow menina em algod\u00e3o, decorado com motivo de girafa fofinha e cora\u00e7\u00f5es.<\/p>\n<ul>\n<li>Abertura por tr\u00e1s<\/li>\n<li>Muito pr\u00e1tico de abrir com molas de press\u00e3o que suportam m\u00faltiplas aberturas sem se estragarem<\/li>\n<li>100% Algod\u00e3o<\/li>\n<li>Cor: Rosa<\/li>\n<li>Tamanho: 1M<\/li>\n<\/ul>\n","protected":false},"excerpt":{"rendered":"<p>Babygrow menina em algod\u00e3o, decorado com motivo de girafa fofinha e cora\u00e7\u00f5es.<\/p>\n<ul>\n<li>Abertura por tr\u00e1s<\/li>\n<li>Muito pr\u00e1tico de abrir com molas de press\u00e3o que suportam m\u00faltiplas aberturas sem se estragarem<\/li>\n<li>100% Algod\u00e3o<\/li>\n<li>Cor: Rosa<\/li>\n<li>Tamanho: 1M<\/li>\n<\/ul>\n","protected":false},"featured_media":28127,"comment_status":"closed","ping_status":"closed","template":"","meta":[],"product_brand":[],"product_cat":[56],"product_tag":[312,651],"class_list":{"0":"post-28126","1":"product","2":"type-product","3":"status-publish","6":"product_cat-babygrows-menina","7":"product_tag-babygrow-de-algodao","8":"product_tag-babygrow-menina","10":"first","11":"instock","12":"taxable","13":"shipping-taxable","14":"purchasable","15":"product-type-simple"},"yoast_head":"<!-- This site is optimized with the Yoast SEO plugin v27.0 - https:\/\/yoast.com\/product\/yoast-seo-wordpress\/ -->\n<title>Babygrow Menina - Girafa Rosa - Ikisbaby Loja Online<\/title>\n<meta name=\"description\" content=\"Babygrow menina em algod\u00e3o cor de rosa, decorado com motivo de girafa fofinha e cora\u00e7\u00f5es. Abertura com molas de press\u00e3o por tr\u00e1s.\" \/>\n<meta name=\"robots\" content=\"index, follow, max-snippet:-1, max-image-preview:large, max-video-preview:-1\" \/>\n<link rel=\"canonical\" href=\"https:\/\/ikisbaby.com\/index.php\/produto\/babygrow-menina-girafa-rosa\/\" \/>\n<meta property=\"og:locale\" content=\"pt_PT\" \/>\n<meta property=\"og:type\" content=\"article\" \/>\n<meta property=\"og:title\" content=\"Babygrow Menina - Girafa Rosa - Ikisbaby Loja Online\" \/>\n<meta property=\"og:description\" content=\"Babygrow menina em algod\u00e3o cor de rosa, decorado com motivo de girafa fofinha e cora\u00e7\u00f5es. Abertura com molas de press\u00e3o por tr\u00e1s.\" \/>\n<meta property=\"og:url\" content=\"https:\/\/ikisbaby.com\/index.php\/produto\/babygrow-menina-girafa-rosa\/\" \/>\n<meta property=\"og:site_name\" content=\"Ikisbaby\" \/>\n<meta property=\"article:publisher\" content=\"https:\/\/facebook.com\/ikisbaby\" \/>\n<meta property=\"article:modified_time\" content=\"2023-06-21T14:52:41+00:00\" \/>\n<meta property=\"og:image\" content=\"https:\/\/ikisbaby.com\/wp-content\/uploads\/2023\/06\/IMG_20230621_140621-02-scaled-e1687359097463.jpeg\" \/>\n\t<meta property=\"og:image:width\" content=\"600\" \/>\n\t<meta property=\"og:image:height\" content=\"600\" \/>\n\t<meta property=\"og:image:type\" content=\"image\/jpeg\" \/>\n<script type=\"application\/ld+json\" class=\"yoast-schema-graph\">{\"@context\":\"https:\/\/schema.org\",\"@graph\":[{\"@type\":\"WebPage\",\"@id\":\"https:\/\/ikisbaby.com\/index.php\/produto\/babygrow-menina-girafa-rosa\/\",\"url\":\"https:\/\/ikisbaby.com\/index.php\/produto\/babygrow-menina-girafa-rosa\/\",\"name\":\"Babygrow Menina - Girafa Rosa - Ikisbaby Loja Online\",\"isPartOf\":{\"@id\":\"https:\/\/ikisbaby.com\/#website\"},\"primaryImageOfPage\":{\"@id\":\"https:\/\/ikisbaby.com\/index.php\/produto\/babygrow-menina-girafa-rosa\/#primaryimage\"},\"image\":{\"@id\":\"https:\/\/ikisbaby.com\/index.php\/produto\/babygrow-menina-girafa-rosa\/#primaryimage\"},\"thumbnailUrl\":\"https:\/\/ikisbaby.com\/wp-content\/uploads\/2023\/06\/IMG_20230621_140621-02-scaled-e1687359097463.jpeg\",\"datePublished\":\"2023-06-21T13:10:18+00:00\",\"dateModified\":\"2023-06-21T14:52:41+00:00\",\"description\":\"Babygrow menina em algod\u00e3o cor de rosa, decorado com motivo de girafa fofinha e cora\u00e7\u00f5es. Abertura com molas de press\u00e3o por tr\u00e1s.\",\"breadcrumb\":{\"@id\":\"https:\/\/ikisbaby.com\/index.php\/produto\/babygrow-menina-girafa-rosa\/#breadcrumb\"},\"inLanguage\":\"pt-PT\",\"potentialAction\":[{\"@type\":\"ReadAction\",\"target\":[\"https:\/\/ikisbaby.com\/index.php\/produto\/babygrow-menina-girafa-rosa\/\"]}]},{\"@type\":\"ImageObject\",\"inLanguage\":\"pt-PT\",\"@id\":\"https:\/\/ikisbaby.com\/index.php\/produto\/babygrow-menina-girafa-rosa\/#primaryimage\",\"url\":\"https:\/\/ikisbaby.com\/wp-content\/uploads\/2023\/06\/IMG_20230621_140621-02-scaled-e1687359097463.jpeg\",\"contentUrl\":\"https:\/\/ikisbaby.com\/wp-content\/uploads\/2023\/06\/IMG_20230621_140621-02-scaled-e1687359097463.jpeg\",\"width\":600,\"height\":600,\"caption\":\"babygrow menina girafa rosa\"},{\"@type\":\"BreadcrumbList\",\"@id\":\"https:\/\/ikisbaby.com\/index.php\/produto\/babygrow-menina-girafa-rosa\/#breadcrumb\",\"itemListElement\":[{\"@type\":\"ListItem\",\"position\":1,\"name\":\"In\u00edcio\",\"item\":\"https:\/\/ikisbaby.com\/\"},{\"@type\":\"ListItem\",\"position\":2,\"name\":\"Loja\",\"item\":\"https:\/\/ikisbaby.com\/index.php\/loja-roupa-para-bebe\/\"},{\"@type\":\"ListItem\",\"position\":3,\"name\":\"Babygrow Menina &#8211; Girafa Rosa\"}]},{\"@type\":\"WebSite\",\"@id\":\"https:\/\/ikisbaby.com\/#website\",\"url\":\"https:\/\/ikisbaby.com\/\",\"name\":\"Ikisbaby\",\"description\":\"Loja Online para Beb\u00e9\",\"publisher\":{\"@id\":\"https:\/\/ikisbaby.com\/#organization\"},\"potentialAction\":[{\"@type\":\"SearchAction\",\"target\":{\"@type\":\"EntryPoint\",\"urlTemplate\":\"https:\/\/ikisbaby.com\/?s={search_term_string}\"},\"query-input\":{\"@type\":\"PropertyValueSpecification\",\"valueRequired\":true,\"valueName\":\"search_term_string\"}}],\"inLanguage\":\"pt-PT\"},{\"@type\":\"Organization\",\"@id\":\"https:\/\/ikisbaby.com\/#organization\",\"name\":\"Ikisbaby\",\"url\":\"https:\/\/ikisbaby.com\/\",\"logo\":{\"@type\":\"ImageObject\",\"inLanguage\":\"pt-PT\",\"@id\":\"https:\/\/ikisbaby.com\/#\/schema\/logo\/image\/\",\"url\":\"https:\/\/ikisbaby.com\/wp-content\/uploads\/2019\/02\/favicon.png\",\"contentUrl\":\"https:\/\/ikisbaby.com\/wp-content\/uploads\/2019\/02\/favicon.png\",\"width\":512,\"height\":512,\"caption\":\"Ikisbaby\"},\"image\":{\"@id\":\"https:\/\/ikisbaby.com\/#\/schema\/logo\/image\/\"},\"sameAs\":[\"https:\/\/facebook.com\/ikisbaby\",\"https:\/\/www.instagram.com\/ikisbaby\/\"]}]}<\/script>\n<!-- \/ Yoast SEO plugin. -->","yoast_head_json":{"title":"Babygrow Menina - Girafa Rosa - Ikisbaby Loja Online","description":"Babygrow menina em algod\u00e3o cor de rosa, decorado com motivo de girafa fofinha e cora\u00e7\u00f5es. Abertura com molas de press\u00e3o por tr\u00e1s.","robots":{"index":"index","follow":"follow","max-snippet":"max-snippet:-1","max-image-preview":"max-image-preview:large","max-video-preview":"max-video-preview:-1"},"canonical":"https:\/\/ikisbaby.com\/index.php\/produto\/babygrow-menina-girafa-rosa\/","og_locale":"pt_PT","og_type":"article","og_title":"Babygrow Menina - Girafa Rosa - Ikisbaby Loja Online","og_description":"Babygrow menina em algod\u00e3o cor de rosa, decorado com motivo de girafa fofinha e cora\u00e7\u00f5es. Abertura com molas de press\u00e3o por tr\u00e1s.","og_url":"https:\/\/ikisbaby.com\/index.php\/produto\/babygrow-menina-girafa-rosa\/","og_site_name":"Ikisbaby","article_publisher":"https:\/\/facebook.com\/ikisbaby","article_modified_time":"2023-06-21T14:52:41+00:00","og_image":[{"width":600,"height":600,"url":"https:\/\/ikisbaby.com\/wp-content\/uploads\/2023\/06\/IMG_20230621_140621-02-scaled-e1687359097463.jpeg","type":"image\/jpeg"}],"schema":{"@context":"https:\/\/schema.org","@graph":[{"@type":"WebPage","@id":"https:\/\/ikisbaby.com\/index.php\/produto\/babygrow-menina-girafa-rosa\/","url":"https:\/\/ikisbaby.com\/index.php\/produto\/babygrow-menina-girafa-rosa\/","name":"Babygrow Menina - Girafa Rosa - Ikisbaby Loja Online","isPartOf":{"@id":"https:\/\/ikisbaby.com\/#website"},"primaryImageOfPage":{"@id":"https:\/\/ikisbaby.com\/index.php\/produto\/babygrow-menina-girafa-rosa\/#primaryimage"},"image":{"@id":"https:\/\/ikisbaby.com\/index.php\/produto\/babygrow-menina-girafa-rosa\/#primaryimage"},"thumbnailUrl":"https:\/\/ikisbaby.com\/wp-content\/uploads\/2023\/06\/IMG_20230621_140621-02-scaled-e1687359097463.jpeg","datePublished":"2023-06-21T13:10:18+00:00","dateModified":"2023-06-21T14:52:41+00:00","description":"Babygrow menina em algod\u00e3o cor de rosa, decorado com motivo de girafa fofinha e cora\u00e7\u00f5es. Abertura com molas de press\u00e3o por tr\u00e1s.","breadcrumb":{"@id":"https:\/\/ikisbaby.com\/index.php\/produto\/babygrow-menina-girafa-rosa\/#breadcrumb"},"inLanguage":"pt-PT","potentialAction":[{"@type":"ReadAction","target":["https:\/\/ikisbaby.com\/index.php\/produto\/babygrow-menina-girafa-rosa\/"]}]},{"@type":"ImageObject","inLanguage":"pt-PT","@id":"https:\/\/ikisbaby.com\/index.php\/produto\/babygrow-menina-girafa-rosa\/#primaryimage","url":"https:\/\/ikisbaby.com\/wp-content\/uploads\/2023\/06\/IMG_20230621_140621-02-scaled-e1687359097463.jpeg","contentUrl":"https:\/\/ikisbaby.com\/wp-content\/uploads\/2023\/06\/IMG_20230621_140621-02-scaled-e1687359097463.jpeg","width":600,"height":600,"caption":"babygrow menina girafa rosa"},{"@type":"BreadcrumbList","@id":"https:\/\/ikisbaby.com\/index.php\/produto\/babygrow-menina-girafa-rosa\/#breadcrumb","itemListElement":[{"@type":"ListItem","position":1,"name":"In\u00edcio","item":"https:\/\/ikisbaby.com\/"},{"@type":"ListItem","position":2,"name":"Loja","item":"https:\/\/ikisbaby.com\/index.php\/loja-roupa-para-bebe\/"},{"@type":"ListItem","position":3,"name":"Babygrow Menina &#8211; Girafa Rosa"}]},{"@type":"WebSite","@id":"https:\/\/ikisbaby.com\/#website","url":"https:\/\/ikisbaby.com\/","name":"Ikisbaby","description":"Loja Online para Beb\u00e9","publisher":{"@id":"https:\/\/ikisbaby.com\/#organization"},"potentialAction":[{"@type":"SearchAction","target":{"@type":"EntryPoint","urlTemplate":"https:\/\/ikisbaby.com\/?s={search_term_string}"},"query-input":{"@type":"PropertyValueSpecification","valueRequired":true,"valueName":"search_term_string"}}],"inLanguage":"pt-PT"},{"@type":"Organization","@id":"https:\/\/ikisbaby.com\/#organization","name":"Ikisbaby","url":"https:\/\/ikisbaby.com\/","logo":{"@type":"ImageObject","inLanguage":"pt-PT","@id":"https:\/\/ikisbaby.com\/#\/schema\/logo\/image\/","url":"https:\/\/ikisbaby.com\/wp-content\/uploads\/2019\/02\/favicon.png","contentUrl":"https:\/\/ikisbaby.com\/wp-content\/uploads\/2019\/02\/favicon.png","width":512,"height":512,"caption":"Ikisbaby"},"image":{"@id":"https:\/\/ikisbaby.com\/#\/schema\/logo\/image\/"},"sameAs":["https:\/\/facebook.com\/ikisbaby","https:\/\/www.instagram.com\/ikisbaby\/"]}]}},"_links":{"self":[{"href":"https:\/\/ikisbaby.com\/index.php\/wp-json\/wp\/v2\/product\/28126","targetHints":{"allow":["GET"]}}],"collection":[{"href":"https:\/\/ikisbaby.com\/index.php\/wp-json\/wp\/v2\/product"}],"about":[{"href":"https:\/\/ikisbaby.com\/index.php\/wp-json\/wp\/v2\/types\/product"}],"replies":[{"embeddable":true,"href":"https:\/\/ikisbaby.com\/index.php\/wp-json\/wp\/v2\/comments?post=28126"}],"version-history":[{"count":1,"href":"https:\/\/ikisbaby.com\/index.php\/wp-json\/wp\/v2\/product\/28126\/revisions"}],"predecessor-version":[{"id":28128,"href":"https:\/\/ikisbaby.com\/index.php\/wp-json\/wp\/v2\/product\/28126\/revisions\/28128"}],"wp:featuredmedia":[{"embeddable":true,"href":"https:\/\/ikisbaby.com\/index.php\/wp-json\/wp\/v2\/media\/28127"}],"wp:attachment":[{"href":"https:\/\/ikisbaby.com\/index.php\/wp-json\/wp\/v2\/media?parent=28126"}],"wp:term":[{"taxonomy":"product_brand","embeddable":true,"href":"https:\/\/ikisbaby.com\/index.php\/wp-json\/wp\/v2\/product_brand?post=28126"},{"taxonomy":"product_cat","embeddable":true,"href":"https:\/\/ikisbaby.com\/index.php\/wp-json\/wp\/v2\/product_cat?post=28126"},{"taxonomy":"product_tag","embeddable":true,"href":"https:\/\/ikisbaby.com\/index.php\/wp-json\/wp\/v2\/product_tag?post=28126"}],"curies":[{"name":"wp","href":"https:\/\/api.w.org\/{rel}","templated":true}]}}