{"id":27913,"date":"2023-06-08T17:37:44","date_gmt":"2023-06-08T16:37:44","guid":{"rendered":"https:\/\/ikisbaby.com\/?post_type=product&#038;p=27913"},"modified":"2023-09-11T10:43:47","modified_gmt":"2023-09-11T09:43:47","slug":"lencol-next-to-me","status":"publish","type":"product","link":"https:\/\/ikisbaby.com\/index.php\/produto\/lencol-next-to-me\/","title":{"rendered":"Len\u00e7ol Next To Me"},"content":{"rendered":"<p>Descubra o conforto e a qualidade do nosso len\u00e7ol <strong>Next to Me<\/strong>! Feito com materiais premium,\u00a0 encaixa-se perfeitamente no seu ber\u00e7o co-sleeper, proporcionando uma superf\u00edcie macia e agrad\u00e1vel para o soninho do seu beb\u00e9. Com um design elegante e ajuste perfeito, este len\u00e7ol \u00e9 f\u00e1cil de colocar e remover. Garanta noites tranquilas e aconchegantes para o seu pequeno tesouro com o len\u00e7ol Next to Me. Sonhos doces e confort\u00e1veis garantidos!<\/p>\n<p>Bordado.<strong><br \/>\n<\/strong><\/p>\n<p>Composi\u00e7\u00e3o: 100% Algod\u00e3o.<\/p>\n<p>Medidas: Len\u00e7ol 80&#215;125 \/ Capa colch\u00e3o: 50&#215;83\u00a0 \/ Fronha: 30 x 40.<\/p>\n<p>&nbsp;<\/p>\n","protected":false},"excerpt":{"rendered":"<p>Descubra o conforto e a qualidade do nosso len\u00e7ol <strong>Next to Me<\/strong>! Feito com materiais premium, ele se encaixa perfeitamente no seu ber\u00e7o co-sleeper, proporcionando uma superf\u00edcie macia e agrad\u00e1vel para o soninho do seu beb\u00e9. Com um design elegante e ajuste perfeito, este len\u00e7ol \u00e9 f\u00e1cil de colocar e remover. Garanta noites tranquilas e aconchegantes para o seu pequeno tesouro com o len\u00e7ol Next to Me. Sonhos doces e confort\u00e1veis garantidos!<\/p>\n<p>Composi\u00e7\u00e3o:<a href=\"https:\/\/ikisbaby.com\/index.php\/2018\/02\/04\/8-razoes-para-usar-algodao-no-bebe\/\"> 100% Algod\u00e3o<\/a>.<\/p>\n<p>Medidas: Len\u00e7ol 85 x 115 \/ Capa colch\u00e3o: 55 x 85\u00a0 \/ Fronha: 30 x 50.<\/p>\n","protected":false},"featured_media":27914,"comment_status":"closed","ping_status":"closed","template":"","meta":[],"product_brand":[],"product_cat":[198],"product_tag":[199,308,688,686,687],"class_list":{"0":"post-27913","1":"product","2":"type-product","3":"status-publish","6":"product_cat-lencois-para-bebe","7":"product_tag-lencois","8":"product_tag-lencois-de-alcofa","9":"product_tag-lencois-next-to-me","10":"product_tag-lencol-next-to-me","11":"product_tag-next-to-me","13":"first","14":"outofstock","15":"taxable","16":"shipping-taxable","17":"purchasable","18":"product-type-simple"},"yoast_head":"<!-- This site is optimized with the Yoast SEO plugin v27.0 - https:\/\/yoast.com\/product\/yoast-seo-wordpress\/ -->\n<title>Len\u00e7ol Next To Me - Ikisbaby - Loja Beb\u00e9 Online<\/title>\n<meta name=\"description\" content=\"Descubra o conforto e a qualidade do nosso len\u00e7ol Next to Me, com ajuste perfeito, este len\u00e7ol \u00e9 f\u00e1cil de colocar e remover. 100% Algod\u00e3o\" \/>\n<meta name=\"robots\" content=\"index, follow, max-snippet:-1, max-image-preview:large, max-video-preview:-1\" \/>\n<link rel=\"canonical\" href=\"https:\/\/ikisbaby.com\/index.php\/produto\/lencol-next-to-me\/\" \/>\n<meta property=\"og:locale\" content=\"pt_PT\" \/>\n<meta property=\"og:type\" content=\"article\" \/>\n<meta property=\"og:title\" content=\"Len\u00e7ol Next To Me - Ikisbaby - Loja Beb\u00e9 Online\" \/>\n<meta property=\"og:description\" content=\"Descubra o conforto e a qualidade do nosso len\u00e7ol Next to Me, com ajuste perfeito, este len\u00e7ol \u00e9 f\u00e1cil de colocar e remover. 100% Algod\u00e3o\" \/>\n<meta property=\"og:url\" content=\"https:\/\/ikisbaby.com\/index.php\/produto\/lencol-next-to-me\/\" \/>\n<meta property=\"og:site_name\" content=\"Ikisbaby\" \/>\n<meta property=\"article:publisher\" content=\"https:\/\/facebook.com\/ikisbaby\" \/>\n<meta property=\"article:modified_time\" content=\"2023-09-11T09:43:47+00:00\" \/>\n<meta property=\"og:image\" content=\"https:\/\/ikisbaby.com\/wp-content\/uploads\/2022\/10\/IMG_20221029_111421-03-e1667040582470.jpeg\" \/>\n\t<meta property=\"og:image:width\" content=\"600\" \/>\n\t<meta property=\"og:image:height\" content=\"600\" \/>\n\t<meta property=\"og:image:type\" content=\"image\/jpeg\" \/>\n<script type=\"application\/ld+json\" class=\"yoast-schema-graph\">{\"@context\":\"https:\/\/schema.org\",\"@graph\":[{\"@type\":\"WebPage\",\"@id\":\"https:\/\/ikisbaby.com\/index.php\/produto\/lencol-next-to-me\/\",\"url\":\"https:\/\/ikisbaby.com\/index.php\/produto\/lencol-next-to-me\/\",\"name\":\"Len\u00e7ol Next To Me - Ikisbaby - Loja Beb\u00e9 Online\",\"isPartOf\":{\"@id\":\"https:\/\/ikisbaby.com\/#website\"},\"primaryImageOfPage\":{\"@id\":\"https:\/\/ikisbaby.com\/index.php\/produto\/lencol-next-to-me\/#primaryimage\"},\"image\":{\"@id\":\"https:\/\/ikisbaby.com\/index.php\/produto\/lencol-next-to-me\/#primaryimage\"},\"thumbnailUrl\":\"https:\/\/ikisbaby.com\/wp-content\/uploads\/2022\/10\/IMG_20221029_111421-03-e1667040582470.jpeg\",\"datePublished\":\"2023-06-08T16:37:44+00:00\",\"dateModified\":\"2023-09-11T09:43:47+00:00\",\"description\":\"Descubra o conforto e a qualidade do nosso len\u00e7ol Next to Me, com ajuste perfeito, este len\u00e7ol \u00e9 f\u00e1cil de colocar e remover. 100% Algod\u00e3o\",\"breadcrumb\":{\"@id\":\"https:\/\/ikisbaby.com\/index.php\/produto\/lencol-next-to-me\/#breadcrumb\"},\"inLanguage\":\"pt-PT\",\"potentialAction\":[{\"@type\":\"ReadAction\",\"target\":[\"https:\/\/ikisbaby.com\/index.php\/produto\/lencol-next-to-me\/\"]}]},{\"@type\":\"ImageObject\",\"inLanguage\":\"pt-PT\",\"@id\":\"https:\/\/ikisbaby.com\/index.php\/produto\/lencol-next-to-me\/#primaryimage\",\"url\":\"https:\/\/ikisbaby.com\/wp-content\/uploads\/2022\/10\/IMG_20221029_111421-03-e1667040582470.jpeg\",\"contentUrl\":\"https:\/\/ikisbaby.com\/wp-content\/uploads\/2022\/10\/IMG_20221029_111421-03-e1667040582470.jpeg\",\"width\":600,\"height\":600,\"caption\":\"Len\u00e7ol Next To Me\"},{\"@type\":\"BreadcrumbList\",\"@id\":\"https:\/\/ikisbaby.com\/index.php\/produto\/lencol-next-to-me\/#breadcrumb\",\"itemListElement\":[{\"@type\":\"ListItem\",\"position\":1,\"name\":\"In\u00edcio\",\"item\":\"https:\/\/ikisbaby.com\/\"},{\"@type\":\"ListItem\",\"position\":2,\"name\":\"Loja\",\"item\":\"https:\/\/ikisbaby.com\/index.php\/loja-roupa-para-bebe\/\"},{\"@type\":\"ListItem\",\"position\":3,\"name\":\"Len\u00e7ol Next To Me\"}]},{\"@type\":\"WebSite\",\"@id\":\"https:\/\/ikisbaby.com\/#website\",\"url\":\"https:\/\/ikisbaby.com\/\",\"name\":\"Ikisbaby\",\"description\":\"Loja Online para Beb\u00e9\",\"publisher\":{\"@id\":\"https:\/\/ikisbaby.com\/#organization\"},\"potentialAction\":[{\"@type\":\"SearchAction\",\"target\":{\"@type\":\"EntryPoint\",\"urlTemplate\":\"https:\/\/ikisbaby.com\/?s={search_term_string}\"},\"query-input\":{\"@type\":\"PropertyValueSpecification\",\"valueRequired\":true,\"valueName\":\"search_term_string\"}}],\"inLanguage\":\"pt-PT\"},{\"@type\":\"Organization\",\"@id\":\"https:\/\/ikisbaby.com\/#organization\",\"name\":\"Ikisbaby\",\"url\":\"https:\/\/ikisbaby.com\/\",\"logo\":{\"@type\":\"ImageObject\",\"inLanguage\":\"pt-PT\",\"@id\":\"https:\/\/ikisbaby.com\/#\/schema\/logo\/image\/\",\"url\":\"https:\/\/ikisbaby.com\/wp-content\/uploads\/2019\/02\/favicon.png\",\"contentUrl\":\"https:\/\/ikisbaby.com\/wp-content\/uploads\/2019\/02\/favicon.png\",\"width\":512,\"height\":512,\"caption\":\"Ikisbaby\"},\"image\":{\"@id\":\"https:\/\/ikisbaby.com\/#\/schema\/logo\/image\/\"},\"sameAs\":[\"https:\/\/facebook.com\/ikisbaby\",\"https:\/\/www.instagram.com\/ikisbaby\/\"]}]}<\/script>\n<!-- \/ Yoast SEO plugin. -->","yoast_head_json":{"title":"Len\u00e7ol Next To Me - Ikisbaby - Loja Beb\u00e9 Online","description":"Descubra o conforto e a qualidade do nosso len\u00e7ol Next to Me, com ajuste perfeito, este len\u00e7ol \u00e9 f\u00e1cil de colocar e remover. 100% Algod\u00e3o","robots":{"index":"index","follow":"follow","max-snippet":"max-snippet:-1","max-image-preview":"max-image-preview:large","max-video-preview":"max-video-preview:-1"},"canonical":"https:\/\/ikisbaby.com\/index.php\/produto\/lencol-next-to-me\/","og_locale":"pt_PT","og_type":"article","og_title":"Len\u00e7ol Next To Me - Ikisbaby - Loja Beb\u00e9 Online","og_description":"Descubra o conforto e a qualidade do nosso len\u00e7ol Next to Me, com ajuste perfeito, este len\u00e7ol \u00e9 f\u00e1cil de colocar e remover. 100% Algod\u00e3o","og_url":"https:\/\/ikisbaby.com\/index.php\/produto\/lencol-next-to-me\/","og_site_name":"Ikisbaby","article_publisher":"https:\/\/facebook.com\/ikisbaby","article_modified_time":"2023-09-11T09:43:47+00:00","og_image":[{"width":600,"height":600,"url":"https:\/\/ikisbaby.com\/wp-content\/uploads\/2022\/10\/IMG_20221029_111421-03-e1667040582470.jpeg","type":"image\/jpeg"}],"schema":{"@context":"https:\/\/schema.org","@graph":[{"@type":"WebPage","@id":"https:\/\/ikisbaby.com\/index.php\/produto\/lencol-next-to-me\/","url":"https:\/\/ikisbaby.com\/index.php\/produto\/lencol-next-to-me\/","name":"Len\u00e7ol Next To Me - Ikisbaby - Loja Beb\u00e9 Online","isPartOf":{"@id":"https:\/\/ikisbaby.com\/#website"},"primaryImageOfPage":{"@id":"https:\/\/ikisbaby.com\/index.php\/produto\/lencol-next-to-me\/#primaryimage"},"image":{"@id":"https:\/\/ikisbaby.com\/index.php\/produto\/lencol-next-to-me\/#primaryimage"},"thumbnailUrl":"https:\/\/ikisbaby.com\/wp-content\/uploads\/2022\/10\/IMG_20221029_111421-03-e1667040582470.jpeg","datePublished":"2023-06-08T16:37:44+00:00","dateModified":"2023-09-11T09:43:47+00:00","description":"Descubra o conforto e a qualidade do nosso len\u00e7ol Next to Me, com ajuste perfeito, este len\u00e7ol \u00e9 f\u00e1cil de colocar e remover. 100% Algod\u00e3o","breadcrumb":{"@id":"https:\/\/ikisbaby.com\/index.php\/produto\/lencol-next-to-me\/#breadcrumb"},"inLanguage":"pt-PT","potentialAction":[{"@type":"ReadAction","target":["https:\/\/ikisbaby.com\/index.php\/produto\/lencol-next-to-me\/"]}]},{"@type":"ImageObject","inLanguage":"pt-PT","@id":"https:\/\/ikisbaby.com\/index.php\/produto\/lencol-next-to-me\/#primaryimage","url":"https:\/\/ikisbaby.com\/wp-content\/uploads\/2022\/10\/IMG_20221029_111421-03-e1667040582470.jpeg","contentUrl":"https:\/\/ikisbaby.com\/wp-content\/uploads\/2022\/10\/IMG_20221029_111421-03-e1667040582470.jpeg","width":600,"height":600,"caption":"Len\u00e7ol Next To Me"},{"@type":"BreadcrumbList","@id":"https:\/\/ikisbaby.com\/index.php\/produto\/lencol-next-to-me\/#breadcrumb","itemListElement":[{"@type":"ListItem","position":1,"name":"In\u00edcio","item":"https:\/\/ikisbaby.com\/"},{"@type":"ListItem","position":2,"name":"Loja","item":"https:\/\/ikisbaby.com\/index.php\/loja-roupa-para-bebe\/"},{"@type":"ListItem","position":3,"name":"Len\u00e7ol Next To Me"}]},{"@type":"WebSite","@id":"https:\/\/ikisbaby.com\/#website","url":"https:\/\/ikisbaby.com\/","name":"Ikisbaby","description":"Loja Online para Beb\u00e9","publisher":{"@id":"https:\/\/ikisbaby.com\/#organization"},"potentialAction":[{"@type":"SearchAction","target":{"@type":"EntryPoint","urlTemplate":"https:\/\/ikisbaby.com\/?s={search_term_string}"},"query-input":{"@type":"PropertyValueSpecification","valueRequired":true,"valueName":"search_term_string"}}],"inLanguage":"pt-PT"},{"@type":"Organization","@id":"https:\/\/ikisbaby.com\/#organization","name":"Ikisbaby","url":"https:\/\/ikisbaby.com\/","logo":{"@type":"ImageObject","inLanguage":"pt-PT","@id":"https:\/\/ikisbaby.com\/#\/schema\/logo\/image\/","url":"https:\/\/ikisbaby.com\/wp-content\/uploads\/2019\/02\/favicon.png","contentUrl":"https:\/\/ikisbaby.com\/wp-content\/uploads\/2019\/02\/favicon.png","width":512,"height":512,"caption":"Ikisbaby"},"image":{"@id":"https:\/\/ikisbaby.com\/#\/schema\/logo\/image\/"},"sameAs":["https:\/\/facebook.com\/ikisbaby","https:\/\/www.instagram.com\/ikisbaby\/"]}]}},"_links":{"self":[{"href":"https:\/\/ikisbaby.com\/index.php\/wp-json\/wp\/v2\/product\/27913","targetHints":{"allow":["GET"]}}],"collection":[{"href":"https:\/\/ikisbaby.com\/index.php\/wp-json\/wp\/v2\/product"}],"about":[{"href":"https:\/\/ikisbaby.com\/index.php\/wp-json\/wp\/v2\/types\/product"}],"replies":[{"embeddable":true,"href":"https:\/\/ikisbaby.com\/index.php\/wp-json\/wp\/v2\/comments?post=27913"}],"version-history":[{"count":5,"href":"https:\/\/ikisbaby.com\/index.php\/wp-json\/wp\/v2\/product\/27913\/revisions"}],"predecessor-version":[{"id":28009,"href":"https:\/\/ikisbaby.com\/index.php\/wp-json\/wp\/v2\/product\/27913\/revisions\/28009"}],"wp:featuredmedia":[{"embeddable":true,"href":"https:\/\/ikisbaby.com\/index.php\/wp-json\/wp\/v2\/media\/27914"}],"wp:attachment":[{"href":"https:\/\/ikisbaby.com\/index.php\/wp-json\/wp\/v2\/media?parent=27913"}],"wp:term":[{"taxonomy":"product_brand","embeddable":true,"href":"https:\/\/ikisbaby.com\/index.php\/wp-json\/wp\/v2\/product_brand?post=27913"},{"taxonomy":"product_cat","embeddable":true,"href":"https:\/\/ikisbaby.com\/index.php\/wp-json\/wp\/v2\/product_cat?post=27913"},{"taxonomy":"product_tag","embeddable":true,"href":"https:\/\/ikisbaby.com\/index.php\/wp-json\/wp\/v2\/product_tag?post=27913"}],"curies":[{"name":"wp","href":"https:\/\/api.w.org\/{rel}","templated":true}]}}