{"id":27289,"date":"2021-12-05T12:53:58","date_gmt":"2021-12-05T12:53:58","guid":{"rendered":"https:\/\/ikisbaby.com\/?post_type=product&#038;p=27289"},"modified":"2022-04-01T22:43:21","modified_gmt":"2022-04-01T21:43:21","slug":"manta-xaile-areia","status":"publish","type":"product","link":"https:\/\/ikisbaby.com\/index.php\/produto\/manta-xaile-areia\/","title":{"rendered":"Manta\/Xaile Areia"},"content":{"rendered":"<p>Manta malha cor areia para beb\u00e9.<\/p>\n<p>Com aplica\u00e7\u00e3o de la\u00e7o em cetim<\/p>\n<p>Ideal para deixar o seu beb\u00e9 confort\u00e1vel e com um look simples.<\/p>\n<p>100% Acr\u00edlico<\/p>\n","protected":false},"excerpt":{"rendered":"<p>Manta malha cor areia para beb\u00e9.<\/p>\n<p>Com aplica\u00e7\u00e3o de la\u00e7o em cetim<\/p>\n<p>Ideal para deixar o seu beb\u00e9 confort\u00e1vel e com um look simples.<\/p>\n<p>100% Acr\u00edlico<\/p>\n","protected":false},"featured_media":27290,"comment_status":"open","ping_status":"closed","template":"","meta":[],"product_brand":[],"product_cat":[70],"product_tag":[168,101],"class_list":{"0":"post-27289","1":"product","2":"type-product","3":"status-publish","6":"product_cat-mantas","7":"product_tag-malha","8":"product_tag-manta","10":"first","11":"instock","12":"taxable","13":"shipping-taxable","14":"purchasable","15":"product-type-simple"},"yoast_head":"<!-- This site is optimized with the Yoast SEO plugin v27.0 - https:\/\/yoast.com\/product\/yoast-seo-wordpress\/ -->\n<title>Manta malha cor areia para beb\u00e9 - ikisbaby - Loja Online<\/title>\n<meta name=\"description\" content=\"Manta malha cor areia para beb\u00e9. Com aplica\u00e7\u00e3o de la\u00e7o em cetim. Ideal para deixar o seu beb\u00e9 confort\u00e1vel e com um look simples. 100% Acr\u00edlico\" \/>\n<meta name=\"robots\" content=\"index, follow, max-snippet:-1, max-image-preview:large, max-video-preview:-1\" \/>\n<link rel=\"canonical\" href=\"https:\/\/ikisbaby.com\/index.php\/produto\/manta-xaile-areia\/\" \/>\n<meta property=\"og:locale\" content=\"pt_PT\" \/>\n<meta property=\"og:type\" content=\"article\" \/>\n<meta property=\"og:title\" content=\"Manta malha cor areia para beb\u00e9 - ikisbaby - Loja Online\" \/>\n<meta property=\"og:description\" content=\"Manta malha cor areia para beb\u00e9. Com aplica\u00e7\u00e3o de la\u00e7o em cetim. Ideal para deixar o seu beb\u00e9 confort\u00e1vel e com um look simples. 100% Acr\u00edlico\" \/>\n<meta property=\"og:url\" content=\"https:\/\/ikisbaby.com\/index.php\/produto\/manta-xaile-areia\/\" \/>\n<meta property=\"og:site_name\" content=\"Ikisbaby\" \/>\n<meta property=\"article:publisher\" content=\"https:\/\/facebook.com\/ikisbaby\" \/>\n<meta property=\"article:modified_time\" content=\"2022-04-01T21:43:21+00:00\" \/>\n<meta property=\"og:image\" content=\"https:\/\/ikisbaby.com\/wp-content\/uploads\/2021\/12\/IMG_20211205_124112-04-e1638708977105.jpeg\" \/>\n\t<meta property=\"og:image:width\" content=\"600\" \/>\n\t<meta property=\"og:image:height\" content=\"600\" \/>\n\t<meta property=\"og:image:type\" content=\"image\/jpeg\" \/>\n<script type=\"application\/ld+json\" class=\"yoast-schema-graph\">{\"@context\":\"https:\/\/schema.org\",\"@graph\":[{\"@type\":\"WebPage\",\"@id\":\"https:\/\/ikisbaby.com\/index.php\/produto\/manta-xaile-areia\/\",\"url\":\"https:\/\/ikisbaby.com\/index.php\/produto\/manta-xaile-areia\/\",\"name\":\"Manta malha cor areia para beb\u00e9 - ikisbaby - Loja Online\",\"isPartOf\":{\"@id\":\"https:\/\/ikisbaby.com\/#website\"},\"primaryImageOfPage\":{\"@id\":\"https:\/\/ikisbaby.com\/index.php\/produto\/manta-xaile-areia\/#primaryimage\"},\"image\":{\"@id\":\"https:\/\/ikisbaby.com\/index.php\/produto\/manta-xaile-areia\/#primaryimage\"},\"thumbnailUrl\":\"https:\/\/ikisbaby.com\/wp-content\/uploads\/2021\/12\/IMG_20211205_124112-04-e1638708977105.jpeg\",\"datePublished\":\"2021-12-05T12:53:58+00:00\",\"dateModified\":\"2022-04-01T21:43:21+00:00\",\"description\":\"Manta malha cor areia para beb\u00e9. Com aplica\u00e7\u00e3o de la\u00e7o em cetim. Ideal para deixar o seu beb\u00e9 confort\u00e1vel e com um look simples. 100% Acr\u00edlico\",\"breadcrumb\":{\"@id\":\"https:\/\/ikisbaby.com\/index.php\/produto\/manta-xaile-areia\/#breadcrumb\"},\"inLanguage\":\"pt-PT\",\"potentialAction\":[{\"@type\":\"ReadAction\",\"target\":[\"https:\/\/ikisbaby.com\/index.php\/produto\/manta-xaile-areia\/\"]}]},{\"@type\":\"ImageObject\",\"inLanguage\":\"pt-PT\",\"@id\":\"https:\/\/ikisbaby.com\/index.php\/produto\/manta-xaile-areia\/#primaryimage\",\"url\":\"https:\/\/ikisbaby.com\/wp-content\/uploads\/2021\/12\/IMG_20211205_124112-04-e1638708977105.jpeg\",\"contentUrl\":\"https:\/\/ikisbaby.com\/wp-content\/uploads\/2021\/12\/IMG_20211205_124112-04-e1638708977105.jpeg\",\"width\":600,\"height\":600,\"caption\":\"manta malha beb\u00e9 areia\"},{\"@type\":\"BreadcrumbList\",\"@id\":\"https:\/\/ikisbaby.com\/index.php\/produto\/manta-xaile-areia\/#breadcrumb\",\"itemListElement\":[{\"@type\":\"ListItem\",\"position\":1,\"name\":\"In\u00edcio\",\"item\":\"https:\/\/ikisbaby.com\/\"},{\"@type\":\"ListItem\",\"position\":2,\"name\":\"Loja\",\"item\":\"https:\/\/ikisbaby.com\/index.php\/loja-roupa-para-bebe\/\"},{\"@type\":\"ListItem\",\"position\":3,\"name\":\"Manta\/Xaile Areia\"}]},{\"@type\":\"WebSite\",\"@id\":\"https:\/\/ikisbaby.com\/#website\",\"url\":\"https:\/\/ikisbaby.com\/\",\"name\":\"Ikisbaby\",\"description\":\"Loja Online para Beb\u00e9\",\"publisher\":{\"@id\":\"https:\/\/ikisbaby.com\/#organization\"},\"potentialAction\":[{\"@type\":\"SearchAction\",\"target\":{\"@type\":\"EntryPoint\",\"urlTemplate\":\"https:\/\/ikisbaby.com\/?s={search_term_string}\"},\"query-input\":{\"@type\":\"PropertyValueSpecification\",\"valueRequired\":true,\"valueName\":\"search_term_string\"}}],\"inLanguage\":\"pt-PT\"},{\"@type\":\"Organization\",\"@id\":\"https:\/\/ikisbaby.com\/#organization\",\"name\":\"Ikisbaby\",\"url\":\"https:\/\/ikisbaby.com\/\",\"logo\":{\"@type\":\"ImageObject\",\"inLanguage\":\"pt-PT\",\"@id\":\"https:\/\/ikisbaby.com\/#\/schema\/logo\/image\/\",\"url\":\"https:\/\/ikisbaby.com\/wp-content\/uploads\/2019\/02\/favicon.png\",\"contentUrl\":\"https:\/\/ikisbaby.com\/wp-content\/uploads\/2019\/02\/favicon.png\",\"width\":512,\"height\":512,\"caption\":\"Ikisbaby\"},\"image\":{\"@id\":\"https:\/\/ikisbaby.com\/#\/schema\/logo\/image\/\"},\"sameAs\":[\"https:\/\/facebook.com\/ikisbaby\",\"https:\/\/www.instagram.com\/ikisbaby\/\"]}]}<\/script>\n<!-- \/ Yoast SEO plugin. -->","yoast_head_json":{"title":"Manta malha cor areia para beb\u00e9 - ikisbaby - Loja Online","description":"Manta malha cor areia para beb\u00e9. Com aplica\u00e7\u00e3o de la\u00e7o em cetim. Ideal para deixar o seu beb\u00e9 confort\u00e1vel e com um look simples. 100% Acr\u00edlico","robots":{"index":"index","follow":"follow","max-snippet":"max-snippet:-1","max-image-preview":"max-image-preview:large","max-video-preview":"max-video-preview:-1"},"canonical":"https:\/\/ikisbaby.com\/index.php\/produto\/manta-xaile-areia\/","og_locale":"pt_PT","og_type":"article","og_title":"Manta malha cor areia para beb\u00e9 - ikisbaby - Loja Online","og_description":"Manta malha cor areia para beb\u00e9. Com aplica\u00e7\u00e3o de la\u00e7o em cetim. Ideal para deixar o seu beb\u00e9 confort\u00e1vel e com um look simples. 100% Acr\u00edlico","og_url":"https:\/\/ikisbaby.com\/index.php\/produto\/manta-xaile-areia\/","og_site_name":"Ikisbaby","article_publisher":"https:\/\/facebook.com\/ikisbaby","article_modified_time":"2022-04-01T21:43:21+00:00","og_image":[{"width":600,"height":600,"url":"https:\/\/ikisbaby.com\/wp-content\/uploads\/2021\/12\/IMG_20211205_124112-04-e1638708977105.jpeg","type":"image\/jpeg"}],"schema":{"@context":"https:\/\/schema.org","@graph":[{"@type":"WebPage","@id":"https:\/\/ikisbaby.com\/index.php\/produto\/manta-xaile-areia\/","url":"https:\/\/ikisbaby.com\/index.php\/produto\/manta-xaile-areia\/","name":"Manta malha cor areia para beb\u00e9 - ikisbaby - Loja Online","isPartOf":{"@id":"https:\/\/ikisbaby.com\/#website"},"primaryImageOfPage":{"@id":"https:\/\/ikisbaby.com\/index.php\/produto\/manta-xaile-areia\/#primaryimage"},"image":{"@id":"https:\/\/ikisbaby.com\/index.php\/produto\/manta-xaile-areia\/#primaryimage"},"thumbnailUrl":"https:\/\/ikisbaby.com\/wp-content\/uploads\/2021\/12\/IMG_20211205_124112-04-e1638708977105.jpeg","datePublished":"2021-12-05T12:53:58+00:00","dateModified":"2022-04-01T21:43:21+00:00","description":"Manta malha cor areia para beb\u00e9. Com aplica\u00e7\u00e3o de la\u00e7o em cetim. Ideal para deixar o seu beb\u00e9 confort\u00e1vel e com um look simples. 100% Acr\u00edlico","breadcrumb":{"@id":"https:\/\/ikisbaby.com\/index.php\/produto\/manta-xaile-areia\/#breadcrumb"},"inLanguage":"pt-PT","potentialAction":[{"@type":"ReadAction","target":["https:\/\/ikisbaby.com\/index.php\/produto\/manta-xaile-areia\/"]}]},{"@type":"ImageObject","inLanguage":"pt-PT","@id":"https:\/\/ikisbaby.com\/index.php\/produto\/manta-xaile-areia\/#primaryimage","url":"https:\/\/ikisbaby.com\/wp-content\/uploads\/2021\/12\/IMG_20211205_124112-04-e1638708977105.jpeg","contentUrl":"https:\/\/ikisbaby.com\/wp-content\/uploads\/2021\/12\/IMG_20211205_124112-04-e1638708977105.jpeg","width":600,"height":600,"caption":"manta malha beb\u00e9 areia"},{"@type":"BreadcrumbList","@id":"https:\/\/ikisbaby.com\/index.php\/produto\/manta-xaile-areia\/#breadcrumb","itemListElement":[{"@type":"ListItem","position":1,"name":"In\u00edcio","item":"https:\/\/ikisbaby.com\/"},{"@type":"ListItem","position":2,"name":"Loja","item":"https:\/\/ikisbaby.com\/index.php\/loja-roupa-para-bebe\/"},{"@type":"ListItem","position":3,"name":"Manta\/Xaile Areia"}]},{"@type":"WebSite","@id":"https:\/\/ikisbaby.com\/#website","url":"https:\/\/ikisbaby.com\/","name":"Ikisbaby","description":"Loja Online para Beb\u00e9","publisher":{"@id":"https:\/\/ikisbaby.com\/#organization"},"potentialAction":[{"@type":"SearchAction","target":{"@type":"EntryPoint","urlTemplate":"https:\/\/ikisbaby.com\/?s={search_term_string}"},"query-input":{"@type":"PropertyValueSpecification","valueRequired":true,"valueName":"search_term_string"}}],"inLanguage":"pt-PT"},{"@type":"Organization","@id":"https:\/\/ikisbaby.com\/#organization","name":"Ikisbaby","url":"https:\/\/ikisbaby.com\/","logo":{"@type":"ImageObject","inLanguage":"pt-PT","@id":"https:\/\/ikisbaby.com\/#\/schema\/logo\/image\/","url":"https:\/\/ikisbaby.com\/wp-content\/uploads\/2019\/02\/favicon.png","contentUrl":"https:\/\/ikisbaby.com\/wp-content\/uploads\/2019\/02\/favicon.png","width":512,"height":512,"caption":"Ikisbaby"},"image":{"@id":"https:\/\/ikisbaby.com\/#\/schema\/logo\/image\/"},"sameAs":["https:\/\/facebook.com\/ikisbaby","https:\/\/www.instagram.com\/ikisbaby\/"]}]}},"_links":{"self":[{"href":"https:\/\/ikisbaby.com\/index.php\/wp-json\/wp\/v2\/product\/27289","targetHints":{"allow":["GET"]}}],"collection":[{"href":"https:\/\/ikisbaby.com\/index.php\/wp-json\/wp\/v2\/product"}],"about":[{"href":"https:\/\/ikisbaby.com\/index.php\/wp-json\/wp\/v2\/types\/product"}],"replies":[{"embeddable":true,"href":"https:\/\/ikisbaby.com\/index.php\/wp-json\/wp\/v2\/comments?post=27289"}],"version-history":[{"count":1,"href":"https:\/\/ikisbaby.com\/index.php\/wp-json\/wp\/v2\/product\/27289\/revisions"}],"predecessor-version":[{"id":27405,"href":"https:\/\/ikisbaby.com\/index.php\/wp-json\/wp\/v2\/product\/27289\/revisions\/27405"}],"wp:featuredmedia":[{"embeddable":true,"href":"https:\/\/ikisbaby.com\/index.php\/wp-json\/wp\/v2\/media\/27290"}],"wp:attachment":[{"href":"https:\/\/ikisbaby.com\/index.php\/wp-json\/wp\/v2\/media?parent=27289"}],"wp:term":[{"taxonomy":"product_brand","embeddable":true,"href":"https:\/\/ikisbaby.com\/index.php\/wp-json\/wp\/v2\/product_brand?post=27289"},{"taxonomy":"product_cat","embeddable":true,"href":"https:\/\/ikisbaby.com\/index.php\/wp-json\/wp\/v2\/product_cat?post=27289"},{"taxonomy":"product_tag","embeddable":true,"href":"https:\/\/ikisbaby.com\/index.php\/wp-json\/wp\/v2\/product_tag?post=27289"}],"curies":[{"name":"wp","href":"https:\/\/api.w.org\/{rel}","templated":true}]}}