{"id":27079,"date":"2021-09-21T17:16:31","date_gmt":"2021-09-21T16:16:31","guid":{"rendered":"https:\/\/ikisbaby.com\/?post_type=product&#038;p=27079"},"modified":"2022-02-16T09:43:57","modified_gmt":"2022-02-16T09:43:57","slug":"toalha-de-banho-bebe-menina","status":"publish","type":"product","link":"https:\/\/ikisbaby.com\/index.php\/produto\/toalha-de-banho-bebe-menina\/","title":{"rendered":"Toalha de Banho Beb\u00e9 Menina"},"content":{"rendered":"<p><a href=\"https:\/\/ikisbaby.com\/index.php\/categoria-produto\/complementos\/toalha-capas-banho\/\">Toalha de banho para beb\u00e9<\/a> menina, decorada com coelho rosa bordado e la\u00e7o.<\/p>\n<p>A hora do banho \u00e9 dos momentos mais importantes do dia.<\/p>\n<p>Esta toalha de banho suave e com capuz garante uma sa\u00edda do banho sem problemas.<\/p>\n<ul>\n<li>Capuz protege a cabecinha do beb\u00e9<\/li>\n<li><strong>100% Algod\u00e3o<\/strong><\/li>\n<li>Dimens\u00f5es 80&#215;80<\/li>\n<\/ul>\n","protected":false},"excerpt":{"rendered":"<p>Toalha de banho para beb\u00e9, decorada com coelho bordado e la\u00e7o.<\/p>\n<p>A hora do banho \u00e9 dos momentos mais importantes do dia.<\/p>\n<p>Esta toalha de banho suave e com capuz garante uma sa\u00edda do banho sem problemas.<\/p>\n<ul>\n<li>Capuz protege a cabecinha do beb\u00e9<\/li>\n<li>100% Algod\u00e3o<\/li>\n<li>Dimens\u00f5es 80&#215;80<\/li>\n<\/ul>\n","protected":false},"featured_media":27080,"comment_status":"closed","ping_status":"closed","template":"","meta":[],"product_brand":[],"product_cat":[72],"product_tag":[180],"class_list":{"0":"post-27079","1":"product","2":"type-product","3":"status-publish","6":"product_cat-toalha-capas-banho","7":"product_tag-toalha-de-banho-de-bebe","9":"first","10":"outofstock","11":"taxable","12":"shipping-taxable","13":"purchasable","14":"product-type-simple"},"yoast_head":"<!-- This site is optimized with the Yoast SEO plugin v27.0 - https:\/\/yoast.com\/product\/yoast-seo-wordpress\/ -->\n<title>Toalha de Banho Beb\u00e9 Menina - Ikisbaby Loja Online<\/title>\n<meta name=\"description\" content=\"O capuz ajuda a uma sa\u00edda do banho sossegada. Toalha de banho para beb\u00e9 menina decorada com bordado de coelho em rosa.\" \/>\n<meta name=\"robots\" content=\"index, follow, max-snippet:-1, max-image-preview:large, max-video-preview:-1\" \/>\n<link rel=\"canonical\" href=\"https:\/\/ikisbaby.com\/index.php\/produto\/toalha-de-banho-bebe-menina\/\" \/>\n<meta property=\"og:locale\" content=\"pt_PT\" \/>\n<meta property=\"og:type\" content=\"article\" \/>\n<meta property=\"og:title\" content=\"Toalha de Banho Beb\u00e9 Menina - Ikisbaby Loja Online\" \/>\n<meta property=\"og:description\" content=\"O capuz ajuda a uma sa\u00edda do banho sossegada. Toalha de banho para beb\u00e9 menina decorada com bordado de coelho em rosa.\" \/>\n<meta property=\"og:url\" content=\"https:\/\/ikisbaby.com\/index.php\/produto\/toalha-de-banho-bebe-menina\/\" \/>\n<meta property=\"og:site_name\" content=\"Ikisbaby\" \/>\n<meta property=\"article:publisher\" content=\"https:\/\/facebook.com\/ikisbaby\" \/>\n<meta property=\"article:modified_time\" content=\"2022-02-16T09:43:57+00:00\" \/>\n<meta property=\"og:image\" content=\"https:\/\/ikisbaby.com\/wp-content\/uploads\/2021\/09\/IMG_20210921_103604-01-scaled-e1632241380212.jpeg\" \/>\n\t<meta property=\"og:image:width\" content=\"600\" \/>\n\t<meta property=\"og:image:height\" content=\"600\" \/>\n\t<meta property=\"og:image:type\" content=\"image\/jpeg\" \/>\n<script type=\"application\/ld+json\" class=\"yoast-schema-graph\">{\"@context\":\"https:\/\/schema.org\",\"@graph\":[{\"@type\":\"WebPage\",\"@id\":\"https:\/\/ikisbaby.com\/index.php\/produto\/toalha-de-banho-bebe-menina\/\",\"url\":\"https:\/\/ikisbaby.com\/index.php\/produto\/toalha-de-banho-bebe-menina\/\",\"name\":\"Toalha de Banho Beb\u00e9 Menina - Ikisbaby Loja Online\",\"isPartOf\":{\"@id\":\"https:\/\/ikisbaby.com\/#website\"},\"primaryImageOfPage\":{\"@id\":\"https:\/\/ikisbaby.com\/index.php\/produto\/toalha-de-banho-bebe-menina\/#primaryimage\"},\"image\":{\"@id\":\"https:\/\/ikisbaby.com\/index.php\/produto\/toalha-de-banho-bebe-menina\/#primaryimage\"},\"thumbnailUrl\":\"https:\/\/ikisbaby.com\/wp-content\/uploads\/2021\/09\/IMG_20210921_103604-01-scaled-e1632241380212.jpeg\",\"datePublished\":\"2021-09-21T16:16:31+00:00\",\"dateModified\":\"2022-02-16T09:43:57+00:00\",\"description\":\"O capuz ajuda a uma sa\u00edda do banho sossegada. Toalha de banho para beb\u00e9 menina decorada com bordado de coelho em rosa.\",\"breadcrumb\":{\"@id\":\"https:\/\/ikisbaby.com\/index.php\/produto\/toalha-de-banho-bebe-menina\/#breadcrumb\"},\"inLanguage\":\"pt-PT\",\"potentialAction\":[{\"@type\":\"ReadAction\",\"target\":[\"https:\/\/ikisbaby.com\/index.php\/produto\/toalha-de-banho-bebe-menina\/\"]}]},{\"@type\":\"ImageObject\",\"inLanguage\":\"pt-PT\",\"@id\":\"https:\/\/ikisbaby.com\/index.php\/produto\/toalha-de-banho-bebe-menina\/#primaryimage\",\"url\":\"https:\/\/ikisbaby.com\/wp-content\/uploads\/2021\/09\/IMG_20210921_103604-01-scaled-e1632241380212.jpeg\",\"contentUrl\":\"https:\/\/ikisbaby.com\/wp-content\/uploads\/2021\/09\/IMG_20210921_103604-01-scaled-e1632241380212.jpeg\",\"width\":600,\"height\":600,\"caption\":\"toalha para beb\u00e9 menina\"},{\"@type\":\"BreadcrumbList\",\"@id\":\"https:\/\/ikisbaby.com\/index.php\/produto\/toalha-de-banho-bebe-menina\/#breadcrumb\",\"itemListElement\":[{\"@type\":\"ListItem\",\"position\":1,\"name\":\"In\u00edcio\",\"item\":\"https:\/\/ikisbaby.com\/\"},{\"@type\":\"ListItem\",\"position\":2,\"name\":\"Loja\",\"item\":\"https:\/\/ikisbaby.com\/index.php\/loja-roupa-para-bebe\/\"},{\"@type\":\"ListItem\",\"position\":3,\"name\":\"Toalha de Banho Beb\u00e9 Menina\"}]},{\"@type\":\"WebSite\",\"@id\":\"https:\/\/ikisbaby.com\/#website\",\"url\":\"https:\/\/ikisbaby.com\/\",\"name\":\"Ikisbaby\",\"description\":\"Loja Online para Beb\u00e9\",\"publisher\":{\"@id\":\"https:\/\/ikisbaby.com\/#organization\"},\"potentialAction\":[{\"@type\":\"SearchAction\",\"target\":{\"@type\":\"EntryPoint\",\"urlTemplate\":\"https:\/\/ikisbaby.com\/?s={search_term_string}\"},\"query-input\":{\"@type\":\"PropertyValueSpecification\",\"valueRequired\":true,\"valueName\":\"search_term_string\"}}],\"inLanguage\":\"pt-PT\"},{\"@type\":\"Organization\",\"@id\":\"https:\/\/ikisbaby.com\/#organization\",\"name\":\"Ikisbaby\",\"url\":\"https:\/\/ikisbaby.com\/\",\"logo\":{\"@type\":\"ImageObject\",\"inLanguage\":\"pt-PT\",\"@id\":\"https:\/\/ikisbaby.com\/#\/schema\/logo\/image\/\",\"url\":\"https:\/\/ikisbaby.com\/wp-content\/uploads\/2019\/02\/favicon.png\",\"contentUrl\":\"https:\/\/ikisbaby.com\/wp-content\/uploads\/2019\/02\/favicon.png\",\"width\":512,\"height\":512,\"caption\":\"Ikisbaby\"},\"image\":{\"@id\":\"https:\/\/ikisbaby.com\/#\/schema\/logo\/image\/\"},\"sameAs\":[\"https:\/\/facebook.com\/ikisbaby\",\"https:\/\/www.instagram.com\/ikisbaby\/\"]}]}<\/script>\n<!-- \/ Yoast SEO plugin. -->","yoast_head_json":{"title":"Toalha de Banho Beb\u00e9 Menina - Ikisbaby Loja Online","description":"O capuz ajuda a uma sa\u00edda do banho sossegada. Toalha de banho para beb\u00e9 menina decorada com bordado de coelho em rosa.","robots":{"index":"index","follow":"follow","max-snippet":"max-snippet:-1","max-image-preview":"max-image-preview:large","max-video-preview":"max-video-preview:-1"},"canonical":"https:\/\/ikisbaby.com\/index.php\/produto\/toalha-de-banho-bebe-menina\/","og_locale":"pt_PT","og_type":"article","og_title":"Toalha de Banho Beb\u00e9 Menina - Ikisbaby Loja Online","og_description":"O capuz ajuda a uma sa\u00edda do banho sossegada. Toalha de banho para beb\u00e9 menina decorada com bordado de coelho em rosa.","og_url":"https:\/\/ikisbaby.com\/index.php\/produto\/toalha-de-banho-bebe-menina\/","og_site_name":"Ikisbaby","article_publisher":"https:\/\/facebook.com\/ikisbaby","article_modified_time":"2022-02-16T09:43:57+00:00","og_image":[{"width":600,"height":600,"url":"https:\/\/ikisbaby.com\/wp-content\/uploads\/2021\/09\/IMG_20210921_103604-01-scaled-e1632241380212.jpeg","type":"image\/jpeg"}],"schema":{"@context":"https:\/\/schema.org","@graph":[{"@type":"WebPage","@id":"https:\/\/ikisbaby.com\/index.php\/produto\/toalha-de-banho-bebe-menina\/","url":"https:\/\/ikisbaby.com\/index.php\/produto\/toalha-de-banho-bebe-menina\/","name":"Toalha de Banho Beb\u00e9 Menina - Ikisbaby Loja Online","isPartOf":{"@id":"https:\/\/ikisbaby.com\/#website"},"primaryImageOfPage":{"@id":"https:\/\/ikisbaby.com\/index.php\/produto\/toalha-de-banho-bebe-menina\/#primaryimage"},"image":{"@id":"https:\/\/ikisbaby.com\/index.php\/produto\/toalha-de-banho-bebe-menina\/#primaryimage"},"thumbnailUrl":"https:\/\/ikisbaby.com\/wp-content\/uploads\/2021\/09\/IMG_20210921_103604-01-scaled-e1632241380212.jpeg","datePublished":"2021-09-21T16:16:31+00:00","dateModified":"2022-02-16T09:43:57+00:00","description":"O capuz ajuda a uma sa\u00edda do banho sossegada. Toalha de banho para beb\u00e9 menina decorada com bordado de coelho em rosa.","breadcrumb":{"@id":"https:\/\/ikisbaby.com\/index.php\/produto\/toalha-de-banho-bebe-menina\/#breadcrumb"},"inLanguage":"pt-PT","potentialAction":[{"@type":"ReadAction","target":["https:\/\/ikisbaby.com\/index.php\/produto\/toalha-de-banho-bebe-menina\/"]}]},{"@type":"ImageObject","inLanguage":"pt-PT","@id":"https:\/\/ikisbaby.com\/index.php\/produto\/toalha-de-banho-bebe-menina\/#primaryimage","url":"https:\/\/ikisbaby.com\/wp-content\/uploads\/2021\/09\/IMG_20210921_103604-01-scaled-e1632241380212.jpeg","contentUrl":"https:\/\/ikisbaby.com\/wp-content\/uploads\/2021\/09\/IMG_20210921_103604-01-scaled-e1632241380212.jpeg","width":600,"height":600,"caption":"toalha para beb\u00e9 menina"},{"@type":"BreadcrumbList","@id":"https:\/\/ikisbaby.com\/index.php\/produto\/toalha-de-banho-bebe-menina\/#breadcrumb","itemListElement":[{"@type":"ListItem","position":1,"name":"In\u00edcio","item":"https:\/\/ikisbaby.com\/"},{"@type":"ListItem","position":2,"name":"Loja","item":"https:\/\/ikisbaby.com\/index.php\/loja-roupa-para-bebe\/"},{"@type":"ListItem","position":3,"name":"Toalha de Banho Beb\u00e9 Menina"}]},{"@type":"WebSite","@id":"https:\/\/ikisbaby.com\/#website","url":"https:\/\/ikisbaby.com\/","name":"Ikisbaby","description":"Loja Online para Beb\u00e9","publisher":{"@id":"https:\/\/ikisbaby.com\/#organization"},"potentialAction":[{"@type":"SearchAction","target":{"@type":"EntryPoint","urlTemplate":"https:\/\/ikisbaby.com\/?s={search_term_string}"},"query-input":{"@type":"PropertyValueSpecification","valueRequired":true,"valueName":"search_term_string"}}],"inLanguage":"pt-PT"},{"@type":"Organization","@id":"https:\/\/ikisbaby.com\/#organization","name":"Ikisbaby","url":"https:\/\/ikisbaby.com\/","logo":{"@type":"ImageObject","inLanguage":"pt-PT","@id":"https:\/\/ikisbaby.com\/#\/schema\/logo\/image\/","url":"https:\/\/ikisbaby.com\/wp-content\/uploads\/2019\/02\/favicon.png","contentUrl":"https:\/\/ikisbaby.com\/wp-content\/uploads\/2019\/02\/favicon.png","width":512,"height":512,"caption":"Ikisbaby"},"image":{"@id":"https:\/\/ikisbaby.com\/#\/schema\/logo\/image\/"},"sameAs":["https:\/\/facebook.com\/ikisbaby","https:\/\/www.instagram.com\/ikisbaby\/"]}]}},"_links":{"self":[{"href":"https:\/\/ikisbaby.com\/index.php\/wp-json\/wp\/v2\/product\/27079","targetHints":{"allow":["GET"]}}],"collection":[{"href":"https:\/\/ikisbaby.com\/index.php\/wp-json\/wp\/v2\/product"}],"about":[{"href":"https:\/\/ikisbaby.com\/index.php\/wp-json\/wp\/v2\/types\/product"}],"replies":[{"embeddable":true,"href":"https:\/\/ikisbaby.com\/index.php\/wp-json\/wp\/v2\/comments?post=27079"}],"version-history":[{"count":0,"href":"https:\/\/ikisbaby.com\/index.php\/wp-json\/wp\/v2\/product\/27079\/revisions"}],"wp:featuredmedia":[{"embeddable":true,"href":"https:\/\/ikisbaby.com\/index.php\/wp-json\/wp\/v2\/media\/27080"}],"wp:attachment":[{"href":"https:\/\/ikisbaby.com\/index.php\/wp-json\/wp\/v2\/media?parent=27079"}],"wp:term":[{"taxonomy":"product_brand","embeddable":true,"href":"https:\/\/ikisbaby.com\/index.php\/wp-json\/wp\/v2\/product_brand?post=27079"},{"taxonomy":"product_cat","embeddable":true,"href":"https:\/\/ikisbaby.com\/index.php\/wp-json\/wp\/v2\/product_cat?post=27079"},{"taxonomy":"product_tag","embeddable":true,"href":"https:\/\/ikisbaby.com\/index.php\/wp-json\/wp\/v2\/product_tag?post=27079"}],"curies":[{"name":"wp","href":"https:\/\/api.w.org\/{rel}","templated":true}]}}