{"id":26916,"date":"2021-07-29T15:30:41","date_gmt":"2021-07-29T14:30:41","guid":{"rendered":"https:\/\/ikisbaby.com\/?post_type=product&#038;p=26916"},"modified":"2024-07-04T23:30:08","modified_gmt":"2024-07-04T22:30:08","slug":"toalha-banho-estrela-laco","status":"publish","type":"product","link":"https:\/\/ikisbaby.com\/index.php\/produto\/toalha-banho-estrela-laco\/","title":{"rendered":"Toalha Banho Estrela e La\u00e7o"},"content":{"rendered":"<p><a href=\"https:\/\/ikisbaby.com\/index.php\/categoria-produto\/complementos\/toalha-capas-banho\/\">Toalha Banho<\/a> Estrela e La\u00e7o.<\/p>\n<p>Uma toalha pensada para ser pr\u00e1tica e confort\u00e1vel. O tamanho \u00e9 ideal para rec\u00e9m-nascido. Envolve o corpo sem atrapalhar e tapa a cabecinha logo \u00e0 sa\u00edda do banho.<\/p>\n<ul>\n<li>Capuz protege a cabecinha do beb\u00e9<\/li>\n<li>100% Algod\u00e3o<\/li>\n<li>Dimens\u00f5es 80x80cm<\/li>\n<li>Aplica\u00e7\u00e3o de la\u00e7o de cetim<\/li>\n<\/ul>\n","protected":false},"excerpt":{"rendered":"<p><a href=\"https:\/\/ikisbaby.com\/index.php\/categoria-produto\/complementos\/toalha-capas-banho\/\">Toalha Banho<\/a> Estrela e La\u00e7o.<\/p>\n<p>Uma toalha pensada para ser pr\u00e1tica e confort\u00e1vel. O tamanho \u00e9 ideal para rec\u00e9m-nascido. Envolve o corpo sem atrapalhar e tapa a cabecinha logo \u00e0 sa\u00edda do banho.<\/p>\n<ul>\n<li>Capuz protege a cabecinha do beb\u00e9<\/li>\n<li>100% Algod\u00e3o<\/li>\n<li>Dimens\u00f5es 80x80cm<\/li>\n<li>Aplica\u00e7\u00e3o de la\u00e7o de cetim<\/li>\n<\/ul>\n","protected":false},"featured_media":26995,"comment_status":"open","ping_status":"closed","template":"","meta":[],"product_brand":[],"product_cat":[72],"product_tag":[315,180],"class_list":{"0":"post-26916","1":"product","2":"type-product","3":"status-publish","6":"product_cat-toalha-capas-banho","7":"product_tag-complementos-de-bebe","8":"product_tag-toalha-de-banho-de-bebe","10":"first","11":"instock","12":"taxable","13":"shipping-taxable","14":"purchasable","15":"product-type-variable"},"yoast_head":"<!-- This site is optimized with the Yoast SEO plugin v27.0 - https:\/\/yoast.com\/product\/yoast-seo-wordpress\/ -->\n<title>Toalha Banho Estrela e La\u00e7o - Ikisbaby - Loja Online<\/title>\n<meta name=\"description\" content=\"Toalha Banho Estrela e La\u00e7o.Uma toalha pensada para ser pr\u00e1tica e confort\u00e1vel. Envolve o corpo e tapa a cabecinha logo \u00e0 sa\u00edda do banho.\" \/>\n<meta name=\"robots\" content=\"index, follow, max-snippet:-1, max-image-preview:large, max-video-preview:-1\" \/>\n<link rel=\"canonical\" href=\"https:\/\/ikisbaby.com\/index.php\/produto\/toalha-banho-estrela-laco\/\" \/>\n<meta property=\"og:locale\" content=\"pt_PT\" \/>\n<meta property=\"og:type\" content=\"article\" \/>\n<meta property=\"og:title\" content=\"Toalha Banho Estrela e La\u00e7o - Ikisbaby - Loja Online\" \/>\n<meta property=\"og:description\" content=\"Toalha Banho Estrela e La\u00e7o.Uma toalha pensada para ser pr\u00e1tica e confort\u00e1vel. Envolve o corpo e tapa a cabecinha logo \u00e0 sa\u00edda do banho.\" \/>\n<meta property=\"og:url\" content=\"https:\/\/ikisbaby.com\/index.php\/produto\/toalha-banho-estrela-laco\/\" \/>\n<meta property=\"og:site_name\" content=\"Ikisbaby\" \/>\n<meta property=\"article:publisher\" content=\"https:\/\/facebook.com\/ikisbaby\" \/>\n<meta property=\"article:modified_time\" content=\"2024-07-04T22:30:08+00:00\" \/>\n<meta property=\"og:image\" content=\"https:\/\/ikisbaby.com\/wp-content\/uploads\/2021\/07\/IMG_20210902_002247-01-scaled-e1630540579702.jpeg\" \/>\n\t<meta property=\"og:image:width\" content=\"600\" \/>\n\t<meta property=\"og:image:height\" content=\"600\" \/>\n\t<meta property=\"og:image:type\" content=\"image\/jpeg\" \/>\n<script type=\"application\/ld+json\" class=\"yoast-schema-graph\">{\"@context\":\"https:\/\/schema.org\",\"@graph\":[{\"@type\":\"WebPage\",\"@id\":\"https:\/\/ikisbaby.com\/index.php\/produto\/toalha-banho-estrela-laco\/\",\"url\":\"https:\/\/ikisbaby.com\/index.php\/produto\/toalha-banho-estrela-laco\/\",\"name\":\"Toalha Banho Estrela e La\u00e7o - Ikisbaby - Loja Online\",\"isPartOf\":{\"@id\":\"https:\/\/ikisbaby.com\/#website\"},\"primaryImageOfPage\":{\"@id\":\"https:\/\/ikisbaby.com\/index.php\/produto\/toalha-banho-estrela-laco\/#primaryimage\"},\"image\":{\"@id\":\"https:\/\/ikisbaby.com\/index.php\/produto\/toalha-banho-estrela-laco\/#primaryimage\"},\"thumbnailUrl\":\"https:\/\/ikisbaby.com\/wp-content\/uploads\/2021\/07\/IMG_20210902_002247-01-scaled-e1630540579702.jpeg\",\"datePublished\":\"2021-07-29T14:30:41+00:00\",\"dateModified\":\"2024-07-04T22:30:08+00:00\",\"description\":\"Toalha Banho Estrela e La\u00e7o.Uma toalha pensada para ser pr\u00e1tica e confort\u00e1vel. Envolve o corpo e tapa a cabecinha logo \u00e0 sa\u00edda do banho.\",\"breadcrumb\":{\"@id\":\"https:\/\/ikisbaby.com\/index.php\/produto\/toalha-banho-estrela-laco\/#breadcrumb\"},\"inLanguage\":\"pt-PT\",\"potentialAction\":[{\"@type\":\"ReadAction\",\"target\":[\"https:\/\/ikisbaby.com\/index.php\/produto\/toalha-banho-estrela-laco\/\"]}]},{\"@type\":\"ImageObject\",\"inLanguage\":\"pt-PT\",\"@id\":\"https:\/\/ikisbaby.com\/index.php\/produto\/toalha-banho-estrela-laco\/#primaryimage\",\"url\":\"https:\/\/ikisbaby.com\/wp-content\/uploads\/2021\/07\/IMG_20210902_002247-01-scaled-e1630540579702.jpeg\",\"contentUrl\":\"https:\/\/ikisbaby.com\/wp-content\/uploads\/2021\/07\/IMG_20210902_002247-01-scaled-e1630540579702.jpeg\",\"width\":600,\"height\":600,\"caption\":\"toalha banho estrela la\u00e7o\"},{\"@type\":\"BreadcrumbList\",\"@id\":\"https:\/\/ikisbaby.com\/index.php\/produto\/toalha-banho-estrela-laco\/#breadcrumb\",\"itemListElement\":[{\"@type\":\"ListItem\",\"position\":1,\"name\":\"In\u00edcio\",\"item\":\"https:\/\/ikisbaby.com\/\"},{\"@type\":\"ListItem\",\"position\":2,\"name\":\"Loja\",\"item\":\"https:\/\/ikisbaby.com\/index.php\/loja-roupa-para-bebe\/\"},{\"@type\":\"ListItem\",\"position\":3,\"name\":\"Toalha Banho Estrela e La\u00e7o\"}]},{\"@type\":\"WebSite\",\"@id\":\"https:\/\/ikisbaby.com\/#website\",\"url\":\"https:\/\/ikisbaby.com\/\",\"name\":\"Ikisbaby\",\"description\":\"Loja Online para Beb\u00e9\",\"publisher\":{\"@id\":\"https:\/\/ikisbaby.com\/#organization\"},\"potentialAction\":[{\"@type\":\"SearchAction\",\"target\":{\"@type\":\"EntryPoint\",\"urlTemplate\":\"https:\/\/ikisbaby.com\/?s={search_term_string}\"},\"query-input\":{\"@type\":\"PropertyValueSpecification\",\"valueRequired\":true,\"valueName\":\"search_term_string\"}}],\"inLanguage\":\"pt-PT\"},{\"@type\":\"Organization\",\"@id\":\"https:\/\/ikisbaby.com\/#organization\",\"name\":\"Ikisbaby\",\"url\":\"https:\/\/ikisbaby.com\/\",\"logo\":{\"@type\":\"ImageObject\",\"inLanguage\":\"pt-PT\",\"@id\":\"https:\/\/ikisbaby.com\/#\/schema\/logo\/image\/\",\"url\":\"https:\/\/ikisbaby.com\/wp-content\/uploads\/2019\/02\/favicon.png\",\"contentUrl\":\"https:\/\/ikisbaby.com\/wp-content\/uploads\/2019\/02\/favicon.png\",\"width\":512,\"height\":512,\"caption\":\"Ikisbaby\"},\"image\":{\"@id\":\"https:\/\/ikisbaby.com\/#\/schema\/logo\/image\/\"},\"sameAs\":[\"https:\/\/facebook.com\/ikisbaby\",\"https:\/\/www.instagram.com\/ikisbaby\/\"]}]}<\/script>\n<!-- \/ Yoast SEO plugin. -->","yoast_head_json":{"title":"Toalha Banho Estrela e La\u00e7o - Ikisbaby - Loja Online","description":"Toalha Banho Estrela e La\u00e7o.Uma toalha pensada para ser pr\u00e1tica e confort\u00e1vel. Envolve o corpo e tapa a cabecinha logo \u00e0 sa\u00edda do banho.","robots":{"index":"index","follow":"follow","max-snippet":"max-snippet:-1","max-image-preview":"max-image-preview:large","max-video-preview":"max-video-preview:-1"},"canonical":"https:\/\/ikisbaby.com\/index.php\/produto\/toalha-banho-estrela-laco\/","og_locale":"pt_PT","og_type":"article","og_title":"Toalha Banho Estrela e La\u00e7o - Ikisbaby - Loja Online","og_description":"Toalha Banho Estrela e La\u00e7o.Uma toalha pensada para ser pr\u00e1tica e confort\u00e1vel. Envolve o corpo e tapa a cabecinha logo \u00e0 sa\u00edda do banho.","og_url":"https:\/\/ikisbaby.com\/index.php\/produto\/toalha-banho-estrela-laco\/","og_site_name":"Ikisbaby","article_publisher":"https:\/\/facebook.com\/ikisbaby","article_modified_time":"2024-07-04T22:30:08+00:00","og_image":[{"width":600,"height":600,"url":"https:\/\/ikisbaby.com\/wp-content\/uploads\/2021\/07\/IMG_20210902_002247-01-scaled-e1630540579702.jpeg","type":"image\/jpeg"}],"schema":{"@context":"https:\/\/schema.org","@graph":[{"@type":"WebPage","@id":"https:\/\/ikisbaby.com\/index.php\/produto\/toalha-banho-estrela-laco\/","url":"https:\/\/ikisbaby.com\/index.php\/produto\/toalha-banho-estrela-laco\/","name":"Toalha Banho Estrela e La\u00e7o - Ikisbaby - Loja Online","isPartOf":{"@id":"https:\/\/ikisbaby.com\/#website"},"primaryImageOfPage":{"@id":"https:\/\/ikisbaby.com\/index.php\/produto\/toalha-banho-estrela-laco\/#primaryimage"},"image":{"@id":"https:\/\/ikisbaby.com\/index.php\/produto\/toalha-banho-estrela-laco\/#primaryimage"},"thumbnailUrl":"https:\/\/ikisbaby.com\/wp-content\/uploads\/2021\/07\/IMG_20210902_002247-01-scaled-e1630540579702.jpeg","datePublished":"2021-07-29T14:30:41+00:00","dateModified":"2024-07-04T22:30:08+00:00","description":"Toalha Banho Estrela e La\u00e7o.Uma toalha pensada para ser pr\u00e1tica e confort\u00e1vel. Envolve o corpo e tapa a cabecinha logo \u00e0 sa\u00edda do banho.","breadcrumb":{"@id":"https:\/\/ikisbaby.com\/index.php\/produto\/toalha-banho-estrela-laco\/#breadcrumb"},"inLanguage":"pt-PT","potentialAction":[{"@type":"ReadAction","target":["https:\/\/ikisbaby.com\/index.php\/produto\/toalha-banho-estrela-laco\/"]}]},{"@type":"ImageObject","inLanguage":"pt-PT","@id":"https:\/\/ikisbaby.com\/index.php\/produto\/toalha-banho-estrela-laco\/#primaryimage","url":"https:\/\/ikisbaby.com\/wp-content\/uploads\/2021\/07\/IMG_20210902_002247-01-scaled-e1630540579702.jpeg","contentUrl":"https:\/\/ikisbaby.com\/wp-content\/uploads\/2021\/07\/IMG_20210902_002247-01-scaled-e1630540579702.jpeg","width":600,"height":600,"caption":"toalha banho estrela la\u00e7o"},{"@type":"BreadcrumbList","@id":"https:\/\/ikisbaby.com\/index.php\/produto\/toalha-banho-estrela-laco\/#breadcrumb","itemListElement":[{"@type":"ListItem","position":1,"name":"In\u00edcio","item":"https:\/\/ikisbaby.com\/"},{"@type":"ListItem","position":2,"name":"Loja","item":"https:\/\/ikisbaby.com\/index.php\/loja-roupa-para-bebe\/"},{"@type":"ListItem","position":3,"name":"Toalha Banho Estrela e La\u00e7o"}]},{"@type":"WebSite","@id":"https:\/\/ikisbaby.com\/#website","url":"https:\/\/ikisbaby.com\/","name":"Ikisbaby","description":"Loja Online para Beb\u00e9","publisher":{"@id":"https:\/\/ikisbaby.com\/#organization"},"potentialAction":[{"@type":"SearchAction","target":{"@type":"EntryPoint","urlTemplate":"https:\/\/ikisbaby.com\/?s={search_term_string}"},"query-input":{"@type":"PropertyValueSpecification","valueRequired":true,"valueName":"search_term_string"}}],"inLanguage":"pt-PT"},{"@type":"Organization","@id":"https:\/\/ikisbaby.com\/#organization","name":"Ikisbaby","url":"https:\/\/ikisbaby.com\/","logo":{"@type":"ImageObject","inLanguage":"pt-PT","@id":"https:\/\/ikisbaby.com\/#\/schema\/logo\/image\/","url":"https:\/\/ikisbaby.com\/wp-content\/uploads\/2019\/02\/favicon.png","contentUrl":"https:\/\/ikisbaby.com\/wp-content\/uploads\/2019\/02\/favicon.png","width":512,"height":512,"caption":"Ikisbaby"},"image":{"@id":"https:\/\/ikisbaby.com\/#\/schema\/logo\/image\/"},"sameAs":["https:\/\/facebook.com\/ikisbaby","https:\/\/www.instagram.com\/ikisbaby\/"]}]}},"_links":{"self":[{"href":"https:\/\/ikisbaby.com\/index.php\/wp-json\/wp\/v2\/product\/26916","targetHints":{"allow":["GET"]}}],"collection":[{"href":"https:\/\/ikisbaby.com\/index.php\/wp-json\/wp\/v2\/product"}],"about":[{"href":"https:\/\/ikisbaby.com\/index.php\/wp-json\/wp\/v2\/types\/product"}],"replies":[{"embeddable":true,"href":"https:\/\/ikisbaby.com\/index.php\/wp-json\/wp\/v2\/comments?post=26916"}],"version-history":[{"count":3,"href":"https:\/\/ikisbaby.com\/index.php\/wp-json\/wp\/v2\/product\/26916\/revisions"}],"predecessor-version":[{"id":27832,"href":"https:\/\/ikisbaby.com\/index.php\/wp-json\/wp\/v2\/product\/26916\/revisions\/27832"}],"wp:featuredmedia":[{"embeddable":true,"href":"https:\/\/ikisbaby.com\/index.php\/wp-json\/wp\/v2\/media\/26995"}],"wp:attachment":[{"href":"https:\/\/ikisbaby.com\/index.php\/wp-json\/wp\/v2\/media?parent=26916"}],"wp:term":[{"taxonomy":"product_brand","embeddable":true,"href":"https:\/\/ikisbaby.com\/index.php\/wp-json\/wp\/v2\/product_brand?post=26916"},{"taxonomy":"product_cat","embeddable":true,"href":"https:\/\/ikisbaby.com\/index.php\/wp-json\/wp\/v2\/product_cat?post=26916"},{"taxonomy":"product_tag","embeddable":true,"href":"https:\/\/ikisbaby.com\/index.php\/wp-json\/wp\/v2\/product_tag?post=26916"}],"curies":[{"name":"wp","href":"https:\/\/api.w.org\/{rel}","templated":true}]}}