{"id":26829,"date":"2021-07-29T11:43:59","date_gmt":"2021-07-29T10:43:59","guid":{"rendered":"https:\/\/ikisbaby.com\/?post_type=product&#038;p=26829"},"modified":"2024-07-17T18:08:43","modified_gmt":"2024-07-17T17:08:43","slug":"babygrow-malha-e-renda-marinho","status":"publish","type":"product","link":"https:\/\/ikisbaby.com\/index.php\/produto\/babygrow-malha-e-renda-marinho\/","title":{"rendered":"Babygrow Malha e Renda Marinho"},"content":{"rendered":"<p><a href=\"https:\/\/ikisbaby.com\/index.php\/categoria-produto\/malhas\/malha-bebe-menino\/\">Babygrow malha<\/a> e renda marinho .<\/p>\n<p>Adoramos a delicadeza deste conjunto!<\/p>\n<ul>\n<li>Gola e punhos rendados<\/li>\n<li>Cor: Azul Marinho<\/li>\n<li>Abertura f\u00e1cil com bot\u00f5es atr\u00e1s e entre pernas<\/li>\n<li>Malha muito suave 100% acr\u00edlico<\/li>\n<li>Tamanho 3M<\/li>\n<\/ul>\n","protected":false},"excerpt":{"rendered":"<p><a href=\"https:\/\/ikisbaby.com\/index.php\/categoria-produto\/malhas\/malha-bebe-menino\/\">Babygrow malha<\/a> e renda marinho.<\/p>\n<p>Adoramos a delicadeza deste conjunto!<\/p>\n<ul>\n<li>Gola e punhos rendados<\/li>\n<li>Cor: Azul Marinho<\/li>\n<li>Abertura f\u00e1cil com bot\u00f5es atr\u00e1s e entre pernas<\/li>\n<li>Malha muito suave 100% acr\u00edlico<\/li>\n<li>Tamanho 3M<\/li>\n<\/ul>\n","protected":false},"featured_media":26830,"comment_status":"open","ping_status":"closed","template":"","meta":[],"product_brand":[],"product_cat":[642,641,56,55],"product_tag":[94,638],"class_list":{"0":"post-26829","1":"product","2":"type-product","3":"status-publish","6":"product_cat-malha-bebe-menina","7":"product_cat-malha-bebe-menino","8":"product_cat-babygrows-menina","9":"product_cat-babygrows-menino","10":"product_tag-babygrow","11":"product_tag-babygrow-malha","13":"first","14":"instock","15":"taxable","16":"shipping-taxable","17":"purchasable","18":"product-type-simple"},"yoast_head":"<!-- This site is optimized with the Yoast SEO plugin v27.0 - https:\/\/yoast.com\/product\/yoast-seo-wordpress\/ -->\n<title>Babygrow Malha e Renda Marinho - Ikisbaby - Loja Online<\/title>\n<meta name=\"description\" content=\"Babygrow em malha e renda marinho. Uma do\u00e7ura em tons de azul, a touca combina na perfei\u00e7\u00e3o com o fatinho, com gola e punhos rendados.\" \/>\n<meta name=\"robots\" content=\"index, follow, max-snippet:-1, max-image-preview:large, max-video-preview:-1\" \/>\n<link rel=\"canonical\" href=\"https:\/\/ikisbaby.com\/index.php\/produto\/babygrow-malha-e-renda-marinho\/\" \/>\n<meta property=\"og:locale\" content=\"pt_PT\" \/>\n<meta property=\"og:type\" content=\"article\" \/>\n<meta property=\"og:title\" content=\"Babygrow Malha e Renda Marinho - Ikisbaby - Loja Online\" \/>\n<meta property=\"og:description\" content=\"Babygrow em malha e renda marinho. Uma do\u00e7ura em tons de azul, a touca combina na perfei\u00e7\u00e3o com o fatinho, com gola e punhos rendados.\" \/>\n<meta property=\"og:url\" content=\"https:\/\/ikisbaby.com\/index.php\/produto\/babygrow-malha-e-renda-marinho\/\" \/>\n<meta property=\"og:site_name\" content=\"Ikisbaby\" \/>\n<meta property=\"article:publisher\" content=\"https:\/\/facebook.com\/ikisbaby\" \/>\n<meta property=\"article:modified_time\" content=\"2024-07-17T17:08:43+00:00\" \/>\n<meta property=\"og:image\" content=\"https:\/\/ikisbaby.com\/wp-content\/uploads\/2021\/07\/IMG_20210728_113012-01-scaled-e1627555597561.jpeg\" \/>\n\t<meta property=\"og:image:width\" content=\"600\" \/>\n\t<meta property=\"og:image:height\" content=\"600\" \/>\n\t<meta property=\"og:image:type\" content=\"image\/jpeg\" \/>\n<script type=\"application\/ld+json\" class=\"yoast-schema-graph\">{\"@context\":\"https:\/\/schema.org\",\"@graph\":[{\"@type\":\"WebPage\",\"@id\":\"https:\/\/ikisbaby.com\/index.php\/produto\/babygrow-malha-e-renda-marinho\/\",\"url\":\"https:\/\/ikisbaby.com\/index.php\/produto\/babygrow-malha-e-renda-marinho\/\",\"name\":\"Babygrow Malha e Renda Marinho - Ikisbaby - Loja Online\",\"isPartOf\":{\"@id\":\"https:\/\/ikisbaby.com\/#website\"},\"primaryImageOfPage\":{\"@id\":\"https:\/\/ikisbaby.com\/index.php\/produto\/babygrow-malha-e-renda-marinho\/#primaryimage\"},\"image\":{\"@id\":\"https:\/\/ikisbaby.com\/index.php\/produto\/babygrow-malha-e-renda-marinho\/#primaryimage\"},\"thumbnailUrl\":\"https:\/\/ikisbaby.com\/wp-content\/uploads\/2021\/07\/IMG_20210728_113012-01-scaled-e1627555597561.jpeg\",\"datePublished\":\"2021-07-29T10:43:59+00:00\",\"dateModified\":\"2024-07-17T17:08:43+00:00\",\"description\":\"Babygrow em malha e renda marinho. Uma do\u00e7ura em tons de azul, a touca combina na perfei\u00e7\u00e3o com o fatinho, com gola e punhos rendados.\",\"breadcrumb\":{\"@id\":\"https:\/\/ikisbaby.com\/index.php\/produto\/babygrow-malha-e-renda-marinho\/#breadcrumb\"},\"inLanguage\":\"pt-PT\",\"potentialAction\":[{\"@type\":\"ReadAction\",\"target\":[\"https:\/\/ikisbaby.com\/index.php\/produto\/babygrow-malha-e-renda-marinho\/\"]}]},{\"@type\":\"ImageObject\",\"inLanguage\":\"pt-PT\",\"@id\":\"https:\/\/ikisbaby.com\/index.php\/produto\/babygrow-malha-e-renda-marinho\/#primaryimage\",\"url\":\"https:\/\/ikisbaby.com\/wp-content\/uploads\/2021\/07\/IMG_20210728_113012-01-scaled-e1627555597561.jpeg\",\"contentUrl\":\"https:\/\/ikisbaby.com\/wp-content\/uploads\/2021\/07\/IMG_20210728_113012-01-scaled-e1627555597561.jpeg\",\"width\":600,\"height\":600,\"caption\":\"Babygrow com gola marinho\"},{\"@type\":\"BreadcrumbList\",\"@id\":\"https:\/\/ikisbaby.com\/index.php\/produto\/babygrow-malha-e-renda-marinho\/#breadcrumb\",\"itemListElement\":[{\"@type\":\"ListItem\",\"position\":1,\"name\":\"In\u00edcio\",\"item\":\"https:\/\/ikisbaby.com\/\"},{\"@type\":\"ListItem\",\"position\":2,\"name\":\"Loja\",\"item\":\"https:\/\/ikisbaby.com\/index.php\/loja-roupa-para-bebe\/\"},{\"@type\":\"ListItem\",\"position\":3,\"name\":\"Babygrow Malha e Renda Marinho\"}]},{\"@type\":\"WebSite\",\"@id\":\"https:\/\/ikisbaby.com\/#website\",\"url\":\"https:\/\/ikisbaby.com\/\",\"name\":\"Ikisbaby\",\"description\":\"Loja Online para Beb\u00e9\",\"publisher\":{\"@id\":\"https:\/\/ikisbaby.com\/#organization\"},\"potentialAction\":[{\"@type\":\"SearchAction\",\"target\":{\"@type\":\"EntryPoint\",\"urlTemplate\":\"https:\/\/ikisbaby.com\/?s={search_term_string}\"},\"query-input\":{\"@type\":\"PropertyValueSpecification\",\"valueRequired\":true,\"valueName\":\"search_term_string\"}}],\"inLanguage\":\"pt-PT\"},{\"@type\":\"Organization\",\"@id\":\"https:\/\/ikisbaby.com\/#organization\",\"name\":\"Ikisbaby\",\"url\":\"https:\/\/ikisbaby.com\/\",\"logo\":{\"@type\":\"ImageObject\",\"inLanguage\":\"pt-PT\",\"@id\":\"https:\/\/ikisbaby.com\/#\/schema\/logo\/image\/\",\"url\":\"https:\/\/ikisbaby.com\/wp-content\/uploads\/2019\/02\/favicon.png\",\"contentUrl\":\"https:\/\/ikisbaby.com\/wp-content\/uploads\/2019\/02\/favicon.png\",\"width\":512,\"height\":512,\"caption\":\"Ikisbaby\"},\"image\":{\"@id\":\"https:\/\/ikisbaby.com\/#\/schema\/logo\/image\/\"},\"sameAs\":[\"https:\/\/facebook.com\/ikisbaby\",\"https:\/\/www.instagram.com\/ikisbaby\/\"]}]}<\/script>\n<!-- \/ Yoast SEO plugin. -->","yoast_head_json":{"title":"Babygrow Malha e Renda Marinho - Ikisbaby - Loja Online","description":"Babygrow em malha e renda marinho. Uma do\u00e7ura em tons de azul, a touca combina na perfei\u00e7\u00e3o com o fatinho, com gola e punhos rendados.","robots":{"index":"index","follow":"follow","max-snippet":"max-snippet:-1","max-image-preview":"max-image-preview:large","max-video-preview":"max-video-preview:-1"},"canonical":"https:\/\/ikisbaby.com\/index.php\/produto\/babygrow-malha-e-renda-marinho\/","og_locale":"pt_PT","og_type":"article","og_title":"Babygrow Malha e Renda Marinho - Ikisbaby - Loja Online","og_description":"Babygrow em malha e renda marinho. Uma do\u00e7ura em tons de azul, a touca combina na perfei\u00e7\u00e3o com o fatinho, com gola e punhos rendados.","og_url":"https:\/\/ikisbaby.com\/index.php\/produto\/babygrow-malha-e-renda-marinho\/","og_site_name":"Ikisbaby","article_publisher":"https:\/\/facebook.com\/ikisbaby","article_modified_time":"2024-07-17T17:08:43+00:00","og_image":[{"width":600,"height":600,"url":"https:\/\/ikisbaby.com\/wp-content\/uploads\/2021\/07\/IMG_20210728_113012-01-scaled-e1627555597561.jpeg","type":"image\/jpeg"}],"schema":{"@context":"https:\/\/schema.org","@graph":[{"@type":"WebPage","@id":"https:\/\/ikisbaby.com\/index.php\/produto\/babygrow-malha-e-renda-marinho\/","url":"https:\/\/ikisbaby.com\/index.php\/produto\/babygrow-malha-e-renda-marinho\/","name":"Babygrow Malha e Renda Marinho - Ikisbaby - Loja Online","isPartOf":{"@id":"https:\/\/ikisbaby.com\/#website"},"primaryImageOfPage":{"@id":"https:\/\/ikisbaby.com\/index.php\/produto\/babygrow-malha-e-renda-marinho\/#primaryimage"},"image":{"@id":"https:\/\/ikisbaby.com\/index.php\/produto\/babygrow-malha-e-renda-marinho\/#primaryimage"},"thumbnailUrl":"https:\/\/ikisbaby.com\/wp-content\/uploads\/2021\/07\/IMG_20210728_113012-01-scaled-e1627555597561.jpeg","datePublished":"2021-07-29T10:43:59+00:00","dateModified":"2024-07-17T17:08:43+00:00","description":"Babygrow em malha e renda marinho. Uma do\u00e7ura em tons de azul, a touca combina na perfei\u00e7\u00e3o com o fatinho, com gola e punhos rendados.","breadcrumb":{"@id":"https:\/\/ikisbaby.com\/index.php\/produto\/babygrow-malha-e-renda-marinho\/#breadcrumb"},"inLanguage":"pt-PT","potentialAction":[{"@type":"ReadAction","target":["https:\/\/ikisbaby.com\/index.php\/produto\/babygrow-malha-e-renda-marinho\/"]}]},{"@type":"ImageObject","inLanguage":"pt-PT","@id":"https:\/\/ikisbaby.com\/index.php\/produto\/babygrow-malha-e-renda-marinho\/#primaryimage","url":"https:\/\/ikisbaby.com\/wp-content\/uploads\/2021\/07\/IMG_20210728_113012-01-scaled-e1627555597561.jpeg","contentUrl":"https:\/\/ikisbaby.com\/wp-content\/uploads\/2021\/07\/IMG_20210728_113012-01-scaled-e1627555597561.jpeg","width":600,"height":600,"caption":"Babygrow com gola marinho"},{"@type":"BreadcrumbList","@id":"https:\/\/ikisbaby.com\/index.php\/produto\/babygrow-malha-e-renda-marinho\/#breadcrumb","itemListElement":[{"@type":"ListItem","position":1,"name":"In\u00edcio","item":"https:\/\/ikisbaby.com\/"},{"@type":"ListItem","position":2,"name":"Loja","item":"https:\/\/ikisbaby.com\/index.php\/loja-roupa-para-bebe\/"},{"@type":"ListItem","position":3,"name":"Babygrow Malha e Renda Marinho"}]},{"@type":"WebSite","@id":"https:\/\/ikisbaby.com\/#website","url":"https:\/\/ikisbaby.com\/","name":"Ikisbaby","description":"Loja Online para Beb\u00e9","publisher":{"@id":"https:\/\/ikisbaby.com\/#organization"},"potentialAction":[{"@type":"SearchAction","target":{"@type":"EntryPoint","urlTemplate":"https:\/\/ikisbaby.com\/?s={search_term_string}"},"query-input":{"@type":"PropertyValueSpecification","valueRequired":true,"valueName":"search_term_string"}}],"inLanguage":"pt-PT"},{"@type":"Organization","@id":"https:\/\/ikisbaby.com\/#organization","name":"Ikisbaby","url":"https:\/\/ikisbaby.com\/","logo":{"@type":"ImageObject","inLanguage":"pt-PT","@id":"https:\/\/ikisbaby.com\/#\/schema\/logo\/image\/","url":"https:\/\/ikisbaby.com\/wp-content\/uploads\/2019\/02\/favicon.png","contentUrl":"https:\/\/ikisbaby.com\/wp-content\/uploads\/2019\/02\/favicon.png","width":512,"height":512,"caption":"Ikisbaby"},"image":{"@id":"https:\/\/ikisbaby.com\/#\/schema\/logo\/image\/"},"sameAs":["https:\/\/facebook.com\/ikisbaby","https:\/\/www.instagram.com\/ikisbaby\/"]}]}},"_links":{"self":[{"href":"https:\/\/ikisbaby.com\/index.php\/wp-json\/wp\/v2\/product\/26829","targetHints":{"allow":["GET"]}}],"collection":[{"href":"https:\/\/ikisbaby.com\/index.php\/wp-json\/wp\/v2\/product"}],"about":[{"href":"https:\/\/ikisbaby.com\/index.php\/wp-json\/wp\/v2\/types\/product"}],"replies":[{"embeddable":true,"href":"https:\/\/ikisbaby.com\/index.php\/wp-json\/wp\/v2\/comments?post=26829"}],"version-history":[{"count":2,"href":"https:\/\/ikisbaby.com\/index.php\/wp-json\/wp\/v2\/product\/26829\/revisions"}],"predecessor-version":[{"id":28868,"href":"https:\/\/ikisbaby.com\/index.php\/wp-json\/wp\/v2\/product\/26829\/revisions\/28868"}],"wp:featuredmedia":[{"embeddable":true,"href":"https:\/\/ikisbaby.com\/index.php\/wp-json\/wp\/v2\/media\/26830"}],"wp:attachment":[{"href":"https:\/\/ikisbaby.com\/index.php\/wp-json\/wp\/v2\/media?parent=26829"}],"wp:term":[{"taxonomy":"product_brand","embeddable":true,"href":"https:\/\/ikisbaby.com\/index.php\/wp-json\/wp\/v2\/product_brand?post=26829"},{"taxonomy":"product_cat","embeddable":true,"href":"https:\/\/ikisbaby.com\/index.php\/wp-json\/wp\/v2\/product_cat?post=26829"},{"taxonomy":"product_tag","embeddable":true,"href":"https:\/\/ikisbaby.com\/index.php\/wp-json\/wp\/v2\/product_tag?post=26829"}],"curies":[{"name":"wp","href":"https:\/\/api.w.org\/{rel}","templated":true}]}}