{"id":26477,"date":"2021-07-16T13:33:02","date_gmt":"2021-07-16T12:33:02","guid":{"rendered":"https:\/\/ikisbaby.com\/?post_type=product&#038;p=26477"},"modified":"2024-07-16T15:54:31","modified_gmt":"2024-07-16T14:54:31","slug":"toalha-banho-coroa-real-azul","status":"publish","type":"product","link":"https:\/\/ikisbaby.com\/index.php\/produto\/toalha-banho-coroa-real-azul\/","title":{"rendered":"Toalha Banho Coroa Real Azul"},"content":{"rendered":"<ul>\n<li>Capuz protege a cabecinha do beb\u00e9<\/li>\n<li>100% Algod\u00e3o<\/li>\n<li>Dimens\u00f5es 80&#215;80<\/li>\n<li>Com bordado delicado<\/li>\n<li>Cor: Azul Claro<\/li>\n<\/ul>\n","protected":false},"excerpt":{"rendered":"<ul>\n<li>Capuz protege a cabecinha do beb\u00e9<\/li>\n<li>100% Algod\u00e3o<\/li>\n<li>Dimens\u00f5es 80&#215;80<\/li>\n<li>Com bordado delicado<\/li>\n<li>Cor: Azul Claro<\/li>\n<\/ul>\n","protected":false},"featured_media":26478,"comment_status":"closed","ping_status":"closed","template":"","meta":[],"product_brand":[],"product_cat":[72],"product_tag":[],"class_list":{"0":"post-26477","1":"product","2":"type-product","3":"status-publish","6":"product_cat-toalha-capas-banho","8":"first","9":"instock","10":"taxable","11":"shipping-taxable","12":"purchasable","13":"product-type-simple"},"yoast_head":"<!-- This site is optimized with the Yoast SEO plugin v27.0 - https:\/\/yoast.com\/product\/yoast-seo-wordpress\/ -->\n<title>Toalha Banho Coroa Real Azul - Ikisbaby<\/title>\n<meta name=\"robots\" content=\"index, follow, max-snippet:-1, max-image-preview:large, max-video-preview:-1\" \/>\n<link rel=\"canonical\" href=\"https:\/\/ikisbaby.com\/index.php\/produto\/toalha-banho-coroa-real-azul\/\" \/>\n<meta property=\"og:locale\" content=\"pt_PT\" \/>\n<meta property=\"og:type\" content=\"article\" \/>\n<meta property=\"og:title\" content=\"Toalha Banho Coroa Real Azul - Ikisbaby\" \/>\n<meta property=\"og:description\" content=\"Capuz protege a cabecinha do beb\u00e9  100% Algod\u00e3o  Dimens\u00f5es 80x80  Com bordado delicado  Cor: Azul Claro\" \/>\n<meta property=\"og:url\" content=\"https:\/\/ikisbaby.com\/index.php\/produto\/toalha-banho-coroa-real-azul\/\" \/>\n<meta property=\"og:site_name\" content=\"Ikisbaby\" \/>\n<meta property=\"article:publisher\" content=\"https:\/\/facebook.com\/ikisbaby\" \/>\n<meta property=\"article:modified_time\" content=\"2024-07-16T14:54:31+00:00\" \/>\n<meta property=\"og:image\" content=\"https:\/\/ikisbaby.com\/wp-content\/uploads\/2021\/07\/IMG_20210711_192833-01-scaled-e1626438971304.jpeg\" \/>\n\t<meta property=\"og:image:width\" content=\"600\" \/>\n\t<meta property=\"og:image:height\" content=\"600\" \/>\n\t<meta property=\"og:image:type\" content=\"image\/jpeg\" \/>\n<script type=\"application\/ld+json\" class=\"yoast-schema-graph\">{\"@context\":\"https:\/\/schema.org\",\"@graph\":[{\"@type\":\"WebPage\",\"@id\":\"https:\/\/ikisbaby.com\/index.php\/produto\/toalha-banho-coroa-real-azul\/\",\"url\":\"https:\/\/ikisbaby.com\/index.php\/produto\/toalha-banho-coroa-real-azul\/\",\"name\":\"Toalha Banho Coroa Real Azul - Ikisbaby\",\"isPartOf\":{\"@id\":\"https:\/\/ikisbaby.com\/#website\"},\"primaryImageOfPage\":{\"@id\":\"https:\/\/ikisbaby.com\/index.php\/produto\/toalha-banho-coroa-real-azul\/#primaryimage\"},\"image\":{\"@id\":\"https:\/\/ikisbaby.com\/index.php\/produto\/toalha-banho-coroa-real-azul\/#primaryimage\"},\"thumbnailUrl\":\"https:\/\/ikisbaby.com\/wp-content\/uploads\/2021\/07\/IMG_20210711_192833-01-scaled-e1626438971304.jpeg\",\"datePublished\":\"2021-07-16T12:33:02+00:00\",\"dateModified\":\"2024-07-16T14:54:31+00:00\",\"breadcrumb\":{\"@id\":\"https:\/\/ikisbaby.com\/index.php\/produto\/toalha-banho-coroa-real-azul\/#breadcrumb\"},\"inLanguage\":\"pt-PT\",\"potentialAction\":[{\"@type\":\"ReadAction\",\"target\":[\"https:\/\/ikisbaby.com\/index.php\/produto\/toalha-banho-coroa-real-azul\/\"]}]},{\"@type\":\"ImageObject\",\"inLanguage\":\"pt-PT\",\"@id\":\"https:\/\/ikisbaby.com\/index.php\/produto\/toalha-banho-coroa-real-azul\/#primaryimage\",\"url\":\"https:\/\/ikisbaby.com\/wp-content\/uploads\/2021\/07\/IMG_20210711_192833-01-scaled-e1626438971304.jpeg\",\"contentUrl\":\"https:\/\/ikisbaby.com\/wp-content\/uploads\/2021\/07\/IMG_20210711_192833-01-scaled-e1626438971304.jpeg\",\"width\":600,\"height\":600,\"caption\":\"Toalha Coroa Real\"},{\"@type\":\"BreadcrumbList\",\"@id\":\"https:\/\/ikisbaby.com\/index.php\/produto\/toalha-banho-coroa-real-azul\/#breadcrumb\",\"itemListElement\":[{\"@type\":\"ListItem\",\"position\":1,\"name\":\"In\u00edcio\",\"item\":\"https:\/\/ikisbaby.com\/\"},{\"@type\":\"ListItem\",\"position\":2,\"name\":\"Loja\",\"item\":\"https:\/\/ikisbaby.com\/index.php\/loja-roupa-para-bebe\/\"},{\"@type\":\"ListItem\",\"position\":3,\"name\":\"Toalha Banho Coroa Real Azul\"}]},{\"@type\":\"WebSite\",\"@id\":\"https:\/\/ikisbaby.com\/#website\",\"url\":\"https:\/\/ikisbaby.com\/\",\"name\":\"Ikisbaby\",\"description\":\"Loja Online para Beb\u00e9\",\"publisher\":{\"@id\":\"https:\/\/ikisbaby.com\/#organization\"},\"potentialAction\":[{\"@type\":\"SearchAction\",\"target\":{\"@type\":\"EntryPoint\",\"urlTemplate\":\"https:\/\/ikisbaby.com\/?s={search_term_string}\"},\"query-input\":{\"@type\":\"PropertyValueSpecification\",\"valueRequired\":true,\"valueName\":\"search_term_string\"}}],\"inLanguage\":\"pt-PT\"},{\"@type\":\"Organization\",\"@id\":\"https:\/\/ikisbaby.com\/#organization\",\"name\":\"Ikisbaby\",\"url\":\"https:\/\/ikisbaby.com\/\",\"logo\":{\"@type\":\"ImageObject\",\"inLanguage\":\"pt-PT\",\"@id\":\"https:\/\/ikisbaby.com\/#\/schema\/logo\/image\/\",\"url\":\"https:\/\/ikisbaby.com\/wp-content\/uploads\/2019\/02\/favicon.png\",\"contentUrl\":\"https:\/\/ikisbaby.com\/wp-content\/uploads\/2019\/02\/favicon.png\",\"width\":512,\"height\":512,\"caption\":\"Ikisbaby\"},\"image\":{\"@id\":\"https:\/\/ikisbaby.com\/#\/schema\/logo\/image\/\"},\"sameAs\":[\"https:\/\/facebook.com\/ikisbaby\",\"https:\/\/www.instagram.com\/ikisbaby\/\"]}]}<\/script>\n<!-- \/ Yoast SEO plugin. -->","yoast_head_json":{"title":"Toalha Banho Coroa Real Azul - Ikisbaby","robots":{"index":"index","follow":"follow","max-snippet":"max-snippet:-1","max-image-preview":"max-image-preview:large","max-video-preview":"max-video-preview:-1"},"canonical":"https:\/\/ikisbaby.com\/index.php\/produto\/toalha-banho-coroa-real-azul\/","og_locale":"pt_PT","og_type":"article","og_title":"Toalha Banho Coroa Real Azul - Ikisbaby","og_description":"Capuz protege a cabecinha do beb\u00e9  100% Algod\u00e3o  Dimens\u00f5es 80x80  Com bordado delicado  Cor: Azul Claro","og_url":"https:\/\/ikisbaby.com\/index.php\/produto\/toalha-banho-coroa-real-azul\/","og_site_name":"Ikisbaby","article_publisher":"https:\/\/facebook.com\/ikisbaby","article_modified_time":"2024-07-16T14:54:31+00:00","og_image":[{"width":600,"height":600,"url":"https:\/\/ikisbaby.com\/wp-content\/uploads\/2021\/07\/IMG_20210711_192833-01-scaled-e1626438971304.jpeg","type":"image\/jpeg"}],"schema":{"@context":"https:\/\/schema.org","@graph":[{"@type":"WebPage","@id":"https:\/\/ikisbaby.com\/index.php\/produto\/toalha-banho-coroa-real-azul\/","url":"https:\/\/ikisbaby.com\/index.php\/produto\/toalha-banho-coroa-real-azul\/","name":"Toalha Banho Coroa Real Azul - Ikisbaby","isPartOf":{"@id":"https:\/\/ikisbaby.com\/#website"},"primaryImageOfPage":{"@id":"https:\/\/ikisbaby.com\/index.php\/produto\/toalha-banho-coroa-real-azul\/#primaryimage"},"image":{"@id":"https:\/\/ikisbaby.com\/index.php\/produto\/toalha-banho-coroa-real-azul\/#primaryimage"},"thumbnailUrl":"https:\/\/ikisbaby.com\/wp-content\/uploads\/2021\/07\/IMG_20210711_192833-01-scaled-e1626438971304.jpeg","datePublished":"2021-07-16T12:33:02+00:00","dateModified":"2024-07-16T14:54:31+00:00","breadcrumb":{"@id":"https:\/\/ikisbaby.com\/index.php\/produto\/toalha-banho-coroa-real-azul\/#breadcrumb"},"inLanguage":"pt-PT","potentialAction":[{"@type":"ReadAction","target":["https:\/\/ikisbaby.com\/index.php\/produto\/toalha-banho-coroa-real-azul\/"]}]},{"@type":"ImageObject","inLanguage":"pt-PT","@id":"https:\/\/ikisbaby.com\/index.php\/produto\/toalha-banho-coroa-real-azul\/#primaryimage","url":"https:\/\/ikisbaby.com\/wp-content\/uploads\/2021\/07\/IMG_20210711_192833-01-scaled-e1626438971304.jpeg","contentUrl":"https:\/\/ikisbaby.com\/wp-content\/uploads\/2021\/07\/IMG_20210711_192833-01-scaled-e1626438971304.jpeg","width":600,"height":600,"caption":"Toalha Coroa Real"},{"@type":"BreadcrumbList","@id":"https:\/\/ikisbaby.com\/index.php\/produto\/toalha-banho-coroa-real-azul\/#breadcrumb","itemListElement":[{"@type":"ListItem","position":1,"name":"In\u00edcio","item":"https:\/\/ikisbaby.com\/"},{"@type":"ListItem","position":2,"name":"Loja","item":"https:\/\/ikisbaby.com\/index.php\/loja-roupa-para-bebe\/"},{"@type":"ListItem","position":3,"name":"Toalha Banho Coroa Real Azul"}]},{"@type":"WebSite","@id":"https:\/\/ikisbaby.com\/#website","url":"https:\/\/ikisbaby.com\/","name":"Ikisbaby","description":"Loja Online para Beb\u00e9","publisher":{"@id":"https:\/\/ikisbaby.com\/#organization"},"potentialAction":[{"@type":"SearchAction","target":{"@type":"EntryPoint","urlTemplate":"https:\/\/ikisbaby.com\/?s={search_term_string}"},"query-input":{"@type":"PropertyValueSpecification","valueRequired":true,"valueName":"search_term_string"}}],"inLanguage":"pt-PT"},{"@type":"Organization","@id":"https:\/\/ikisbaby.com\/#organization","name":"Ikisbaby","url":"https:\/\/ikisbaby.com\/","logo":{"@type":"ImageObject","inLanguage":"pt-PT","@id":"https:\/\/ikisbaby.com\/#\/schema\/logo\/image\/","url":"https:\/\/ikisbaby.com\/wp-content\/uploads\/2019\/02\/favicon.png","contentUrl":"https:\/\/ikisbaby.com\/wp-content\/uploads\/2019\/02\/favicon.png","width":512,"height":512,"caption":"Ikisbaby"},"image":{"@id":"https:\/\/ikisbaby.com\/#\/schema\/logo\/image\/"},"sameAs":["https:\/\/facebook.com\/ikisbaby","https:\/\/www.instagram.com\/ikisbaby\/"]}]}},"_links":{"self":[{"href":"https:\/\/ikisbaby.com\/index.php\/wp-json\/wp\/v2\/product\/26477","targetHints":{"allow":["GET"]}}],"collection":[{"href":"https:\/\/ikisbaby.com\/index.php\/wp-json\/wp\/v2\/product"}],"about":[{"href":"https:\/\/ikisbaby.com\/index.php\/wp-json\/wp\/v2\/types\/product"}],"replies":[{"embeddable":true,"href":"https:\/\/ikisbaby.com\/index.php\/wp-json\/wp\/v2\/comments?post=26477"}],"version-history":[{"count":2,"href":"https:\/\/ikisbaby.com\/index.php\/wp-json\/wp\/v2\/product\/26477\/revisions"}],"predecessor-version":[{"id":28849,"href":"https:\/\/ikisbaby.com\/index.php\/wp-json\/wp\/v2\/product\/26477\/revisions\/28849"}],"wp:featuredmedia":[{"embeddable":true,"href":"https:\/\/ikisbaby.com\/index.php\/wp-json\/wp\/v2\/media\/26478"}],"wp:attachment":[{"href":"https:\/\/ikisbaby.com\/index.php\/wp-json\/wp\/v2\/media?parent=26477"}],"wp:term":[{"taxonomy":"product_brand","embeddable":true,"href":"https:\/\/ikisbaby.com\/index.php\/wp-json\/wp\/v2\/product_brand?post=26477"},{"taxonomy":"product_cat","embeddable":true,"href":"https:\/\/ikisbaby.com\/index.php\/wp-json\/wp\/v2\/product_cat?post=26477"},{"taxonomy":"product_tag","embeddable":true,"href":"https:\/\/ikisbaby.com\/index.php\/wp-json\/wp\/v2\/product_tag?post=26477"}],"curies":[{"name":"wp","href":"https:\/\/api.w.org\/{rel}","templated":true}]}}