{"id":26404,"date":"2021-07-12T19:34:15","date_gmt":"2021-07-12T18:34:15","guid":{"rendered":"https:\/\/ikisbaby.com\/?post_type=product&#038;p=26404"},"modified":"2021-07-17T17:19:24","modified_gmt":"2021-07-17T16:19:24","slug":"babygrow-ursinhos-veludo-vermelho","status":"publish","type":"product","link":"https:\/\/ikisbaby.com\/index.php\/produto\/babygrow-ursinhos-veludo-vermelho\/","title":{"rendered":"Babygrow em Veludo Vermelho Ursinhos"},"content":{"rendered":"<p>Babygrow em veludo vermelho, decorado com ursinho e la\u00e7o.<\/p>\n<p>Ideal para os dias mais frios, o toque suave do veludo proporciona conforto e um sono descansado.<\/p>\n<ul>\n<li style=\"list-style-type: none;\">\n<ul>\n<li>Composi\u00e7\u00e3o 80% algod\u00e3o 20% poli\u00e9ster<\/li>\n<li>Abertura f\u00e1cil com molas na lateral e entre pernas<\/li>\n<li>Aplica\u00e7\u00e3o de\u00a0 cara de ursinho e la\u00e7o de cetim<\/li>\n<li>Cor: vermelho<\/li>\n<\/ul>\n<\/li>\n<\/ul>\n","protected":false},"excerpt":{"rendered":"<p>Babygrow em veludo vermelho, decorado com ursinho e la\u00e7o.<\/p>\n<p>Ideal para os dias mais frios, o toque suave do veludo proporciona conforto e um sono descansado.<\/p>\n<ul>\n<li style=\"list-style-type: none;\">\n<ul>\n<li>Composi\u00e7\u00e3o 80% algod\u00e3o 20% poli\u00e9ster<\/li>\n<li>Abertura f\u00e1cil com molas na lateral e entre pernas<\/li>\n<li>Aplica\u00e7\u00e3o de\u00a0 cara de ursinho e la\u00e7o de cetim<\/li>\n<li>Cor: vermelho<\/li>\n<\/ul>\n<\/li>\n<\/ul>\n","protected":false},"featured_media":26402,"comment_status":"closed","ping_status":"closed","template":"","meta":[],"product_brand":[],"product_cat":[267,56,55],"product_tag":[],"class_list":{"0":"post-26404","1":"product","2":"type-product","3":"status-publish","6":"product_cat-outono-inverno-2022","7":"product_cat-babygrows-menina","8":"product_cat-babygrows-menino","10":"first","11":"outofstock","12":"taxable","13":"shipping-taxable","14":"product-type-variable"},"yoast_head":"<!-- This site is optimized with the Yoast SEO plugin v27.0 - https:\/\/yoast.com\/product\/yoast-seo-wordpress\/ -->\n<title>Babygrow em Veludo Vermelho Ursinhos - Ikisbaby<\/title>\n<meta name=\"description\" content=\"Babygrow em veludo vermelho. Ideal para os dias mais frios, o toque suave do veludo proporciona conforto e um sono descansado.\" \/>\n<meta name=\"robots\" content=\"index, follow, max-snippet:-1, max-image-preview:large, max-video-preview:-1\" \/>\n<link rel=\"canonical\" href=\"https:\/\/ikisbaby.com\/index.php\/produto\/babygrow-ursinhos-veludo-vermelho\/\" \/>\n<meta property=\"og:locale\" content=\"pt_PT\" \/>\n<meta property=\"og:type\" content=\"article\" \/>\n<meta property=\"og:title\" content=\"Babygrow em Veludo Vermelho Ursinhos - Ikisbaby\" \/>\n<meta property=\"og:description\" content=\"Babygrow em veludo vermelho. Ideal para os dias mais frios, o toque suave do veludo proporciona conforto e um sono descansado.\" \/>\n<meta property=\"og:url\" content=\"https:\/\/ikisbaby.com\/index.php\/produto\/babygrow-ursinhos-veludo-vermelho\/\" \/>\n<meta property=\"og:site_name\" content=\"Ikisbaby\" \/>\n<meta property=\"article:publisher\" content=\"https:\/\/facebook.com\/ikisbaby\" \/>\n<meta property=\"article:modified_time\" content=\"2021-07-17T16:19:24+00:00\" \/>\n<meta property=\"og:image\" content=\"https:\/\/ikisbaby.com\/wp-content\/uploads\/2021\/07\/IMG_20210710_205319-01-scaled-e1626114761261.jpeg\" \/>\n\t<meta property=\"og:image:width\" content=\"600\" \/>\n\t<meta property=\"og:image:height\" content=\"600\" \/>\n\t<meta property=\"og:image:type\" content=\"image\/jpeg\" \/>\n<script type=\"application\/ld+json\" class=\"yoast-schema-graph\">{\"@context\":\"https:\/\/schema.org\",\"@graph\":[{\"@type\":\"WebPage\",\"@id\":\"https:\/\/ikisbaby.com\/index.php\/produto\/babygrow-ursinhos-veludo-vermelho\/\",\"url\":\"https:\/\/ikisbaby.com\/index.php\/produto\/babygrow-ursinhos-veludo-vermelho\/\",\"name\":\"Babygrow em Veludo Vermelho Ursinhos - Ikisbaby\",\"isPartOf\":{\"@id\":\"https:\/\/ikisbaby.com\/#website\"},\"primaryImageOfPage\":{\"@id\":\"https:\/\/ikisbaby.com\/index.php\/produto\/babygrow-ursinhos-veludo-vermelho\/#primaryimage\"},\"image\":{\"@id\":\"https:\/\/ikisbaby.com\/index.php\/produto\/babygrow-ursinhos-veludo-vermelho\/#primaryimage\"},\"thumbnailUrl\":\"https:\/\/ikisbaby.com\/wp-content\/uploads\/2021\/07\/IMG_20210710_205319-01-scaled-e1626114761261.jpeg\",\"datePublished\":\"2021-07-12T18:34:15+00:00\",\"dateModified\":\"2021-07-17T16:19:24+00:00\",\"description\":\"Babygrow em veludo vermelho. Ideal para os dias mais frios, o toque suave do veludo proporciona conforto e um sono descansado.\",\"breadcrumb\":{\"@id\":\"https:\/\/ikisbaby.com\/index.php\/produto\/babygrow-ursinhos-veludo-vermelho\/#breadcrumb\"},\"inLanguage\":\"pt-PT\",\"potentialAction\":[{\"@type\":\"ReadAction\",\"target\":[\"https:\/\/ikisbaby.com\/index.php\/produto\/babygrow-ursinhos-veludo-vermelho\/\"]}]},{\"@type\":\"ImageObject\",\"inLanguage\":\"pt-PT\",\"@id\":\"https:\/\/ikisbaby.com\/index.php\/produto\/babygrow-ursinhos-veludo-vermelho\/#primaryimage\",\"url\":\"https:\/\/ikisbaby.com\/wp-content\/uploads\/2021\/07\/IMG_20210710_205319-01-scaled-e1626114761261.jpeg\",\"contentUrl\":\"https:\/\/ikisbaby.com\/wp-content\/uploads\/2021\/07\/IMG_20210710_205319-01-scaled-e1626114761261.jpeg\",\"width\":600,\"height\":600,\"caption\":\"babygrow em veludo vermelho ursinho\"},{\"@type\":\"BreadcrumbList\",\"@id\":\"https:\/\/ikisbaby.com\/index.php\/produto\/babygrow-ursinhos-veludo-vermelho\/#breadcrumb\",\"itemListElement\":[{\"@type\":\"ListItem\",\"position\":1,\"name\":\"In\u00edcio\",\"item\":\"https:\/\/ikisbaby.com\/\"},{\"@type\":\"ListItem\",\"position\":2,\"name\":\"Loja\",\"item\":\"https:\/\/ikisbaby.com\/index.php\/loja-roupa-para-bebe\/\"},{\"@type\":\"ListItem\",\"position\":3,\"name\":\"Babygrow em Veludo Vermelho Ursinhos\"}]},{\"@type\":\"WebSite\",\"@id\":\"https:\/\/ikisbaby.com\/#website\",\"url\":\"https:\/\/ikisbaby.com\/\",\"name\":\"Ikisbaby\",\"description\":\"Loja Online para Beb\u00e9\",\"publisher\":{\"@id\":\"https:\/\/ikisbaby.com\/#organization\"},\"potentialAction\":[{\"@type\":\"SearchAction\",\"target\":{\"@type\":\"EntryPoint\",\"urlTemplate\":\"https:\/\/ikisbaby.com\/?s={search_term_string}\"},\"query-input\":{\"@type\":\"PropertyValueSpecification\",\"valueRequired\":true,\"valueName\":\"search_term_string\"}}],\"inLanguage\":\"pt-PT\"},{\"@type\":\"Organization\",\"@id\":\"https:\/\/ikisbaby.com\/#organization\",\"name\":\"Ikisbaby\",\"url\":\"https:\/\/ikisbaby.com\/\",\"logo\":{\"@type\":\"ImageObject\",\"inLanguage\":\"pt-PT\",\"@id\":\"https:\/\/ikisbaby.com\/#\/schema\/logo\/image\/\",\"url\":\"https:\/\/ikisbaby.com\/wp-content\/uploads\/2019\/02\/favicon.png\",\"contentUrl\":\"https:\/\/ikisbaby.com\/wp-content\/uploads\/2019\/02\/favicon.png\",\"width\":512,\"height\":512,\"caption\":\"Ikisbaby\"},\"image\":{\"@id\":\"https:\/\/ikisbaby.com\/#\/schema\/logo\/image\/\"},\"sameAs\":[\"https:\/\/facebook.com\/ikisbaby\",\"https:\/\/www.instagram.com\/ikisbaby\/\"]}]}<\/script>\n<!-- \/ Yoast SEO plugin. -->","yoast_head_json":{"title":"Babygrow em Veludo Vermelho Ursinhos - Ikisbaby","description":"Babygrow em veludo vermelho. Ideal para os dias mais frios, o toque suave do veludo proporciona conforto e um sono descansado.","robots":{"index":"index","follow":"follow","max-snippet":"max-snippet:-1","max-image-preview":"max-image-preview:large","max-video-preview":"max-video-preview:-1"},"canonical":"https:\/\/ikisbaby.com\/index.php\/produto\/babygrow-ursinhos-veludo-vermelho\/","og_locale":"pt_PT","og_type":"article","og_title":"Babygrow em Veludo Vermelho Ursinhos - Ikisbaby","og_description":"Babygrow em veludo vermelho. Ideal para os dias mais frios, o toque suave do veludo proporciona conforto e um sono descansado.","og_url":"https:\/\/ikisbaby.com\/index.php\/produto\/babygrow-ursinhos-veludo-vermelho\/","og_site_name":"Ikisbaby","article_publisher":"https:\/\/facebook.com\/ikisbaby","article_modified_time":"2021-07-17T16:19:24+00:00","og_image":[{"width":600,"height":600,"url":"https:\/\/ikisbaby.com\/wp-content\/uploads\/2021\/07\/IMG_20210710_205319-01-scaled-e1626114761261.jpeg","type":"image\/jpeg"}],"schema":{"@context":"https:\/\/schema.org","@graph":[{"@type":"WebPage","@id":"https:\/\/ikisbaby.com\/index.php\/produto\/babygrow-ursinhos-veludo-vermelho\/","url":"https:\/\/ikisbaby.com\/index.php\/produto\/babygrow-ursinhos-veludo-vermelho\/","name":"Babygrow em Veludo Vermelho Ursinhos - Ikisbaby","isPartOf":{"@id":"https:\/\/ikisbaby.com\/#website"},"primaryImageOfPage":{"@id":"https:\/\/ikisbaby.com\/index.php\/produto\/babygrow-ursinhos-veludo-vermelho\/#primaryimage"},"image":{"@id":"https:\/\/ikisbaby.com\/index.php\/produto\/babygrow-ursinhos-veludo-vermelho\/#primaryimage"},"thumbnailUrl":"https:\/\/ikisbaby.com\/wp-content\/uploads\/2021\/07\/IMG_20210710_205319-01-scaled-e1626114761261.jpeg","datePublished":"2021-07-12T18:34:15+00:00","dateModified":"2021-07-17T16:19:24+00:00","description":"Babygrow em veludo vermelho. Ideal para os dias mais frios, o toque suave do veludo proporciona conforto e um sono descansado.","breadcrumb":{"@id":"https:\/\/ikisbaby.com\/index.php\/produto\/babygrow-ursinhos-veludo-vermelho\/#breadcrumb"},"inLanguage":"pt-PT","potentialAction":[{"@type":"ReadAction","target":["https:\/\/ikisbaby.com\/index.php\/produto\/babygrow-ursinhos-veludo-vermelho\/"]}]},{"@type":"ImageObject","inLanguage":"pt-PT","@id":"https:\/\/ikisbaby.com\/index.php\/produto\/babygrow-ursinhos-veludo-vermelho\/#primaryimage","url":"https:\/\/ikisbaby.com\/wp-content\/uploads\/2021\/07\/IMG_20210710_205319-01-scaled-e1626114761261.jpeg","contentUrl":"https:\/\/ikisbaby.com\/wp-content\/uploads\/2021\/07\/IMG_20210710_205319-01-scaled-e1626114761261.jpeg","width":600,"height":600,"caption":"babygrow em veludo vermelho ursinho"},{"@type":"BreadcrumbList","@id":"https:\/\/ikisbaby.com\/index.php\/produto\/babygrow-ursinhos-veludo-vermelho\/#breadcrumb","itemListElement":[{"@type":"ListItem","position":1,"name":"In\u00edcio","item":"https:\/\/ikisbaby.com\/"},{"@type":"ListItem","position":2,"name":"Loja","item":"https:\/\/ikisbaby.com\/index.php\/loja-roupa-para-bebe\/"},{"@type":"ListItem","position":3,"name":"Babygrow em Veludo Vermelho Ursinhos"}]},{"@type":"WebSite","@id":"https:\/\/ikisbaby.com\/#website","url":"https:\/\/ikisbaby.com\/","name":"Ikisbaby","description":"Loja Online para Beb\u00e9","publisher":{"@id":"https:\/\/ikisbaby.com\/#organization"},"potentialAction":[{"@type":"SearchAction","target":{"@type":"EntryPoint","urlTemplate":"https:\/\/ikisbaby.com\/?s={search_term_string}"},"query-input":{"@type":"PropertyValueSpecification","valueRequired":true,"valueName":"search_term_string"}}],"inLanguage":"pt-PT"},{"@type":"Organization","@id":"https:\/\/ikisbaby.com\/#organization","name":"Ikisbaby","url":"https:\/\/ikisbaby.com\/","logo":{"@type":"ImageObject","inLanguage":"pt-PT","@id":"https:\/\/ikisbaby.com\/#\/schema\/logo\/image\/","url":"https:\/\/ikisbaby.com\/wp-content\/uploads\/2019\/02\/favicon.png","contentUrl":"https:\/\/ikisbaby.com\/wp-content\/uploads\/2019\/02\/favicon.png","width":512,"height":512,"caption":"Ikisbaby"},"image":{"@id":"https:\/\/ikisbaby.com\/#\/schema\/logo\/image\/"},"sameAs":["https:\/\/facebook.com\/ikisbaby","https:\/\/www.instagram.com\/ikisbaby\/"]}]}},"_links":{"self":[{"href":"https:\/\/ikisbaby.com\/index.php\/wp-json\/wp\/v2\/product\/26404","targetHints":{"allow":["GET"]}}],"collection":[{"href":"https:\/\/ikisbaby.com\/index.php\/wp-json\/wp\/v2\/product"}],"about":[{"href":"https:\/\/ikisbaby.com\/index.php\/wp-json\/wp\/v2\/types\/product"}],"replies":[{"embeddable":true,"href":"https:\/\/ikisbaby.com\/index.php\/wp-json\/wp\/v2\/comments?post=26404"}],"version-history":[{"count":1,"href":"https:\/\/ikisbaby.com\/index.php\/wp-json\/wp\/v2\/product\/26404\/revisions"}],"predecessor-version":[{"id":26406,"href":"https:\/\/ikisbaby.com\/index.php\/wp-json\/wp\/v2\/product\/26404\/revisions\/26406"}],"wp:featuredmedia":[{"embeddable":true,"href":"https:\/\/ikisbaby.com\/index.php\/wp-json\/wp\/v2\/media\/26402"}],"wp:attachment":[{"href":"https:\/\/ikisbaby.com\/index.php\/wp-json\/wp\/v2\/media?parent=26404"}],"wp:term":[{"taxonomy":"product_brand","embeddable":true,"href":"https:\/\/ikisbaby.com\/index.php\/wp-json\/wp\/v2\/product_brand?post=26404"},{"taxonomy":"product_cat","embeddable":true,"href":"https:\/\/ikisbaby.com\/index.php\/wp-json\/wp\/v2\/product_cat?post=26404"},{"taxonomy":"product_tag","embeddable":true,"href":"https:\/\/ikisbaby.com\/index.php\/wp-json\/wp\/v2\/product_tag?post=26404"}],"curies":[{"name":"wp","href":"https:\/\/api.w.org\/{rel}","templated":true}]}}