{"id":26352,"date":"2021-07-12T16:33:25","date_gmt":"2021-07-12T15:33:25","guid":{"rendered":"https:\/\/ikisbaby.com\/?post_type=product&#038;p=26352"},"modified":"2024-07-17T18:15:15","modified_gmt":"2024-07-17T17:15:15","slug":"babygrow-panda-veludo-verde-jade","status":"publish","type":"product","link":"https:\/\/ikisbaby.com\/index.php\/produto\/babygrow-panda-veludo-verde-jade\/","title":{"rendered":"Babygrow Panda Veludo Verde Jade"},"content":{"rendered":"<p>Divertido <a href=\"https:\/\/ikisbaby.com\/index.php\/categoria-produto\/roupa-bebe-menino\/babygrows-menino\/\">babygrow<\/a> panda veludo verde jade<\/p>\n<ul>\n<li>veludo<\/li>\n<li>composi\u00e7\u00e3o 80% algod\u00e3o 20% poli\u00e9ster<\/li>\n<li>Abertura f\u00e1cil com molas na lateral e entre-pernas<\/li>\n<li>cor: verde jade, cinza e p\u00e9rola<\/li>\n<\/ul>\n","protected":false},"excerpt":{"rendered":"<p>Divertido babygrow panda veludo verde jade<\/p>\n<ul>\n<li>veludo<\/li>\n<li>composi\u00e7\u00e3o 80% algod\u00e3o 20% poli\u00e9ster<\/li>\n<li>Abertura f\u00e1cil com molas na lateral e entre-pernas<\/li>\n<li>cor: verde jade, cinza e p\u00e9rola<\/li>\n<\/ul>\n","protected":false},"featured_media":26346,"comment_status":"open","ping_status":"closed","template":"","meta":[],"product_brand":[],"product_cat":[267,56,55],"product_tag":[94,325,669,670,662],"class_list":{"0":"post-26352","1":"product","2":"type-product","3":"status-publish","6":"product_cat-outono-inverno-2022","7":"product_cat-babygrows-menina","8":"product_cat-babygrows-menino","9":"product_tag-babygrow","10":"product_tag-babygrow-de-veludo","11":"product_tag-babygrow-neutro","12":"product_tag-babygrow-unisexo","13":"product_tag-babygrow-veludo","15":"first","16":"instock","17":"taxable","18":"shipping-taxable","19":"purchasable","20":"product-type-variable"},"yoast_head":"<!-- This site is optimized with the Yoast SEO plugin v27.0 - https:\/\/yoast.com\/product\/yoast-seo-wordpress\/ -->\n<title>Babygrow Panda Veludo Verde Jade - Ikisbaby<\/title>\n<meta name=\"description\" content=\"Divertido babygrow panda veludo verde jade. Abertura f\u00e1cil com molas na lateral e entre-pernas. 80% Algod\u00e3o e 20% poli\u00e9ster.\" \/>\n<meta name=\"robots\" content=\"index, follow, max-snippet:-1, max-image-preview:large, max-video-preview:-1\" \/>\n<link rel=\"canonical\" href=\"https:\/\/ikisbaby.com\/index.php\/produto\/babygrow-panda-veludo-verde-jade\/\" \/>\n<meta property=\"og:locale\" content=\"pt_PT\" \/>\n<meta property=\"og:type\" content=\"article\" \/>\n<meta property=\"og:title\" content=\"Babygrow Panda Veludo Verde Jade - Ikisbaby\" \/>\n<meta property=\"og:description\" content=\"Divertido babygrow panda veludo verde jade. Abertura f\u00e1cil com molas na lateral e entre-pernas. 80% Algod\u00e3o e 20% poli\u00e9ster.\" \/>\n<meta property=\"og:url\" content=\"https:\/\/ikisbaby.com\/index.php\/produto\/babygrow-panda-veludo-verde-jade\/\" \/>\n<meta property=\"og:site_name\" content=\"Ikisbaby\" \/>\n<meta property=\"article:publisher\" content=\"https:\/\/facebook.com\/ikisbaby\" \/>\n<meta property=\"article:modified_time\" content=\"2024-07-17T17:15:15+00:00\" \/>\n<meta property=\"og:image\" content=\"https:\/\/ikisbaby.com\/wp-content\/uploads\/2021\/07\/IMG_20210710_120719-01-scaled-e1626103563699.jpeg\" \/>\n\t<meta property=\"og:image:width\" content=\"600\" \/>\n\t<meta property=\"og:image:height\" content=\"600\" \/>\n\t<meta property=\"og:image:type\" content=\"image\/jpeg\" \/>\n<script type=\"application\/ld+json\" class=\"yoast-schema-graph\">{\"@context\":\"https:\/\/schema.org\",\"@graph\":[{\"@type\":\"WebPage\",\"@id\":\"https:\/\/ikisbaby.com\/index.php\/produto\/babygrow-panda-veludo-verde-jade\/\",\"url\":\"https:\/\/ikisbaby.com\/index.php\/produto\/babygrow-panda-veludo-verde-jade\/\",\"name\":\"Babygrow Panda Veludo Verde Jade - Ikisbaby\",\"isPartOf\":{\"@id\":\"https:\/\/ikisbaby.com\/#website\"},\"primaryImageOfPage\":{\"@id\":\"https:\/\/ikisbaby.com\/index.php\/produto\/babygrow-panda-veludo-verde-jade\/#primaryimage\"},\"image\":{\"@id\":\"https:\/\/ikisbaby.com\/index.php\/produto\/babygrow-panda-veludo-verde-jade\/#primaryimage\"},\"thumbnailUrl\":\"https:\/\/ikisbaby.com\/wp-content\/uploads\/2021\/07\/IMG_20210710_120719-01-scaled-e1626103563699.jpeg\",\"datePublished\":\"2021-07-12T15:33:25+00:00\",\"dateModified\":\"2024-07-17T17:15:15+00:00\",\"description\":\"Divertido babygrow panda veludo verde jade. Abertura f\u00e1cil com molas na lateral e entre-pernas. 80% Algod\u00e3o e 20% poli\u00e9ster.\",\"breadcrumb\":{\"@id\":\"https:\/\/ikisbaby.com\/index.php\/produto\/babygrow-panda-veludo-verde-jade\/#breadcrumb\"},\"inLanguage\":\"pt-PT\",\"potentialAction\":[{\"@type\":\"ReadAction\",\"target\":[\"https:\/\/ikisbaby.com\/index.php\/produto\/babygrow-panda-veludo-verde-jade\/\"]}]},{\"@type\":\"ImageObject\",\"inLanguage\":\"pt-PT\",\"@id\":\"https:\/\/ikisbaby.com\/index.php\/produto\/babygrow-panda-veludo-verde-jade\/#primaryimage\",\"url\":\"https:\/\/ikisbaby.com\/wp-content\/uploads\/2021\/07\/IMG_20210710_120719-01-scaled-e1626103563699.jpeg\",\"contentUrl\":\"https:\/\/ikisbaby.com\/wp-content\/uploads\/2021\/07\/IMG_20210710_120719-01-scaled-e1626103563699.jpeg\",\"width\":600,\"height\":600,\"caption\":\"babygrow panda veludo\"},{\"@type\":\"BreadcrumbList\",\"@id\":\"https:\/\/ikisbaby.com\/index.php\/produto\/babygrow-panda-veludo-verde-jade\/#breadcrumb\",\"itemListElement\":[{\"@type\":\"ListItem\",\"position\":1,\"name\":\"In\u00edcio\",\"item\":\"https:\/\/ikisbaby.com\/\"},{\"@type\":\"ListItem\",\"position\":2,\"name\":\"Loja\",\"item\":\"https:\/\/ikisbaby.com\/index.php\/loja-roupa-para-bebe\/\"},{\"@type\":\"ListItem\",\"position\":3,\"name\":\"Babygrow Panda Veludo Verde Jade\"}]},{\"@type\":\"WebSite\",\"@id\":\"https:\/\/ikisbaby.com\/#website\",\"url\":\"https:\/\/ikisbaby.com\/\",\"name\":\"Ikisbaby\",\"description\":\"Loja Online para Beb\u00e9\",\"publisher\":{\"@id\":\"https:\/\/ikisbaby.com\/#organization\"},\"potentialAction\":[{\"@type\":\"SearchAction\",\"target\":{\"@type\":\"EntryPoint\",\"urlTemplate\":\"https:\/\/ikisbaby.com\/?s={search_term_string}\"},\"query-input\":{\"@type\":\"PropertyValueSpecification\",\"valueRequired\":true,\"valueName\":\"search_term_string\"}}],\"inLanguage\":\"pt-PT\"},{\"@type\":\"Organization\",\"@id\":\"https:\/\/ikisbaby.com\/#organization\",\"name\":\"Ikisbaby\",\"url\":\"https:\/\/ikisbaby.com\/\",\"logo\":{\"@type\":\"ImageObject\",\"inLanguage\":\"pt-PT\",\"@id\":\"https:\/\/ikisbaby.com\/#\/schema\/logo\/image\/\",\"url\":\"https:\/\/ikisbaby.com\/wp-content\/uploads\/2019\/02\/favicon.png\",\"contentUrl\":\"https:\/\/ikisbaby.com\/wp-content\/uploads\/2019\/02\/favicon.png\",\"width\":512,\"height\":512,\"caption\":\"Ikisbaby\"},\"image\":{\"@id\":\"https:\/\/ikisbaby.com\/#\/schema\/logo\/image\/\"},\"sameAs\":[\"https:\/\/facebook.com\/ikisbaby\",\"https:\/\/www.instagram.com\/ikisbaby\/\"]}]}<\/script>\n<!-- \/ Yoast SEO plugin. -->","yoast_head_json":{"title":"Babygrow Panda Veludo Verde Jade - Ikisbaby","description":"Divertido babygrow panda veludo verde jade. Abertura f\u00e1cil com molas na lateral e entre-pernas. 80% Algod\u00e3o e 20% poli\u00e9ster.","robots":{"index":"index","follow":"follow","max-snippet":"max-snippet:-1","max-image-preview":"max-image-preview:large","max-video-preview":"max-video-preview:-1"},"canonical":"https:\/\/ikisbaby.com\/index.php\/produto\/babygrow-panda-veludo-verde-jade\/","og_locale":"pt_PT","og_type":"article","og_title":"Babygrow Panda Veludo Verde Jade - Ikisbaby","og_description":"Divertido babygrow panda veludo verde jade. Abertura f\u00e1cil com molas na lateral e entre-pernas. 80% Algod\u00e3o e 20% poli\u00e9ster.","og_url":"https:\/\/ikisbaby.com\/index.php\/produto\/babygrow-panda-veludo-verde-jade\/","og_site_name":"Ikisbaby","article_publisher":"https:\/\/facebook.com\/ikisbaby","article_modified_time":"2024-07-17T17:15:15+00:00","og_image":[{"width":600,"height":600,"url":"https:\/\/ikisbaby.com\/wp-content\/uploads\/2021\/07\/IMG_20210710_120719-01-scaled-e1626103563699.jpeg","type":"image\/jpeg"}],"schema":{"@context":"https:\/\/schema.org","@graph":[{"@type":"WebPage","@id":"https:\/\/ikisbaby.com\/index.php\/produto\/babygrow-panda-veludo-verde-jade\/","url":"https:\/\/ikisbaby.com\/index.php\/produto\/babygrow-panda-veludo-verde-jade\/","name":"Babygrow Panda Veludo Verde Jade - Ikisbaby","isPartOf":{"@id":"https:\/\/ikisbaby.com\/#website"},"primaryImageOfPage":{"@id":"https:\/\/ikisbaby.com\/index.php\/produto\/babygrow-panda-veludo-verde-jade\/#primaryimage"},"image":{"@id":"https:\/\/ikisbaby.com\/index.php\/produto\/babygrow-panda-veludo-verde-jade\/#primaryimage"},"thumbnailUrl":"https:\/\/ikisbaby.com\/wp-content\/uploads\/2021\/07\/IMG_20210710_120719-01-scaled-e1626103563699.jpeg","datePublished":"2021-07-12T15:33:25+00:00","dateModified":"2024-07-17T17:15:15+00:00","description":"Divertido babygrow panda veludo verde jade. Abertura f\u00e1cil com molas na lateral e entre-pernas. 80% Algod\u00e3o e 20% poli\u00e9ster.","breadcrumb":{"@id":"https:\/\/ikisbaby.com\/index.php\/produto\/babygrow-panda-veludo-verde-jade\/#breadcrumb"},"inLanguage":"pt-PT","potentialAction":[{"@type":"ReadAction","target":["https:\/\/ikisbaby.com\/index.php\/produto\/babygrow-panda-veludo-verde-jade\/"]}]},{"@type":"ImageObject","inLanguage":"pt-PT","@id":"https:\/\/ikisbaby.com\/index.php\/produto\/babygrow-panda-veludo-verde-jade\/#primaryimage","url":"https:\/\/ikisbaby.com\/wp-content\/uploads\/2021\/07\/IMG_20210710_120719-01-scaled-e1626103563699.jpeg","contentUrl":"https:\/\/ikisbaby.com\/wp-content\/uploads\/2021\/07\/IMG_20210710_120719-01-scaled-e1626103563699.jpeg","width":600,"height":600,"caption":"babygrow panda veludo"},{"@type":"BreadcrumbList","@id":"https:\/\/ikisbaby.com\/index.php\/produto\/babygrow-panda-veludo-verde-jade\/#breadcrumb","itemListElement":[{"@type":"ListItem","position":1,"name":"In\u00edcio","item":"https:\/\/ikisbaby.com\/"},{"@type":"ListItem","position":2,"name":"Loja","item":"https:\/\/ikisbaby.com\/index.php\/loja-roupa-para-bebe\/"},{"@type":"ListItem","position":3,"name":"Babygrow Panda Veludo Verde Jade"}]},{"@type":"WebSite","@id":"https:\/\/ikisbaby.com\/#website","url":"https:\/\/ikisbaby.com\/","name":"Ikisbaby","description":"Loja Online para Beb\u00e9","publisher":{"@id":"https:\/\/ikisbaby.com\/#organization"},"potentialAction":[{"@type":"SearchAction","target":{"@type":"EntryPoint","urlTemplate":"https:\/\/ikisbaby.com\/?s={search_term_string}"},"query-input":{"@type":"PropertyValueSpecification","valueRequired":true,"valueName":"search_term_string"}}],"inLanguage":"pt-PT"},{"@type":"Organization","@id":"https:\/\/ikisbaby.com\/#organization","name":"Ikisbaby","url":"https:\/\/ikisbaby.com\/","logo":{"@type":"ImageObject","inLanguage":"pt-PT","@id":"https:\/\/ikisbaby.com\/#\/schema\/logo\/image\/","url":"https:\/\/ikisbaby.com\/wp-content\/uploads\/2019\/02\/favicon.png","contentUrl":"https:\/\/ikisbaby.com\/wp-content\/uploads\/2019\/02\/favicon.png","width":512,"height":512,"caption":"Ikisbaby"},"image":{"@id":"https:\/\/ikisbaby.com\/#\/schema\/logo\/image\/"},"sameAs":["https:\/\/facebook.com\/ikisbaby","https:\/\/www.instagram.com\/ikisbaby\/"]}]}},"_links":{"self":[{"href":"https:\/\/ikisbaby.com\/index.php\/wp-json\/wp\/v2\/product\/26352","targetHints":{"allow":["GET"]}}],"collection":[{"href":"https:\/\/ikisbaby.com\/index.php\/wp-json\/wp\/v2\/product"}],"about":[{"href":"https:\/\/ikisbaby.com\/index.php\/wp-json\/wp\/v2\/types\/product"}],"replies":[{"embeddable":true,"href":"https:\/\/ikisbaby.com\/index.php\/wp-json\/wp\/v2\/comments?post=26352"}],"version-history":[{"count":2,"href":"https:\/\/ikisbaby.com\/index.php\/wp-json\/wp\/v2\/product\/26352\/revisions"}],"predecessor-version":[{"id":27826,"href":"https:\/\/ikisbaby.com\/index.php\/wp-json\/wp\/v2\/product\/26352\/revisions\/27826"}],"wp:featuredmedia":[{"embeddable":true,"href":"https:\/\/ikisbaby.com\/index.php\/wp-json\/wp\/v2\/media\/26346"}],"wp:attachment":[{"href":"https:\/\/ikisbaby.com\/index.php\/wp-json\/wp\/v2\/media?parent=26352"}],"wp:term":[{"taxonomy":"product_brand","embeddable":true,"href":"https:\/\/ikisbaby.com\/index.php\/wp-json\/wp\/v2\/product_brand?post=26352"},{"taxonomy":"product_cat","embeddable":true,"href":"https:\/\/ikisbaby.com\/index.php\/wp-json\/wp\/v2\/product_cat?post=26352"},{"taxonomy":"product_tag","embeddable":true,"href":"https:\/\/ikisbaby.com\/index.php\/wp-json\/wp\/v2\/product_tag?post=26352"}],"curies":[{"name":"wp","href":"https:\/\/api.w.org\/{rel}","templated":true}]}}