{"id":26076,"date":"2021-05-04T16:37:35","date_gmt":"2021-05-04T15:37:35","guid":{"rendered":"https:\/\/ikisbaby.com\/?post_type=product&#038;p=26076"},"modified":"2023-10-27T19:39:44","modified_gmt":"2023-10-27T18:39:44","slug":"fralda-tapa-ovo-bebe","status":"publish","type":"product","link":"https:\/\/ikisbaby.com\/index.php\/produto\/fralda-tapa-ovo-bebe\/","title":{"rendered":"Fralda Tapa Ovo Cora\u00e7\u00e3o"},"content":{"rendered":"<p>Fralda tapa ovo para babycoque, com cora\u00e7\u00e3o bordado. Modelo universal adapta-se a todos os modelos de ovinho.<\/p>\n<p>Protetor de ovo ideal para deixar o seu <a href=\"https:\/\/ikisbaby.com\/index.php\/2021\/02\/26\/fralda-tapa-ovo-pode-ser-util\/\">beb\u00e9 protegido do clima e olhares curiosos<\/a>.<\/p>\n<ul>\n<li>Composi\u00e7\u00e3o: 100% Algod\u00e3o.<\/li>\n<li>Cores: P\u00e9rola, Azul, Rosa e Cinza<\/li>\n<li>F\u00e1cil de colocar e retirar, com as molas de press\u00e3o<\/li>\n<\/ul>\n","protected":false},"excerpt":{"rendered":"<p>Fralda tapa ovo para babycoque, com cora\u00e7\u00e3o bordado. Modelo universal adapta-se a todos os modelos de ovinho.<\/p>\n<p>Protetor de ovo ideal para deixar o seu beb\u00e9 protegido do clima e olhares curiosos.<\/p>\n<ul>\n<li>Composi\u00e7\u00e3o: 100% Algod\u00e3o.<\/li>\n<li>Abertura frontal<\/li>\n<li>Cores: P\u00e9rola, Azul, Rosa, Cinza e Verde<\/li>\n<li>F\u00e1cil de colocar e retirar, com as molas de press\u00e3o<\/li>\n<\/ul>\n","protected":false},"featured_media":26082,"comment_status":"open","ping_status":"closed","template":"","meta":[],"product_brand":[],"product_cat":[621],"product_tag":[315,203],"class_list":{"0":"post-26076","1":"product","2":"type-product","3":"status-publish","6":"product_cat-fralda-tapa-ovo","7":"product_tag-complementos-de-bebe","8":"product_tag-fralda-tapa-ovo","10":"first","11":"instock","12":"taxable","13":"shipping-taxable","14":"product-type-variable"},"yoast_head":"<!-- This site is optimized with the Yoast SEO plugin v27.0 - https:\/\/yoast.com\/product\/yoast-seo-wordpress\/ -->\n<title>Fralda Tapa Ovo ou Cadeirinha de Beb\u00e9 - Ikisbaby - Loja Online<\/title>\n<meta name=\"description\" content=\"Fralda tapa ovo para babycoque, com cora\u00e7\u00e3o bordado. O protetor de cadeirinha universal adapta-se a todos os modelos de ovinho. 100% algod\u00e3o\" \/>\n<meta name=\"robots\" content=\"index, follow, max-snippet:-1, max-image-preview:large, max-video-preview:-1\" \/>\n<link rel=\"canonical\" href=\"https:\/\/ikisbaby.com\/index.php\/produto\/fralda-tapa-ovo-bebe\/\" \/>\n<meta property=\"og:locale\" content=\"pt_PT\" \/>\n<meta property=\"og:type\" content=\"article\" \/>\n<meta property=\"og:title\" content=\"Fralda Tapa Ovo ou Cadeirinha de Beb\u00e9 - Ikisbaby - Loja Online\" \/>\n<meta property=\"og:description\" content=\"Fralda tapa ovo para babycoque, com cora\u00e7\u00e3o bordado. O protetor de cadeirinha universal adapta-se a todos os modelos de ovinho. 100% algod\u00e3o\" \/>\n<meta property=\"og:url\" content=\"https:\/\/ikisbaby.com\/index.php\/produto\/fralda-tapa-ovo-bebe\/\" \/>\n<meta property=\"og:site_name\" content=\"Ikisbaby\" \/>\n<meta property=\"article:publisher\" content=\"https:\/\/facebook.com\/ikisbaby\" \/>\n<meta property=\"article:modified_time\" content=\"2023-10-27T18:39:44+00:00\" \/>\n<meta property=\"og:image\" content=\"https:\/\/ikisbaby.com\/wp-content\/uploads\/2021\/05\/frd3-03-e1620144796687.jpeg\" \/>\n\t<meta property=\"og:image:width\" content=\"600\" \/>\n\t<meta property=\"og:image:height\" content=\"600\" \/>\n\t<meta property=\"og:image:type\" content=\"image\/jpeg\" \/>\n<script type=\"application\/ld+json\" class=\"yoast-schema-graph\">{\"@context\":\"https:\/\/schema.org\",\"@graph\":[{\"@type\":\"WebPage\",\"@id\":\"https:\/\/ikisbaby.com\/index.php\/produto\/fralda-tapa-ovo-bebe\/\",\"url\":\"https:\/\/ikisbaby.com\/index.php\/produto\/fralda-tapa-ovo-bebe\/\",\"name\":\"Fralda Tapa Ovo ou Cadeirinha de Beb\u00e9 - Ikisbaby - Loja Online\",\"isPartOf\":{\"@id\":\"https:\/\/ikisbaby.com\/#website\"},\"primaryImageOfPage\":{\"@id\":\"https:\/\/ikisbaby.com\/index.php\/produto\/fralda-tapa-ovo-bebe\/#primaryimage\"},\"image\":{\"@id\":\"https:\/\/ikisbaby.com\/index.php\/produto\/fralda-tapa-ovo-bebe\/#primaryimage\"},\"thumbnailUrl\":\"https:\/\/ikisbaby.com\/wp-content\/uploads\/2021\/05\/frd3-03-e1620144796687.jpeg\",\"datePublished\":\"2021-05-04T15:37:35+00:00\",\"dateModified\":\"2023-10-27T18:39:44+00:00\",\"description\":\"Fralda tapa ovo para babycoque, com cora\u00e7\u00e3o bordado. O protetor de cadeirinha universal adapta-se a todos os modelos de ovinho. 100% algod\u00e3o\",\"breadcrumb\":{\"@id\":\"https:\/\/ikisbaby.com\/index.php\/produto\/fralda-tapa-ovo-bebe\/#breadcrumb\"},\"inLanguage\":\"pt-PT\",\"potentialAction\":[{\"@type\":\"ReadAction\",\"target\":[\"https:\/\/ikisbaby.com\/index.php\/produto\/fralda-tapa-ovo-bebe\/\"]}]},{\"@type\":\"ImageObject\",\"inLanguage\":\"pt-PT\",\"@id\":\"https:\/\/ikisbaby.com\/index.php\/produto\/fralda-tapa-ovo-bebe\/#primaryimage\",\"url\":\"https:\/\/ikisbaby.com\/wp-content\/uploads\/2021\/05\/frd3-03-e1620144796687.jpeg\",\"contentUrl\":\"https:\/\/ikisbaby.com\/wp-content\/uploads\/2021\/05\/frd3-03-e1620144796687.jpeg\",\"width\":600,\"height\":600,\"caption\":\"fralda tapa ovo cora\u00e7\u00e3o\"},{\"@type\":\"BreadcrumbList\",\"@id\":\"https:\/\/ikisbaby.com\/index.php\/produto\/fralda-tapa-ovo-bebe\/#breadcrumb\",\"itemListElement\":[{\"@type\":\"ListItem\",\"position\":1,\"name\":\"In\u00edcio\",\"item\":\"https:\/\/ikisbaby.com\/\"},{\"@type\":\"ListItem\",\"position\":2,\"name\":\"Loja\",\"item\":\"https:\/\/ikisbaby.com\/index.php\/loja-roupa-para-bebe\/\"},{\"@type\":\"ListItem\",\"position\":3,\"name\":\"Fralda Tapa Ovo Cora\u00e7\u00e3o\"}]},{\"@type\":\"WebSite\",\"@id\":\"https:\/\/ikisbaby.com\/#website\",\"url\":\"https:\/\/ikisbaby.com\/\",\"name\":\"Ikisbaby\",\"description\":\"Loja Online para Beb\u00e9\",\"publisher\":{\"@id\":\"https:\/\/ikisbaby.com\/#organization\"},\"potentialAction\":[{\"@type\":\"SearchAction\",\"target\":{\"@type\":\"EntryPoint\",\"urlTemplate\":\"https:\/\/ikisbaby.com\/?s={search_term_string}\"},\"query-input\":{\"@type\":\"PropertyValueSpecification\",\"valueRequired\":true,\"valueName\":\"search_term_string\"}}],\"inLanguage\":\"pt-PT\"},{\"@type\":\"Organization\",\"@id\":\"https:\/\/ikisbaby.com\/#organization\",\"name\":\"Ikisbaby\",\"url\":\"https:\/\/ikisbaby.com\/\",\"logo\":{\"@type\":\"ImageObject\",\"inLanguage\":\"pt-PT\",\"@id\":\"https:\/\/ikisbaby.com\/#\/schema\/logo\/image\/\",\"url\":\"https:\/\/ikisbaby.com\/wp-content\/uploads\/2019\/02\/favicon.png\",\"contentUrl\":\"https:\/\/ikisbaby.com\/wp-content\/uploads\/2019\/02\/favicon.png\",\"width\":512,\"height\":512,\"caption\":\"Ikisbaby\"},\"image\":{\"@id\":\"https:\/\/ikisbaby.com\/#\/schema\/logo\/image\/\"},\"sameAs\":[\"https:\/\/facebook.com\/ikisbaby\",\"https:\/\/www.instagram.com\/ikisbaby\/\"]}]}<\/script>\n<!-- \/ Yoast SEO plugin. -->","yoast_head_json":{"title":"Fralda Tapa Ovo ou Cadeirinha de Beb\u00e9 - Ikisbaby - Loja Online","description":"Fralda tapa ovo para babycoque, com cora\u00e7\u00e3o bordado. O protetor de cadeirinha universal adapta-se a todos os modelos de ovinho. 100% algod\u00e3o","robots":{"index":"index","follow":"follow","max-snippet":"max-snippet:-1","max-image-preview":"max-image-preview:large","max-video-preview":"max-video-preview:-1"},"canonical":"https:\/\/ikisbaby.com\/index.php\/produto\/fralda-tapa-ovo-bebe\/","og_locale":"pt_PT","og_type":"article","og_title":"Fralda Tapa Ovo ou Cadeirinha de Beb\u00e9 - Ikisbaby - Loja Online","og_description":"Fralda tapa ovo para babycoque, com cora\u00e7\u00e3o bordado. O protetor de cadeirinha universal adapta-se a todos os modelos de ovinho. 100% algod\u00e3o","og_url":"https:\/\/ikisbaby.com\/index.php\/produto\/fralda-tapa-ovo-bebe\/","og_site_name":"Ikisbaby","article_publisher":"https:\/\/facebook.com\/ikisbaby","article_modified_time":"2023-10-27T18:39:44+00:00","og_image":[{"width":600,"height":600,"url":"https:\/\/ikisbaby.com\/wp-content\/uploads\/2021\/05\/frd3-03-e1620144796687.jpeg","type":"image\/jpeg"}],"schema":{"@context":"https:\/\/schema.org","@graph":[{"@type":"WebPage","@id":"https:\/\/ikisbaby.com\/index.php\/produto\/fralda-tapa-ovo-bebe\/","url":"https:\/\/ikisbaby.com\/index.php\/produto\/fralda-tapa-ovo-bebe\/","name":"Fralda Tapa Ovo ou Cadeirinha de Beb\u00e9 - Ikisbaby - Loja Online","isPartOf":{"@id":"https:\/\/ikisbaby.com\/#website"},"primaryImageOfPage":{"@id":"https:\/\/ikisbaby.com\/index.php\/produto\/fralda-tapa-ovo-bebe\/#primaryimage"},"image":{"@id":"https:\/\/ikisbaby.com\/index.php\/produto\/fralda-tapa-ovo-bebe\/#primaryimage"},"thumbnailUrl":"https:\/\/ikisbaby.com\/wp-content\/uploads\/2021\/05\/frd3-03-e1620144796687.jpeg","datePublished":"2021-05-04T15:37:35+00:00","dateModified":"2023-10-27T18:39:44+00:00","description":"Fralda tapa ovo para babycoque, com cora\u00e7\u00e3o bordado. O protetor de cadeirinha universal adapta-se a todos os modelos de ovinho. 100% algod\u00e3o","breadcrumb":{"@id":"https:\/\/ikisbaby.com\/index.php\/produto\/fralda-tapa-ovo-bebe\/#breadcrumb"},"inLanguage":"pt-PT","potentialAction":[{"@type":"ReadAction","target":["https:\/\/ikisbaby.com\/index.php\/produto\/fralda-tapa-ovo-bebe\/"]}]},{"@type":"ImageObject","inLanguage":"pt-PT","@id":"https:\/\/ikisbaby.com\/index.php\/produto\/fralda-tapa-ovo-bebe\/#primaryimage","url":"https:\/\/ikisbaby.com\/wp-content\/uploads\/2021\/05\/frd3-03-e1620144796687.jpeg","contentUrl":"https:\/\/ikisbaby.com\/wp-content\/uploads\/2021\/05\/frd3-03-e1620144796687.jpeg","width":600,"height":600,"caption":"fralda tapa ovo cora\u00e7\u00e3o"},{"@type":"BreadcrumbList","@id":"https:\/\/ikisbaby.com\/index.php\/produto\/fralda-tapa-ovo-bebe\/#breadcrumb","itemListElement":[{"@type":"ListItem","position":1,"name":"In\u00edcio","item":"https:\/\/ikisbaby.com\/"},{"@type":"ListItem","position":2,"name":"Loja","item":"https:\/\/ikisbaby.com\/index.php\/loja-roupa-para-bebe\/"},{"@type":"ListItem","position":3,"name":"Fralda Tapa Ovo Cora\u00e7\u00e3o"}]},{"@type":"WebSite","@id":"https:\/\/ikisbaby.com\/#website","url":"https:\/\/ikisbaby.com\/","name":"Ikisbaby","description":"Loja Online para Beb\u00e9","publisher":{"@id":"https:\/\/ikisbaby.com\/#organization"},"potentialAction":[{"@type":"SearchAction","target":{"@type":"EntryPoint","urlTemplate":"https:\/\/ikisbaby.com\/?s={search_term_string}"},"query-input":{"@type":"PropertyValueSpecification","valueRequired":true,"valueName":"search_term_string"}}],"inLanguage":"pt-PT"},{"@type":"Organization","@id":"https:\/\/ikisbaby.com\/#organization","name":"Ikisbaby","url":"https:\/\/ikisbaby.com\/","logo":{"@type":"ImageObject","inLanguage":"pt-PT","@id":"https:\/\/ikisbaby.com\/#\/schema\/logo\/image\/","url":"https:\/\/ikisbaby.com\/wp-content\/uploads\/2019\/02\/favicon.png","contentUrl":"https:\/\/ikisbaby.com\/wp-content\/uploads\/2019\/02\/favicon.png","width":512,"height":512,"caption":"Ikisbaby"},"image":{"@id":"https:\/\/ikisbaby.com\/#\/schema\/logo\/image\/"},"sameAs":["https:\/\/facebook.com\/ikisbaby","https:\/\/www.instagram.com\/ikisbaby\/"]}]}},"_links":{"self":[{"href":"https:\/\/ikisbaby.com\/index.php\/wp-json\/wp\/v2\/product\/26076","targetHints":{"allow":["GET"]}}],"collection":[{"href":"https:\/\/ikisbaby.com\/index.php\/wp-json\/wp\/v2\/product"}],"about":[{"href":"https:\/\/ikisbaby.com\/index.php\/wp-json\/wp\/v2\/types\/product"}],"replies":[{"embeddable":true,"href":"https:\/\/ikisbaby.com\/index.php\/wp-json\/wp\/v2\/comments?post=26076"}],"version-history":[{"count":2,"href":"https:\/\/ikisbaby.com\/index.php\/wp-json\/wp\/v2\/product\/26076\/revisions"}],"predecessor-version":[{"id":27835,"href":"https:\/\/ikisbaby.com\/index.php\/wp-json\/wp\/v2\/product\/26076\/revisions\/27835"}],"wp:featuredmedia":[{"embeddable":true,"href":"https:\/\/ikisbaby.com\/index.php\/wp-json\/wp\/v2\/media\/26082"}],"wp:attachment":[{"href":"https:\/\/ikisbaby.com\/index.php\/wp-json\/wp\/v2\/media?parent=26076"}],"wp:term":[{"taxonomy":"product_brand","embeddable":true,"href":"https:\/\/ikisbaby.com\/index.php\/wp-json\/wp\/v2\/product_brand?post=26076"},{"taxonomy":"product_cat","embeddable":true,"href":"https:\/\/ikisbaby.com\/index.php\/wp-json\/wp\/v2\/product_cat?post=26076"},{"taxonomy":"product_tag","embeddable":true,"href":"https:\/\/ikisbaby.com\/index.php\/wp-json\/wp\/v2\/product_tag?post=26076"}],"curies":[{"name":"wp","href":"https:\/\/api.w.org\/{rel}","templated":true}]}}