{"id":25980,"date":"2021-04-27T16:20:05","date_gmt":"2021-04-27T15:20:05","guid":{"rendered":"https:\/\/ikisbaby.com\/?post_type=product&#038;p=25980"},"modified":"2022-02-08T20:24:09","modified_gmt":"2022-02-08T20:24:09","slug":"babygrow-em-algodao-vermelho-elefante","status":"publish","type":"product","link":"https:\/\/ikisbaby.com\/index.php\/produto\/babygrow-em-algodao-vermelho-elefante\/","title":{"rendered":"Babygrow em Algod\u00e3o Vermelho"},"content":{"rendered":"<p>Suave babygrow em algod\u00e3o decorado com tema de elefante.<\/p>\n<p>Fatinho em algod\u00e3o que respeita a pele sens\u00edvel do beb\u00e9.<\/p>\n<ul>\n<li>100% Algod\u00e3o<\/li>\n<li>Tamanho 1M<\/li>\n<li>F\u00e1cil abertura pela frente e entre pernas com molas<\/li>\n<li>Cor: Vermelho e branco<\/li>\n<li>Fabricado em Portugal<\/li>\n<\/ul>\n","protected":false},"excerpt":{"rendered":"<p>Suave babygrow em algod\u00e3o decorado com tema de elefante.<\/p>\n<p>Fatinho em algod\u00e3o que respeita a pele sens\u00edvel do beb\u00e9.<\/p>\n<ul>\n<li><strong>100% Algod\u00e3o<\/strong><\/li>\n<li>Tamanho 1M<\/li>\n<li>F\u00e1cil abertura pela frente e entre pernas com molas<\/li>\n<li>Cor: Vermelho e branco<\/li>\n<li>Fabricado em Portugal<\/li>\n<\/ul>\n","protected":false},"featured_media":25981,"comment_status":"closed","ping_status":"closed","template":"","meta":[],"product_brand":[],"product_cat":[303,56,55],"product_tag":[94,312],"class_list":{"0":"post-25980","1":"product","2":"type-product","3":"status-publish","6":"product_cat-primavera-verao-2024","7":"product_cat-babygrows-menina","8":"product_cat-babygrows-menino","9":"product_tag-babygrow","10":"product_tag-babygrow-de-algodao","12":"first","13":"outofstock","14":"taxable","15":"shipping-taxable","16":"purchasable","17":"product-type-simple"},"yoast_head":"<!-- This site is optimized with the Yoast SEO plugin v27.0 - https:\/\/yoast.com\/product\/yoast-seo-wordpress\/ -->\n<title>Babygrow em Algod\u00e3o Vermelho - Ikisbaby Loja Online<\/title>\n<meta name=\"description\" content=\"Suave babygrow em algod\u00e3o vermelho e branco. Confort\u00e1vel fato que respeita a pele sens\u00edvel do beb\u00e9, 100% Algod\u00e3o.\" \/>\n<meta name=\"robots\" content=\"index, follow, max-snippet:-1, max-image-preview:large, max-video-preview:-1\" \/>\n<link rel=\"canonical\" href=\"https:\/\/ikisbaby.com\/index.php\/produto\/babygrow-em-algodao-vermelho-elefante\/\" \/>\n<meta property=\"og:locale\" content=\"pt_PT\" \/>\n<meta property=\"og:type\" content=\"article\" \/>\n<meta property=\"og:title\" content=\"Babygrow em Algod\u00e3o Vermelho - Ikisbaby Loja Online\" \/>\n<meta property=\"og:description\" content=\"Suave babygrow em algod\u00e3o vermelho e branco. Confort\u00e1vel fato que respeita a pele sens\u00edvel do beb\u00e9, 100% Algod\u00e3o.\" \/>\n<meta property=\"og:url\" content=\"https:\/\/ikisbaby.com\/index.php\/produto\/babygrow-em-algodao-vermelho-elefante\/\" \/>\n<meta property=\"og:site_name\" content=\"Ikisbaby\" \/>\n<meta property=\"article:publisher\" content=\"https:\/\/facebook.com\/ikisbaby\" \/>\n<meta property=\"article:modified_time\" content=\"2022-02-08T20:24:09+00:00\" \/>\n<meta property=\"og:image\" content=\"https:\/\/ikisbaby.com\/wp-content\/uploads\/2021\/04\/176214149_856423314941934_7651976204040334389_n-e1619537120440.jpg\" \/>\n\t<meta property=\"og:image:width\" content=\"600\" \/>\n\t<meta property=\"og:image:height\" content=\"600\" \/>\n\t<meta property=\"og:image:type\" content=\"image\/jpeg\" \/>\n<script type=\"application\/ld+json\" class=\"yoast-schema-graph\">{\"@context\":\"https:\/\/schema.org\",\"@graph\":[{\"@type\":\"WebPage\",\"@id\":\"https:\/\/ikisbaby.com\/index.php\/produto\/babygrow-em-algodao-vermelho-elefante\/\",\"url\":\"https:\/\/ikisbaby.com\/index.php\/produto\/babygrow-em-algodao-vermelho-elefante\/\",\"name\":\"Babygrow em Algod\u00e3o Vermelho - Ikisbaby Loja Online\",\"isPartOf\":{\"@id\":\"https:\/\/ikisbaby.com\/#website\"},\"primaryImageOfPage\":{\"@id\":\"https:\/\/ikisbaby.com\/index.php\/produto\/babygrow-em-algodao-vermelho-elefante\/#primaryimage\"},\"image\":{\"@id\":\"https:\/\/ikisbaby.com\/index.php\/produto\/babygrow-em-algodao-vermelho-elefante\/#primaryimage\"},\"thumbnailUrl\":\"https:\/\/ikisbaby.com\/wp-content\/uploads\/2021\/04\/176214149_856423314941934_7651976204040334389_n-e1619537120440.jpg\",\"datePublished\":\"2021-04-27T15:20:05+00:00\",\"dateModified\":\"2022-02-08T20:24:09+00:00\",\"description\":\"Suave babygrow em algod\u00e3o vermelho e branco. Confort\u00e1vel fato que respeita a pele sens\u00edvel do beb\u00e9, 100% Algod\u00e3o.\",\"breadcrumb\":{\"@id\":\"https:\/\/ikisbaby.com\/index.php\/produto\/babygrow-em-algodao-vermelho-elefante\/#breadcrumb\"},\"inLanguage\":\"pt-PT\",\"potentialAction\":[{\"@type\":\"ReadAction\",\"target\":[\"https:\/\/ikisbaby.com\/index.php\/produto\/babygrow-em-algodao-vermelho-elefante\/\"]}]},{\"@type\":\"ImageObject\",\"inLanguage\":\"pt-PT\",\"@id\":\"https:\/\/ikisbaby.com\/index.php\/produto\/babygrow-em-algodao-vermelho-elefante\/#primaryimage\",\"url\":\"https:\/\/ikisbaby.com\/wp-content\/uploads\/2021\/04\/176214149_856423314941934_7651976204040334389_n-e1619537120440.jpg\",\"contentUrl\":\"https:\/\/ikisbaby.com\/wp-content\/uploads\/2021\/04\/176214149_856423314941934_7651976204040334389_n-e1619537120440.jpg\",\"width\":600,\"height\":600,\"caption\":\"babygrow algod\u00e3o vermelho\"},{\"@type\":\"BreadcrumbList\",\"@id\":\"https:\/\/ikisbaby.com\/index.php\/produto\/babygrow-em-algodao-vermelho-elefante\/#breadcrumb\",\"itemListElement\":[{\"@type\":\"ListItem\",\"position\":1,\"name\":\"In\u00edcio\",\"item\":\"https:\/\/ikisbaby.com\/\"},{\"@type\":\"ListItem\",\"position\":2,\"name\":\"Loja\",\"item\":\"https:\/\/ikisbaby.com\/index.php\/loja-roupa-para-bebe\/\"},{\"@type\":\"ListItem\",\"position\":3,\"name\":\"Babygrow em Algod\u00e3o Vermelho\"}]},{\"@type\":\"WebSite\",\"@id\":\"https:\/\/ikisbaby.com\/#website\",\"url\":\"https:\/\/ikisbaby.com\/\",\"name\":\"Ikisbaby\",\"description\":\"Loja Online para Beb\u00e9\",\"publisher\":{\"@id\":\"https:\/\/ikisbaby.com\/#organization\"},\"potentialAction\":[{\"@type\":\"SearchAction\",\"target\":{\"@type\":\"EntryPoint\",\"urlTemplate\":\"https:\/\/ikisbaby.com\/?s={search_term_string}\"},\"query-input\":{\"@type\":\"PropertyValueSpecification\",\"valueRequired\":true,\"valueName\":\"search_term_string\"}}],\"inLanguage\":\"pt-PT\"},{\"@type\":\"Organization\",\"@id\":\"https:\/\/ikisbaby.com\/#organization\",\"name\":\"Ikisbaby\",\"url\":\"https:\/\/ikisbaby.com\/\",\"logo\":{\"@type\":\"ImageObject\",\"inLanguage\":\"pt-PT\",\"@id\":\"https:\/\/ikisbaby.com\/#\/schema\/logo\/image\/\",\"url\":\"https:\/\/ikisbaby.com\/wp-content\/uploads\/2019\/02\/favicon.png\",\"contentUrl\":\"https:\/\/ikisbaby.com\/wp-content\/uploads\/2019\/02\/favicon.png\",\"width\":512,\"height\":512,\"caption\":\"Ikisbaby\"},\"image\":{\"@id\":\"https:\/\/ikisbaby.com\/#\/schema\/logo\/image\/\"},\"sameAs\":[\"https:\/\/facebook.com\/ikisbaby\",\"https:\/\/www.instagram.com\/ikisbaby\/\"]}]}<\/script>\n<!-- \/ Yoast SEO plugin. -->","yoast_head_json":{"title":"Babygrow em Algod\u00e3o Vermelho - Ikisbaby Loja Online","description":"Suave babygrow em algod\u00e3o vermelho e branco. Confort\u00e1vel fato que respeita a pele sens\u00edvel do beb\u00e9, 100% Algod\u00e3o.","robots":{"index":"index","follow":"follow","max-snippet":"max-snippet:-1","max-image-preview":"max-image-preview:large","max-video-preview":"max-video-preview:-1"},"canonical":"https:\/\/ikisbaby.com\/index.php\/produto\/babygrow-em-algodao-vermelho-elefante\/","og_locale":"pt_PT","og_type":"article","og_title":"Babygrow em Algod\u00e3o Vermelho - Ikisbaby Loja Online","og_description":"Suave babygrow em algod\u00e3o vermelho e branco. Confort\u00e1vel fato que respeita a pele sens\u00edvel do beb\u00e9, 100% Algod\u00e3o.","og_url":"https:\/\/ikisbaby.com\/index.php\/produto\/babygrow-em-algodao-vermelho-elefante\/","og_site_name":"Ikisbaby","article_publisher":"https:\/\/facebook.com\/ikisbaby","article_modified_time":"2022-02-08T20:24:09+00:00","og_image":[{"width":600,"height":600,"url":"https:\/\/ikisbaby.com\/wp-content\/uploads\/2021\/04\/176214149_856423314941934_7651976204040334389_n-e1619537120440.jpg","type":"image\/jpeg"}],"schema":{"@context":"https:\/\/schema.org","@graph":[{"@type":"WebPage","@id":"https:\/\/ikisbaby.com\/index.php\/produto\/babygrow-em-algodao-vermelho-elefante\/","url":"https:\/\/ikisbaby.com\/index.php\/produto\/babygrow-em-algodao-vermelho-elefante\/","name":"Babygrow em Algod\u00e3o Vermelho - Ikisbaby Loja Online","isPartOf":{"@id":"https:\/\/ikisbaby.com\/#website"},"primaryImageOfPage":{"@id":"https:\/\/ikisbaby.com\/index.php\/produto\/babygrow-em-algodao-vermelho-elefante\/#primaryimage"},"image":{"@id":"https:\/\/ikisbaby.com\/index.php\/produto\/babygrow-em-algodao-vermelho-elefante\/#primaryimage"},"thumbnailUrl":"https:\/\/ikisbaby.com\/wp-content\/uploads\/2021\/04\/176214149_856423314941934_7651976204040334389_n-e1619537120440.jpg","datePublished":"2021-04-27T15:20:05+00:00","dateModified":"2022-02-08T20:24:09+00:00","description":"Suave babygrow em algod\u00e3o vermelho e branco. Confort\u00e1vel fato que respeita a pele sens\u00edvel do beb\u00e9, 100% Algod\u00e3o.","breadcrumb":{"@id":"https:\/\/ikisbaby.com\/index.php\/produto\/babygrow-em-algodao-vermelho-elefante\/#breadcrumb"},"inLanguage":"pt-PT","potentialAction":[{"@type":"ReadAction","target":["https:\/\/ikisbaby.com\/index.php\/produto\/babygrow-em-algodao-vermelho-elefante\/"]}]},{"@type":"ImageObject","inLanguage":"pt-PT","@id":"https:\/\/ikisbaby.com\/index.php\/produto\/babygrow-em-algodao-vermelho-elefante\/#primaryimage","url":"https:\/\/ikisbaby.com\/wp-content\/uploads\/2021\/04\/176214149_856423314941934_7651976204040334389_n-e1619537120440.jpg","contentUrl":"https:\/\/ikisbaby.com\/wp-content\/uploads\/2021\/04\/176214149_856423314941934_7651976204040334389_n-e1619537120440.jpg","width":600,"height":600,"caption":"babygrow algod\u00e3o vermelho"},{"@type":"BreadcrumbList","@id":"https:\/\/ikisbaby.com\/index.php\/produto\/babygrow-em-algodao-vermelho-elefante\/#breadcrumb","itemListElement":[{"@type":"ListItem","position":1,"name":"In\u00edcio","item":"https:\/\/ikisbaby.com\/"},{"@type":"ListItem","position":2,"name":"Loja","item":"https:\/\/ikisbaby.com\/index.php\/loja-roupa-para-bebe\/"},{"@type":"ListItem","position":3,"name":"Babygrow em Algod\u00e3o Vermelho"}]},{"@type":"WebSite","@id":"https:\/\/ikisbaby.com\/#website","url":"https:\/\/ikisbaby.com\/","name":"Ikisbaby","description":"Loja Online para Beb\u00e9","publisher":{"@id":"https:\/\/ikisbaby.com\/#organization"},"potentialAction":[{"@type":"SearchAction","target":{"@type":"EntryPoint","urlTemplate":"https:\/\/ikisbaby.com\/?s={search_term_string}"},"query-input":{"@type":"PropertyValueSpecification","valueRequired":true,"valueName":"search_term_string"}}],"inLanguage":"pt-PT"},{"@type":"Organization","@id":"https:\/\/ikisbaby.com\/#organization","name":"Ikisbaby","url":"https:\/\/ikisbaby.com\/","logo":{"@type":"ImageObject","inLanguage":"pt-PT","@id":"https:\/\/ikisbaby.com\/#\/schema\/logo\/image\/","url":"https:\/\/ikisbaby.com\/wp-content\/uploads\/2019\/02\/favicon.png","contentUrl":"https:\/\/ikisbaby.com\/wp-content\/uploads\/2019\/02\/favicon.png","width":512,"height":512,"caption":"Ikisbaby"},"image":{"@id":"https:\/\/ikisbaby.com\/#\/schema\/logo\/image\/"},"sameAs":["https:\/\/facebook.com\/ikisbaby","https:\/\/www.instagram.com\/ikisbaby\/"]}]}},"_links":{"self":[{"href":"https:\/\/ikisbaby.com\/index.php\/wp-json\/wp\/v2\/product\/25980","targetHints":{"allow":["GET"]}}],"collection":[{"href":"https:\/\/ikisbaby.com\/index.php\/wp-json\/wp\/v2\/product"}],"about":[{"href":"https:\/\/ikisbaby.com\/index.php\/wp-json\/wp\/v2\/types\/product"}],"replies":[{"embeddable":true,"href":"https:\/\/ikisbaby.com\/index.php\/wp-json\/wp\/v2\/comments?post=25980"}],"version-history":[{"count":1,"href":"https:\/\/ikisbaby.com\/index.php\/wp-json\/wp\/v2\/product\/25980\/revisions"}],"predecessor-version":[{"id":25982,"href":"https:\/\/ikisbaby.com\/index.php\/wp-json\/wp\/v2\/product\/25980\/revisions\/25982"}],"wp:featuredmedia":[{"embeddable":true,"href":"https:\/\/ikisbaby.com\/index.php\/wp-json\/wp\/v2\/media\/25981"}],"wp:attachment":[{"href":"https:\/\/ikisbaby.com\/index.php\/wp-json\/wp\/v2\/media?parent=25980"}],"wp:term":[{"taxonomy":"product_brand","embeddable":true,"href":"https:\/\/ikisbaby.com\/index.php\/wp-json\/wp\/v2\/product_brand?post=25980"},{"taxonomy":"product_cat","embeddable":true,"href":"https:\/\/ikisbaby.com\/index.php\/wp-json\/wp\/v2\/product_cat?post=25980"},{"taxonomy":"product_tag","embeddable":true,"href":"https:\/\/ikisbaby.com\/index.php\/wp-json\/wp\/v2\/product_tag?post=25980"}],"curies":[{"name":"wp","href":"https:\/\/api.w.org\/{rel}","templated":true}]}}