{"id":25897,"date":"2023-08-16T17:22:51","date_gmt":"2023-08-16T16:22:51","guid":{"rendered":"https:\/\/ikisbaby.com\/?post_type=product&#038;p=25897"},"modified":"2024-07-03T14:33:18","modified_gmt":"2024-07-03T13:33:18","slug":"babete-bebe-principe","status":"publish","type":"product","link":"https:\/\/ikisbaby.com\/index.php\/produto\/babete-bebe-principe\/","title":{"rendered":"Babete para Beb\u00e9 Pr\u00edncipe"},"content":{"rendered":"<p>Babete para beb\u00e9 com frase bordada: &#8221; Sou o pr\u00edncipe da minha casa&#8221;<\/p>\n<ul>\n<li>100% Algod\u00e3o<\/li>\n<li>Lav\u00e1vel e duradouro<\/li>\n<li>Respeita a pele sens\u00edvel do beb\u00e9<\/li>\n<\/ul>\n<p>Este babete n\u00e3o \u00e9 apenas uma pe\u00e7a de roupa funcional, mas tamb\u00e9m uma declara\u00e7\u00e3o de realeza para o seu beb\u00e9.<\/p>\n<p>&nbsp;<\/p>\n","protected":false},"excerpt":{"rendered":"<p>Babete para beb\u00e9 com frase bordada: &#8221; Sou o pr\u00edncipe da minha casa&#8221;<\/p>\n<ul>\n<li>100% Algod\u00e3o<\/li>\n<li>Dimens\u00f5es 21 cm x 18 cm<\/li>\n<\/ul>\n<p>Protege a roupinha contra manchas de uma forma muito fofinha.<\/p>\n","protected":false},"featured_media":25902,"comment_status":"closed","ping_status":"closed","template":"","meta":[],"product_brand":[],"product_cat":[67],"product_tag":[96],"class_list":{"0":"post-25897","1":"product","2":"type-product","3":"status-publish","6":"product_cat-babetes","7":"product_tag-babete","9":"first","10":"instock","11":"taxable","12":"shipping-taxable","13":"purchasable","14":"product-type-simple"},"yoast_head":"<!-- This site is optimized with the Yoast SEO plugin v27.0 - https:\/\/yoast.com\/product\/yoast-seo-wordpress\/ -->\n<title>Babete para Beb\u00e9 Pr\u00edncipe - Ikisbaby Loja Online<\/title>\n<meta name=\"description\" content=\"Babete para beb\u00e9 em algod\u00e3o bordado com a frase: &quot;Sou o pr\u00edncipe da minha casa&quot;. Babete ador\u00e1vel que \u00e9 tamb\u00e9m uma declara\u00e7\u00e3o de realeza para o seu beb\u00e9.\" \/>\n<meta name=\"robots\" content=\"index, follow, max-snippet:-1, max-image-preview:large, max-video-preview:-1\" \/>\n<link rel=\"canonical\" href=\"https:\/\/ikisbaby.com\/index.php\/produto\/babete-bebe-principe\/\" \/>\n<meta property=\"og:locale\" content=\"pt_PT\" \/>\n<meta property=\"og:type\" content=\"article\" \/>\n<meta property=\"og:title\" content=\"Babete para Beb\u00e9 Pr\u00edncipe - Ikisbaby Loja Online\" \/>\n<meta property=\"og:description\" content=\"Babete para beb\u00e9 em algod\u00e3o bordado com a frase: &quot;Sou o pr\u00edncipe da minha casa&quot;. Babete ador\u00e1vel que \u00e9 tamb\u00e9m uma declara\u00e7\u00e3o de realeza para o seu beb\u00e9.\" \/>\n<meta property=\"og:url\" content=\"https:\/\/ikisbaby.com\/index.php\/produto\/babete-bebe-principe\/\" \/>\n<meta property=\"og:site_name\" content=\"Ikisbaby\" \/>\n<meta property=\"article:publisher\" content=\"https:\/\/facebook.com\/ikisbaby\" \/>\n<meta property=\"article:modified_time\" content=\"2024-07-03T13:33:18+00:00\" \/>\n<meta property=\"og:image\" content=\"https:\/\/ikisbaby.com\/wp-content\/uploads\/2021\/04\/IMG_20210416_145549-02-e1618590684643.jpeg\" \/>\n\t<meta property=\"og:image:width\" content=\"600\" \/>\n\t<meta property=\"og:image:height\" content=\"600\" \/>\n\t<meta property=\"og:image:type\" content=\"image\/jpeg\" \/>\n<script type=\"application\/ld+json\" class=\"yoast-schema-graph\">{\"@context\":\"https:\/\/schema.org\",\"@graph\":[{\"@type\":\"WebPage\",\"@id\":\"https:\/\/ikisbaby.com\/index.php\/produto\/babete-bebe-principe\/\",\"url\":\"https:\/\/ikisbaby.com\/index.php\/produto\/babete-bebe-principe\/\",\"name\":\"Babete para Beb\u00e9 Pr\u00edncipe - Ikisbaby Loja Online\",\"isPartOf\":{\"@id\":\"https:\/\/ikisbaby.com\/#website\"},\"primaryImageOfPage\":{\"@id\":\"https:\/\/ikisbaby.com\/index.php\/produto\/babete-bebe-principe\/#primaryimage\"},\"image\":{\"@id\":\"https:\/\/ikisbaby.com\/index.php\/produto\/babete-bebe-principe\/#primaryimage\"},\"thumbnailUrl\":\"https:\/\/ikisbaby.com\/wp-content\/uploads\/2021\/04\/IMG_20210416_145549-02-e1618590684643.jpeg\",\"datePublished\":\"2023-08-16T16:22:51+00:00\",\"dateModified\":\"2024-07-03T13:33:18+00:00\",\"description\":\"Babete para beb\u00e9 em algod\u00e3o bordado com a frase: \\\"Sou o pr\u00edncipe da minha casa\\\". Babete ador\u00e1vel que \u00e9 tamb\u00e9m uma declara\u00e7\u00e3o de realeza para o seu beb\u00e9.\",\"breadcrumb\":{\"@id\":\"https:\/\/ikisbaby.com\/index.php\/produto\/babete-bebe-principe\/#breadcrumb\"},\"inLanguage\":\"pt-PT\",\"potentialAction\":[{\"@type\":\"ReadAction\",\"target\":[\"https:\/\/ikisbaby.com\/index.php\/produto\/babete-bebe-principe\/\"]}]},{\"@type\":\"ImageObject\",\"inLanguage\":\"pt-PT\",\"@id\":\"https:\/\/ikisbaby.com\/index.php\/produto\/babete-bebe-principe\/#primaryimage\",\"url\":\"https:\/\/ikisbaby.com\/wp-content\/uploads\/2021\/04\/IMG_20210416_145549-02-e1618590684643.jpeg\",\"contentUrl\":\"https:\/\/ikisbaby.com\/wp-content\/uploads\/2021\/04\/IMG_20210416_145549-02-e1618590684643.jpeg\",\"width\":600,\"height\":600,\"caption\":\"babete beb\u00e9 algod\u00e3o\"},{\"@type\":\"BreadcrumbList\",\"@id\":\"https:\/\/ikisbaby.com\/index.php\/produto\/babete-bebe-principe\/#breadcrumb\",\"itemListElement\":[{\"@type\":\"ListItem\",\"position\":1,\"name\":\"In\u00edcio\",\"item\":\"https:\/\/ikisbaby.com\/\"},{\"@type\":\"ListItem\",\"position\":2,\"name\":\"Loja\",\"item\":\"https:\/\/ikisbaby.com\/index.php\/loja-roupa-para-bebe\/\"},{\"@type\":\"ListItem\",\"position\":3,\"name\":\"Babete para Beb\u00e9 Pr\u00edncipe\"}]},{\"@type\":\"WebSite\",\"@id\":\"https:\/\/ikisbaby.com\/#website\",\"url\":\"https:\/\/ikisbaby.com\/\",\"name\":\"Ikisbaby\",\"description\":\"Loja Online para Beb\u00e9\",\"publisher\":{\"@id\":\"https:\/\/ikisbaby.com\/#organization\"},\"potentialAction\":[{\"@type\":\"SearchAction\",\"target\":{\"@type\":\"EntryPoint\",\"urlTemplate\":\"https:\/\/ikisbaby.com\/?s={search_term_string}\"},\"query-input\":{\"@type\":\"PropertyValueSpecification\",\"valueRequired\":true,\"valueName\":\"search_term_string\"}}],\"inLanguage\":\"pt-PT\"},{\"@type\":\"Organization\",\"@id\":\"https:\/\/ikisbaby.com\/#organization\",\"name\":\"Ikisbaby\",\"url\":\"https:\/\/ikisbaby.com\/\",\"logo\":{\"@type\":\"ImageObject\",\"inLanguage\":\"pt-PT\",\"@id\":\"https:\/\/ikisbaby.com\/#\/schema\/logo\/image\/\",\"url\":\"https:\/\/ikisbaby.com\/wp-content\/uploads\/2019\/02\/favicon.png\",\"contentUrl\":\"https:\/\/ikisbaby.com\/wp-content\/uploads\/2019\/02\/favicon.png\",\"width\":512,\"height\":512,\"caption\":\"Ikisbaby\"},\"image\":{\"@id\":\"https:\/\/ikisbaby.com\/#\/schema\/logo\/image\/\"},\"sameAs\":[\"https:\/\/facebook.com\/ikisbaby\",\"https:\/\/www.instagram.com\/ikisbaby\/\"]}]}<\/script>\n<!-- \/ Yoast SEO plugin. -->","yoast_head_json":{"title":"Babete para Beb\u00e9 Pr\u00edncipe - Ikisbaby Loja Online","description":"Babete para beb\u00e9 em algod\u00e3o bordado com a frase: \"Sou o pr\u00edncipe da minha casa\". Babete ador\u00e1vel que \u00e9 tamb\u00e9m uma declara\u00e7\u00e3o de realeza para o seu beb\u00e9.","robots":{"index":"index","follow":"follow","max-snippet":"max-snippet:-1","max-image-preview":"max-image-preview:large","max-video-preview":"max-video-preview:-1"},"canonical":"https:\/\/ikisbaby.com\/index.php\/produto\/babete-bebe-principe\/","og_locale":"pt_PT","og_type":"article","og_title":"Babete para Beb\u00e9 Pr\u00edncipe - Ikisbaby Loja Online","og_description":"Babete para beb\u00e9 em algod\u00e3o bordado com a frase: \"Sou o pr\u00edncipe da minha casa\". Babete ador\u00e1vel que \u00e9 tamb\u00e9m uma declara\u00e7\u00e3o de realeza para o seu beb\u00e9.","og_url":"https:\/\/ikisbaby.com\/index.php\/produto\/babete-bebe-principe\/","og_site_name":"Ikisbaby","article_publisher":"https:\/\/facebook.com\/ikisbaby","article_modified_time":"2024-07-03T13:33:18+00:00","og_image":[{"width":600,"height":600,"url":"https:\/\/ikisbaby.com\/wp-content\/uploads\/2021\/04\/IMG_20210416_145549-02-e1618590684643.jpeg","type":"image\/jpeg"}],"schema":{"@context":"https:\/\/schema.org","@graph":[{"@type":"WebPage","@id":"https:\/\/ikisbaby.com\/index.php\/produto\/babete-bebe-principe\/","url":"https:\/\/ikisbaby.com\/index.php\/produto\/babete-bebe-principe\/","name":"Babete para Beb\u00e9 Pr\u00edncipe - Ikisbaby Loja Online","isPartOf":{"@id":"https:\/\/ikisbaby.com\/#website"},"primaryImageOfPage":{"@id":"https:\/\/ikisbaby.com\/index.php\/produto\/babete-bebe-principe\/#primaryimage"},"image":{"@id":"https:\/\/ikisbaby.com\/index.php\/produto\/babete-bebe-principe\/#primaryimage"},"thumbnailUrl":"https:\/\/ikisbaby.com\/wp-content\/uploads\/2021\/04\/IMG_20210416_145549-02-e1618590684643.jpeg","datePublished":"2023-08-16T16:22:51+00:00","dateModified":"2024-07-03T13:33:18+00:00","description":"Babete para beb\u00e9 em algod\u00e3o bordado com a frase: \"Sou o pr\u00edncipe da minha casa\". Babete ador\u00e1vel que \u00e9 tamb\u00e9m uma declara\u00e7\u00e3o de realeza para o seu beb\u00e9.","breadcrumb":{"@id":"https:\/\/ikisbaby.com\/index.php\/produto\/babete-bebe-principe\/#breadcrumb"},"inLanguage":"pt-PT","potentialAction":[{"@type":"ReadAction","target":["https:\/\/ikisbaby.com\/index.php\/produto\/babete-bebe-principe\/"]}]},{"@type":"ImageObject","inLanguage":"pt-PT","@id":"https:\/\/ikisbaby.com\/index.php\/produto\/babete-bebe-principe\/#primaryimage","url":"https:\/\/ikisbaby.com\/wp-content\/uploads\/2021\/04\/IMG_20210416_145549-02-e1618590684643.jpeg","contentUrl":"https:\/\/ikisbaby.com\/wp-content\/uploads\/2021\/04\/IMG_20210416_145549-02-e1618590684643.jpeg","width":600,"height":600,"caption":"babete beb\u00e9 algod\u00e3o"},{"@type":"BreadcrumbList","@id":"https:\/\/ikisbaby.com\/index.php\/produto\/babete-bebe-principe\/#breadcrumb","itemListElement":[{"@type":"ListItem","position":1,"name":"In\u00edcio","item":"https:\/\/ikisbaby.com\/"},{"@type":"ListItem","position":2,"name":"Loja","item":"https:\/\/ikisbaby.com\/index.php\/loja-roupa-para-bebe\/"},{"@type":"ListItem","position":3,"name":"Babete para Beb\u00e9 Pr\u00edncipe"}]},{"@type":"WebSite","@id":"https:\/\/ikisbaby.com\/#website","url":"https:\/\/ikisbaby.com\/","name":"Ikisbaby","description":"Loja Online para Beb\u00e9","publisher":{"@id":"https:\/\/ikisbaby.com\/#organization"},"potentialAction":[{"@type":"SearchAction","target":{"@type":"EntryPoint","urlTemplate":"https:\/\/ikisbaby.com\/?s={search_term_string}"},"query-input":{"@type":"PropertyValueSpecification","valueRequired":true,"valueName":"search_term_string"}}],"inLanguage":"pt-PT"},{"@type":"Organization","@id":"https:\/\/ikisbaby.com\/#organization","name":"Ikisbaby","url":"https:\/\/ikisbaby.com\/","logo":{"@type":"ImageObject","inLanguage":"pt-PT","@id":"https:\/\/ikisbaby.com\/#\/schema\/logo\/image\/","url":"https:\/\/ikisbaby.com\/wp-content\/uploads\/2019\/02\/favicon.png","contentUrl":"https:\/\/ikisbaby.com\/wp-content\/uploads\/2019\/02\/favicon.png","width":512,"height":512,"caption":"Ikisbaby"},"image":{"@id":"https:\/\/ikisbaby.com\/#\/schema\/logo\/image\/"},"sameAs":["https:\/\/facebook.com\/ikisbaby","https:\/\/www.instagram.com\/ikisbaby\/"]}]}},"_links":{"self":[{"href":"https:\/\/ikisbaby.com\/index.php\/wp-json\/wp\/v2\/product\/25897","targetHints":{"allow":["GET"]}}],"collection":[{"href":"https:\/\/ikisbaby.com\/index.php\/wp-json\/wp\/v2\/product"}],"about":[{"href":"https:\/\/ikisbaby.com\/index.php\/wp-json\/wp\/v2\/types\/product"}],"replies":[{"embeddable":true,"href":"https:\/\/ikisbaby.com\/index.php\/wp-json\/wp\/v2\/comments?post=25897"}],"version-history":[{"count":2,"href":"https:\/\/ikisbaby.com\/index.php\/wp-json\/wp\/v2\/product\/25897\/revisions"}],"predecessor-version":[{"id":28325,"href":"https:\/\/ikisbaby.com\/index.php\/wp-json\/wp\/v2\/product\/25897\/revisions\/28325"}],"wp:featuredmedia":[{"embeddable":true,"href":"https:\/\/ikisbaby.com\/index.php\/wp-json\/wp\/v2\/media\/25902"}],"wp:attachment":[{"href":"https:\/\/ikisbaby.com\/index.php\/wp-json\/wp\/v2\/media?parent=25897"}],"wp:term":[{"taxonomy":"product_brand","embeddable":true,"href":"https:\/\/ikisbaby.com\/index.php\/wp-json\/wp\/v2\/product_brand?post=25897"},{"taxonomy":"product_cat","embeddable":true,"href":"https:\/\/ikisbaby.com\/index.php\/wp-json\/wp\/v2\/product_cat?post=25897"},{"taxonomy":"product_tag","embeddable":true,"href":"https:\/\/ikisbaby.com\/index.php\/wp-json\/wp\/v2\/product_tag?post=25897"}],"curies":[{"name":"wp","href":"https:\/\/api.w.org\/{rel}","templated":true}]}}