{"id":25554,"date":"2021-01-15T23:56:01","date_gmt":"2021-01-15T23:56:01","guid":{"rendered":"https:\/\/ikisbaby.com\/?post_type=product&#038;p=25554"},"modified":"2024-07-09T14:19:15","modified_gmt":"2024-07-09T13:19:15","slug":"meias-antiderrapantes-menina-ourico","status":"publish","type":"product","link":"https:\/\/ikisbaby.com\/index.php\/produto\/meias-antiderrapantes-menina-ourico\/","title":{"rendered":"Meias Antiderrapantes Menina Ouri\u00e7o"},"content":{"rendered":"<h3 class=\"pdp-title no-margin\">Meias Antiderrapantes Menina Ouri\u00e7o<\/h3>\n<p>Perfeitas para os primeiros passos e mais tarde para correr pela casa com todo o conforto e seguran\u00e7a. Decoradas com motivos de ouri\u00e7os.<\/p>\n<ul>\n<li>90% Algod\u00e3o<\/li>\n<li>10% Poli\u00e9ster (piso antiderrapante)<\/li>\n<\/ul>\n","protected":false},"excerpt":{"rendered":"<h3 class=\"pdp-title no-margin\">Meias Antiderrapantes para menina em Algod\u00e3o. Tema ouri\u00e7os.<\/h3>\n<p>Perfeitas para correr pela casa com todo o conforto e seguran\u00e7a.<\/p>\n<ul>\n<li>90% Algod\u00e3o<\/li>\n<li>10% Poli\u00e9ster (piso antiderrapante)<\/li>\n<\/ul>\n","protected":false},"featured_media":25557,"comment_status":"closed","ping_status":"closed","template":"","meta":[],"product_brand":[],"product_cat":[654,54],"product_tag":[99],"class_list":{"0":"post-25554","1":"product","2":"type-product","3":"status-publish","6":"product_cat-meias-antiderrapantes","7":"product_cat-roupa-bebe-menina","8":"product_tag-meias","10":"first","11":"instock","12":"taxable","13":"shipping-taxable","14":"purchasable","15":"product-type-variable"},"yoast_head":"<!-- This site is optimized with the Yoast SEO plugin v27.0 - https:\/\/yoast.com\/product\/yoast-seo-wordpress\/ -->\n<title>Meias Antiderrapantes Menina Ouri\u00e7o - Ikisbaby Loja Online<\/title>\n<meta name=\"description\" content=\"Meias Antiderrapantes para menina, tema ouri\u00e7o em Algod\u00e3o. Perfeitas para correr pela casa com todo o conforto e seguran\u00e7a.\" \/>\n<meta name=\"robots\" content=\"index, follow, max-snippet:-1, max-image-preview:large, max-video-preview:-1\" \/>\n<link rel=\"canonical\" href=\"https:\/\/ikisbaby.com\/index.php\/produto\/meias-antiderrapantes-menina-ourico\/\" \/>\n<meta property=\"og:locale\" content=\"pt_PT\" \/>\n<meta property=\"og:type\" content=\"article\" \/>\n<meta property=\"og:title\" content=\"Meias Antiderrapantes Menina Ouri\u00e7o - Ikisbaby Loja Online\" \/>\n<meta property=\"og:description\" content=\"Meias Antiderrapantes para menina, tema ouri\u00e7o em Algod\u00e3o. Perfeitas para correr pela casa com todo o conforto e seguran\u00e7a.\" \/>\n<meta property=\"og:url\" content=\"https:\/\/ikisbaby.com\/index.php\/produto\/meias-antiderrapantes-menina-ourico\/\" \/>\n<meta property=\"og:site_name\" content=\"Ikisbaby\" \/>\n<meta property=\"article:publisher\" content=\"https:\/\/facebook.com\/ikisbaby\" \/>\n<meta property=\"article:modified_time\" content=\"2024-07-09T13:19:15+00:00\" \/>\n<meta property=\"og:image\" content=\"https:\/\/ikisbaby.com\/wp-content\/uploads\/2021\/01\/IMG_20210114_222549-01.jpeg\" \/>\n\t<meta property=\"og:image:width\" content=\"2018\" \/>\n\t<meta property=\"og:image:height\" content=\"2018\" \/>\n\t<meta property=\"og:image:type\" content=\"image\/jpeg\" \/>\n<script type=\"application\/ld+json\" class=\"yoast-schema-graph\">{\"@context\":\"https:\/\/schema.org\",\"@graph\":[{\"@type\":\"WebPage\",\"@id\":\"https:\/\/ikisbaby.com\/index.php\/produto\/meias-antiderrapantes-menina-ourico\/\",\"url\":\"https:\/\/ikisbaby.com\/index.php\/produto\/meias-antiderrapantes-menina-ourico\/\",\"name\":\"Meias Antiderrapantes Menina Ouri\u00e7o - Ikisbaby Loja Online\",\"isPartOf\":{\"@id\":\"https:\/\/ikisbaby.com\/#website\"},\"primaryImageOfPage\":{\"@id\":\"https:\/\/ikisbaby.com\/index.php\/produto\/meias-antiderrapantes-menina-ourico\/#primaryimage\"},\"image\":{\"@id\":\"https:\/\/ikisbaby.com\/index.php\/produto\/meias-antiderrapantes-menina-ourico\/#primaryimage\"},\"thumbnailUrl\":\"https:\/\/ikisbaby.com\/wp-content\/uploads\/2021\/01\/IMG_20210114_222549-01.jpeg\",\"datePublished\":\"2021-01-15T23:56:01+00:00\",\"dateModified\":\"2024-07-09T13:19:15+00:00\",\"description\":\"Meias Antiderrapantes para menina, tema ouri\u00e7o em Algod\u00e3o. Perfeitas para correr pela casa com todo o conforto e seguran\u00e7a.\",\"breadcrumb\":{\"@id\":\"https:\/\/ikisbaby.com\/index.php\/produto\/meias-antiderrapantes-menina-ourico\/#breadcrumb\"},\"inLanguage\":\"pt-PT\",\"potentialAction\":[{\"@type\":\"ReadAction\",\"target\":[\"https:\/\/ikisbaby.com\/index.php\/produto\/meias-antiderrapantes-menina-ourico\/\"]}]},{\"@type\":\"ImageObject\",\"inLanguage\":\"pt-PT\",\"@id\":\"https:\/\/ikisbaby.com\/index.php\/produto\/meias-antiderrapantes-menina-ourico\/#primaryimage\",\"url\":\"https:\/\/ikisbaby.com\/wp-content\/uploads\/2021\/01\/IMG_20210114_222549-01.jpeg\",\"contentUrl\":\"https:\/\/ikisbaby.com\/wp-content\/uploads\/2021\/01\/IMG_20210114_222549-01.jpeg\",\"width\":2018,\"height\":2018,\"caption\":\"meias antiderrapantes menina ouri\u00e7o\"},{\"@type\":\"BreadcrumbList\",\"@id\":\"https:\/\/ikisbaby.com\/index.php\/produto\/meias-antiderrapantes-menina-ourico\/#breadcrumb\",\"itemListElement\":[{\"@type\":\"ListItem\",\"position\":1,\"name\":\"In\u00edcio\",\"item\":\"https:\/\/ikisbaby.com\/\"},{\"@type\":\"ListItem\",\"position\":2,\"name\":\"Loja\",\"item\":\"https:\/\/ikisbaby.com\/index.php\/loja-roupa-para-bebe\/\"},{\"@type\":\"ListItem\",\"position\":3,\"name\":\"Meias Antiderrapantes Menina Ouri\u00e7o\"}]},{\"@type\":\"WebSite\",\"@id\":\"https:\/\/ikisbaby.com\/#website\",\"url\":\"https:\/\/ikisbaby.com\/\",\"name\":\"Ikisbaby\",\"description\":\"Loja Online para Beb\u00e9\",\"publisher\":{\"@id\":\"https:\/\/ikisbaby.com\/#organization\"},\"potentialAction\":[{\"@type\":\"SearchAction\",\"target\":{\"@type\":\"EntryPoint\",\"urlTemplate\":\"https:\/\/ikisbaby.com\/?s={search_term_string}\"},\"query-input\":{\"@type\":\"PropertyValueSpecification\",\"valueRequired\":true,\"valueName\":\"search_term_string\"}}],\"inLanguage\":\"pt-PT\"},{\"@type\":\"Organization\",\"@id\":\"https:\/\/ikisbaby.com\/#organization\",\"name\":\"Ikisbaby\",\"url\":\"https:\/\/ikisbaby.com\/\",\"logo\":{\"@type\":\"ImageObject\",\"inLanguage\":\"pt-PT\",\"@id\":\"https:\/\/ikisbaby.com\/#\/schema\/logo\/image\/\",\"url\":\"https:\/\/ikisbaby.com\/wp-content\/uploads\/2019\/02\/favicon.png\",\"contentUrl\":\"https:\/\/ikisbaby.com\/wp-content\/uploads\/2019\/02\/favicon.png\",\"width\":512,\"height\":512,\"caption\":\"Ikisbaby\"},\"image\":{\"@id\":\"https:\/\/ikisbaby.com\/#\/schema\/logo\/image\/\"},\"sameAs\":[\"https:\/\/facebook.com\/ikisbaby\",\"https:\/\/www.instagram.com\/ikisbaby\/\"]}]}<\/script>\n<!-- \/ Yoast SEO plugin. -->","yoast_head_json":{"title":"Meias Antiderrapantes Menina Ouri\u00e7o - Ikisbaby Loja Online","description":"Meias Antiderrapantes para menina, tema ouri\u00e7o em Algod\u00e3o. Perfeitas para correr pela casa com todo o conforto e seguran\u00e7a.","robots":{"index":"index","follow":"follow","max-snippet":"max-snippet:-1","max-image-preview":"max-image-preview:large","max-video-preview":"max-video-preview:-1"},"canonical":"https:\/\/ikisbaby.com\/index.php\/produto\/meias-antiderrapantes-menina-ourico\/","og_locale":"pt_PT","og_type":"article","og_title":"Meias Antiderrapantes Menina Ouri\u00e7o - Ikisbaby Loja Online","og_description":"Meias Antiderrapantes para menina, tema ouri\u00e7o em Algod\u00e3o. Perfeitas para correr pela casa com todo o conforto e seguran\u00e7a.","og_url":"https:\/\/ikisbaby.com\/index.php\/produto\/meias-antiderrapantes-menina-ourico\/","og_site_name":"Ikisbaby","article_publisher":"https:\/\/facebook.com\/ikisbaby","article_modified_time":"2024-07-09T13:19:15+00:00","og_image":[{"width":2018,"height":2018,"url":"https:\/\/ikisbaby.com\/wp-content\/uploads\/2021\/01\/IMG_20210114_222549-01.jpeg","type":"image\/jpeg"}],"schema":{"@context":"https:\/\/schema.org","@graph":[{"@type":"WebPage","@id":"https:\/\/ikisbaby.com\/index.php\/produto\/meias-antiderrapantes-menina-ourico\/","url":"https:\/\/ikisbaby.com\/index.php\/produto\/meias-antiderrapantes-menina-ourico\/","name":"Meias Antiderrapantes Menina Ouri\u00e7o - Ikisbaby Loja Online","isPartOf":{"@id":"https:\/\/ikisbaby.com\/#website"},"primaryImageOfPage":{"@id":"https:\/\/ikisbaby.com\/index.php\/produto\/meias-antiderrapantes-menina-ourico\/#primaryimage"},"image":{"@id":"https:\/\/ikisbaby.com\/index.php\/produto\/meias-antiderrapantes-menina-ourico\/#primaryimage"},"thumbnailUrl":"https:\/\/ikisbaby.com\/wp-content\/uploads\/2021\/01\/IMG_20210114_222549-01.jpeg","datePublished":"2021-01-15T23:56:01+00:00","dateModified":"2024-07-09T13:19:15+00:00","description":"Meias Antiderrapantes para menina, tema ouri\u00e7o em Algod\u00e3o. Perfeitas para correr pela casa com todo o conforto e seguran\u00e7a.","breadcrumb":{"@id":"https:\/\/ikisbaby.com\/index.php\/produto\/meias-antiderrapantes-menina-ourico\/#breadcrumb"},"inLanguage":"pt-PT","potentialAction":[{"@type":"ReadAction","target":["https:\/\/ikisbaby.com\/index.php\/produto\/meias-antiderrapantes-menina-ourico\/"]}]},{"@type":"ImageObject","inLanguage":"pt-PT","@id":"https:\/\/ikisbaby.com\/index.php\/produto\/meias-antiderrapantes-menina-ourico\/#primaryimage","url":"https:\/\/ikisbaby.com\/wp-content\/uploads\/2021\/01\/IMG_20210114_222549-01.jpeg","contentUrl":"https:\/\/ikisbaby.com\/wp-content\/uploads\/2021\/01\/IMG_20210114_222549-01.jpeg","width":2018,"height":2018,"caption":"meias antiderrapantes menina ouri\u00e7o"},{"@type":"BreadcrumbList","@id":"https:\/\/ikisbaby.com\/index.php\/produto\/meias-antiderrapantes-menina-ourico\/#breadcrumb","itemListElement":[{"@type":"ListItem","position":1,"name":"In\u00edcio","item":"https:\/\/ikisbaby.com\/"},{"@type":"ListItem","position":2,"name":"Loja","item":"https:\/\/ikisbaby.com\/index.php\/loja-roupa-para-bebe\/"},{"@type":"ListItem","position":3,"name":"Meias Antiderrapantes Menina Ouri\u00e7o"}]},{"@type":"WebSite","@id":"https:\/\/ikisbaby.com\/#website","url":"https:\/\/ikisbaby.com\/","name":"Ikisbaby","description":"Loja Online para Beb\u00e9","publisher":{"@id":"https:\/\/ikisbaby.com\/#organization"},"potentialAction":[{"@type":"SearchAction","target":{"@type":"EntryPoint","urlTemplate":"https:\/\/ikisbaby.com\/?s={search_term_string}"},"query-input":{"@type":"PropertyValueSpecification","valueRequired":true,"valueName":"search_term_string"}}],"inLanguage":"pt-PT"},{"@type":"Organization","@id":"https:\/\/ikisbaby.com\/#organization","name":"Ikisbaby","url":"https:\/\/ikisbaby.com\/","logo":{"@type":"ImageObject","inLanguage":"pt-PT","@id":"https:\/\/ikisbaby.com\/#\/schema\/logo\/image\/","url":"https:\/\/ikisbaby.com\/wp-content\/uploads\/2019\/02\/favicon.png","contentUrl":"https:\/\/ikisbaby.com\/wp-content\/uploads\/2019\/02\/favicon.png","width":512,"height":512,"caption":"Ikisbaby"},"image":{"@id":"https:\/\/ikisbaby.com\/#\/schema\/logo\/image\/"},"sameAs":["https:\/\/facebook.com\/ikisbaby","https:\/\/www.instagram.com\/ikisbaby\/"]}]}},"_links":{"self":[{"href":"https:\/\/ikisbaby.com\/index.php\/wp-json\/wp\/v2\/product\/25554","targetHints":{"allow":["GET"]}}],"collection":[{"href":"https:\/\/ikisbaby.com\/index.php\/wp-json\/wp\/v2\/product"}],"about":[{"href":"https:\/\/ikisbaby.com\/index.php\/wp-json\/wp\/v2\/types\/product"}],"replies":[{"embeddable":true,"href":"https:\/\/ikisbaby.com\/index.php\/wp-json\/wp\/v2\/comments?post=25554"}],"version-history":[{"count":2,"href":"https:\/\/ikisbaby.com\/index.php\/wp-json\/wp\/v2\/product\/25554\/revisions"}],"predecessor-version":[{"id":28800,"href":"https:\/\/ikisbaby.com\/index.php\/wp-json\/wp\/v2\/product\/25554\/revisions\/28800"}],"wp:featuredmedia":[{"embeddable":true,"href":"https:\/\/ikisbaby.com\/index.php\/wp-json\/wp\/v2\/media\/25557"}],"wp:attachment":[{"href":"https:\/\/ikisbaby.com\/index.php\/wp-json\/wp\/v2\/media?parent=25554"}],"wp:term":[{"taxonomy":"product_brand","embeddable":true,"href":"https:\/\/ikisbaby.com\/index.php\/wp-json\/wp\/v2\/product_brand?post=25554"},{"taxonomy":"product_cat","embeddable":true,"href":"https:\/\/ikisbaby.com\/index.php\/wp-json\/wp\/v2\/product_cat?post=25554"},{"taxonomy":"product_tag","embeddable":true,"href":"https:\/\/ikisbaby.com\/index.php\/wp-json\/wp\/v2\/product_tag?post=25554"}],"curies":[{"name":"wp","href":"https:\/\/api.w.org\/{rel}","templated":true}]}}