{"id":25509,"date":"2021-12-03T12:10:52","date_gmt":"2021-12-03T12:10:52","guid":{"rendered":"https:\/\/ikisbaby.com\/?post_type=product&#038;p=25509"},"modified":"2022-07-10T17:53:35","modified_gmt":"2022-07-10T16:53:35","slug":"primeira-roupa-veludo-azul","status":"publish","type":"product","link":"https:\/\/ikisbaby.com\/index.php\/produto\/primeira-roupa-veludo-azul\/","title":{"rendered":"Primeira Roupa Veludo Azul Coelhinho"},"content":{"rendered":"<p>Primeira Roupa em azul ideal para rec\u00e9m-nascido.<\/p>\n<p>A compra das primeiras roupas est\u00e1 sempre cheia de d\u00favidas, mas neste conjunto completo n\u00e3o h\u00e1 como falhar.<\/p>\n<ul>\n<li>Inclui bolsa, interior de 2 pe\u00e7as , gorro e babygrow.<\/li>\n<li>Interior gorro e bolsa 100% algod\u00e3o. Babygrow\u00a0<strong>veludo<\/strong>\u00a080% Algod\u00e3o 20% Poli\u00e9ster.<\/li>\n<li>Tamanho 1 M\u00eas<\/li>\n<li>Cor azul<\/li>\n<\/ul>\n<p>&nbsp;<\/p>\n","protected":false},"excerpt":{"rendered":"<p>Primeira Roupa em azul ideal para rec\u00e9m-nascido.<\/p>\n<p>A compra das primeiras roupas est\u00e1 sempre cheia de d\u00favidas, mas neste conjunto completo n\u00e3o h\u00e1 como falhar.<\/p>\n<ul>\n<li>Inclui bolsa, interior de 2 pe\u00e7as , gorro e babygrow.<\/li>\n<li>Interior gorro e bolsa 100% algod\u00e3o. Babygrow\u00a0<strong>veludo<\/strong>\u00a080% Algod\u00e3o 20% Poli\u00e9ster.<\/li>\n<li>Tamanho 1 M\u00eas<\/li>\n<li>Cor azul<\/li>\n<\/ul>\n","protected":false},"featured_media":27227,"comment_status":"closed","ping_status":"closed","template":"","meta":[],"product_brand":[],"product_cat":[267,59],"product_tag":[103],"class_list":{"0":"post-25509","1":"product","2":"type-product","3":"status-publish","6":"product_cat-outono-inverno-2022","7":"product_cat-primeira-roupinha-de-maternidade","8":"product_tag-primeira-roupinha-de-bebe","10":"first","11":"outofstock","12":"taxable","13":"shipping-taxable","14":"product-type-variable"},"yoast_head":"<!-- This site is optimized with the Yoast SEO plugin v27.0 - https:\/\/yoast.com\/product\/yoast-seo-wordpress\/ -->\n<title>Primeira Roupa Veludo Azul Coelhinho - Ikisbaby Loja Online<\/title>\n<meta name=\"description\" content=\"Primeira Roupa veludo azul. A compra das primeiras roupas est\u00e1 sempre envolta em d\u00favidas, mas neste conjunto azul n\u00e3o h\u00e1 como falhar.\" \/>\n<meta name=\"robots\" content=\"index, follow, max-snippet:-1, max-image-preview:large, max-video-preview:-1\" \/>\n<link rel=\"canonical\" href=\"https:\/\/ikisbaby.com\/index.php\/produto\/primeira-roupa-veludo-azul\/\" \/>\n<meta property=\"og:locale\" content=\"pt_PT\" \/>\n<meta property=\"og:type\" content=\"article\" \/>\n<meta property=\"og:title\" content=\"Primeira Roupa Veludo Azul Coelhinho - Ikisbaby Loja Online\" \/>\n<meta property=\"og:description\" content=\"Primeira Roupa veludo azul. A compra das primeiras roupas est\u00e1 sempre envolta em d\u00favidas, mas neste conjunto azul n\u00e3o h\u00e1 como falhar.\" \/>\n<meta property=\"og:url\" content=\"https:\/\/ikisbaby.com\/index.php\/produto\/primeira-roupa-veludo-azul\/\" \/>\n<meta property=\"og:site_name\" content=\"Ikisbaby\" \/>\n<meta property=\"article:publisher\" content=\"https:\/\/facebook.com\/ikisbaby\" \/>\n<meta property=\"article:modified_time\" content=\"2022-07-10T16:53:35+00:00\" \/>\n<meta property=\"og:image\" content=\"https:\/\/ikisbaby.com\/wp-content\/uploads\/2021\/01\/IMG20211129111035-01-scaled-e1638536623625.jpeg\" \/>\n\t<meta property=\"og:image:width\" content=\"600\" \/>\n\t<meta property=\"og:image:height\" content=\"600\" \/>\n\t<meta property=\"og:image:type\" content=\"image\/jpeg\" \/>\n<script type=\"application\/ld+json\" class=\"yoast-schema-graph\">{\"@context\":\"https:\/\/schema.org\",\"@graph\":[{\"@type\":\"WebPage\",\"@id\":\"https:\/\/ikisbaby.com\/index.php\/produto\/primeira-roupa-veludo-azul\/\",\"url\":\"https:\/\/ikisbaby.com\/index.php\/produto\/primeira-roupa-veludo-azul\/\",\"name\":\"Primeira Roupa Veludo Azul Coelhinho - Ikisbaby Loja Online\",\"isPartOf\":{\"@id\":\"https:\/\/ikisbaby.com\/#website\"},\"primaryImageOfPage\":{\"@id\":\"https:\/\/ikisbaby.com\/index.php\/produto\/primeira-roupa-veludo-azul\/#primaryimage\"},\"image\":{\"@id\":\"https:\/\/ikisbaby.com\/index.php\/produto\/primeira-roupa-veludo-azul\/#primaryimage\"},\"thumbnailUrl\":\"https:\/\/ikisbaby.com\/wp-content\/uploads\/2021\/01\/IMG20211129111035-01-scaled-e1638536623625.jpeg\",\"datePublished\":\"2021-12-03T12:10:52+00:00\",\"dateModified\":\"2022-07-10T16:53:35+00:00\",\"description\":\"Primeira Roupa veludo azul. A compra das primeiras roupas est\u00e1 sempre envolta em d\u00favidas, mas neste conjunto azul n\u00e3o h\u00e1 como falhar.\",\"breadcrumb\":{\"@id\":\"https:\/\/ikisbaby.com\/index.php\/produto\/primeira-roupa-veludo-azul\/#breadcrumb\"},\"inLanguage\":\"pt-PT\",\"potentialAction\":[{\"@type\":\"ReadAction\",\"target\":[\"https:\/\/ikisbaby.com\/index.php\/produto\/primeira-roupa-veludo-azul\/\"]}]},{\"@type\":\"ImageObject\",\"inLanguage\":\"pt-PT\",\"@id\":\"https:\/\/ikisbaby.com\/index.php\/produto\/primeira-roupa-veludo-azul\/#primaryimage\",\"url\":\"https:\/\/ikisbaby.com\/wp-content\/uploads\/2021\/01\/IMG20211129111035-01-scaled-e1638536623625.jpeg\",\"contentUrl\":\"https:\/\/ikisbaby.com\/wp-content\/uploads\/2021\/01\/IMG20211129111035-01-scaled-e1638536623625.jpeg\",\"width\":600,\"height\":600,\"caption\":\"primeira roupa coelhinho\"},{\"@type\":\"BreadcrumbList\",\"@id\":\"https:\/\/ikisbaby.com\/index.php\/produto\/primeira-roupa-veludo-azul\/#breadcrumb\",\"itemListElement\":[{\"@type\":\"ListItem\",\"position\":1,\"name\":\"In\u00edcio\",\"item\":\"https:\/\/ikisbaby.com\/\"},{\"@type\":\"ListItem\",\"position\":2,\"name\":\"Loja\",\"item\":\"https:\/\/ikisbaby.com\/index.php\/loja-roupa-para-bebe\/\"},{\"@type\":\"ListItem\",\"position\":3,\"name\":\"Primeira Roupa Veludo Azul Coelhinho\"}]},{\"@type\":\"WebSite\",\"@id\":\"https:\/\/ikisbaby.com\/#website\",\"url\":\"https:\/\/ikisbaby.com\/\",\"name\":\"Ikisbaby\",\"description\":\"Loja Online para Beb\u00e9\",\"publisher\":{\"@id\":\"https:\/\/ikisbaby.com\/#organization\"},\"potentialAction\":[{\"@type\":\"SearchAction\",\"target\":{\"@type\":\"EntryPoint\",\"urlTemplate\":\"https:\/\/ikisbaby.com\/?s={search_term_string}\"},\"query-input\":{\"@type\":\"PropertyValueSpecification\",\"valueRequired\":true,\"valueName\":\"search_term_string\"}}],\"inLanguage\":\"pt-PT\"},{\"@type\":\"Organization\",\"@id\":\"https:\/\/ikisbaby.com\/#organization\",\"name\":\"Ikisbaby\",\"url\":\"https:\/\/ikisbaby.com\/\",\"logo\":{\"@type\":\"ImageObject\",\"inLanguage\":\"pt-PT\",\"@id\":\"https:\/\/ikisbaby.com\/#\/schema\/logo\/image\/\",\"url\":\"https:\/\/ikisbaby.com\/wp-content\/uploads\/2019\/02\/favicon.png\",\"contentUrl\":\"https:\/\/ikisbaby.com\/wp-content\/uploads\/2019\/02\/favicon.png\",\"width\":512,\"height\":512,\"caption\":\"Ikisbaby\"},\"image\":{\"@id\":\"https:\/\/ikisbaby.com\/#\/schema\/logo\/image\/\"},\"sameAs\":[\"https:\/\/facebook.com\/ikisbaby\",\"https:\/\/www.instagram.com\/ikisbaby\/\"]}]}<\/script>\n<!-- \/ Yoast SEO plugin. -->","yoast_head_json":{"title":"Primeira Roupa Veludo Azul Coelhinho - Ikisbaby Loja Online","description":"Primeira Roupa veludo azul. A compra das primeiras roupas est\u00e1 sempre envolta em d\u00favidas, mas neste conjunto azul n\u00e3o h\u00e1 como falhar.","robots":{"index":"index","follow":"follow","max-snippet":"max-snippet:-1","max-image-preview":"max-image-preview:large","max-video-preview":"max-video-preview:-1"},"canonical":"https:\/\/ikisbaby.com\/index.php\/produto\/primeira-roupa-veludo-azul\/","og_locale":"pt_PT","og_type":"article","og_title":"Primeira Roupa Veludo Azul Coelhinho - Ikisbaby Loja Online","og_description":"Primeira Roupa veludo azul. A compra das primeiras roupas est\u00e1 sempre envolta em d\u00favidas, mas neste conjunto azul n\u00e3o h\u00e1 como falhar.","og_url":"https:\/\/ikisbaby.com\/index.php\/produto\/primeira-roupa-veludo-azul\/","og_site_name":"Ikisbaby","article_publisher":"https:\/\/facebook.com\/ikisbaby","article_modified_time":"2022-07-10T16:53:35+00:00","og_image":[{"width":600,"height":600,"url":"https:\/\/ikisbaby.com\/wp-content\/uploads\/2021\/01\/IMG20211129111035-01-scaled-e1638536623625.jpeg","type":"image\/jpeg"}],"schema":{"@context":"https:\/\/schema.org","@graph":[{"@type":"WebPage","@id":"https:\/\/ikisbaby.com\/index.php\/produto\/primeira-roupa-veludo-azul\/","url":"https:\/\/ikisbaby.com\/index.php\/produto\/primeira-roupa-veludo-azul\/","name":"Primeira Roupa Veludo Azul Coelhinho - Ikisbaby Loja Online","isPartOf":{"@id":"https:\/\/ikisbaby.com\/#website"},"primaryImageOfPage":{"@id":"https:\/\/ikisbaby.com\/index.php\/produto\/primeira-roupa-veludo-azul\/#primaryimage"},"image":{"@id":"https:\/\/ikisbaby.com\/index.php\/produto\/primeira-roupa-veludo-azul\/#primaryimage"},"thumbnailUrl":"https:\/\/ikisbaby.com\/wp-content\/uploads\/2021\/01\/IMG20211129111035-01-scaled-e1638536623625.jpeg","datePublished":"2021-12-03T12:10:52+00:00","dateModified":"2022-07-10T16:53:35+00:00","description":"Primeira Roupa veludo azul. A compra das primeiras roupas est\u00e1 sempre envolta em d\u00favidas, mas neste conjunto azul n\u00e3o h\u00e1 como falhar.","breadcrumb":{"@id":"https:\/\/ikisbaby.com\/index.php\/produto\/primeira-roupa-veludo-azul\/#breadcrumb"},"inLanguage":"pt-PT","potentialAction":[{"@type":"ReadAction","target":["https:\/\/ikisbaby.com\/index.php\/produto\/primeira-roupa-veludo-azul\/"]}]},{"@type":"ImageObject","inLanguage":"pt-PT","@id":"https:\/\/ikisbaby.com\/index.php\/produto\/primeira-roupa-veludo-azul\/#primaryimage","url":"https:\/\/ikisbaby.com\/wp-content\/uploads\/2021\/01\/IMG20211129111035-01-scaled-e1638536623625.jpeg","contentUrl":"https:\/\/ikisbaby.com\/wp-content\/uploads\/2021\/01\/IMG20211129111035-01-scaled-e1638536623625.jpeg","width":600,"height":600,"caption":"primeira roupa coelhinho"},{"@type":"BreadcrumbList","@id":"https:\/\/ikisbaby.com\/index.php\/produto\/primeira-roupa-veludo-azul\/#breadcrumb","itemListElement":[{"@type":"ListItem","position":1,"name":"In\u00edcio","item":"https:\/\/ikisbaby.com\/"},{"@type":"ListItem","position":2,"name":"Loja","item":"https:\/\/ikisbaby.com\/index.php\/loja-roupa-para-bebe\/"},{"@type":"ListItem","position":3,"name":"Primeira Roupa Veludo Azul Coelhinho"}]},{"@type":"WebSite","@id":"https:\/\/ikisbaby.com\/#website","url":"https:\/\/ikisbaby.com\/","name":"Ikisbaby","description":"Loja Online para Beb\u00e9","publisher":{"@id":"https:\/\/ikisbaby.com\/#organization"},"potentialAction":[{"@type":"SearchAction","target":{"@type":"EntryPoint","urlTemplate":"https:\/\/ikisbaby.com\/?s={search_term_string}"},"query-input":{"@type":"PropertyValueSpecification","valueRequired":true,"valueName":"search_term_string"}}],"inLanguage":"pt-PT"},{"@type":"Organization","@id":"https:\/\/ikisbaby.com\/#organization","name":"Ikisbaby","url":"https:\/\/ikisbaby.com\/","logo":{"@type":"ImageObject","inLanguage":"pt-PT","@id":"https:\/\/ikisbaby.com\/#\/schema\/logo\/image\/","url":"https:\/\/ikisbaby.com\/wp-content\/uploads\/2019\/02\/favicon.png","contentUrl":"https:\/\/ikisbaby.com\/wp-content\/uploads\/2019\/02\/favicon.png","width":512,"height":512,"caption":"Ikisbaby"},"image":{"@id":"https:\/\/ikisbaby.com\/#\/schema\/logo\/image\/"},"sameAs":["https:\/\/facebook.com\/ikisbaby","https:\/\/www.instagram.com\/ikisbaby\/"]}]}},"_links":{"self":[{"href":"https:\/\/ikisbaby.com\/index.php\/wp-json\/wp\/v2\/product\/25509","targetHints":{"allow":["GET"]}}],"collection":[{"href":"https:\/\/ikisbaby.com\/index.php\/wp-json\/wp\/v2\/product"}],"about":[{"href":"https:\/\/ikisbaby.com\/index.php\/wp-json\/wp\/v2\/types\/product"}],"replies":[{"embeddable":true,"href":"https:\/\/ikisbaby.com\/index.php\/wp-json\/wp\/v2\/comments?post=25509"}],"version-history":[{"count":1,"href":"https:\/\/ikisbaby.com\/index.php\/wp-json\/wp\/v2\/product\/25509\/revisions"}],"predecessor-version":[{"id":27224,"href":"https:\/\/ikisbaby.com\/index.php\/wp-json\/wp\/v2\/product\/25509\/revisions\/27224"}],"wp:featuredmedia":[{"embeddable":true,"href":"https:\/\/ikisbaby.com\/index.php\/wp-json\/wp\/v2\/media\/27227"}],"wp:attachment":[{"href":"https:\/\/ikisbaby.com\/index.php\/wp-json\/wp\/v2\/media?parent=25509"}],"wp:term":[{"taxonomy":"product_brand","embeddable":true,"href":"https:\/\/ikisbaby.com\/index.php\/wp-json\/wp\/v2\/product_brand?post=25509"},{"taxonomy":"product_cat","embeddable":true,"href":"https:\/\/ikisbaby.com\/index.php\/wp-json\/wp\/v2\/product_cat?post=25509"},{"taxonomy":"product_tag","embeddable":true,"href":"https:\/\/ikisbaby.com\/index.php\/wp-json\/wp\/v2\/product_tag?post=25509"}],"curies":[{"name":"wp","href":"https:\/\/api.w.org\/{rel}","templated":true}]}}