{"id":25387,"date":"2020-11-25T09:43:19","date_gmt":"2020-11-25T09:43:19","guid":{"rendered":"https:\/\/ikisbaby.com\/?post_type=product&#038;p=25387"},"modified":"2024-07-10T17:54:33","modified_gmt":"2024-07-10T16:54:33","slug":"babete-bebe-ursinho","status":"publish","type":"product","link":"https:\/\/ikisbaby.com\/index.php\/produto\/babete-bebe-ursinho\/","title":{"rendered":"Babete Para Beb\u00e9 Ursinho"},"content":{"rendered":"<p>Babete para beb\u00e9 com tema ursinho.<\/p>\n<p>Protege a roupinha contra manchas de uma forma muito fofinha.<\/p>\n<p>&nbsp;<\/p>\n","protected":false},"excerpt":{"rendered":"<p>Babete para beb\u00e9 com tema ursinho.<\/p>\n<p>Protege a roupinha contra manchas de uma forma muito fofinha.<\/p>\n","protected":false},"featured_media":25388,"comment_status":"closed","ping_status":"closed","template":"","meta":[],"product_brand":[],"product_cat":[67],"product_tag":[96],"class_list":{"0":"post-25387","1":"product","2":"type-product","3":"status-publish","6":"product_cat-babetes","7":"product_tag-babete","9":"first","10":"instock","11":"taxable","12":"shipping-taxable","13":"purchasable","14":"product-type-variable"},"yoast_head":"<!-- This site is optimized with the Yoast SEO plugin v27.0 - https:\/\/yoast.com\/product\/yoast-seo-wordpress\/ -->\n<title>Babete Para Beb\u00e9 Ursinho - Ikisbaby Loja Online<\/title>\n<meta name=\"description\" content=\"Babete para beb\u00e9 com tema ursinho. Protege a roupinha contra manchas de uma forma muito fofinha. V\u00e1rias cores dispon\u00edveis. Rec\u00e9m-nascido.\" \/>\n<meta name=\"robots\" content=\"index, follow, max-snippet:-1, max-image-preview:large, max-video-preview:-1\" \/>\n<link rel=\"canonical\" href=\"https:\/\/ikisbaby.com\/index.php\/produto\/babete-bebe-ursinho\/\" \/>\n<meta property=\"og:locale\" content=\"pt_PT\" \/>\n<meta property=\"og:type\" content=\"article\" \/>\n<meta property=\"og:title\" content=\"Babete Para Beb\u00e9 Ursinho - Ikisbaby Loja Online\" \/>\n<meta property=\"og:description\" content=\"Babete para beb\u00e9 com tema ursinho. Protege a roupinha contra manchas de uma forma muito fofinha. V\u00e1rias cores dispon\u00edveis. Rec\u00e9m-nascido.\" \/>\n<meta property=\"og:url\" content=\"https:\/\/ikisbaby.com\/index.php\/produto\/babete-bebe-ursinho\/\" \/>\n<meta property=\"og:site_name\" content=\"Ikisbaby\" \/>\n<meta property=\"article:publisher\" content=\"https:\/\/facebook.com\/ikisbaby\" \/>\n<meta property=\"article:modified_time\" content=\"2024-07-10T16:54:33+00:00\" \/>\n<meta property=\"og:image\" content=\"https:\/\/ikisbaby.com\/wp-content\/uploads\/2020\/11\/IMG_20201123_230023-01-e1606297051490.jpeg\" \/>\n\t<meta property=\"og:image:width\" content=\"1080\" \/>\n\t<meta property=\"og:image:height\" content=\"1080\" \/>\n\t<meta property=\"og:image:type\" content=\"image\/jpeg\" \/>\n<script type=\"application\/ld+json\" class=\"yoast-schema-graph\">{\"@context\":\"https:\/\/schema.org\",\"@graph\":[{\"@type\":\"WebPage\",\"@id\":\"https:\/\/ikisbaby.com\/index.php\/produto\/babete-bebe-ursinho\/\",\"url\":\"https:\/\/ikisbaby.com\/index.php\/produto\/babete-bebe-ursinho\/\",\"name\":\"Babete Para Beb\u00e9 Ursinho - Ikisbaby Loja Online\",\"isPartOf\":{\"@id\":\"https:\/\/ikisbaby.com\/#website\"},\"primaryImageOfPage\":{\"@id\":\"https:\/\/ikisbaby.com\/index.php\/produto\/babete-bebe-ursinho\/#primaryimage\"},\"image\":{\"@id\":\"https:\/\/ikisbaby.com\/index.php\/produto\/babete-bebe-ursinho\/#primaryimage\"},\"thumbnailUrl\":\"https:\/\/ikisbaby.com\/wp-content\/uploads\/2020\/11\/IMG_20201123_230023-01-e1606297051490.jpeg\",\"datePublished\":\"2020-11-25T09:43:19+00:00\",\"dateModified\":\"2024-07-10T16:54:33+00:00\",\"description\":\"Babete para beb\u00e9 com tema ursinho. Protege a roupinha contra manchas de uma forma muito fofinha. V\u00e1rias cores dispon\u00edveis. Rec\u00e9m-nascido.\",\"breadcrumb\":{\"@id\":\"https:\/\/ikisbaby.com\/index.php\/produto\/babete-bebe-ursinho\/#breadcrumb\"},\"inLanguage\":\"pt-PT\",\"potentialAction\":[{\"@type\":\"ReadAction\",\"target\":[\"https:\/\/ikisbaby.com\/index.php\/produto\/babete-bebe-ursinho\/\"]}]},{\"@type\":\"ImageObject\",\"inLanguage\":\"pt-PT\",\"@id\":\"https:\/\/ikisbaby.com\/index.php\/produto\/babete-bebe-ursinho\/#primaryimage\",\"url\":\"https:\/\/ikisbaby.com\/wp-content\/uploads\/2020\/11\/IMG_20201123_230023-01-e1606297051490.jpeg\",\"contentUrl\":\"https:\/\/ikisbaby.com\/wp-content\/uploads\/2020\/11\/IMG_20201123_230023-01-e1606297051490.jpeg\",\"width\":1080,\"height\":1080,\"caption\":\"babete bebe ursinho\"},{\"@type\":\"BreadcrumbList\",\"@id\":\"https:\/\/ikisbaby.com\/index.php\/produto\/babete-bebe-ursinho\/#breadcrumb\",\"itemListElement\":[{\"@type\":\"ListItem\",\"position\":1,\"name\":\"In\u00edcio\",\"item\":\"https:\/\/ikisbaby.com\/\"},{\"@type\":\"ListItem\",\"position\":2,\"name\":\"Loja\",\"item\":\"https:\/\/ikisbaby.com\/index.php\/loja-roupa-para-bebe\/\"},{\"@type\":\"ListItem\",\"position\":3,\"name\":\"Babete Para Beb\u00e9 Ursinho\"}]},{\"@type\":\"WebSite\",\"@id\":\"https:\/\/ikisbaby.com\/#website\",\"url\":\"https:\/\/ikisbaby.com\/\",\"name\":\"Ikisbaby\",\"description\":\"Loja Online para Beb\u00e9\",\"publisher\":{\"@id\":\"https:\/\/ikisbaby.com\/#organization\"},\"potentialAction\":[{\"@type\":\"SearchAction\",\"target\":{\"@type\":\"EntryPoint\",\"urlTemplate\":\"https:\/\/ikisbaby.com\/?s={search_term_string}\"},\"query-input\":{\"@type\":\"PropertyValueSpecification\",\"valueRequired\":true,\"valueName\":\"search_term_string\"}}],\"inLanguage\":\"pt-PT\"},{\"@type\":\"Organization\",\"@id\":\"https:\/\/ikisbaby.com\/#organization\",\"name\":\"Ikisbaby\",\"url\":\"https:\/\/ikisbaby.com\/\",\"logo\":{\"@type\":\"ImageObject\",\"inLanguage\":\"pt-PT\",\"@id\":\"https:\/\/ikisbaby.com\/#\/schema\/logo\/image\/\",\"url\":\"https:\/\/ikisbaby.com\/wp-content\/uploads\/2019\/02\/favicon.png\",\"contentUrl\":\"https:\/\/ikisbaby.com\/wp-content\/uploads\/2019\/02\/favicon.png\",\"width\":512,\"height\":512,\"caption\":\"Ikisbaby\"},\"image\":{\"@id\":\"https:\/\/ikisbaby.com\/#\/schema\/logo\/image\/\"},\"sameAs\":[\"https:\/\/facebook.com\/ikisbaby\",\"https:\/\/www.instagram.com\/ikisbaby\/\"]}]}<\/script>\n<!-- \/ Yoast SEO plugin. -->","yoast_head_json":{"title":"Babete Para Beb\u00e9 Ursinho - Ikisbaby Loja Online","description":"Babete para beb\u00e9 com tema ursinho. Protege a roupinha contra manchas de uma forma muito fofinha. V\u00e1rias cores dispon\u00edveis. Rec\u00e9m-nascido.","robots":{"index":"index","follow":"follow","max-snippet":"max-snippet:-1","max-image-preview":"max-image-preview:large","max-video-preview":"max-video-preview:-1"},"canonical":"https:\/\/ikisbaby.com\/index.php\/produto\/babete-bebe-ursinho\/","og_locale":"pt_PT","og_type":"article","og_title":"Babete Para Beb\u00e9 Ursinho - Ikisbaby Loja Online","og_description":"Babete para beb\u00e9 com tema ursinho. Protege a roupinha contra manchas de uma forma muito fofinha. V\u00e1rias cores dispon\u00edveis. Rec\u00e9m-nascido.","og_url":"https:\/\/ikisbaby.com\/index.php\/produto\/babete-bebe-ursinho\/","og_site_name":"Ikisbaby","article_publisher":"https:\/\/facebook.com\/ikisbaby","article_modified_time":"2024-07-10T16:54:33+00:00","og_image":[{"width":1080,"height":1080,"url":"https:\/\/ikisbaby.com\/wp-content\/uploads\/2020\/11\/IMG_20201123_230023-01-e1606297051490.jpeg","type":"image\/jpeg"}],"schema":{"@context":"https:\/\/schema.org","@graph":[{"@type":"WebPage","@id":"https:\/\/ikisbaby.com\/index.php\/produto\/babete-bebe-ursinho\/","url":"https:\/\/ikisbaby.com\/index.php\/produto\/babete-bebe-ursinho\/","name":"Babete Para Beb\u00e9 Ursinho - Ikisbaby Loja Online","isPartOf":{"@id":"https:\/\/ikisbaby.com\/#website"},"primaryImageOfPage":{"@id":"https:\/\/ikisbaby.com\/index.php\/produto\/babete-bebe-ursinho\/#primaryimage"},"image":{"@id":"https:\/\/ikisbaby.com\/index.php\/produto\/babete-bebe-ursinho\/#primaryimage"},"thumbnailUrl":"https:\/\/ikisbaby.com\/wp-content\/uploads\/2020\/11\/IMG_20201123_230023-01-e1606297051490.jpeg","datePublished":"2020-11-25T09:43:19+00:00","dateModified":"2024-07-10T16:54:33+00:00","description":"Babete para beb\u00e9 com tema ursinho. Protege a roupinha contra manchas de uma forma muito fofinha. V\u00e1rias cores dispon\u00edveis. Rec\u00e9m-nascido.","breadcrumb":{"@id":"https:\/\/ikisbaby.com\/index.php\/produto\/babete-bebe-ursinho\/#breadcrumb"},"inLanguage":"pt-PT","potentialAction":[{"@type":"ReadAction","target":["https:\/\/ikisbaby.com\/index.php\/produto\/babete-bebe-ursinho\/"]}]},{"@type":"ImageObject","inLanguage":"pt-PT","@id":"https:\/\/ikisbaby.com\/index.php\/produto\/babete-bebe-ursinho\/#primaryimage","url":"https:\/\/ikisbaby.com\/wp-content\/uploads\/2020\/11\/IMG_20201123_230023-01-e1606297051490.jpeg","contentUrl":"https:\/\/ikisbaby.com\/wp-content\/uploads\/2020\/11\/IMG_20201123_230023-01-e1606297051490.jpeg","width":1080,"height":1080,"caption":"babete bebe ursinho"},{"@type":"BreadcrumbList","@id":"https:\/\/ikisbaby.com\/index.php\/produto\/babete-bebe-ursinho\/#breadcrumb","itemListElement":[{"@type":"ListItem","position":1,"name":"In\u00edcio","item":"https:\/\/ikisbaby.com\/"},{"@type":"ListItem","position":2,"name":"Loja","item":"https:\/\/ikisbaby.com\/index.php\/loja-roupa-para-bebe\/"},{"@type":"ListItem","position":3,"name":"Babete Para Beb\u00e9 Ursinho"}]},{"@type":"WebSite","@id":"https:\/\/ikisbaby.com\/#website","url":"https:\/\/ikisbaby.com\/","name":"Ikisbaby","description":"Loja Online para Beb\u00e9","publisher":{"@id":"https:\/\/ikisbaby.com\/#organization"},"potentialAction":[{"@type":"SearchAction","target":{"@type":"EntryPoint","urlTemplate":"https:\/\/ikisbaby.com\/?s={search_term_string}"},"query-input":{"@type":"PropertyValueSpecification","valueRequired":true,"valueName":"search_term_string"}}],"inLanguage":"pt-PT"},{"@type":"Organization","@id":"https:\/\/ikisbaby.com\/#organization","name":"Ikisbaby","url":"https:\/\/ikisbaby.com\/","logo":{"@type":"ImageObject","inLanguage":"pt-PT","@id":"https:\/\/ikisbaby.com\/#\/schema\/logo\/image\/","url":"https:\/\/ikisbaby.com\/wp-content\/uploads\/2019\/02\/favicon.png","contentUrl":"https:\/\/ikisbaby.com\/wp-content\/uploads\/2019\/02\/favicon.png","width":512,"height":512,"caption":"Ikisbaby"},"image":{"@id":"https:\/\/ikisbaby.com\/#\/schema\/logo\/image\/"},"sameAs":["https:\/\/facebook.com\/ikisbaby","https:\/\/www.instagram.com\/ikisbaby\/"]}]}},"_links":{"self":[{"href":"https:\/\/ikisbaby.com\/index.php\/wp-json\/wp\/v2\/product\/25387","targetHints":{"allow":["GET"]}}],"collection":[{"href":"https:\/\/ikisbaby.com\/index.php\/wp-json\/wp\/v2\/product"}],"about":[{"href":"https:\/\/ikisbaby.com\/index.php\/wp-json\/wp\/v2\/types\/product"}],"replies":[{"embeddable":true,"href":"https:\/\/ikisbaby.com\/index.php\/wp-json\/wp\/v2\/comments?post=25387"}],"version-history":[{"count":2,"href":"https:\/\/ikisbaby.com\/index.php\/wp-json\/wp\/v2\/product\/25387\/revisions"}],"predecessor-version":[{"id":28829,"href":"https:\/\/ikisbaby.com\/index.php\/wp-json\/wp\/v2\/product\/25387\/revisions\/28829"}],"wp:featuredmedia":[{"embeddable":true,"href":"https:\/\/ikisbaby.com\/index.php\/wp-json\/wp\/v2\/media\/25388"}],"wp:attachment":[{"href":"https:\/\/ikisbaby.com\/index.php\/wp-json\/wp\/v2\/media?parent=25387"}],"wp:term":[{"taxonomy":"product_brand","embeddable":true,"href":"https:\/\/ikisbaby.com\/index.php\/wp-json\/wp\/v2\/product_brand?post=25387"},{"taxonomy":"product_cat","embeddable":true,"href":"https:\/\/ikisbaby.com\/index.php\/wp-json\/wp\/v2\/product_cat?post=25387"},{"taxonomy":"product_tag","embeddable":true,"href":"https:\/\/ikisbaby.com\/index.php\/wp-json\/wp\/v2\/product_tag?post=25387"}],"curies":[{"name":"wp","href":"https:\/\/api.w.org\/{rel}","templated":true}]}}