{"id":25171,"date":"2020-10-29T16:43:34","date_gmt":"2020-10-29T16:43:34","guid":{"rendered":"https:\/\/ikisbaby.com\/?post_type=product&#038;p=25171"},"modified":"2023-09-14T00:30:38","modified_gmt":"2023-09-13T23:30:38","slug":"casaco-sem-pelo-malha-menino","status":"publish","type":"product","link":"https:\/\/ikisbaby.com\/index.php\/produto\/casaco-sem-pelo-malha-menino\/","title":{"rendered":"Casaco sem Pelo  Menino"},"content":{"rendered":"<p>Um casaco sem pelo, em malha, para menino. Ideal para levar para a maternidade e completar o look dos pequeninos.<\/p>\n<ul>\n<li><strong>100% Algod\u00e3o<\/strong><\/li>\n<li>Abertura total com bot\u00f5es \u00e0 frente<\/li>\n<li>Bot\u00f5es no mesmo tom<\/li>\n<li>Leve e respir\u00e1vel<\/li>\n<li>Gola redonda<\/li>\n<li>Acabamentos com barras de canelado<\/li>\n<\/ul>\n","protected":false},"excerpt":{"rendered":"<p>Um casaco sem pelo, para menino. Ideal para levar para a maternidade e completar o look dos pequeninos.<\/p>\n<ul>\n<li><strong>100% Algod\u00e3o<\/strong><\/li>\n<li>Leve e transpir\u00e1vel<\/li>\n<li>Abertura total com bot\u00f5es \u00e0 frente<\/li>\n<li>Bot\u00f5es no mesmo tom<\/li>\n<li>Gola redonda<\/li>\n<li>Acabamentos com barras de canelado<\/li>\n<\/ul>\n<p>A sa\u00fade dos beb\u00e9s em primeiro lugar, casaco produzido em puro Algod\u00e3o.<\/p>\n","protected":false},"featured_media":25181,"comment_status":"open","ping_status":"closed","template":"","meta":[],"product_brand":[],"product_cat":[641,63,64],"product_tag":[637,650],"class_list":{"0":"post-25171","1":"product","2":"type-product","3":"status-publish","6":"product_cat-malha-bebe-menino","7":"product_cat-casacos-bebe-menino","8":"product_cat-malhas","9":"product_tag-casaco-malha-bebe","10":"product_tag-novidade","12":"first","13":"instock","14":"taxable","15":"shipping-taxable","16":"purchasable","17":"product-type-variable"},"yoast_head":"<!-- This site is optimized with the Yoast SEO plugin v27.0 - https:\/\/yoast.com\/product\/yoast-seo-wordpress\/ -->\n<title>Casaco sem Pelo Menino - Ikisbaby Loja Online<\/title>\n<meta name=\"description\" content=\"Casaco sem pelo, para menino em malha algod\u00e3o. Ideal para levar para a maternidade e completar o look dos pequeninos. Cinza, azul claro e azul marinho.\" \/>\n<meta name=\"robots\" content=\"index, follow, max-snippet:-1, max-image-preview:large, max-video-preview:-1\" \/>\n<link rel=\"canonical\" href=\"https:\/\/ikisbaby.com\/index.php\/produto\/casaco-sem-pelo-malha-menino\/\" \/>\n<meta property=\"og:locale\" content=\"pt_PT\" \/>\n<meta property=\"og:type\" content=\"article\" \/>\n<meta property=\"og:title\" content=\"Casaco sem Pelo Menino - Ikisbaby Loja Online\" \/>\n<meta property=\"og:description\" content=\"Casaco sem pelo, para menino em malha algod\u00e3o. Ideal para levar para a maternidade e completar o look dos pequeninos. Cinza, azul claro e azul marinho.\" \/>\n<meta property=\"og:url\" content=\"https:\/\/ikisbaby.com\/index.php\/produto\/casaco-sem-pelo-malha-menino\/\" \/>\n<meta property=\"og:site_name\" content=\"Ikisbaby\" \/>\n<meta property=\"article:publisher\" content=\"https:\/\/facebook.com\/ikisbaby\" \/>\n<meta property=\"article:modified_time\" content=\"2023-09-13T23:30:38+00:00\" \/>\n<meta property=\"og:image\" content=\"https:\/\/ikisbaby.com\/wp-content\/uploads\/2020\/10\/IMG_20201029_145429-01-01-scaled-e1603989896959.jpeg\" \/>\n\t<meta property=\"og:image:width\" content=\"1080\" \/>\n\t<meta property=\"og:image:height\" content=\"1080\" \/>\n\t<meta property=\"og:image:type\" content=\"image\/jpeg\" \/>\n<script type=\"application\/ld+json\" class=\"yoast-schema-graph\">{\"@context\":\"https:\/\/schema.org\",\"@graph\":[{\"@type\":\"WebPage\",\"@id\":\"https:\/\/ikisbaby.com\/index.php\/produto\/casaco-sem-pelo-malha-menino\/\",\"url\":\"https:\/\/ikisbaby.com\/index.php\/produto\/casaco-sem-pelo-malha-menino\/\",\"name\":\"Casaco sem Pelo Menino - Ikisbaby Loja Online\",\"isPartOf\":{\"@id\":\"https:\/\/ikisbaby.com\/#website\"},\"primaryImageOfPage\":{\"@id\":\"https:\/\/ikisbaby.com\/index.php\/produto\/casaco-sem-pelo-malha-menino\/#primaryimage\"},\"image\":{\"@id\":\"https:\/\/ikisbaby.com\/index.php\/produto\/casaco-sem-pelo-malha-menino\/#primaryimage\"},\"thumbnailUrl\":\"https:\/\/ikisbaby.com\/wp-content\/uploads\/2020\/10\/IMG_20201029_145429-01-01-scaled-e1603989896959.jpeg\",\"datePublished\":\"2020-10-29T16:43:34+00:00\",\"dateModified\":\"2023-09-13T23:30:38+00:00\",\"description\":\"Casaco sem pelo, para menino em malha algod\u00e3o. Ideal para levar para a maternidade e completar o look dos pequeninos. Cinza, azul claro e azul marinho.\",\"breadcrumb\":{\"@id\":\"https:\/\/ikisbaby.com\/index.php\/produto\/casaco-sem-pelo-malha-menino\/#breadcrumb\"},\"inLanguage\":\"pt-PT\",\"potentialAction\":[{\"@type\":\"ReadAction\",\"target\":[\"https:\/\/ikisbaby.com\/index.php\/produto\/casaco-sem-pelo-malha-menino\/\"]}]},{\"@type\":\"ImageObject\",\"inLanguage\":\"pt-PT\",\"@id\":\"https:\/\/ikisbaby.com\/index.php\/produto\/casaco-sem-pelo-malha-menino\/#primaryimage\",\"url\":\"https:\/\/ikisbaby.com\/wp-content\/uploads\/2020\/10\/IMG_20201029_145429-01-01-scaled-e1603989896959.jpeg\",\"contentUrl\":\"https:\/\/ikisbaby.com\/wp-content\/uploads\/2020\/10\/IMG_20201029_145429-01-01-scaled-e1603989896959.jpeg\",\"width\":1080,\"height\":1080,\"caption\":\"casaco sem pelo menino\"},{\"@type\":\"BreadcrumbList\",\"@id\":\"https:\/\/ikisbaby.com\/index.php\/produto\/casaco-sem-pelo-malha-menino\/#breadcrumb\",\"itemListElement\":[{\"@type\":\"ListItem\",\"position\":1,\"name\":\"In\u00edcio\",\"item\":\"https:\/\/ikisbaby.com\/\"},{\"@type\":\"ListItem\",\"position\":2,\"name\":\"Loja\",\"item\":\"https:\/\/ikisbaby.com\/index.php\/loja-roupa-para-bebe\/\"},{\"@type\":\"ListItem\",\"position\":3,\"name\":\"Casaco sem Pelo Menino\"}]},{\"@type\":\"WebSite\",\"@id\":\"https:\/\/ikisbaby.com\/#website\",\"url\":\"https:\/\/ikisbaby.com\/\",\"name\":\"Ikisbaby\",\"description\":\"Loja Online para Beb\u00e9\",\"publisher\":{\"@id\":\"https:\/\/ikisbaby.com\/#organization\"},\"potentialAction\":[{\"@type\":\"SearchAction\",\"target\":{\"@type\":\"EntryPoint\",\"urlTemplate\":\"https:\/\/ikisbaby.com\/?s={search_term_string}\"},\"query-input\":{\"@type\":\"PropertyValueSpecification\",\"valueRequired\":true,\"valueName\":\"search_term_string\"}}],\"inLanguage\":\"pt-PT\"},{\"@type\":\"Organization\",\"@id\":\"https:\/\/ikisbaby.com\/#organization\",\"name\":\"Ikisbaby\",\"url\":\"https:\/\/ikisbaby.com\/\",\"logo\":{\"@type\":\"ImageObject\",\"inLanguage\":\"pt-PT\",\"@id\":\"https:\/\/ikisbaby.com\/#\/schema\/logo\/image\/\",\"url\":\"https:\/\/ikisbaby.com\/wp-content\/uploads\/2019\/02\/favicon.png\",\"contentUrl\":\"https:\/\/ikisbaby.com\/wp-content\/uploads\/2019\/02\/favicon.png\",\"width\":512,\"height\":512,\"caption\":\"Ikisbaby\"},\"image\":{\"@id\":\"https:\/\/ikisbaby.com\/#\/schema\/logo\/image\/\"},\"sameAs\":[\"https:\/\/facebook.com\/ikisbaby\",\"https:\/\/www.instagram.com\/ikisbaby\/\"]}]}<\/script>\n<!-- \/ Yoast SEO plugin. -->","yoast_head_json":{"title":"Casaco sem Pelo Menino - Ikisbaby Loja Online","description":"Casaco sem pelo, para menino em malha algod\u00e3o. Ideal para levar para a maternidade e completar o look dos pequeninos. Cinza, azul claro e azul marinho.","robots":{"index":"index","follow":"follow","max-snippet":"max-snippet:-1","max-image-preview":"max-image-preview:large","max-video-preview":"max-video-preview:-1"},"canonical":"https:\/\/ikisbaby.com\/index.php\/produto\/casaco-sem-pelo-malha-menino\/","og_locale":"pt_PT","og_type":"article","og_title":"Casaco sem Pelo Menino - Ikisbaby Loja Online","og_description":"Casaco sem pelo, para menino em malha algod\u00e3o. Ideal para levar para a maternidade e completar o look dos pequeninos. Cinza, azul claro e azul marinho.","og_url":"https:\/\/ikisbaby.com\/index.php\/produto\/casaco-sem-pelo-malha-menino\/","og_site_name":"Ikisbaby","article_publisher":"https:\/\/facebook.com\/ikisbaby","article_modified_time":"2023-09-13T23:30:38+00:00","og_image":[{"width":1080,"height":1080,"url":"https:\/\/ikisbaby.com\/wp-content\/uploads\/2020\/10\/IMG_20201029_145429-01-01-scaled-e1603989896959.jpeg","type":"image\/jpeg"}],"schema":{"@context":"https:\/\/schema.org","@graph":[{"@type":"WebPage","@id":"https:\/\/ikisbaby.com\/index.php\/produto\/casaco-sem-pelo-malha-menino\/","url":"https:\/\/ikisbaby.com\/index.php\/produto\/casaco-sem-pelo-malha-menino\/","name":"Casaco sem Pelo Menino - Ikisbaby Loja Online","isPartOf":{"@id":"https:\/\/ikisbaby.com\/#website"},"primaryImageOfPage":{"@id":"https:\/\/ikisbaby.com\/index.php\/produto\/casaco-sem-pelo-malha-menino\/#primaryimage"},"image":{"@id":"https:\/\/ikisbaby.com\/index.php\/produto\/casaco-sem-pelo-malha-menino\/#primaryimage"},"thumbnailUrl":"https:\/\/ikisbaby.com\/wp-content\/uploads\/2020\/10\/IMG_20201029_145429-01-01-scaled-e1603989896959.jpeg","datePublished":"2020-10-29T16:43:34+00:00","dateModified":"2023-09-13T23:30:38+00:00","description":"Casaco sem pelo, para menino em malha algod\u00e3o. Ideal para levar para a maternidade e completar o look dos pequeninos. Cinza, azul claro e azul marinho.","breadcrumb":{"@id":"https:\/\/ikisbaby.com\/index.php\/produto\/casaco-sem-pelo-malha-menino\/#breadcrumb"},"inLanguage":"pt-PT","potentialAction":[{"@type":"ReadAction","target":["https:\/\/ikisbaby.com\/index.php\/produto\/casaco-sem-pelo-malha-menino\/"]}]},{"@type":"ImageObject","inLanguage":"pt-PT","@id":"https:\/\/ikisbaby.com\/index.php\/produto\/casaco-sem-pelo-malha-menino\/#primaryimage","url":"https:\/\/ikisbaby.com\/wp-content\/uploads\/2020\/10\/IMG_20201029_145429-01-01-scaled-e1603989896959.jpeg","contentUrl":"https:\/\/ikisbaby.com\/wp-content\/uploads\/2020\/10\/IMG_20201029_145429-01-01-scaled-e1603989896959.jpeg","width":1080,"height":1080,"caption":"casaco sem pelo menino"},{"@type":"BreadcrumbList","@id":"https:\/\/ikisbaby.com\/index.php\/produto\/casaco-sem-pelo-malha-menino\/#breadcrumb","itemListElement":[{"@type":"ListItem","position":1,"name":"In\u00edcio","item":"https:\/\/ikisbaby.com\/"},{"@type":"ListItem","position":2,"name":"Loja","item":"https:\/\/ikisbaby.com\/index.php\/loja-roupa-para-bebe\/"},{"@type":"ListItem","position":3,"name":"Casaco sem Pelo Menino"}]},{"@type":"WebSite","@id":"https:\/\/ikisbaby.com\/#website","url":"https:\/\/ikisbaby.com\/","name":"Ikisbaby","description":"Loja Online para Beb\u00e9","publisher":{"@id":"https:\/\/ikisbaby.com\/#organization"},"potentialAction":[{"@type":"SearchAction","target":{"@type":"EntryPoint","urlTemplate":"https:\/\/ikisbaby.com\/?s={search_term_string}"},"query-input":{"@type":"PropertyValueSpecification","valueRequired":true,"valueName":"search_term_string"}}],"inLanguage":"pt-PT"},{"@type":"Organization","@id":"https:\/\/ikisbaby.com\/#organization","name":"Ikisbaby","url":"https:\/\/ikisbaby.com\/","logo":{"@type":"ImageObject","inLanguage":"pt-PT","@id":"https:\/\/ikisbaby.com\/#\/schema\/logo\/image\/","url":"https:\/\/ikisbaby.com\/wp-content\/uploads\/2019\/02\/favicon.png","contentUrl":"https:\/\/ikisbaby.com\/wp-content\/uploads\/2019\/02\/favicon.png","width":512,"height":512,"caption":"Ikisbaby"},"image":{"@id":"https:\/\/ikisbaby.com\/#\/schema\/logo\/image\/"},"sameAs":["https:\/\/facebook.com\/ikisbaby","https:\/\/www.instagram.com\/ikisbaby\/"]}]}},"_links":{"self":[{"href":"https:\/\/ikisbaby.com\/index.php\/wp-json\/wp\/v2\/product\/25171","targetHints":{"allow":["GET"]}}],"collection":[{"href":"https:\/\/ikisbaby.com\/index.php\/wp-json\/wp\/v2\/product"}],"about":[{"href":"https:\/\/ikisbaby.com\/index.php\/wp-json\/wp\/v2\/types\/product"}],"replies":[{"embeddable":true,"href":"https:\/\/ikisbaby.com\/index.php\/wp-json\/wp\/v2\/comments?post=25171"}],"version-history":[{"count":2,"href":"https:\/\/ikisbaby.com\/index.php\/wp-json\/wp\/v2\/product\/25171\/revisions"}],"predecessor-version":[{"id":28303,"href":"https:\/\/ikisbaby.com\/index.php\/wp-json\/wp\/v2\/product\/25171\/revisions\/28303"}],"wp:featuredmedia":[{"embeddable":true,"href":"https:\/\/ikisbaby.com\/index.php\/wp-json\/wp\/v2\/media\/25181"}],"wp:attachment":[{"href":"https:\/\/ikisbaby.com\/index.php\/wp-json\/wp\/v2\/media?parent=25171"}],"wp:term":[{"taxonomy":"product_brand","embeddable":true,"href":"https:\/\/ikisbaby.com\/index.php\/wp-json\/wp\/v2\/product_brand?post=25171"},{"taxonomy":"product_cat","embeddable":true,"href":"https:\/\/ikisbaby.com\/index.php\/wp-json\/wp\/v2\/product_cat?post=25171"},{"taxonomy":"product_tag","embeddable":true,"href":"https:\/\/ikisbaby.com\/index.php\/wp-json\/wp\/v2\/product_tag?post=25171"}],"curies":[{"name":"wp","href":"https:\/\/api.w.org\/{rel}","templated":true}]}}