{"id":25159,"date":"2020-10-28T23:22:47","date_gmt":"2020-10-28T23:22:47","guid":{"rendered":"https:\/\/ikisbaby.com\/?post_type=product&#038;p=25159"},"modified":"2021-09-21T14:14:21","modified_gmt":"2021-09-21T13:14:21","slug":"toalha-de-banho-bebe-coroa","status":"publish","type":"product","link":"https:\/\/ikisbaby.com\/index.php\/produto\/toalha-de-banho-bebe-coroa\/","title":{"rendered":"Toalha de Banho Beb\u00e9 1Mt"},"content":{"rendered":"<p>A hora do banho \u00e9 dos momentos mais importantes do dia.<\/p>\n<p>Esta toalha de banho com 1mt \u00e9 suave e o capuz garante uma sa\u00edda do banho sem problemas.<\/p>\n<ul>\n<li>Capuz protege a cabecinha do beb\u00e9<\/li>\n<li>100% Algod\u00e3o<\/li>\n<li>decorado com coroas de pr\u00edncipe<\/li>\n<li>Dimens\u00f5es 100x100cm<\/li>\n<\/ul>\n","protected":false},"excerpt":{"rendered":"<p>A hora do banho \u00e9 dos momentos mais importantes do dia.<\/p>\n<p>Esta toalha de 1mt \u00e9 suave e o capuz garante uma sa\u00edda do banho sem problemas.<\/p>\n<ul>\n<li>Capuz protege a cabecinha do beb\u00e9<\/li>\n<li>100% Algod\u00e3o<\/li>\n<li>Dimens\u00f5es 100x100cm<\/li>\n<\/ul>\n","protected":false},"featured_media":25611,"comment_status":"closed","ping_status":"closed","template":"","meta":[],"product_brand":[],"product_cat":[72],"product_tag":[180],"class_list":{"0":"post-25159","1":"product","2":"type-product","3":"status-publish","6":"product_cat-toalha-capas-banho","7":"product_tag-toalha-de-banho-de-bebe","9":"first","10":"outofstock","11":"taxable","12":"shipping-taxable","13":"purchasable","14":"product-type-simple"},"yoast_head":"<!-- This site is optimized with the Yoast SEO plugin v27.0 - https:\/\/yoast.com\/product\/yoast-seo-wordpress\/ -->\n<title>Toalha de Banho Beb\u00e9 1Mt - Ikisbaby Loja Online<\/title>\n<meta name=\"description\" content=\"A hora do banho \u00e9 um dos momentos mais importantes do dia. A toalha de banho beb\u00e9 1mt de algod\u00e3o suave, decorada com coroas.\" \/>\n<meta name=\"robots\" content=\"index, follow, max-snippet:-1, max-image-preview:large, max-video-preview:-1\" \/>\n<link rel=\"canonical\" href=\"https:\/\/ikisbaby.com\/index.php\/produto\/toalha-de-banho-bebe-coroa\/\" \/>\n<meta property=\"og:locale\" content=\"pt_PT\" \/>\n<meta property=\"og:type\" content=\"article\" \/>\n<meta property=\"og:title\" content=\"Toalha de Banho Beb\u00e9 1Mt - Ikisbaby Loja Online\" \/>\n<meta property=\"og:description\" content=\"A hora do banho \u00e9 um dos momentos mais importantes do dia. A toalha de banho beb\u00e9 1mt de algod\u00e3o suave, decorada com coroas.\" \/>\n<meta property=\"og:url\" content=\"https:\/\/ikisbaby.com\/index.php\/produto\/toalha-de-banho-bebe-coroa\/\" \/>\n<meta property=\"og:site_name\" content=\"Ikisbaby\" \/>\n<meta property=\"article:publisher\" content=\"https:\/\/facebook.com\/ikisbaby\" \/>\n<meta property=\"article:modified_time\" content=\"2021-09-21T13:14:21+00:00\" \/>\n<meta property=\"og:image\" content=\"https:\/\/ikisbaby.com\/wp-content\/uploads\/2020\/10\/IMG_20210124_173357-02-e1611532270630.jpeg\" \/>\n\t<meta property=\"og:image:width\" content=\"600\" \/>\n\t<meta property=\"og:image:height\" content=\"600\" \/>\n\t<meta property=\"og:image:type\" content=\"image\/jpeg\" \/>\n<script type=\"application\/ld+json\" class=\"yoast-schema-graph\">{\"@context\":\"https:\/\/schema.org\",\"@graph\":[{\"@type\":\"WebPage\",\"@id\":\"https:\/\/ikisbaby.com\/index.php\/produto\/toalha-de-banho-bebe-coroa\/\",\"url\":\"https:\/\/ikisbaby.com\/index.php\/produto\/toalha-de-banho-bebe-coroa\/\",\"name\":\"Toalha de Banho Beb\u00e9 1Mt - Ikisbaby Loja Online\",\"isPartOf\":{\"@id\":\"https:\/\/ikisbaby.com\/#website\"},\"primaryImageOfPage\":{\"@id\":\"https:\/\/ikisbaby.com\/index.php\/produto\/toalha-de-banho-bebe-coroa\/#primaryimage\"},\"image\":{\"@id\":\"https:\/\/ikisbaby.com\/index.php\/produto\/toalha-de-banho-bebe-coroa\/#primaryimage\"},\"thumbnailUrl\":\"https:\/\/ikisbaby.com\/wp-content\/uploads\/2020\/10\/IMG_20210124_173357-02-e1611532270630.jpeg\",\"datePublished\":\"2020-10-28T23:22:47+00:00\",\"dateModified\":\"2021-09-21T13:14:21+00:00\",\"description\":\"A hora do banho \u00e9 um dos momentos mais importantes do dia. A toalha de banho beb\u00e9 1mt de algod\u00e3o suave, decorada com coroas.\",\"breadcrumb\":{\"@id\":\"https:\/\/ikisbaby.com\/index.php\/produto\/toalha-de-banho-bebe-coroa\/#breadcrumb\"},\"inLanguage\":\"pt-PT\",\"potentialAction\":[{\"@type\":\"ReadAction\",\"target\":[\"https:\/\/ikisbaby.com\/index.php\/produto\/toalha-de-banho-bebe-coroa\/\"]}]},{\"@type\":\"ImageObject\",\"inLanguage\":\"pt-PT\",\"@id\":\"https:\/\/ikisbaby.com\/index.php\/produto\/toalha-de-banho-bebe-coroa\/#primaryimage\",\"url\":\"https:\/\/ikisbaby.com\/wp-content\/uploads\/2020\/10\/IMG_20210124_173357-02-e1611532270630.jpeg\",\"contentUrl\":\"https:\/\/ikisbaby.com\/wp-content\/uploads\/2020\/10\/IMG_20210124_173357-02-e1611532270630.jpeg\",\"width\":600,\"height\":600,\"caption\":\"toalha de beb\u00e9 1mt\"},{\"@type\":\"BreadcrumbList\",\"@id\":\"https:\/\/ikisbaby.com\/index.php\/produto\/toalha-de-banho-bebe-coroa\/#breadcrumb\",\"itemListElement\":[{\"@type\":\"ListItem\",\"position\":1,\"name\":\"In\u00edcio\",\"item\":\"https:\/\/ikisbaby.com\/\"},{\"@type\":\"ListItem\",\"position\":2,\"name\":\"Loja\",\"item\":\"https:\/\/ikisbaby.com\/index.php\/loja-roupa-para-bebe\/\"},{\"@type\":\"ListItem\",\"position\":3,\"name\":\"Toalha de Banho Beb\u00e9 1Mt\"}]},{\"@type\":\"WebSite\",\"@id\":\"https:\/\/ikisbaby.com\/#website\",\"url\":\"https:\/\/ikisbaby.com\/\",\"name\":\"Ikisbaby\",\"description\":\"Loja Online para Beb\u00e9\",\"publisher\":{\"@id\":\"https:\/\/ikisbaby.com\/#organization\"},\"potentialAction\":[{\"@type\":\"SearchAction\",\"target\":{\"@type\":\"EntryPoint\",\"urlTemplate\":\"https:\/\/ikisbaby.com\/?s={search_term_string}\"},\"query-input\":{\"@type\":\"PropertyValueSpecification\",\"valueRequired\":true,\"valueName\":\"search_term_string\"}}],\"inLanguage\":\"pt-PT\"},{\"@type\":\"Organization\",\"@id\":\"https:\/\/ikisbaby.com\/#organization\",\"name\":\"Ikisbaby\",\"url\":\"https:\/\/ikisbaby.com\/\",\"logo\":{\"@type\":\"ImageObject\",\"inLanguage\":\"pt-PT\",\"@id\":\"https:\/\/ikisbaby.com\/#\/schema\/logo\/image\/\",\"url\":\"https:\/\/ikisbaby.com\/wp-content\/uploads\/2019\/02\/favicon.png\",\"contentUrl\":\"https:\/\/ikisbaby.com\/wp-content\/uploads\/2019\/02\/favicon.png\",\"width\":512,\"height\":512,\"caption\":\"Ikisbaby\"},\"image\":{\"@id\":\"https:\/\/ikisbaby.com\/#\/schema\/logo\/image\/\"},\"sameAs\":[\"https:\/\/facebook.com\/ikisbaby\",\"https:\/\/www.instagram.com\/ikisbaby\/\"]}]}<\/script>\n<!-- \/ Yoast SEO plugin. -->","yoast_head_json":{"title":"Toalha de Banho Beb\u00e9 1Mt - Ikisbaby Loja Online","description":"A hora do banho \u00e9 um dos momentos mais importantes do dia. A toalha de banho beb\u00e9 1mt de algod\u00e3o suave, decorada com coroas.","robots":{"index":"index","follow":"follow","max-snippet":"max-snippet:-1","max-image-preview":"max-image-preview:large","max-video-preview":"max-video-preview:-1"},"canonical":"https:\/\/ikisbaby.com\/index.php\/produto\/toalha-de-banho-bebe-coroa\/","og_locale":"pt_PT","og_type":"article","og_title":"Toalha de Banho Beb\u00e9 1Mt - Ikisbaby Loja Online","og_description":"A hora do banho \u00e9 um dos momentos mais importantes do dia. A toalha de banho beb\u00e9 1mt de algod\u00e3o suave, decorada com coroas.","og_url":"https:\/\/ikisbaby.com\/index.php\/produto\/toalha-de-banho-bebe-coroa\/","og_site_name":"Ikisbaby","article_publisher":"https:\/\/facebook.com\/ikisbaby","article_modified_time":"2021-09-21T13:14:21+00:00","og_image":[{"width":600,"height":600,"url":"https:\/\/ikisbaby.com\/wp-content\/uploads\/2020\/10\/IMG_20210124_173357-02-e1611532270630.jpeg","type":"image\/jpeg"}],"schema":{"@context":"https:\/\/schema.org","@graph":[{"@type":"WebPage","@id":"https:\/\/ikisbaby.com\/index.php\/produto\/toalha-de-banho-bebe-coroa\/","url":"https:\/\/ikisbaby.com\/index.php\/produto\/toalha-de-banho-bebe-coroa\/","name":"Toalha de Banho Beb\u00e9 1Mt - Ikisbaby Loja Online","isPartOf":{"@id":"https:\/\/ikisbaby.com\/#website"},"primaryImageOfPage":{"@id":"https:\/\/ikisbaby.com\/index.php\/produto\/toalha-de-banho-bebe-coroa\/#primaryimage"},"image":{"@id":"https:\/\/ikisbaby.com\/index.php\/produto\/toalha-de-banho-bebe-coroa\/#primaryimage"},"thumbnailUrl":"https:\/\/ikisbaby.com\/wp-content\/uploads\/2020\/10\/IMG_20210124_173357-02-e1611532270630.jpeg","datePublished":"2020-10-28T23:22:47+00:00","dateModified":"2021-09-21T13:14:21+00:00","description":"A hora do banho \u00e9 um dos momentos mais importantes do dia. A toalha de banho beb\u00e9 1mt de algod\u00e3o suave, decorada com coroas.","breadcrumb":{"@id":"https:\/\/ikisbaby.com\/index.php\/produto\/toalha-de-banho-bebe-coroa\/#breadcrumb"},"inLanguage":"pt-PT","potentialAction":[{"@type":"ReadAction","target":["https:\/\/ikisbaby.com\/index.php\/produto\/toalha-de-banho-bebe-coroa\/"]}]},{"@type":"ImageObject","inLanguage":"pt-PT","@id":"https:\/\/ikisbaby.com\/index.php\/produto\/toalha-de-banho-bebe-coroa\/#primaryimage","url":"https:\/\/ikisbaby.com\/wp-content\/uploads\/2020\/10\/IMG_20210124_173357-02-e1611532270630.jpeg","contentUrl":"https:\/\/ikisbaby.com\/wp-content\/uploads\/2020\/10\/IMG_20210124_173357-02-e1611532270630.jpeg","width":600,"height":600,"caption":"toalha de beb\u00e9 1mt"},{"@type":"BreadcrumbList","@id":"https:\/\/ikisbaby.com\/index.php\/produto\/toalha-de-banho-bebe-coroa\/#breadcrumb","itemListElement":[{"@type":"ListItem","position":1,"name":"In\u00edcio","item":"https:\/\/ikisbaby.com\/"},{"@type":"ListItem","position":2,"name":"Loja","item":"https:\/\/ikisbaby.com\/index.php\/loja-roupa-para-bebe\/"},{"@type":"ListItem","position":3,"name":"Toalha de Banho Beb\u00e9 1Mt"}]},{"@type":"WebSite","@id":"https:\/\/ikisbaby.com\/#website","url":"https:\/\/ikisbaby.com\/","name":"Ikisbaby","description":"Loja Online para Beb\u00e9","publisher":{"@id":"https:\/\/ikisbaby.com\/#organization"},"potentialAction":[{"@type":"SearchAction","target":{"@type":"EntryPoint","urlTemplate":"https:\/\/ikisbaby.com\/?s={search_term_string}"},"query-input":{"@type":"PropertyValueSpecification","valueRequired":true,"valueName":"search_term_string"}}],"inLanguage":"pt-PT"},{"@type":"Organization","@id":"https:\/\/ikisbaby.com\/#organization","name":"Ikisbaby","url":"https:\/\/ikisbaby.com\/","logo":{"@type":"ImageObject","inLanguage":"pt-PT","@id":"https:\/\/ikisbaby.com\/#\/schema\/logo\/image\/","url":"https:\/\/ikisbaby.com\/wp-content\/uploads\/2019\/02\/favicon.png","contentUrl":"https:\/\/ikisbaby.com\/wp-content\/uploads\/2019\/02\/favicon.png","width":512,"height":512,"caption":"Ikisbaby"},"image":{"@id":"https:\/\/ikisbaby.com\/#\/schema\/logo\/image\/"},"sameAs":["https:\/\/facebook.com\/ikisbaby","https:\/\/www.instagram.com\/ikisbaby\/"]}]}},"_links":{"self":[{"href":"https:\/\/ikisbaby.com\/index.php\/wp-json\/wp\/v2\/product\/25159","targetHints":{"allow":["GET"]}}],"collection":[{"href":"https:\/\/ikisbaby.com\/index.php\/wp-json\/wp\/v2\/product"}],"about":[{"href":"https:\/\/ikisbaby.com\/index.php\/wp-json\/wp\/v2\/types\/product"}],"replies":[{"embeddable":true,"href":"https:\/\/ikisbaby.com\/index.php\/wp-json\/wp\/v2\/comments?post=25159"}],"version-history":[{"count":1,"href":"https:\/\/ikisbaby.com\/index.php\/wp-json\/wp\/v2\/product\/25159\/revisions"}],"predecessor-version":[{"id":25610,"href":"https:\/\/ikisbaby.com\/index.php\/wp-json\/wp\/v2\/product\/25159\/revisions\/25610"}],"wp:featuredmedia":[{"embeddable":true,"href":"https:\/\/ikisbaby.com\/index.php\/wp-json\/wp\/v2\/media\/25611"}],"wp:attachment":[{"href":"https:\/\/ikisbaby.com\/index.php\/wp-json\/wp\/v2\/media?parent=25159"}],"wp:term":[{"taxonomy":"product_brand","embeddable":true,"href":"https:\/\/ikisbaby.com\/index.php\/wp-json\/wp\/v2\/product_brand?post=25159"},{"taxonomy":"product_cat","embeddable":true,"href":"https:\/\/ikisbaby.com\/index.php\/wp-json\/wp\/v2\/product_cat?post=25159"},{"taxonomy":"product_tag","embeddable":true,"href":"https:\/\/ikisbaby.com\/index.php\/wp-json\/wp\/v2\/product_tag?post=25159"}],"curies":[{"name":"wp","href":"https:\/\/api.w.org\/{rel}","templated":true}]}}