{"id":25001,"date":"2020-09-25T18:35:09","date_gmt":"2020-09-25T17:35:09","guid":{"rendered":"https:\/\/ikisbaby.com\/?post_type=product&#038;p=25001"},"modified":"2020-09-25T18:35:10","modified_gmt":"2020-09-25T17:35:10","slug":"conjunto-em-malha-com-gola","status":"publish","type":"product","link":"https:\/\/ikisbaby.com\/index.php\/produto\/conjunto-em-malha-com-gola\/","title":{"rendered":"Conjunto em malha com gola"},"content":{"rendered":"<p>Conjunto em malha com gola.<\/p>\n<p>Fique encantada com esta proposta para vestir de forma confort\u00e1vel a sua beb\u00e9 menina. Conjunto composto por camisola e fofo decorado com motivo de coelhinho e la\u00e7inho.<\/p>\n<p>Tamanho: 1 M<\/p>\n<p>Fabricado em portugal<\/p>\n<p>Composi\u00e7\u00e3o: 100% acrilico<\/p>\n","protected":false},"excerpt":{"rendered":"<p>Conjunto em malha com gola<\/p>\n<p>Fique encantada com esta proposta para vestir de forma confort\u00e1vel a sua beb\u00e9 menina. Conjunto composto por camisola e fofo decorado com motivo de coelhinho e la\u00e7inho.<\/p>\n<p>Tamanho: 1 M<\/p>\n<p>Fabricado em Portugal<\/p>\n<p>Composi\u00e7\u00e3o: 100% acrilico<\/p>\n","protected":false},"featured_media":25002,"comment_status":"closed","ping_status":"closed","template":"","meta":[],"product_brand":[],"product_cat":[56],"product_tag":[578],"class_list":{"0":"post-25001","1":"product","2":"type-product","3":"status-publish","6":"product_cat-babygrows-menina","7":"product_tag-conjunto-malha-com-gola","9":"first","10":"instock","11":"taxable","12":"shipping-taxable","13":"purchasable","14":"product-type-simple"},"yoast_head":"<!-- This site is optimized with the Yoast SEO plugin v27.0 - https:\/\/yoast.com\/product\/yoast-seo-wordpress\/ -->\n<title>Conjunto em malha com gola - Ikisbaby Loja Online<\/title>\n<meta name=\"description\" content=\"Conjunto em malha com gola. Fique encantada com esta proposta da Ikisbaby para a sua beb\u00e9 menina. Conjunto composto por camisola e fofo.\" \/>\n<meta name=\"robots\" content=\"index, follow, max-snippet:-1, max-image-preview:large, max-video-preview:-1\" \/>\n<link rel=\"canonical\" href=\"https:\/\/ikisbaby.com\/index.php\/produto\/conjunto-em-malha-com-gola\/\" \/>\n<meta property=\"og:locale\" content=\"pt_PT\" \/>\n<meta property=\"og:type\" content=\"article\" \/>\n<meta property=\"og:title\" content=\"Conjunto em malha com gola - Ikisbaby Loja Online\" \/>\n<meta property=\"og:description\" content=\"Conjunto em malha com gola. Fique encantada com esta proposta da Ikisbaby para a sua beb\u00e9 menina. Conjunto composto por camisola e fofo.\" \/>\n<meta property=\"og:url\" content=\"https:\/\/ikisbaby.com\/index.php\/produto\/conjunto-em-malha-com-gola\/\" \/>\n<meta property=\"og:site_name\" content=\"Ikisbaby\" \/>\n<meta property=\"article:publisher\" content=\"https:\/\/facebook.com\/ikisbaby\" \/>\n<meta property=\"article:modified_time\" content=\"2020-09-25T17:35:10+00:00\" \/>\n<meta property=\"og:image\" content=\"https:\/\/ikisbaby.com\/wp-content\/uploads\/2020\/09\/IMG_20200925_145754-01-scaled.jpeg\" \/>\n\t<meta property=\"og:image:width\" content=\"2560\" \/>\n\t<meta property=\"og:image:height\" content=\"2560\" \/>\n\t<meta property=\"og:image:type\" content=\"image\/jpeg\" \/>\n<script type=\"application\/ld+json\" class=\"yoast-schema-graph\">{\"@context\":\"https:\/\/schema.org\",\"@graph\":[{\"@type\":\"WebPage\",\"@id\":\"https:\/\/ikisbaby.com\/index.php\/produto\/conjunto-em-malha-com-gola\/\",\"url\":\"https:\/\/ikisbaby.com\/index.php\/produto\/conjunto-em-malha-com-gola\/\",\"name\":\"Conjunto em malha com gola - Ikisbaby Loja Online\",\"isPartOf\":{\"@id\":\"https:\/\/ikisbaby.com\/#website\"},\"primaryImageOfPage\":{\"@id\":\"https:\/\/ikisbaby.com\/index.php\/produto\/conjunto-em-malha-com-gola\/#primaryimage\"},\"image\":{\"@id\":\"https:\/\/ikisbaby.com\/index.php\/produto\/conjunto-em-malha-com-gola\/#primaryimage\"},\"thumbnailUrl\":\"https:\/\/ikisbaby.com\/wp-content\/uploads\/2020\/09\/IMG_20200925_145754-01-scaled.jpeg\",\"datePublished\":\"2020-09-25T17:35:09+00:00\",\"dateModified\":\"2020-09-25T17:35:10+00:00\",\"description\":\"Conjunto em malha com gola. Fique encantada com esta proposta da Ikisbaby para a sua beb\u00e9 menina. Conjunto composto por camisola e fofo.\",\"breadcrumb\":{\"@id\":\"https:\/\/ikisbaby.com\/index.php\/produto\/conjunto-em-malha-com-gola\/#breadcrumb\"},\"inLanguage\":\"pt-PT\",\"potentialAction\":[{\"@type\":\"ReadAction\",\"target\":[\"https:\/\/ikisbaby.com\/index.php\/produto\/conjunto-em-malha-com-gola\/\"]}]},{\"@type\":\"ImageObject\",\"inLanguage\":\"pt-PT\",\"@id\":\"https:\/\/ikisbaby.com\/index.php\/produto\/conjunto-em-malha-com-gola\/#primaryimage\",\"url\":\"https:\/\/ikisbaby.com\/wp-content\/uploads\/2020\/09\/IMG_20200925_145754-01-scaled.jpeg\",\"contentUrl\":\"https:\/\/ikisbaby.com\/wp-content\/uploads\/2020\/09\/IMG_20200925_145754-01-scaled.jpeg\",\"width\":2560,\"height\":2560,\"caption\":\"conjunto malha com gola\"},{\"@type\":\"BreadcrumbList\",\"@id\":\"https:\/\/ikisbaby.com\/index.php\/produto\/conjunto-em-malha-com-gola\/#breadcrumb\",\"itemListElement\":[{\"@type\":\"ListItem\",\"position\":1,\"name\":\"In\u00edcio\",\"item\":\"https:\/\/ikisbaby.com\/\"},{\"@type\":\"ListItem\",\"position\":2,\"name\":\"Loja\",\"item\":\"https:\/\/ikisbaby.com\/index.php\/loja-roupa-para-bebe\/\"},{\"@type\":\"ListItem\",\"position\":3,\"name\":\"Conjunto em malha com gola\"}]},{\"@type\":\"WebSite\",\"@id\":\"https:\/\/ikisbaby.com\/#website\",\"url\":\"https:\/\/ikisbaby.com\/\",\"name\":\"Ikisbaby\",\"description\":\"Loja Online para Beb\u00e9\",\"publisher\":{\"@id\":\"https:\/\/ikisbaby.com\/#organization\"},\"potentialAction\":[{\"@type\":\"SearchAction\",\"target\":{\"@type\":\"EntryPoint\",\"urlTemplate\":\"https:\/\/ikisbaby.com\/?s={search_term_string}\"},\"query-input\":{\"@type\":\"PropertyValueSpecification\",\"valueRequired\":true,\"valueName\":\"search_term_string\"}}],\"inLanguage\":\"pt-PT\"},{\"@type\":\"Organization\",\"@id\":\"https:\/\/ikisbaby.com\/#organization\",\"name\":\"Ikisbaby\",\"url\":\"https:\/\/ikisbaby.com\/\",\"logo\":{\"@type\":\"ImageObject\",\"inLanguage\":\"pt-PT\",\"@id\":\"https:\/\/ikisbaby.com\/#\/schema\/logo\/image\/\",\"url\":\"https:\/\/ikisbaby.com\/wp-content\/uploads\/2019\/02\/favicon.png\",\"contentUrl\":\"https:\/\/ikisbaby.com\/wp-content\/uploads\/2019\/02\/favicon.png\",\"width\":512,\"height\":512,\"caption\":\"Ikisbaby\"},\"image\":{\"@id\":\"https:\/\/ikisbaby.com\/#\/schema\/logo\/image\/\"},\"sameAs\":[\"https:\/\/facebook.com\/ikisbaby\",\"https:\/\/www.instagram.com\/ikisbaby\/\"]}]}<\/script>\n<!-- \/ Yoast SEO plugin. -->","yoast_head_json":{"title":"Conjunto em malha com gola - Ikisbaby Loja Online","description":"Conjunto em malha com gola. Fique encantada com esta proposta da Ikisbaby para a sua beb\u00e9 menina. Conjunto composto por camisola e fofo.","robots":{"index":"index","follow":"follow","max-snippet":"max-snippet:-1","max-image-preview":"max-image-preview:large","max-video-preview":"max-video-preview:-1"},"canonical":"https:\/\/ikisbaby.com\/index.php\/produto\/conjunto-em-malha-com-gola\/","og_locale":"pt_PT","og_type":"article","og_title":"Conjunto em malha com gola - Ikisbaby Loja Online","og_description":"Conjunto em malha com gola. Fique encantada com esta proposta da Ikisbaby para a sua beb\u00e9 menina. Conjunto composto por camisola e fofo.","og_url":"https:\/\/ikisbaby.com\/index.php\/produto\/conjunto-em-malha-com-gola\/","og_site_name":"Ikisbaby","article_publisher":"https:\/\/facebook.com\/ikisbaby","article_modified_time":"2020-09-25T17:35:10+00:00","og_image":[{"width":2560,"height":2560,"url":"https:\/\/ikisbaby.com\/wp-content\/uploads\/2020\/09\/IMG_20200925_145754-01-scaled.jpeg","type":"image\/jpeg"}],"schema":{"@context":"https:\/\/schema.org","@graph":[{"@type":"WebPage","@id":"https:\/\/ikisbaby.com\/index.php\/produto\/conjunto-em-malha-com-gola\/","url":"https:\/\/ikisbaby.com\/index.php\/produto\/conjunto-em-malha-com-gola\/","name":"Conjunto em malha com gola - Ikisbaby Loja Online","isPartOf":{"@id":"https:\/\/ikisbaby.com\/#website"},"primaryImageOfPage":{"@id":"https:\/\/ikisbaby.com\/index.php\/produto\/conjunto-em-malha-com-gola\/#primaryimage"},"image":{"@id":"https:\/\/ikisbaby.com\/index.php\/produto\/conjunto-em-malha-com-gola\/#primaryimage"},"thumbnailUrl":"https:\/\/ikisbaby.com\/wp-content\/uploads\/2020\/09\/IMG_20200925_145754-01-scaled.jpeg","datePublished":"2020-09-25T17:35:09+00:00","dateModified":"2020-09-25T17:35:10+00:00","description":"Conjunto em malha com gola. Fique encantada com esta proposta da Ikisbaby para a sua beb\u00e9 menina. Conjunto composto por camisola e fofo.","breadcrumb":{"@id":"https:\/\/ikisbaby.com\/index.php\/produto\/conjunto-em-malha-com-gola\/#breadcrumb"},"inLanguage":"pt-PT","potentialAction":[{"@type":"ReadAction","target":["https:\/\/ikisbaby.com\/index.php\/produto\/conjunto-em-malha-com-gola\/"]}]},{"@type":"ImageObject","inLanguage":"pt-PT","@id":"https:\/\/ikisbaby.com\/index.php\/produto\/conjunto-em-malha-com-gola\/#primaryimage","url":"https:\/\/ikisbaby.com\/wp-content\/uploads\/2020\/09\/IMG_20200925_145754-01-scaled.jpeg","contentUrl":"https:\/\/ikisbaby.com\/wp-content\/uploads\/2020\/09\/IMG_20200925_145754-01-scaled.jpeg","width":2560,"height":2560,"caption":"conjunto malha com gola"},{"@type":"BreadcrumbList","@id":"https:\/\/ikisbaby.com\/index.php\/produto\/conjunto-em-malha-com-gola\/#breadcrumb","itemListElement":[{"@type":"ListItem","position":1,"name":"In\u00edcio","item":"https:\/\/ikisbaby.com\/"},{"@type":"ListItem","position":2,"name":"Loja","item":"https:\/\/ikisbaby.com\/index.php\/loja-roupa-para-bebe\/"},{"@type":"ListItem","position":3,"name":"Conjunto em malha com gola"}]},{"@type":"WebSite","@id":"https:\/\/ikisbaby.com\/#website","url":"https:\/\/ikisbaby.com\/","name":"Ikisbaby","description":"Loja Online para Beb\u00e9","publisher":{"@id":"https:\/\/ikisbaby.com\/#organization"},"potentialAction":[{"@type":"SearchAction","target":{"@type":"EntryPoint","urlTemplate":"https:\/\/ikisbaby.com\/?s={search_term_string}"},"query-input":{"@type":"PropertyValueSpecification","valueRequired":true,"valueName":"search_term_string"}}],"inLanguage":"pt-PT"},{"@type":"Organization","@id":"https:\/\/ikisbaby.com\/#organization","name":"Ikisbaby","url":"https:\/\/ikisbaby.com\/","logo":{"@type":"ImageObject","inLanguage":"pt-PT","@id":"https:\/\/ikisbaby.com\/#\/schema\/logo\/image\/","url":"https:\/\/ikisbaby.com\/wp-content\/uploads\/2019\/02\/favicon.png","contentUrl":"https:\/\/ikisbaby.com\/wp-content\/uploads\/2019\/02\/favicon.png","width":512,"height":512,"caption":"Ikisbaby"},"image":{"@id":"https:\/\/ikisbaby.com\/#\/schema\/logo\/image\/"},"sameAs":["https:\/\/facebook.com\/ikisbaby","https:\/\/www.instagram.com\/ikisbaby\/"]}]}},"_links":{"self":[{"href":"https:\/\/ikisbaby.com\/index.php\/wp-json\/wp\/v2\/product\/25001","targetHints":{"allow":["GET"]}}],"collection":[{"href":"https:\/\/ikisbaby.com\/index.php\/wp-json\/wp\/v2\/product"}],"about":[{"href":"https:\/\/ikisbaby.com\/index.php\/wp-json\/wp\/v2\/types\/product"}],"replies":[{"embeddable":true,"href":"https:\/\/ikisbaby.com\/index.php\/wp-json\/wp\/v2\/comments?post=25001"}],"version-history":[{"count":0,"href":"https:\/\/ikisbaby.com\/index.php\/wp-json\/wp\/v2\/product\/25001\/revisions"}],"wp:featuredmedia":[{"embeddable":true,"href":"https:\/\/ikisbaby.com\/index.php\/wp-json\/wp\/v2\/media\/25002"}],"wp:attachment":[{"href":"https:\/\/ikisbaby.com\/index.php\/wp-json\/wp\/v2\/media?parent=25001"}],"wp:term":[{"taxonomy":"product_brand","embeddable":true,"href":"https:\/\/ikisbaby.com\/index.php\/wp-json\/wp\/v2\/product_brand?post=25001"},{"taxonomy":"product_cat","embeddable":true,"href":"https:\/\/ikisbaby.com\/index.php\/wp-json\/wp\/v2\/product_cat?post=25001"},{"taxonomy":"product_tag","embeddable":true,"href":"https:\/\/ikisbaby.com\/index.php\/wp-json\/wp\/v2\/product_tag?post=25001"}],"curies":[{"name":"wp","href":"https:\/\/api.w.org\/{rel}","templated":true}]}}