{"id":24492,"date":"2023-08-03T23:00:32","date_gmt":"2023-08-03T22:00:32","guid":{"rendered":"https:\/\/ikisbaby.com\/?post_type=product&#038;p=24492"},"modified":"2024-01-06T22:48:06","modified_gmt":"2024-01-06T22:48:06","slug":"lencois-next-to-me-algodao-azul","status":"publish","type":"product","link":"https:\/\/ikisbaby.com\/index.php\/produto\/lencois-next-to-me-algodao-azul\/","title":{"rendered":"Len\u00e7\u00f3is Next To Me Algod\u00e3o Azul"},"content":{"rendered":"<p>Len\u00e7\u00f3is next-to-me algod\u00e3o azul, conforto e aconchego sempre ao seu lado.<\/p>\n<ul>\n<li><strong>A Suavidade que o Seu Beb\u00e9 Merece: <\/strong>Com tecidos suaves e delicados, os len\u00e7\u00f3is &#8220;Next to Me&#8221; s\u00e3o uma car\u00edcia para a pele sens\u00edvel do beb\u00e9. A sua textura aconchegante proporcionam um ambiente agrad\u00e1vel, promovendo um sono mais tranquilo e confort\u00e1vel.<\/li>\n<li><strong>F\u00e1cil de Cuidar, F\u00e1cil de Amar: <\/strong>F\u00e1ceis de lavar e manter sempre limpos. Com materiais de qualidade, eles resistem ao desgaste e mant\u00eam-se suaves mesmo ap\u00f3s v\u00e1rias lavagens.<\/li>\n<li><strong>Seguran\u00e7a e Conforto em Harmonia: <\/strong>A capa dos len\u00e7\u00f3is next-to-me algod\u00e3o azul foi projetada para um ajuste perfeito ao colch\u00e3o, garantindo que permanece no lugar durante toda a noite. Dessa forma, pode ficar tranquila(o), sabendo que o seu pequenino est\u00e1 sempre seguro e aconchegado.<\/li>\n<\/ul>\n<p>Jogo de ber\u00e7o composto 3 pe\u00e7as compat\u00edvel com ber\u00e7o Beb\u00e9 Next-to-me, bordado com coelhinho amoroso.<strong><br \/>\n<\/strong><\/p>\n<p>Composi\u00e7\u00e3o: 100% Algod\u00e3o.<\/p>\n<p>Medidas: Len\u00e7ol 80 x 120 \/ Capa colch\u00e3o: 50 x 80\u00a0 \/ Fronha: 30 x 50.<\/p>\n<p>&nbsp;<\/p>\n","protected":false},"excerpt":{"rendered":"<p>Len\u00e7\u00f3is next-to-me Algod\u00e3o azul, conforto e aconchego sempre ao seu lado.<\/p>\n<p>Jogo de Len\u00e7ol para ber\u00e7o Beb\u00e9 Next-to-me Bordado.<strong><br \/>\n<\/strong><\/p>\n<p>Composi\u00e7\u00e3o: 100% Algod\u00e3o.<\/p>\n<p>Medidas: Len\u00e7ol 80 x 120 \/ Capa de colch\u00e3o com el\u00e1stico: 50 x 80\u00a0 \/ Fronha: 30 x 50<\/p>\n","protected":false},"featured_media":28413,"comment_status":"open","ping_status":"closed","template":"","meta":[],"product_brand":[],"product_cat":[198],"product_tag":[199,308,688],"class_list":{"0":"post-24492","1":"product","2":"type-product","3":"status-publish","6":"product_cat-lencois-para-bebe","7":"product_tag-lencois","8":"product_tag-lencois-de-alcofa","9":"product_tag-lencois-next-to-me","11":"first","12":"outofstock","13":"taxable","14":"shipping-taxable","15":"purchasable","16":"product-type-simple"},"yoast_head":"<!-- This site is optimized with the Yoast SEO plugin v27.0 - https:\/\/yoast.com\/product\/yoast-seo-wordpress\/ -->\n<title>Len\u00e7\u00f3is next-to-me Algod\u00e3o azul - Ikisbaby - Loja Online<\/title>\n<meta name=\"description\" content=\"Len\u00e7\u00f3is next-to-me Algod\u00e3o azul, suave e delicado. Jogo de Len\u00e7ol para ber\u00e7o Beb\u00e9 Next-to-me Bordado com coelho fofinho .Composi\u00e7\u00e3o: 100% Algod\u00e3o.\" \/>\n<meta name=\"robots\" content=\"index, follow, max-snippet:-1, max-image-preview:large, max-video-preview:-1\" \/>\n<link rel=\"canonical\" href=\"https:\/\/ikisbaby.com\/index.php\/produto\/lencois-next-to-me-algodao-azul\/\" \/>\n<meta property=\"og:locale\" content=\"pt_PT\" \/>\n<meta property=\"og:type\" content=\"article\" \/>\n<meta property=\"og:title\" content=\"Len\u00e7\u00f3is next-to-me Algod\u00e3o azul - Ikisbaby - Loja Online\" \/>\n<meta property=\"og:description\" content=\"Len\u00e7\u00f3is next-to-me Algod\u00e3o azul, suave e delicado. Jogo de Len\u00e7ol para ber\u00e7o Beb\u00e9 Next-to-me Bordado com coelho fofinho .Composi\u00e7\u00e3o: 100% Algod\u00e3o.\" \/>\n<meta property=\"og:url\" content=\"https:\/\/ikisbaby.com\/index.php\/produto\/lencois-next-to-me-algodao-azul\/\" \/>\n<meta property=\"og:site_name\" content=\"Ikisbaby\" \/>\n<meta property=\"article:publisher\" content=\"https:\/\/facebook.com\/ikisbaby\" \/>\n<meta property=\"article:modified_time\" content=\"2024-01-06T22:48:06+00:00\" \/>\n<meta property=\"og:image\" content=\"https:\/\/ikisbaby.com\/wp-content\/uploads\/2023\/08\/n2mazul.jpeg\" \/>\n\t<meta property=\"og:image:width\" content=\"600\" \/>\n\t<meta property=\"og:image:height\" content=\"600\" \/>\n\t<meta property=\"og:image:type\" content=\"image\/jpeg\" \/>\n<script type=\"application\/ld+json\" class=\"yoast-schema-graph\">{\"@context\":\"https:\/\/schema.org\",\"@graph\":[{\"@type\":\"WebPage\",\"@id\":\"https:\/\/ikisbaby.com\/index.php\/produto\/lencois-next-to-me-algodao-azul\/\",\"url\":\"https:\/\/ikisbaby.com\/index.php\/produto\/lencois-next-to-me-algodao-azul\/\",\"name\":\"Len\u00e7\u00f3is next-to-me Algod\u00e3o azul - Ikisbaby - Loja Online\",\"isPartOf\":{\"@id\":\"https:\/\/ikisbaby.com\/#website\"},\"primaryImageOfPage\":{\"@id\":\"https:\/\/ikisbaby.com\/index.php\/produto\/lencois-next-to-me-algodao-azul\/#primaryimage\"},\"image\":{\"@id\":\"https:\/\/ikisbaby.com\/index.php\/produto\/lencois-next-to-me-algodao-azul\/#primaryimage\"},\"thumbnailUrl\":\"https:\/\/ikisbaby.com\/wp-content\/uploads\/2023\/08\/n2mazul.jpeg\",\"datePublished\":\"2023-08-03T22:00:32+00:00\",\"dateModified\":\"2024-01-06T22:48:06+00:00\",\"description\":\"Len\u00e7\u00f3is next-to-me Algod\u00e3o azul, suave e delicado. Jogo de Len\u00e7ol para ber\u00e7o Beb\u00e9 Next-to-me Bordado com coelho fofinho .Composi\u00e7\u00e3o: 100% Algod\u00e3o.\",\"breadcrumb\":{\"@id\":\"https:\/\/ikisbaby.com\/index.php\/produto\/lencois-next-to-me-algodao-azul\/#breadcrumb\"},\"inLanguage\":\"pt-PT\",\"potentialAction\":[{\"@type\":\"ReadAction\",\"target\":[\"https:\/\/ikisbaby.com\/index.php\/produto\/lencois-next-to-me-algodao-azul\/\"]}]},{\"@type\":\"ImageObject\",\"inLanguage\":\"pt-PT\",\"@id\":\"https:\/\/ikisbaby.com\/index.php\/produto\/lencois-next-to-me-algodao-azul\/#primaryimage\",\"url\":\"https:\/\/ikisbaby.com\/wp-content\/uploads\/2023\/08\/n2mazul.jpeg\",\"contentUrl\":\"https:\/\/ikisbaby.com\/wp-content\/uploads\/2023\/08\/n2mazul.jpeg\",\"width\":600,\"height\":600,\"caption\":\"Len\u00e7\u00f3is Next To Me Algod\u00e3o\"},{\"@type\":\"BreadcrumbList\",\"@id\":\"https:\/\/ikisbaby.com\/index.php\/produto\/lencois-next-to-me-algodao-azul\/#breadcrumb\",\"itemListElement\":[{\"@type\":\"ListItem\",\"position\":1,\"name\":\"In\u00edcio\",\"item\":\"https:\/\/ikisbaby.com\/\"},{\"@type\":\"ListItem\",\"position\":2,\"name\":\"Loja\",\"item\":\"https:\/\/ikisbaby.com\/index.php\/loja-roupa-para-bebe\/\"},{\"@type\":\"ListItem\",\"position\":3,\"name\":\"Len\u00e7\u00f3is Next To Me Algod\u00e3o Azul\"}]},{\"@type\":\"WebSite\",\"@id\":\"https:\/\/ikisbaby.com\/#website\",\"url\":\"https:\/\/ikisbaby.com\/\",\"name\":\"Ikisbaby\",\"description\":\"Loja Online para Beb\u00e9\",\"publisher\":{\"@id\":\"https:\/\/ikisbaby.com\/#organization\"},\"potentialAction\":[{\"@type\":\"SearchAction\",\"target\":{\"@type\":\"EntryPoint\",\"urlTemplate\":\"https:\/\/ikisbaby.com\/?s={search_term_string}\"},\"query-input\":{\"@type\":\"PropertyValueSpecification\",\"valueRequired\":true,\"valueName\":\"search_term_string\"}}],\"inLanguage\":\"pt-PT\"},{\"@type\":\"Organization\",\"@id\":\"https:\/\/ikisbaby.com\/#organization\",\"name\":\"Ikisbaby\",\"url\":\"https:\/\/ikisbaby.com\/\",\"logo\":{\"@type\":\"ImageObject\",\"inLanguage\":\"pt-PT\",\"@id\":\"https:\/\/ikisbaby.com\/#\/schema\/logo\/image\/\",\"url\":\"https:\/\/ikisbaby.com\/wp-content\/uploads\/2019\/02\/favicon.png\",\"contentUrl\":\"https:\/\/ikisbaby.com\/wp-content\/uploads\/2019\/02\/favicon.png\",\"width\":512,\"height\":512,\"caption\":\"Ikisbaby\"},\"image\":{\"@id\":\"https:\/\/ikisbaby.com\/#\/schema\/logo\/image\/\"},\"sameAs\":[\"https:\/\/facebook.com\/ikisbaby\",\"https:\/\/www.instagram.com\/ikisbaby\/\"]}]}<\/script>\n<!-- \/ Yoast SEO plugin. -->","yoast_head_json":{"title":"Len\u00e7\u00f3is next-to-me Algod\u00e3o azul - Ikisbaby - Loja Online","description":"Len\u00e7\u00f3is next-to-me Algod\u00e3o azul, suave e delicado. Jogo de Len\u00e7ol para ber\u00e7o Beb\u00e9 Next-to-me Bordado com coelho fofinho .Composi\u00e7\u00e3o: 100% Algod\u00e3o.","robots":{"index":"index","follow":"follow","max-snippet":"max-snippet:-1","max-image-preview":"max-image-preview:large","max-video-preview":"max-video-preview:-1"},"canonical":"https:\/\/ikisbaby.com\/index.php\/produto\/lencois-next-to-me-algodao-azul\/","og_locale":"pt_PT","og_type":"article","og_title":"Len\u00e7\u00f3is next-to-me Algod\u00e3o azul - Ikisbaby - Loja Online","og_description":"Len\u00e7\u00f3is next-to-me Algod\u00e3o azul, suave e delicado. Jogo de Len\u00e7ol para ber\u00e7o Beb\u00e9 Next-to-me Bordado com coelho fofinho .Composi\u00e7\u00e3o: 100% Algod\u00e3o.","og_url":"https:\/\/ikisbaby.com\/index.php\/produto\/lencois-next-to-me-algodao-azul\/","og_site_name":"Ikisbaby","article_publisher":"https:\/\/facebook.com\/ikisbaby","article_modified_time":"2024-01-06T22:48:06+00:00","og_image":[{"width":600,"height":600,"url":"https:\/\/ikisbaby.com\/wp-content\/uploads\/2023\/08\/n2mazul.jpeg","type":"image\/jpeg"}],"schema":{"@context":"https:\/\/schema.org","@graph":[{"@type":"WebPage","@id":"https:\/\/ikisbaby.com\/index.php\/produto\/lencois-next-to-me-algodao-azul\/","url":"https:\/\/ikisbaby.com\/index.php\/produto\/lencois-next-to-me-algodao-azul\/","name":"Len\u00e7\u00f3is next-to-me Algod\u00e3o azul - Ikisbaby - Loja Online","isPartOf":{"@id":"https:\/\/ikisbaby.com\/#website"},"primaryImageOfPage":{"@id":"https:\/\/ikisbaby.com\/index.php\/produto\/lencois-next-to-me-algodao-azul\/#primaryimage"},"image":{"@id":"https:\/\/ikisbaby.com\/index.php\/produto\/lencois-next-to-me-algodao-azul\/#primaryimage"},"thumbnailUrl":"https:\/\/ikisbaby.com\/wp-content\/uploads\/2023\/08\/n2mazul.jpeg","datePublished":"2023-08-03T22:00:32+00:00","dateModified":"2024-01-06T22:48:06+00:00","description":"Len\u00e7\u00f3is next-to-me Algod\u00e3o azul, suave e delicado. Jogo de Len\u00e7ol para ber\u00e7o Beb\u00e9 Next-to-me Bordado com coelho fofinho .Composi\u00e7\u00e3o: 100% Algod\u00e3o.","breadcrumb":{"@id":"https:\/\/ikisbaby.com\/index.php\/produto\/lencois-next-to-me-algodao-azul\/#breadcrumb"},"inLanguage":"pt-PT","potentialAction":[{"@type":"ReadAction","target":["https:\/\/ikisbaby.com\/index.php\/produto\/lencois-next-to-me-algodao-azul\/"]}]},{"@type":"ImageObject","inLanguage":"pt-PT","@id":"https:\/\/ikisbaby.com\/index.php\/produto\/lencois-next-to-me-algodao-azul\/#primaryimage","url":"https:\/\/ikisbaby.com\/wp-content\/uploads\/2023\/08\/n2mazul.jpeg","contentUrl":"https:\/\/ikisbaby.com\/wp-content\/uploads\/2023\/08\/n2mazul.jpeg","width":600,"height":600,"caption":"Len\u00e7\u00f3is Next To Me Algod\u00e3o"},{"@type":"BreadcrumbList","@id":"https:\/\/ikisbaby.com\/index.php\/produto\/lencois-next-to-me-algodao-azul\/#breadcrumb","itemListElement":[{"@type":"ListItem","position":1,"name":"In\u00edcio","item":"https:\/\/ikisbaby.com\/"},{"@type":"ListItem","position":2,"name":"Loja","item":"https:\/\/ikisbaby.com\/index.php\/loja-roupa-para-bebe\/"},{"@type":"ListItem","position":3,"name":"Len\u00e7\u00f3is Next To Me Algod\u00e3o Azul"}]},{"@type":"WebSite","@id":"https:\/\/ikisbaby.com\/#website","url":"https:\/\/ikisbaby.com\/","name":"Ikisbaby","description":"Loja Online para Beb\u00e9","publisher":{"@id":"https:\/\/ikisbaby.com\/#organization"},"potentialAction":[{"@type":"SearchAction","target":{"@type":"EntryPoint","urlTemplate":"https:\/\/ikisbaby.com\/?s={search_term_string}"},"query-input":{"@type":"PropertyValueSpecification","valueRequired":true,"valueName":"search_term_string"}}],"inLanguage":"pt-PT"},{"@type":"Organization","@id":"https:\/\/ikisbaby.com\/#organization","name":"Ikisbaby","url":"https:\/\/ikisbaby.com\/","logo":{"@type":"ImageObject","inLanguage":"pt-PT","@id":"https:\/\/ikisbaby.com\/#\/schema\/logo\/image\/","url":"https:\/\/ikisbaby.com\/wp-content\/uploads\/2019\/02\/favicon.png","contentUrl":"https:\/\/ikisbaby.com\/wp-content\/uploads\/2019\/02\/favicon.png","width":512,"height":512,"caption":"Ikisbaby"},"image":{"@id":"https:\/\/ikisbaby.com\/#\/schema\/logo\/image\/"},"sameAs":["https:\/\/facebook.com\/ikisbaby","https:\/\/www.instagram.com\/ikisbaby\/"]}]}},"_links":{"self":[{"href":"https:\/\/ikisbaby.com\/index.php\/wp-json\/wp\/v2\/product\/24492","targetHints":{"allow":["GET"]}}],"collection":[{"href":"https:\/\/ikisbaby.com\/index.php\/wp-json\/wp\/v2\/product"}],"about":[{"href":"https:\/\/ikisbaby.com\/index.php\/wp-json\/wp\/v2\/types\/product"}],"replies":[{"embeddable":true,"href":"https:\/\/ikisbaby.com\/index.php\/wp-json\/wp\/v2\/comments?post=24492"}],"version-history":[{"count":5,"href":"https:\/\/ikisbaby.com\/index.php\/wp-json\/wp\/v2\/product\/24492\/revisions"}],"predecessor-version":[{"id":28414,"href":"https:\/\/ikisbaby.com\/index.php\/wp-json\/wp\/v2\/product\/24492\/revisions\/28414"}],"wp:featuredmedia":[{"embeddable":true,"href":"https:\/\/ikisbaby.com\/index.php\/wp-json\/wp\/v2\/media\/28413"}],"wp:attachment":[{"href":"https:\/\/ikisbaby.com\/index.php\/wp-json\/wp\/v2\/media?parent=24492"}],"wp:term":[{"taxonomy":"product_brand","embeddable":true,"href":"https:\/\/ikisbaby.com\/index.php\/wp-json\/wp\/v2\/product_brand?post=24492"},{"taxonomy":"product_cat","embeddable":true,"href":"https:\/\/ikisbaby.com\/index.php\/wp-json\/wp\/v2\/product_cat?post=24492"},{"taxonomy":"product_tag","embeddable":true,"href":"https:\/\/ikisbaby.com\/index.php\/wp-json\/wp\/v2\/product_tag?post=24492"}],"curies":[{"name":"wp","href":"https:\/\/api.w.org\/{rel}","templated":true}]}}