{"id":24088,"date":"2021-04-29T12:46:40","date_gmt":"2021-04-29T11:46:40","guid":{"rendered":"https:\/\/ikisbaby.com\/?post_type=product&#038;p=24088"},"modified":"2024-07-02T17:09:12","modified_gmt":"2024-07-02T16:09:12","slug":"body-com-gola-de-bico-colorida","status":"publish","type":"product","link":"https:\/\/ikisbaby.com\/index.php\/produto\/body-com-gola-de-bico-colorida\/","title":{"rendered":"Body Gola Colorida"},"content":{"rendered":"<p>Body com gola colorida para beb\u00e9, para um look cheio de personalidade!<\/p>\n<p>Com molas a apertar entre pernas para facilitar a troca da fralda.<\/p>\n<p><strong>100% algod\u00e3o.<\/strong><\/p>\n","protected":false},"excerpt":{"rendered":"<p>Body com gola colorida para beb\u00e9, para um look cheio de personalidade!<\/p>\n<p>Com molas a apertar entre pernas para facilitar a troca da fralda.<\/p>\n<p><strong>100% algod\u00e3o.<\/strong><\/p>\n","protected":false},"featured_media":24097,"comment_status":"closed","ping_status":"closed","template":"","meta":[],"product_brand":[],"product_cat":[190,303,264,69],"product_tag":[182,588,603,604],"class_list":{"0":"post-24088","1":"product","2":"type-product","3":"status-publish","6":"product_cat-bodies-com-gola","7":"product_cat-primavera-verao-2024","8":"product_cat-saldos","9":"product_cat-bodys-bebe","10":"product_tag-body","11":"product_tag-body-com-gola","12":"product_tag-body-com-gola-bico","13":"product_tag-body-com-gola-menino","15":"first","16":"instock","17":"sale","18":"taxable","19":"shipping-taxable","20":"purchasable","21":"product-type-variable"},"yoast_head":"<!-- This site is optimized with the Yoast SEO plugin v27.0 - https:\/\/yoast.com\/product\/yoast-seo-wordpress\/ -->\n<title>Body com gola colorida para beb\u00e9 - Ikisbaby -Loja Online<\/title>\n<meta name=\"description\" content=\"Body com gola colorida para beb\u00e9. Vai deixar o seu beb\u00e9 com um look cheio de personalidade. Com molas entre pernas para facilitar a muda.\" \/>\n<meta name=\"robots\" content=\"index, follow, max-snippet:-1, max-image-preview:large, max-video-preview:-1\" \/>\n<link rel=\"canonical\" href=\"https:\/\/ikisbaby.com\/index.php\/produto\/body-com-gola-de-bico-colorida\/\" \/>\n<meta property=\"og:locale\" content=\"pt_PT\" \/>\n<meta property=\"og:type\" content=\"article\" \/>\n<meta property=\"og:title\" content=\"Body com gola colorida para beb\u00e9 - Ikisbaby -Loja Online\" \/>\n<meta property=\"og:description\" content=\"Body com gola colorida para beb\u00e9. Vai deixar o seu beb\u00e9 com um look cheio de personalidade. Com molas entre pernas para facilitar a muda.\" \/>\n<meta property=\"og:url\" content=\"https:\/\/ikisbaby.com\/index.php\/produto\/body-com-gola-de-bico-colorida\/\" \/>\n<meta property=\"og:site_name\" content=\"Ikisbaby\" \/>\n<meta property=\"article:publisher\" content=\"https:\/\/facebook.com\/ikisbaby\" \/>\n<meta property=\"article:modified_time\" content=\"2024-07-02T16:09:12+00:00\" \/>\n<meta property=\"og:image\" content=\"https:\/\/ikisbaby.com\/wp-content\/uploads\/2020\/03\/body_gola_bico_colorida-1.jpg.png\" \/>\n\t<meta property=\"og:image:width\" content=\"750\" \/>\n\t<meta property=\"og:image:height\" content=\"1000\" \/>\n\t<meta property=\"og:image:type\" content=\"image\/png\" \/>\n<script type=\"application\/ld+json\" class=\"yoast-schema-graph\">{\"@context\":\"https:\/\/schema.org\",\"@graph\":[{\"@type\":\"WebPage\",\"@id\":\"https:\/\/ikisbaby.com\/index.php\/produto\/body-com-gola-de-bico-colorida\/\",\"url\":\"https:\/\/ikisbaby.com\/index.php\/produto\/body-com-gola-de-bico-colorida\/\",\"name\":\"Body com gola colorida para beb\u00e9 - Ikisbaby -Loja Online\",\"isPartOf\":{\"@id\":\"https:\/\/ikisbaby.com\/#website\"},\"primaryImageOfPage\":{\"@id\":\"https:\/\/ikisbaby.com\/index.php\/produto\/body-com-gola-de-bico-colorida\/#primaryimage\"},\"image\":{\"@id\":\"https:\/\/ikisbaby.com\/index.php\/produto\/body-com-gola-de-bico-colorida\/#primaryimage\"},\"thumbnailUrl\":\"https:\/\/ikisbaby.com\/wp-content\/uploads\/2020\/03\/body_gola_bico_colorida-1.jpg.png\",\"datePublished\":\"2021-04-29T11:46:40+00:00\",\"dateModified\":\"2024-07-02T16:09:12+00:00\",\"description\":\"Body com gola colorida para beb\u00e9. Vai deixar o seu beb\u00e9 com um look cheio de personalidade. Com molas entre pernas para facilitar a muda.\",\"breadcrumb\":{\"@id\":\"https:\/\/ikisbaby.com\/index.php\/produto\/body-com-gola-de-bico-colorida\/#breadcrumb\"},\"inLanguage\":\"pt-PT\",\"potentialAction\":[{\"@type\":\"ReadAction\",\"target\":[\"https:\/\/ikisbaby.com\/index.php\/produto\/body-com-gola-de-bico-colorida\/\"]}]},{\"@type\":\"ImageObject\",\"inLanguage\":\"pt-PT\",\"@id\":\"https:\/\/ikisbaby.com\/index.php\/produto\/body-com-gola-de-bico-colorida\/#primaryimage\",\"url\":\"https:\/\/ikisbaby.com\/wp-content\/uploads\/2020\/03\/body_gola_bico_colorida-1.jpg.png\",\"contentUrl\":\"https:\/\/ikisbaby.com\/wp-content\/uploads\/2020\/03\/body_gola_bico_colorida-1.jpg.png\",\"width\":750,\"height\":1000,\"caption\":\"Body com gola de bico colorida\"},{\"@type\":\"BreadcrumbList\",\"@id\":\"https:\/\/ikisbaby.com\/index.php\/produto\/body-com-gola-de-bico-colorida\/#breadcrumb\",\"itemListElement\":[{\"@type\":\"ListItem\",\"position\":1,\"name\":\"In\u00edcio\",\"item\":\"https:\/\/ikisbaby.com\/\"},{\"@type\":\"ListItem\",\"position\":2,\"name\":\"Loja\",\"item\":\"https:\/\/ikisbaby.com\/index.php\/loja-roupa-para-bebe\/\"},{\"@type\":\"ListItem\",\"position\":3,\"name\":\"Body Gola Colorida\"}]},{\"@type\":\"WebSite\",\"@id\":\"https:\/\/ikisbaby.com\/#website\",\"url\":\"https:\/\/ikisbaby.com\/\",\"name\":\"Ikisbaby\",\"description\":\"Loja Online para Beb\u00e9\",\"publisher\":{\"@id\":\"https:\/\/ikisbaby.com\/#organization\"},\"potentialAction\":[{\"@type\":\"SearchAction\",\"target\":{\"@type\":\"EntryPoint\",\"urlTemplate\":\"https:\/\/ikisbaby.com\/?s={search_term_string}\"},\"query-input\":{\"@type\":\"PropertyValueSpecification\",\"valueRequired\":true,\"valueName\":\"search_term_string\"}}],\"inLanguage\":\"pt-PT\"},{\"@type\":\"Organization\",\"@id\":\"https:\/\/ikisbaby.com\/#organization\",\"name\":\"Ikisbaby\",\"url\":\"https:\/\/ikisbaby.com\/\",\"logo\":{\"@type\":\"ImageObject\",\"inLanguage\":\"pt-PT\",\"@id\":\"https:\/\/ikisbaby.com\/#\/schema\/logo\/image\/\",\"url\":\"https:\/\/ikisbaby.com\/wp-content\/uploads\/2019\/02\/favicon.png\",\"contentUrl\":\"https:\/\/ikisbaby.com\/wp-content\/uploads\/2019\/02\/favicon.png\",\"width\":512,\"height\":512,\"caption\":\"Ikisbaby\"},\"image\":{\"@id\":\"https:\/\/ikisbaby.com\/#\/schema\/logo\/image\/\"},\"sameAs\":[\"https:\/\/facebook.com\/ikisbaby\",\"https:\/\/www.instagram.com\/ikisbaby\/\"]}]}<\/script>\n<!-- \/ Yoast SEO plugin. -->","yoast_head_json":{"title":"Body com gola colorida para beb\u00e9 - Ikisbaby -Loja Online","description":"Body com gola colorida para beb\u00e9. Vai deixar o seu beb\u00e9 com um look cheio de personalidade. Com molas entre pernas para facilitar a muda.","robots":{"index":"index","follow":"follow","max-snippet":"max-snippet:-1","max-image-preview":"max-image-preview:large","max-video-preview":"max-video-preview:-1"},"canonical":"https:\/\/ikisbaby.com\/index.php\/produto\/body-com-gola-de-bico-colorida\/","og_locale":"pt_PT","og_type":"article","og_title":"Body com gola colorida para beb\u00e9 - Ikisbaby -Loja Online","og_description":"Body com gola colorida para beb\u00e9. Vai deixar o seu beb\u00e9 com um look cheio de personalidade. Com molas entre pernas para facilitar a muda.","og_url":"https:\/\/ikisbaby.com\/index.php\/produto\/body-com-gola-de-bico-colorida\/","og_site_name":"Ikisbaby","article_publisher":"https:\/\/facebook.com\/ikisbaby","article_modified_time":"2024-07-02T16:09:12+00:00","og_image":[{"width":750,"height":1000,"url":"https:\/\/ikisbaby.com\/wp-content\/uploads\/2020\/03\/body_gola_bico_colorida-1.jpg.png","type":"image\/png"}],"schema":{"@context":"https:\/\/schema.org","@graph":[{"@type":"WebPage","@id":"https:\/\/ikisbaby.com\/index.php\/produto\/body-com-gola-de-bico-colorida\/","url":"https:\/\/ikisbaby.com\/index.php\/produto\/body-com-gola-de-bico-colorida\/","name":"Body com gola colorida para beb\u00e9 - Ikisbaby -Loja Online","isPartOf":{"@id":"https:\/\/ikisbaby.com\/#website"},"primaryImageOfPage":{"@id":"https:\/\/ikisbaby.com\/index.php\/produto\/body-com-gola-de-bico-colorida\/#primaryimage"},"image":{"@id":"https:\/\/ikisbaby.com\/index.php\/produto\/body-com-gola-de-bico-colorida\/#primaryimage"},"thumbnailUrl":"https:\/\/ikisbaby.com\/wp-content\/uploads\/2020\/03\/body_gola_bico_colorida-1.jpg.png","datePublished":"2021-04-29T11:46:40+00:00","dateModified":"2024-07-02T16:09:12+00:00","description":"Body com gola colorida para beb\u00e9. Vai deixar o seu beb\u00e9 com um look cheio de personalidade. Com molas entre pernas para facilitar a muda.","breadcrumb":{"@id":"https:\/\/ikisbaby.com\/index.php\/produto\/body-com-gola-de-bico-colorida\/#breadcrumb"},"inLanguage":"pt-PT","potentialAction":[{"@type":"ReadAction","target":["https:\/\/ikisbaby.com\/index.php\/produto\/body-com-gola-de-bico-colorida\/"]}]},{"@type":"ImageObject","inLanguage":"pt-PT","@id":"https:\/\/ikisbaby.com\/index.php\/produto\/body-com-gola-de-bico-colorida\/#primaryimage","url":"https:\/\/ikisbaby.com\/wp-content\/uploads\/2020\/03\/body_gola_bico_colorida-1.jpg.png","contentUrl":"https:\/\/ikisbaby.com\/wp-content\/uploads\/2020\/03\/body_gola_bico_colorida-1.jpg.png","width":750,"height":1000,"caption":"Body com gola de bico colorida"},{"@type":"BreadcrumbList","@id":"https:\/\/ikisbaby.com\/index.php\/produto\/body-com-gola-de-bico-colorida\/#breadcrumb","itemListElement":[{"@type":"ListItem","position":1,"name":"In\u00edcio","item":"https:\/\/ikisbaby.com\/"},{"@type":"ListItem","position":2,"name":"Loja","item":"https:\/\/ikisbaby.com\/index.php\/loja-roupa-para-bebe\/"},{"@type":"ListItem","position":3,"name":"Body Gola Colorida"}]},{"@type":"WebSite","@id":"https:\/\/ikisbaby.com\/#website","url":"https:\/\/ikisbaby.com\/","name":"Ikisbaby","description":"Loja Online para Beb\u00e9","publisher":{"@id":"https:\/\/ikisbaby.com\/#organization"},"potentialAction":[{"@type":"SearchAction","target":{"@type":"EntryPoint","urlTemplate":"https:\/\/ikisbaby.com\/?s={search_term_string}"},"query-input":{"@type":"PropertyValueSpecification","valueRequired":true,"valueName":"search_term_string"}}],"inLanguage":"pt-PT"},{"@type":"Organization","@id":"https:\/\/ikisbaby.com\/#organization","name":"Ikisbaby","url":"https:\/\/ikisbaby.com\/","logo":{"@type":"ImageObject","inLanguage":"pt-PT","@id":"https:\/\/ikisbaby.com\/#\/schema\/logo\/image\/","url":"https:\/\/ikisbaby.com\/wp-content\/uploads\/2019\/02\/favicon.png","contentUrl":"https:\/\/ikisbaby.com\/wp-content\/uploads\/2019\/02\/favicon.png","width":512,"height":512,"caption":"Ikisbaby"},"image":{"@id":"https:\/\/ikisbaby.com\/#\/schema\/logo\/image\/"},"sameAs":["https:\/\/facebook.com\/ikisbaby","https:\/\/www.instagram.com\/ikisbaby\/"]}]}},"_links":{"self":[{"href":"https:\/\/ikisbaby.com\/index.php\/wp-json\/wp\/v2\/product\/24088","targetHints":{"allow":["GET"]}}],"collection":[{"href":"https:\/\/ikisbaby.com\/index.php\/wp-json\/wp\/v2\/product"}],"about":[{"href":"https:\/\/ikisbaby.com\/index.php\/wp-json\/wp\/v2\/types\/product"}],"replies":[{"embeddable":true,"href":"https:\/\/ikisbaby.com\/index.php\/wp-json\/wp\/v2\/comments?post=24088"}],"version-history":[{"count":1,"href":"https:\/\/ikisbaby.com\/index.php\/wp-json\/wp\/v2\/product\/24088\/revisions"}],"predecessor-version":[{"id":28766,"href":"https:\/\/ikisbaby.com\/index.php\/wp-json\/wp\/v2\/product\/24088\/revisions\/28766"}],"wp:featuredmedia":[{"embeddable":true,"href":"https:\/\/ikisbaby.com\/index.php\/wp-json\/wp\/v2\/media\/24097"}],"wp:attachment":[{"href":"https:\/\/ikisbaby.com\/index.php\/wp-json\/wp\/v2\/media?parent=24088"}],"wp:term":[{"taxonomy":"product_brand","embeddable":true,"href":"https:\/\/ikisbaby.com\/index.php\/wp-json\/wp\/v2\/product_brand?post=24088"},{"taxonomy":"product_cat","embeddable":true,"href":"https:\/\/ikisbaby.com\/index.php\/wp-json\/wp\/v2\/product_cat?post=24088"},{"taxonomy":"product_tag","embeddable":true,"href":"https:\/\/ikisbaby.com\/index.php\/wp-json\/wp\/v2\/product_tag?post=24088"}],"curies":[{"name":"wp","href":"https:\/\/api.w.org\/{rel}","templated":true}]}}