{"id":24047,"date":"2020-02-28T17:01:39","date_gmt":"2020-02-28T17:01:39","guid":{"rendered":"https:\/\/ikisbaby.com\/?post_type=product&#038;p=24047"},"modified":"2026-03-30T11:20:07","modified_gmt":"2026-03-30T10:20:07","slug":"body-gola-em-manga-curta","status":"publish","type":"product","link":"https:\/\/ikisbaby.com\/index.php\/produto\/body-gola-em-manga-curta\/","title":{"rendered":"Body com Gola Bordada"},"content":{"rendered":"<p>Body gola em manga curta bordada.<\/p>\n<p>Com bordado em 2 tons de rosa na gola.<\/p>\n<p>Aperta com molas de press\u00e3o atr\u00e1s e entre as penas.<\/p>\n<p>Uma pe\u00e7a que deixa qualquer look com um toque sofisticado.<\/p>\n<p>Composi\u00e7\u00e3o 90% algod\u00e3o e 10% elastano.<\/p>\n","protected":false},"excerpt":{"rendered":"<p>Body gola em manga curta bordada.<\/p>\n<p>Com bordado em 2 tons de rosa na gola.<\/p>\n<p>Aperta com molas de press\u00e3o atr\u00e1s e entre as penas.<\/p>\n<p>Uma pe\u00e7a que deixa qualquer look com um toque sofisticado.<\/p>\n<p>Composi\u00e7\u00e3o 90% algod\u00e3o e 10% elastano.<\/p>\n","protected":false},"featured_media":24059,"comment_status":"open","ping_status":"closed","template":"","meta":[],"product_brand":[],"product_cat":[190,303,264,69],"product_tag":[182,588,310],"class_list":{"0":"post-24047","1":"product","2":"type-product","3":"status-publish","6":"product_cat-bodies-com-gola","7":"product_cat-primavera-verao-2024","8":"product_cat-saldos","9":"product_cat-bodys-bebe","10":"product_tag-body","11":"product_tag-body-com-gola","12":"product_tag-gola","14":"first","15":"instock","16":"taxable","17":"shipping-taxable","18":"purchasable","19":"product-type-variable"},"yoast_head":"<!-- This site is optimized with the Yoast SEO plugin v27.0 - https:\/\/yoast.com\/product\/yoast-seo-wordpress\/ -->\n<title>Body gola em manga curta - Ikisbaby - Loja Online<\/title>\n<meta name=\"description\" content=\"Body gola em manga curta bordada.Com bordado em 2 tons de rosa na gola.Aperta com molas de press\u00e3o atr\u00e1s e entre as penas. 90% algod\u00e3o e 10% elastano.\" \/>\n<meta name=\"robots\" content=\"index, follow, max-snippet:-1, max-image-preview:large, max-video-preview:-1\" \/>\n<link rel=\"canonical\" href=\"https:\/\/ikisbaby.com\/index.php\/produto\/body-gola-em-manga-curta\/\" \/>\n<meta property=\"og:locale\" content=\"pt_PT\" \/>\n<meta property=\"og:type\" content=\"article\" \/>\n<meta property=\"og:title\" content=\"Body gola em manga curta - Ikisbaby - Loja Online\" \/>\n<meta property=\"og:description\" content=\"Body gola em manga curta bordada.Com bordado em 2 tons de rosa na gola.Aperta com molas de press\u00e3o atr\u00e1s e entre as penas. 90% algod\u00e3o e 10% elastano.\" \/>\n<meta property=\"og:url\" content=\"https:\/\/ikisbaby.com\/index.php\/produto\/body-gola-em-manga-curta\/\" \/>\n<meta property=\"og:site_name\" content=\"Ikisbaby\" \/>\n<meta property=\"article:publisher\" content=\"https:\/\/facebook.com\/ikisbaby\" \/>\n<meta property=\"article:modified_time\" content=\"2026-03-30T10:20:07+00:00\" \/>\n<meta property=\"og:image\" content=\"https:\/\/ikisbaby.com\/wp-content\/uploads\/2020\/02\/body_gola_folho_pontinhos-2.png\" \/>\n\t<meta property=\"og:image:width\" content=\"750\" \/>\n\t<meta property=\"og:image:height\" content=\"1000\" \/>\n\t<meta property=\"og:image:type\" content=\"image\/png\" \/>\n<script type=\"application\/ld+json\" class=\"yoast-schema-graph\">{\"@context\":\"https:\/\/schema.org\",\"@graph\":[{\"@type\":\"WebPage\",\"@id\":\"https:\/\/ikisbaby.com\/index.php\/produto\/body-gola-em-manga-curta\/\",\"url\":\"https:\/\/ikisbaby.com\/index.php\/produto\/body-gola-em-manga-curta\/\",\"name\":\"Body gola em manga curta - Ikisbaby - Loja Online\",\"isPartOf\":{\"@id\":\"https:\/\/ikisbaby.com\/#website\"},\"primaryImageOfPage\":{\"@id\":\"https:\/\/ikisbaby.com\/index.php\/produto\/body-gola-em-manga-curta\/#primaryimage\"},\"image\":{\"@id\":\"https:\/\/ikisbaby.com\/index.php\/produto\/body-gola-em-manga-curta\/#primaryimage\"},\"thumbnailUrl\":\"https:\/\/ikisbaby.com\/wp-content\/uploads\/2020\/02\/body_gola_folho_pontinhos-2.png\",\"datePublished\":\"2020-02-28T17:01:39+00:00\",\"dateModified\":\"2026-03-30T10:20:07+00:00\",\"description\":\"Body gola em manga curta bordada.Com bordado em 2 tons de rosa na gola.Aperta com molas de press\u00e3o atr\u00e1s e entre as penas. 90% algod\u00e3o e 10% elastano.\",\"breadcrumb\":{\"@id\":\"https:\/\/ikisbaby.com\/index.php\/produto\/body-gola-em-manga-curta\/#breadcrumb\"},\"inLanguage\":\"pt-PT\",\"potentialAction\":[{\"@type\":\"ReadAction\",\"target\":[\"https:\/\/ikisbaby.com\/index.php\/produto\/body-gola-em-manga-curta\/\"]}]},{\"@type\":\"ImageObject\",\"inLanguage\":\"pt-PT\",\"@id\":\"https:\/\/ikisbaby.com\/index.php\/produto\/body-gola-em-manga-curta\/#primaryimage\",\"url\":\"https:\/\/ikisbaby.com\/wp-content\/uploads\/2020\/02\/body_gola_folho_pontinhos-2.png\",\"contentUrl\":\"https:\/\/ikisbaby.com\/wp-content\/uploads\/2020\/02\/body_gola_folho_pontinhos-2.png\",\"width\":750,\"height\":1000,\"caption\":\"Body gola em manga curta\"},{\"@type\":\"BreadcrumbList\",\"@id\":\"https:\/\/ikisbaby.com\/index.php\/produto\/body-gola-em-manga-curta\/#breadcrumb\",\"itemListElement\":[{\"@type\":\"ListItem\",\"position\":1,\"name\":\"In\u00edcio\",\"item\":\"https:\/\/ikisbaby.com\/\"},{\"@type\":\"ListItem\",\"position\":2,\"name\":\"Loja\",\"item\":\"https:\/\/ikisbaby.com\/index.php\/loja-roupa-para-bebe\/\"},{\"@type\":\"ListItem\",\"position\":3,\"name\":\"Body com Gola Bordada\"}]},{\"@type\":\"WebSite\",\"@id\":\"https:\/\/ikisbaby.com\/#website\",\"url\":\"https:\/\/ikisbaby.com\/\",\"name\":\"Ikisbaby\",\"description\":\"Loja Online para Beb\u00e9\",\"publisher\":{\"@id\":\"https:\/\/ikisbaby.com\/#organization\"},\"potentialAction\":[{\"@type\":\"SearchAction\",\"target\":{\"@type\":\"EntryPoint\",\"urlTemplate\":\"https:\/\/ikisbaby.com\/?s={search_term_string}\"},\"query-input\":{\"@type\":\"PropertyValueSpecification\",\"valueRequired\":true,\"valueName\":\"search_term_string\"}}],\"inLanguage\":\"pt-PT\"},{\"@type\":\"Organization\",\"@id\":\"https:\/\/ikisbaby.com\/#organization\",\"name\":\"Ikisbaby\",\"url\":\"https:\/\/ikisbaby.com\/\",\"logo\":{\"@type\":\"ImageObject\",\"inLanguage\":\"pt-PT\",\"@id\":\"https:\/\/ikisbaby.com\/#\/schema\/logo\/image\/\",\"url\":\"https:\/\/ikisbaby.com\/wp-content\/uploads\/2019\/02\/favicon.png\",\"contentUrl\":\"https:\/\/ikisbaby.com\/wp-content\/uploads\/2019\/02\/favicon.png\",\"width\":512,\"height\":512,\"caption\":\"Ikisbaby\"},\"image\":{\"@id\":\"https:\/\/ikisbaby.com\/#\/schema\/logo\/image\/\"},\"sameAs\":[\"https:\/\/facebook.com\/ikisbaby\",\"https:\/\/www.instagram.com\/ikisbaby\/\"]}]}<\/script>\n<!-- \/ Yoast SEO plugin. -->","yoast_head_json":{"title":"Body gola em manga curta - Ikisbaby - Loja Online","description":"Body gola em manga curta bordada.Com bordado em 2 tons de rosa na gola.Aperta com molas de press\u00e3o atr\u00e1s e entre as penas. 90% algod\u00e3o e 10% elastano.","robots":{"index":"index","follow":"follow","max-snippet":"max-snippet:-1","max-image-preview":"max-image-preview:large","max-video-preview":"max-video-preview:-1"},"canonical":"https:\/\/ikisbaby.com\/index.php\/produto\/body-gola-em-manga-curta\/","og_locale":"pt_PT","og_type":"article","og_title":"Body gola em manga curta - Ikisbaby - Loja Online","og_description":"Body gola em manga curta bordada.Com bordado em 2 tons de rosa na gola.Aperta com molas de press\u00e3o atr\u00e1s e entre as penas. 90% algod\u00e3o e 10% elastano.","og_url":"https:\/\/ikisbaby.com\/index.php\/produto\/body-gola-em-manga-curta\/","og_site_name":"Ikisbaby","article_publisher":"https:\/\/facebook.com\/ikisbaby","article_modified_time":"2026-03-30T10:20:07+00:00","og_image":[{"width":750,"height":1000,"url":"https:\/\/ikisbaby.com\/wp-content\/uploads\/2020\/02\/body_gola_folho_pontinhos-2.png","type":"image\/png"}],"schema":{"@context":"https:\/\/schema.org","@graph":[{"@type":"WebPage","@id":"https:\/\/ikisbaby.com\/index.php\/produto\/body-gola-em-manga-curta\/","url":"https:\/\/ikisbaby.com\/index.php\/produto\/body-gola-em-manga-curta\/","name":"Body gola em manga curta - Ikisbaby - Loja Online","isPartOf":{"@id":"https:\/\/ikisbaby.com\/#website"},"primaryImageOfPage":{"@id":"https:\/\/ikisbaby.com\/index.php\/produto\/body-gola-em-manga-curta\/#primaryimage"},"image":{"@id":"https:\/\/ikisbaby.com\/index.php\/produto\/body-gola-em-manga-curta\/#primaryimage"},"thumbnailUrl":"https:\/\/ikisbaby.com\/wp-content\/uploads\/2020\/02\/body_gola_folho_pontinhos-2.png","datePublished":"2020-02-28T17:01:39+00:00","dateModified":"2026-03-30T10:20:07+00:00","description":"Body gola em manga curta bordada.Com bordado em 2 tons de rosa na gola.Aperta com molas de press\u00e3o atr\u00e1s e entre as penas. 90% algod\u00e3o e 10% elastano.","breadcrumb":{"@id":"https:\/\/ikisbaby.com\/index.php\/produto\/body-gola-em-manga-curta\/#breadcrumb"},"inLanguage":"pt-PT","potentialAction":[{"@type":"ReadAction","target":["https:\/\/ikisbaby.com\/index.php\/produto\/body-gola-em-manga-curta\/"]}]},{"@type":"ImageObject","inLanguage":"pt-PT","@id":"https:\/\/ikisbaby.com\/index.php\/produto\/body-gola-em-manga-curta\/#primaryimage","url":"https:\/\/ikisbaby.com\/wp-content\/uploads\/2020\/02\/body_gola_folho_pontinhos-2.png","contentUrl":"https:\/\/ikisbaby.com\/wp-content\/uploads\/2020\/02\/body_gola_folho_pontinhos-2.png","width":750,"height":1000,"caption":"Body gola em manga curta"},{"@type":"BreadcrumbList","@id":"https:\/\/ikisbaby.com\/index.php\/produto\/body-gola-em-manga-curta\/#breadcrumb","itemListElement":[{"@type":"ListItem","position":1,"name":"In\u00edcio","item":"https:\/\/ikisbaby.com\/"},{"@type":"ListItem","position":2,"name":"Loja","item":"https:\/\/ikisbaby.com\/index.php\/loja-roupa-para-bebe\/"},{"@type":"ListItem","position":3,"name":"Body com Gola Bordada"}]},{"@type":"WebSite","@id":"https:\/\/ikisbaby.com\/#website","url":"https:\/\/ikisbaby.com\/","name":"Ikisbaby","description":"Loja Online para Beb\u00e9","publisher":{"@id":"https:\/\/ikisbaby.com\/#organization"},"potentialAction":[{"@type":"SearchAction","target":{"@type":"EntryPoint","urlTemplate":"https:\/\/ikisbaby.com\/?s={search_term_string}"},"query-input":{"@type":"PropertyValueSpecification","valueRequired":true,"valueName":"search_term_string"}}],"inLanguage":"pt-PT"},{"@type":"Organization","@id":"https:\/\/ikisbaby.com\/#organization","name":"Ikisbaby","url":"https:\/\/ikisbaby.com\/","logo":{"@type":"ImageObject","inLanguage":"pt-PT","@id":"https:\/\/ikisbaby.com\/#\/schema\/logo\/image\/","url":"https:\/\/ikisbaby.com\/wp-content\/uploads\/2019\/02\/favicon.png","contentUrl":"https:\/\/ikisbaby.com\/wp-content\/uploads\/2019\/02\/favicon.png","width":512,"height":512,"caption":"Ikisbaby"},"image":{"@id":"https:\/\/ikisbaby.com\/#\/schema\/logo\/image\/"},"sameAs":["https:\/\/facebook.com\/ikisbaby","https:\/\/www.instagram.com\/ikisbaby\/"]}]}},"_links":{"self":[{"href":"https:\/\/ikisbaby.com\/index.php\/wp-json\/wp\/v2\/product\/24047","targetHints":{"allow":["GET"]}}],"collection":[{"href":"https:\/\/ikisbaby.com\/index.php\/wp-json\/wp\/v2\/product"}],"about":[{"href":"https:\/\/ikisbaby.com\/index.php\/wp-json\/wp\/v2\/types\/product"}],"replies":[{"embeddable":true,"href":"https:\/\/ikisbaby.com\/index.php\/wp-json\/wp\/v2\/comments?post=24047"}],"version-history":[{"count":2,"href":"https:\/\/ikisbaby.com\/index.php\/wp-json\/wp\/v2\/product\/24047\/revisions"}],"predecessor-version":[{"id":28778,"href":"https:\/\/ikisbaby.com\/index.php\/wp-json\/wp\/v2\/product\/24047\/revisions\/28778"}],"wp:featuredmedia":[{"embeddable":true,"href":"https:\/\/ikisbaby.com\/index.php\/wp-json\/wp\/v2\/media\/24059"}],"wp:attachment":[{"href":"https:\/\/ikisbaby.com\/index.php\/wp-json\/wp\/v2\/media?parent=24047"}],"wp:term":[{"taxonomy":"product_brand","embeddable":true,"href":"https:\/\/ikisbaby.com\/index.php\/wp-json\/wp\/v2\/product_brand?post=24047"},{"taxonomy":"product_cat","embeddable":true,"href":"https:\/\/ikisbaby.com\/index.php\/wp-json\/wp\/v2\/product_cat?post=24047"},{"taxonomy":"product_tag","embeddable":true,"href":"https:\/\/ikisbaby.com\/index.php\/wp-json\/wp\/v2\/product_tag?post=24047"}],"curies":[{"name":"wp","href":"https:\/\/api.w.org\/{rel}","templated":true}]}}