{"id":24026,"date":"2020-02-27T18:09:31","date_gmt":"2020-02-27T18:09:31","guid":{"rendered":"https:\/\/ikisbaby.com\/?post_type=product&#038;p=24026"},"modified":"2024-07-08T18:52:16","modified_gmt":"2024-07-08T17:52:16","slug":"manta-malha-rosa-forte","status":"publish","type":"product","link":"https:\/\/ikisbaby.com\/index.php\/produto\/manta-malha-rosa-forte\/","title":{"rendered":"Manta Malha Pato"},"content":{"rendered":"<div class=\"woocommerce-product-details__short-description\">\n<p>Manta malha rosa forte para Beb\u00e9.<\/p>\n<p>Malha delicada, qualidade premium.<\/p>\n<p>Com bordado de patinho e aplica\u00e7\u00e3o de tecido estampado.<\/p>\n<p>Tamanho: 90\u00d790 cm aproximadamente<\/p>\n<p>Composi\u00e7\u00e3o: 100% acr\u00edlico perl\u00e9.<\/p>\n<\/div>\n","protected":false},"excerpt":{"rendered":"<p>Manta malha rosa forte para Beb\u00e9.<\/p>\n<p>Malha delicada, qualidade premium.<\/p>\n<p>Com bordado de patinho e aplica\u00e7\u00e3o de tecido estampado.<\/p>\n<p>Tamanho: 90\u00d790 cm aproximadamente<\/p>\n<p>Composi\u00e7\u00e3o: 100% acr\u00edlico perl\u00e9.<\/p>\n","protected":false},"featured_media":24027,"comment_status":"closed","ping_status":"closed","template":"","meta":[],"product_brand":[],"product_cat":[642,641,264,70,64],"product_tag":[317,101,581],"class_list":{"0":"post-24026","1":"product","2":"type-product","3":"status-publish","6":"product_cat-malha-bebe-menina","7":"product_cat-malha-bebe-menino","8":"product_cat-saldos","9":"product_cat-mantas","10":"product_cat-malhas","11":"product_tag-manta-de-algodao","12":"product_tag-manta","13":"product_tag-manta-de-malha","15":"first","16":"instock","17":"taxable","18":"shipping-taxable","19":"purchasable","20":"product-type-simple"},"yoast_head":"<!-- This site is optimized with the Yoast SEO plugin v27.0 - https:\/\/yoast.com\/product\/yoast-seo-wordpress\/ -->\n<title>Manta malha rosa forte para beb\u00e9 - Ikisbaby - Loja Online<\/title>\n<meta name=\"description\" content=\"Manta malha rosa forte para Beb\u00e9.Malha delicada, qualidade premium.Com bordado de patinho e aplica\u00e7\u00e3o de tecido estampado.Tamanho: 90\u00d790 cm aproximadamente.\" \/>\n<meta name=\"robots\" content=\"index, follow, max-snippet:-1, max-image-preview:large, max-video-preview:-1\" \/>\n<link rel=\"canonical\" href=\"https:\/\/ikisbaby.com\/index.php\/produto\/manta-malha-rosa-forte\/\" \/>\n<meta property=\"og:locale\" content=\"pt_PT\" \/>\n<meta property=\"og:type\" content=\"article\" \/>\n<meta property=\"og:title\" content=\"Manta malha rosa forte para beb\u00e9 - Ikisbaby - Loja Online\" \/>\n<meta property=\"og:description\" content=\"Manta malha rosa forte para Beb\u00e9.Malha delicada, qualidade premium.Com bordado de patinho e aplica\u00e7\u00e3o de tecido estampado.Tamanho: 90\u00d790 cm aproximadamente.\" \/>\n<meta property=\"og:url\" content=\"https:\/\/ikisbaby.com\/index.php\/produto\/manta-malha-rosa-forte\/\" \/>\n<meta property=\"og:site_name\" content=\"Ikisbaby\" \/>\n<meta property=\"article:publisher\" content=\"https:\/\/facebook.com\/ikisbaby\" \/>\n<meta property=\"article:modified_time\" content=\"2024-07-08T17:52:16+00:00\" \/>\n<meta property=\"og:image\" content=\"https:\/\/ikisbaby.com\/wp-content\/uploads\/2020\/02\/manta_malha_pato.jpg.png\" \/>\n\t<meta property=\"og:image:width\" content=\"750\" \/>\n\t<meta property=\"og:image:height\" content=\"1000\" \/>\n\t<meta property=\"og:image:type\" content=\"image\/png\" \/>\n<script type=\"application\/ld+json\" class=\"yoast-schema-graph\">{\"@context\":\"https:\/\/schema.org\",\"@graph\":[{\"@type\":\"WebPage\",\"@id\":\"https:\/\/ikisbaby.com\/index.php\/produto\/manta-malha-rosa-forte\/\",\"url\":\"https:\/\/ikisbaby.com\/index.php\/produto\/manta-malha-rosa-forte\/\",\"name\":\"Manta malha rosa forte para beb\u00e9 - Ikisbaby - Loja Online\",\"isPartOf\":{\"@id\":\"https:\/\/ikisbaby.com\/#website\"},\"primaryImageOfPage\":{\"@id\":\"https:\/\/ikisbaby.com\/index.php\/produto\/manta-malha-rosa-forte\/#primaryimage\"},\"image\":{\"@id\":\"https:\/\/ikisbaby.com\/index.php\/produto\/manta-malha-rosa-forte\/#primaryimage\"},\"thumbnailUrl\":\"https:\/\/ikisbaby.com\/wp-content\/uploads\/2020\/02\/manta_malha_pato.jpg.png\",\"datePublished\":\"2020-02-27T18:09:31+00:00\",\"dateModified\":\"2024-07-08T17:52:16+00:00\",\"description\":\"Manta malha rosa forte para Beb\u00e9.Malha delicada, qualidade premium.Com bordado de patinho e aplica\u00e7\u00e3o de tecido estampado.Tamanho: 90\u00d790 cm aproximadamente.\",\"breadcrumb\":{\"@id\":\"https:\/\/ikisbaby.com\/index.php\/produto\/manta-malha-rosa-forte\/#breadcrumb\"},\"inLanguage\":\"pt-PT\",\"potentialAction\":[{\"@type\":\"ReadAction\",\"target\":[\"https:\/\/ikisbaby.com\/index.php\/produto\/manta-malha-rosa-forte\/\"]}]},{\"@type\":\"ImageObject\",\"inLanguage\":\"pt-PT\",\"@id\":\"https:\/\/ikisbaby.com\/index.php\/produto\/manta-malha-rosa-forte\/#primaryimage\",\"url\":\"https:\/\/ikisbaby.com\/wp-content\/uploads\/2020\/02\/manta_malha_pato.jpg.png\",\"contentUrl\":\"https:\/\/ikisbaby.com\/wp-content\/uploads\/2020\/02\/manta_malha_pato.jpg.png\",\"width\":750,\"height\":1000,\"caption\":\"Manta malha rosa forte\"},{\"@type\":\"BreadcrumbList\",\"@id\":\"https:\/\/ikisbaby.com\/index.php\/produto\/manta-malha-rosa-forte\/#breadcrumb\",\"itemListElement\":[{\"@type\":\"ListItem\",\"position\":1,\"name\":\"In\u00edcio\",\"item\":\"https:\/\/ikisbaby.com\/\"},{\"@type\":\"ListItem\",\"position\":2,\"name\":\"Loja\",\"item\":\"https:\/\/ikisbaby.com\/index.php\/loja-roupa-para-bebe\/\"},{\"@type\":\"ListItem\",\"position\":3,\"name\":\"Manta Malha Pato\"}]},{\"@type\":\"WebSite\",\"@id\":\"https:\/\/ikisbaby.com\/#website\",\"url\":\"https:\/\/ikisbaby.com\/\",\"name\":\"Ikisbaby\",\"description\":\"Loja Online para Beb\u00e9\",\"publisher\":{\"@id\":\"https:\/\/ikisbaby.com\/#organization\"},\"potentialAction\":[{\"@type\":\"SearchAction\",\"target\":{\"@type\":\"EntryPoint\",\"urlTemplate\":\"https:\/\/ikisbaby.com\/?s={search_term_string}\"},\"query-input\":{\"@type\":\"PropertyValueSpecification\",\"valueRequired\":true,\"valueName\":\"search_term_string\"}}],\"inLanguage\":\"pt-PT\"},{\"@type\":\"Organization\",\"@id\":\"https:\/\/ikisbaby.com\/#organization\",\"name\":\"Ikisbaby\",\"url\":\"https:\/\/ikisbaby.com\/\",\"logo\":{\"@type\":\"ImageObject\",\"inLanguage\":\"pt-PT\",\"@id\":\"https:\/\/ikisbaby.com\/#\/schema\/logo\/image\/\",\"url\":\"https:\/\/ikisbaby.com\/wp-content\/uploads\/2019\/02\/favicon.png\",\"contentUrl\":\"https:\/\/ikisbaby.com\/wp-content\/uploads\/2019\/02\/favicon.png\",\"width\":512,\"height\":512,\"caption\":\"Ikisbaby\"},\"image\":{\"@id\":\"https:\/\/ikisbaby.com\/#\/schema\/logo\/image\/\"},\"sameAs\":[\"https:\/\/facebook.com\/ikisbaby\",\"https:\/\/www.instagram.com\/ikisbaby\/\"]}]}<\/script>\n<!-- \/ Yoast SEO plugin. -->","yoast_head_json":{"title":"Manta malha rosa forte para beb\u00e9 - Ikisbaby - Loja Online","description":"Manta malha rosa forte para Beb\u00e9.Malha delicada, qualidade premium.Com bordado de patinho e aplica\u00e7\u00e3o de tecido estampado.Tamanho: 90\u00d790 cm aproximadamente.","robots":{"index":"index","follow":"follow","max-snippet":"max-snippet:-1","max-image-preview":"max-image-preview:large","max-video-preview":"max-video-preview:-1"},"canonical":"https:\/\/ikisbaby.com\/index.php\/produto\/manta-malha-rosa-forte\/","og_locale":"pt_PT","og_type":"article","og_title":"Manta malha rosa forte para beb\u00e9 - Ikisbaby - Loja Online","og_description":"Manta malha rosa forte para Beb\u00e9.Malha delicada, qualidade premium.Com bordado de patinho e aplica\u00e7\u00e3o de tecido estampado.Tamanho: 90\u00d790 cm aproximadamente.","og_url":"https:\/\/ikisbaby.com\/index.php\/produto\/manta-malha-rosa-forte\/","og_site_name":"Ikisbaby","article_publisher":"https:\/\/facebook.com\/ikisbaby","article_modified_time":"2024-07-08T17:52:16+00:00","og_image":[{"width":750,"height":1000,"url":"https:\/\/ikisbaby.com\/wp-content\/uploads\/2020\/02\/manta_malha_pato.jpg.png","type":"image\/png"}],"schema":{"@context":"https:\/\/schema.org","@graph":[{"@type":"WebPage","@id":"https:\/\/ikisbaby.com\/index.php\/produto\/manta-malha-rosa-forte\/","url":"https:\/\/ikisbaby.com\/index.php\/produto\/manta-malha-rosa-forte\/","name":"Manta malha rosa forte para beb\u00e9 - Ikisbaby - Loja Online","isPartOf":{"@id":"https:\/\/ikisbaby.com\/#website"},"primaryImageOfPage":{"@id":"https:\/\/ikisbaby.com\/index.php\/produto\/manta-malha-rosa-forte\/#primaryimage"},"image":{"@id":"https:\/\/ikisbaby.com\/index.php\/produto\/manta-malha-rosa-forte\/#primaryimage"},"thumbnailUrl":"https:\/\/ikisbaby.com\/wp-content\/uploads\/2020\/02\/manta_malha_pato.jpg.png","datePublished":"2020-02-27T18:09:31+00:00","dateModified":"2024-07-08T17:52:16+00:00","description":"Manta malha rosa forte para Beb\u00e9.Malha delicada, qualidade premium.Com bordado de patinho e aplica\u00e7\u00e3o de tecido estampado.Tamanho: 90\u00d790 cm aproximadamente.","breadcrumb":{"@id":"https:\/\/ikisbaby.com\/index.php\/produto\/manta-malha-rosa-forte\/#breadcrumb"},"inLanguage":"pt-PT","potentialAction":[{"@type":"ReadAction","target":["https:\/\/ikisbaby.com\/index.php\/produto\/manta-malha-rosa-forte\/"]}]},{"@type":"ImageObject","inLanguage":"pt-PT","@id":"https:\/\/ikisbaby.com\/index.php\/produto\/manta-malha-rosa-forte\/#primaryimage","url":"https:\/\/ikisbaby.com\/wp-content\/uploads\/2020\/02\/manta_malha_pato.jpg.png","contentUrl":"https:\/\/ikisbaby.com\/wp-content\/uploads\/2020\/02\/manta_malha_pato.jpg.png","width":750,"height":1000,"caption":"Manta malha rosa forte"},{"@type":"BreadcrumbList","@id":"https:\/\/ikisbaby.com\/index.php\/produto\/manta-malha-rosa-forte\/#breadcrumb","itemListElement":[{"@type":"ListItem","position":1,"name":"In\u00edcio","item":"https:\/\/ikisbaby.com\/"},{"@type":"ListItem","position":2,"name":"Loja","item":"https:\/\/ikisbaby.com\/index.php\/loja-roupa-para-bebe\/"},{"@type":"ListItem","position":3,"name":"Manta Malha Pato"}]},{"@type":"WebSite","@id":"https:\/\/ikisbaby.com\/#website","url":"https:\/\/ikisbaby.com\/","name":"Ikisbaby","description":"Loja Online para Beb\u00e9","publisher":{"@id":"https:\/\/ikisbaby.com\/#organization"},"potentialAction":[{"@type":"SearchAction","target":{"@type":"EntryPoint","urlTemplate":"https:\/\/ikisbaby.com\/?s={search_term_string}"},"query-input":{"@type":"PropertyValueSpecification","valueRequired":true,"valueName":"search_term_string"}}],"inLanguage":"pt-PT"},{"@type":"Organization","@id":"https:\/\/ikisbaby.com\/#organization","name":"Ikisbaby","url":"https:\/\/ikisbaby.com\/","logo":{"@type":"ImageObject","inLanguage":"pt-PT","@id":"https:\/\/ikisbaby.com\/#\/schema\/logo\/image\/","url":"https:\/\/ikisbaby.com\/wp-content\/uploads\/2019\/02\/favicon.png","contentUrl":"https:\/\/ikisbaby.com\/wp-content\/uploads\/2019\/02\/favicon.png","width":512,"height":512,"caption":"Ikisbaby"},"image":{"@id":"https:\/\/ikisbaby.com\/#\/schema\/logo\/image\/"},"sameAs":["https:\/\/facebook.com\/ikisbaby","https:\/\/www.instagram.com\/ikisbaby\/"]}]}},"_links":{"self":[{"href":"https:\/\/ikisbaby.com\/index.php\/wp-json\/wp\/v2\/product\/24026","targetHints":{"allow":["GET"]}}],"collection":[{"href":"https:\/\/ikisbaby.com\/index.php\/wp-json\/wp\/v2\/product"}],"about":[{"href":"https:\/\/ikisbaby.com\/index.php\/wp-json\/wp\/v2\/types\/product"}],"replies":[{"embeddable":true,"href":"https:\/\/ikisbaby.com\/index.php\/wp-json\/wp\/v2\/comments?post=24026"}],"version-history":[{"count":1,"href":"https:\/\/ikisbaby.com\/index.php\/wp-json\/wp\/v2\/product\/24026\/revisions"}],"predecessor-version":[{"id":28796,"href":"https:\/\/ikisbaby.com\/index.php\/wp-json\/wp\/v2\/product\/24026\/revisions\/28796"}],"wp:featuredmedia":[{"embeddable":true,"href":"https:\/\/ikisbaby.com\/index.php\/wp-json\/wp\/v2\/media\/24027"}],"wp:attachment":[{"href":"https:\/\/ikisbaby.com\/index.php\/wp-json\/wp\/v2\/media?parent=24026"}],"wp:term":[{"taxonomy":"product_brand","embeddable":true,"href":"https:\/\/ikisbaby.com\/index.php\/wp-json\/wp\/v2\/product_brand?post=24026"},{"taxonomy":"product_cat","embeddable":true,"href":"https:\/\/ikisbaby.com\/index.php\/wp-json\/wp\/v2\/product_cat?post=24026"},{"taxonomy":"product_tag","embeddable":true,"href":"https:\/\/ikisbaby.com\/index.php\/wp-json\/wp\/v2\/product_tag?post=24026"}],"curies":[{"name":"wp","href":"https:\/\/api.w.org\/{rel}","templated":true}]}}