{"id":24021,"date":"2020-02-27T17:53:21","date_gmt":"2020-02-27T17:53:21","guid":{"rendered":"https:\/\/ikisbaby.com\/?post_type=product&#038;p=24021"},"modified":"2021-01-19T12:01:34","modified_gmt":"2021-01-19T12:01:34","slug":"calcao-em-malha-para-bebe","status":"publish","type":"product","link":"https:\/\/ikisbaby.com\/index.php\/produto\/calcao-em-malha-para-bebe\/","title":{"rendered":"Cal\u00e7\u00e3o Malha"},"content":{"rendered":"<p>Cal\u00e7\u00e3o em malha para beb\u00e9.<\/p>\n<p>Malha delicada, qualidade premium.<\/p>\n<p>Uma pe\u00e7a delicada como a pele do seu beb\u00e9.<\/p>\n<p>Aperta com bot\u00f5es nas al\u00e7as e com tecido estampado aplicado nas pernas.<\/p>\n<p>Complete este look com um body ou camisola de gola.<\/p>\n<p>Composi\u00e7\u00e3o 100% acr\u00edlico perl\u00e9.<\/p>\n","protected":false},"excerpt":{"rendered":"<p>Cal\u00e7\u00e3o em malha para beb\u00e9.<\/p>\n<p>Malha delicada, qualidade premium.<\/p>\n<p>Uma pe\u00e7a delicada como a pele do seu beb\u00e9.<\/p>\n<p>Aperta com bot\u00f5es nas al\u00e7as e com tecido estampado aplicado nas pernas.<\/p>\n<p>Complete este look com um body ou camisola de gola.<\/p>\n<p>Composi\u00e7\u00e3o 100% acr\u00edlico perl\u00e9.<\/p>\n","protected":false},"featured_media":24025,"comment_status":"closed","ping_status":"closed","template":"","meta":[],"product_brand":[],"product_cat":[642,303,264,88,64],"product_tag":[645,646],"class_list":{"0":"post-24021","1":"product","2":"type-product","3":"status-publish","6":"product_cat-malha-bebe-menina","7":"product_cat-primavera-verao-2024","8":"product_cat-saldos","9":"product_cat-vestuario-para-bebe-menina","10":"product_cat-malhas","11":"product_tag-calcao-bebe","12":"product_tag-calcao-malha","14":"first","15":"outofstock","16":"taxable","17":"shipping-taxable","18":"product-type-variable"},"yoast_head":"<!-- This site is optimized with the Yoast SEO plugin v27.0 - https:\/\/yoast.com\/product\/yoast-seo-wordpress\/ -->\n<title>Cal\u00e7\u00e3o em malha para beb\u00e9 - Ikisbaby - Loja Online<\/title>\n<meta name=\"description\" content=\"Cal\u00e7\u00e3o em malha para beb\u00e9.Malha delicada, qualidade premium.Uma pe\u00e7a delicada como a pele do seu beb\u00e9.Aperta com bot\u00f5es nas al\u00e7as e com tecido.\" \/>\n<meta name=\"robots\" content=\"index, follow, max-snippet:-1, max-image-preview:large, max-video-preview:-1\" \/>\n<link rel=\"canonical\" href=\"https:\/\/ikisbaby.com\/index.php\/produto\/calcao-em-malha-para-bebe\/\" \/>\n<meta property=\"og:locale\" content=\"pt_PT\" \/>\n<meta property=\"og:type\" content=\"article\" \/>\n<meta property=\"og:title\" content=\"Cal\u00e7\u00e3o em malha para beb\u00e9 - Ikisbaby - Loja Online\" \/>\n<meta property=\"og:description\" content=\"Cal\u00e7\u00e3o em malha para beb\u00e9.Malha delicada, qualidade premium.Uma pe\u00e7a delicada como a pele do seu beb\u00e9.Aperta com bot\u00f5es nas al\u00e7as e com tecido.\" \/>\n<meta property=\"og:url\" content=\"https:\/\/ikisbaby.com\/index.php\/produto\/calcao-em-malha-para-bebe\/\" \/>\n<meta property=\"og:site_name\" content=\"Ikisbaby\" \/>\n<meta property=\"article:publisher\" content=\"https:\/\/facebook.com\/ikisbaby\" \/>\n<meta property=\"article:modified_time\" content=\"2021-01-19T12:01:34+00:00\" \/>\n<meta property=\"og:image\" content=\"https:\/\/ikisbaby.com\/wp-content\/uploads\/2020\/02\/jardineira_malha_pato.jpg.png\" \/>\n\t<meta property=\"og:image:width\" content=\"750\" \/>\n\t<meta property=\"og:image:height\" content=\"1000\" \/>\n\t<meta property=\"og:image:type\" content=\"image\/png\" \/>\n<script type=\"application\/ld+json\" class=\"yoast-schema-graph\">{\"@context\":\"https:\/\/schema.org\",\"@graph\":[{\"@type\":\"WebPage\",\"@id\":\"https:\/\/ikisbaby.com\/index.php\/produto\/calcao-em-malha-para-bebe\/\",\"url\":\"https:\/\/ikisbaby.com\/index.php\/produto\/calcao-em-malha-para-bebe\/\",\"name\":\"Cal\u00e7\u00e3o em malha para beb\u00e9 - Ikisbaby - Loja Online\",\"isPartOf\":{\"@id\":\"https:\/\/ikisbaby.com\/#website\"},\"primaryImageOfPage\":{\"@id\":\"https:\/\/ikisbaby.com\/index.php\/produto\/calcao-em-malha-para-bebe\/#primaryimage\"},\"image\":{\"@id\":\"https:\/\/ikisbaby.com\/index.php\/produto\/calcao-em-malha-para-bebe\/#primaryimage\"},\"thumbnailUrl\":\"https:\/\/ikisbaby.com\/wp-content\/uploads\/2020\/02\/jardineira_malha_pato.jpg.png\",\"datePublished\":\"2020-02-27T17:53:21+00:00\",\"dateModified\":\"2021-01-19T12:01:34+00:00\",\"description\":\"Cal\u00e7\u00e3o em malha para beb\u00e9.Malha delicada, qualidade premium.Uma pe\u00e7a delicada como a pele do seu beb\u00e9.Aperta com bot\u00f5es nas al\u00e7as e com tecido.\",\"breadcrumb\":{\"@id\":\"https:\/\/ikisbaby.com\/index.php\/produto\/calcao-em-malha-para-bebe\/#breadcrumb\"},\"inLanguage\":\"pt-PT\",\"potentialAction\":[{\"@type\":\"ReadAction\",\"target\":[\"https:\/\/ikisbaby.com\/index.php\/produto\/calcao-em-malha-para-bebe\/\"]}]},{\"@type\":\"ImageObject\",\"inLanguage\":\"pt-PT\",\"@id\":\"https:\/\/ikisbaby.com\/index.php\/produto\/calcao-em-malha-para-bebe\/#primaryimage\",\"url\":\"https:\/\/ikisbaby.com\/wp-content\/uploads\/2020\/02\/jardineira_malha_pato.jpg.png\",\"contentUrl\":\"https:\/\/ikisbaby.com\/wp-content\/uploads\/2020\/02\/jardineira_malha_pato.jpg.png\",\"width\":750,\"height\":1000,\"caption\":\"Cal\u00e7\u00e3o em malha para beb\u00e9\"},{\"@type\":\"BreadcrumbList\",\"@id\":\"https:\/\/ikisbaby.com\/index.php\/produto\/calcao-em-malha-para-bebe\/#breadcrumb\",\"itemListElement\":[{\"@type\":\"ListItem\",\"position\":1,\"name\":\"In\u00edcio\",\"item\":\"https:\/\/ikisbaby.com\/\"},{\"@type\":\"ListItem\",\"position\":2,\"name\":\"Loja\",\"item\":\"https:\/\/ikisbaby.com\/index.php\/loja-roupa-para-bebe\/\"},{\"@type\":\"ListItem\",\"position\":3,\"name\":\"Cal\u00e7\u00e3o Malha\"}]},{\"@type\":\"WebSite\",\"@id\":\"https:\/\/ikisbaby.com\/#website\",\"url\":\"https:\/\/ikisbaby.com\/\",\"name\":\"Ikisbaby\",\"description\":\"Loja Online para Beb\u00e9\",\"publisher\":{\"@id\":\"https:\/\/ikisbaby.com\/#organization\"},\"potentialAction\":[{\"@type\":\"SearchAction\",\"target\":{\"@type\":\"EntryPoint\",\"urlTemplate\":\"https:\/\/ikisbaby.com\/?s={search_term_string}\"},\"query-input\":{\"@type\":\"PropertyValueSpecification\",\"valueRequired\":true,\"valueName\":\"search_term_string\"}}],\"inLanguage\":\"pt-PT\"},{\"@type\":\"Organization\",\"@id\":\"https:\/\/ikisbaby.com\/#organization\",\"name\":\"Ikisbaby\",\"url\":\"https:\/\/ikisbaby.com\/\",\"logo\":{\"@type\":\"ImageObject\",\"inLanguage\":\"pt-PT\",\"@id\":\"https:\/\/ikisbaby.com\/#\/schema\/logo\/image\/\",\"url\":\"https:\/\/ikisbaby.com\/wp-content\/uploads\/2019\/02\/favicon.png\",\"contentUrl\":\"https:\/\/ikisbaby.com\/wp-content\/uploads\/2019\/02\/favicon.png\",\"width\":512,\"height\":512,\"caption\":\"Ikisbaby\"},\"image\":{\"@id\":\"https:\/\/ikisbaby.com\/#\/schema\/logo\/image\/\"},\"sameAs\":[\"https:\/\/facebook.com\/ikisbaby\",\"https:\/\/www.instagram.com\/ikisbaby\/\"]}]}<\/script>\n<!-- \/ Yoast SEO plugin. -->","yoast_head_json":{"title":"Cal\u00e7\u00e3o em malha para beb\u00e9 - Ikisbaby - Loja Online","description":"Cal\u00e7\u00e3o em malha para beb\u00e9.Malha delicada, qualidade premium.Uma pe\u00e7a delicada como a pele do seu beb\u00e9.Aperta com bot\u00f5es nas al\u00e7as e com tecido.","robots":{"index":"index","follow":"follow","max-snippet":"max-snippet:-1","max-image-preview":"max-image-preview:large","max-video-preview":"max-video-preview:-1"},"canonical":"https:\/\/ikisbaby.com\/index.php\/produto\/calcao-em-malha-para-bebe\/","og_locale":"pt_PT","og_type":"article","og_title":"Cal\u00e7\u00e3o em malha para beb\u00e9 - Ikisbaby - Loja Online","og_description":"Cal\u00e7\u00e3o em malha para beb\u00e9.Malha delicada, qualidade premium.Uma pe\u00e7a delicada como a pele do seu beb\u00e9.Aperta com bot\u00f5es nas al\u00e7as e com tecido.","og_url":"https:\/\/ikisbaby.com\/index.php\/produto\/calcao-em-malha-para-bebe\/","og_site_name":"Ikisbaby","article_publisher":"https:\/\/facebook.com\/ikisbaby","article_modified_time":"2021-01-19T12:01:34+00:00","og_image":[{"width":750,"height":1000,"url":"https:\/\/ikisbaby.com\/wp-content\/uploads\/2020\/02\/jardineira_malha_pato.jpg.png","type":"image\/png"}],"schema":{"@context":"https:\/\/schema.org","@graph":[{"@type":"WebPage","@id":"https:\/\/ikisbaby.com\/index.php\/produto\/calcao-em-malha-para-bebe\/","url":"https:\/\/ikisbaby.com\/index.php\/produto\/calcao-em-malha-para-bebe\/","name":"Cal\u00e7\u00e3o em malha para beb\u00e9 - Ikisbaby - Loja Online","isPartOf":{"@id":"https:\/\/ikisbaby.com\/#website"},"primaryImageOfPage":{"@id":"https:\/\/ikisbaby.com\/index.php\/produto\/calcao-em-malha-para-bebe\/#primaryimage"},"image":{"@id":"https:\/\/ikisbaby.com\/index.php\/produto\/calcao-em-malha-para-bebe\/#primaryimage"},"thumbnailUrl":"https:\/\/ikisbaby.com\/wp-content\/uploads\/2020\/02\/jardineira_malha_pato.jpg.png","datePublished":"2020-02-27T17:53:21+00:00","dateModified":"2021-01-19T12:01:34+00:00","description":"Cal\u00e7\u00e3o em malha para beb\u00e9.Malha delicada, qualidade premium.Uma pe\u00e7a delicada como a pele do seu beb\u00e9.Aperta com bot\u00f5es nas al\u00e7as e com tecido.","breadcrumb":{"@id":"https:\/\/ikisbaby.com\/index.php\/produto\/calcao-em-malha-para-bebe\/#breadcrumb"},"inLanguage":"pt-PT","potentialAction":[{"@type":"ReadAction","target":["https:\/\/ikisbaby.com\/index.php\/produto\/calcao-em-malha-para-bebe\/"]}]},{"@type":"ImageObject","inLanguage":"pt-PT","@id":"https:\/\/ikisbaby.com\/index.php\/produto\/calcao-em-malha-para-bebe\/#primaryimage","url":"https:\/\/ikisbaby.com\/wp-content\/uploads\/2020\/02\/jardineira_malha_pato.jpg.png","contentUrl":"https:\/\/ikisbaby.com\/wp-content\/uploads\/2020\/02\/jardineira_malha_pato.jpg.png","width":750,"height":1000,"caption":"Cal\u00e7\u00e3o em malha para beb\u00e9"},{"@type":"BreadcrumbList","@id":"https:\/\/ikisbaby.com\/index.php\/produto\/calcao-em-malha-para-bebe\/#breadcrumb","itemListElement":[{"@type":"ListItem","position":1,"name":"In\u00edcio","item":"https:\/\/ikisbaby.com\/"},{"@type":"ListItem","position":2,"name":"Loja","item":"https:\/\/ikisbaby.com\/index.php\/loja-roupa-para-bebe\/"},{"@type":"ListItem","position":3,"name":"Cal\u00e7\u00e3o Malha"}]},{"@type":"WebSite","@id":"https:\/\/ikisbaby.com\/#website","url":"https:\/\/ikisbaby.com\/","name":"Ikisbaby","description":"Loja Online para Beb\u00e9","publisher":{"@id":"https:\/\/ikisbaby.com\/#organization"},"potentialAction":[{"@type":"SearchAction","target":{"@type":"EntryPoint","urlTemplate":"https:\/\/ikisbaby.com\/?s={search_term_string}"},"query-input":{"@type":"PropertyValueSpecification","valueRequired":true,"valueName":"search_term_string"}}],"inLanguage":"pt-PT"},{"@type":"Organization","@id":"https:\/\/ikisbaby.com\/#organization","name":"Ikisbaby","url":"https:\/\/ikisbaby.com\/","logo":{"@type":"ImageObject","inLanguage":"pt-PT","@id":"https:\/\/ikisbaby.com\/#\/schema\/logo\/image\/","url":"https:\/\/ikisbaby.com\/wp-content\/uploads\/2019\/02\/favicon.png","contentUrl":"https:\/\/ikisbaby.com\/wp-content\/uploads\/2019\/02\/favicon.png","width":512,"height":512,"caption":"Ikisbaby"},"image":{"@id":"https:\/\/ikisbaby.com\/#\/schema\/logo\/image\/"},"sameAs":["https:\/\/facebook.com\/ikisbaby","https:\/\/www.instagram.com\/ikisbaby\/"]}]}},"_links":{"self":[{"href":"https:\/\/ikisbaby.com\/index.php\/wp-json\/wp\/v2\/product\/24021","targetHints":{"allow":["GET"]}}],"collection":[{"href":"https:\/\/ikisbaby.com\/index.php\/wp-json\/wp\/v2\/product"}],"about":[{"href":"https:\/\/ikisbaby.com\/index.php\/wp-json\/wp\/v2\/types\/product"}],"replies":[{"embeddable":true,"href":"https:\/\/ikisbaby.com\/index.php\/wp-json\/wp\/v2\/comments?post=24021"}],"version-history":[{"count":0,"href":"https:\/\/ikisbaby.com\/index.php\/wp-json\/wp\/v2\/product\/24021\/revisions"}],"wp:featuredmedia":[{"embeddable":true,"href":"https:\/\/ikisbaby.com\/index.php\/wp-json\/wp\/v2\/media\/24025"}],"wp:attachment":[{"href":"https:\/\/ikisbaby.com\/index.php\/wp-json\/wp\/v2\/media?parent=24021"}],"wp:term":[{"taxonomy":"product_brand","embeddable":true,"href":"https:\/\/ikisbaby.com\/index.php\/wp-json\/wp\/v2\/product_brand?post=24021"},{"taxonomy":"product_cat","embeddable":true,"href":"https:\/\/ikisbaby.com\/index.php\/wp-json\/wp\/v2\/product_cat?post=24021"},{"taxonomy":"product_tag","embeddable":true,"href":"https:\/\/ikisbaby.com\/index.php\/wp-json\/wp\/v2\/product_tag?post=24021"}],"curies":[{"name":"wp","href":"https:\/\/api.w.org\/{rel}","templated":true}]}}