{"id":23615,"date":"2020-02-05T10:51:16","date_gmt":"2020-02-05T10:51:16","guid":{"rendered":"https:\/\/ikisbaby.com\/?post_type=product&#038;p=23615"},"modified":"2020-03-05T18:46:14","modified_gmt":"2020-03-05T18:46:14","slug":"conjunto-em-malha-verde","status":"publish","type":"product","link":"https:\/\/ikisbaby.com\/index.php\/produto\/conjunto-em-malha-verde\/","title":{"rendered":"Conjunto Malha La\u00e7o"},"content":{"rendered":"<div class=\"woocommerce-product-details__short-description\">\n<p>Conjunto em malha verde para beb\u00e9.<\/p>\n<p>Conjunto composto por camisola, cal\u00e7a com p\u00e9 e touca.<\/p>\n<p>Malha trabalhada.<\/p>\n<p>Com tecido aplicado na gola e la\u00e7o de cetim.<\/p>\n<p>Malha 100% algod\u00e3o.<\/p>\n<\/div>\n","protected":false},"excerpt":{"rendered":"<p>Conjunto em malha verde para beb\u00e9.<\/p>\n<p>Conjunto composto por camisola, cal\u00e7a com p\u00e9 e touca.<\/p>\n<p>Malha trabalhada.<\/p>\n<p>Com tecido aplicado na gola e la\u00e7o de cetim.<\/p>\n<p>Malha 100% algod\u00e3o.<\/p>\n","protected":false},"featured_media":23617,"comment_status":"closed","ping_status":"closed","template":"","meta":[],"product_brand":[],"product_cat":[642,641,303,88,89,64],"product_tag":[95,578,320],"class_list":{"0":"post-23615","1":"product","2":"type-product","3":"status-publish","6":"product_cat-malha-bebe-menina","7":"product_cat-malha-bebe-menino","8":"product_cat-primavera-verao-2024","9":"product_cat-vestuario-para-bebe-menina","10":"product_cat-vestuario-para-bebe-menino","11":"product_cat-malhas","12":"product_tag-conjunto-de-bebe","13":"product_tag-conjunto-malha-com-gola","14":"product_tag-malha-de-bebe","16":"first","17":"outofstock","18":"taxable","19":"shipping-taxable","20":"product-type-variable"},"yoast_head":"<!-- This site is optimized with the Yoast SEO plugin v27.0 - https:\/\/yoast.com\/product\/yoast-seo-wordpress\/ -->\n<title>Conjunto em malha verde para beb\u00e9 - Ikisbaby - Loja Online<\/title>\n<meta name=\"description\" content=\"Conjunto em malha verde para beb\u00e9. Conjunto composto por camisola, cal\u00e7a com p\u00e9 e touca. Malha trabalhada. Composi\u00e7\u00e3o 100% algod\u00e3o.\" \/>\n<meta name=\"robots\" content=\"index, follow, max-snippet:-1, max-image-preview:large, max-video-preview:-1\" \/>\n<link rel=\"canonical\" href=\"https:\/\/ikisbaby.com\/index.php\/produto\/conjunto-em-malha-verde\/\" \/>\n<meta property=\"og:locale\" content=\"pt_PT\" \/>\n<meta property=\"og:type\" content=\"article\" \/>\n<meta property=\"og:title\" content=\"Conjunto em malha verde para beb\u00e9 - Ikisbaby - Loja Online\" \/>\n<meta property=\"og:description\" content=\"Conjunto em malha verde para beb\u00e9. Conjunto composto por camisola, cal\u00e7a com p\u00e9 e touca. Malha trabalhada. Composi\u00e7\u00e3o 100% algod\u00e3o.\" \/>\n<meta property=\"og:url\" content=\"https:\/\/ikisbaby.com\/index.php\/produto\/conjunto-em-malha-verde\/\" \/>\n<meta property=\"og:site_name\" content=\"Ikisbaby\" \/>\n<meta property=\"article:publisher\" content=\"https:\/\/facebook.com\/ikisbaby\" \/>\n<meta property=\"article:modified_time\" content=\"2020-03-05T18:46:14+00:00\" \/>\n<meta property=\"og:image\" content=\"https:\/\/ikisbaby.com\/wp-content\/uploads\/2020\/02\/conjunto_malha_laco.png\" \/>\n\t<meta property=\"og:image:width\" content=\"750\" \/>\n\t<meta property=\"og:image:height\" content=\"1000\" \/>\n\t<meta property=\"og:image:type\" content=\"image\/png\" \/>\n<script type=\"application\/ld+json\" class=\"yoast-schema-graph\">{\"@context\":\"https:\/\/schema.org\",\"@graph\":[{\"@type\":\"WebPage\",\"@id\":\"https:\/\/ikisbaby.com\/index.php\/produto\/conjunto-em-malha-verde\/\",\"url\":\"https:\/\/ikisbaby.com\/index.php\/produto\/conjunto-em-malha-verde\/\",\"name\":\"Conjunto em malha verde para beb\u00e9 - Ikisbaby - Loja Online\",\"isPartOf\":{\"@id\":\"https:\/\/ikisbaby.com\/#website\"},\"primaryImageOfPage\":{\"@id\":\"https:\/\/ikisbaby.com\/index.php\/produto\/conjunto-em-malha-verde\/#primaryimage\"},\"image\":{\"@id\":\"https:\/\/ikisbaby.com\/index.php\/produto\/conjunto-em-malha-verde\/#primaryimage\"},\"thumbnailUrl\":\"https:\/\/ikisbaby.com\/wp-content\/uploads\/2020\/02\/conjunto_malha_laco.png\",\"datePublished\":\"2020-02-05T10:51:16+00:00\",\"dateModified\":\"2020-03-05T18:46:14+00:00\",\"description\":\"Conjunto em malha verde para beb\u00e9. Conjunto composto por camisola, cal\u00e7a com p\u00e9 e touca. Malha trabalhada. Composi\u00e7\u00e3o 100% algod\u00e3o.\",\"breadcrumb\":{\"@id\":\"https:\/\/ikisbaby.com\/index.php\/produto\/conjunto-em-malha-verde\/#breadcrumb\"},\"inLanguage\":\"pt-PT\",\"potentialAction\":[{\"@type\":\"ReadAction\",\"target\":[\"https:\/\/ikisbaby.com\/index.php\/produto\/conjunto-em-malha-verde\/\"]}]},{\"@type\":\"ImageObject\",\"inLanguage\":\"pt-PT\",\"@id\":\"https:\/\/ikisbaby.com\/index.php\/produto\/conjunto-em-malha-verde\/#primaryimage\",\"url\":\"https:\/\/ikisbaby.com\/wp-content\/uploads\/2020\/02\/conjunto_malha_laco.png\",\"contentUrl\":\"https:\/\/ikisbaby.com\/wp-content\/uploads\/2020\/02\/conjunto_malha_laco.png\",\"width\":750,\"height\":1000,\"caption\":\"Conjunto em malha verde\"},{\"@type\":\"BreadcrumbList\",\"@id\":\"https:\/\/ikisbaby.com\/index.php\/produto\/conjunto-em-malha-verde\/#breadcrumb\",\"itemListElement\":[{\"@type\":\"ListItem\",\"position\":1,\"name\":\"In\u00edcio\",\"item\":\"https:\/\/ikisbaby.com\/\"},{\"@type\":\"ListItem\",\"position\":2,\"name\":\"Loja\",\"item\":\"https:\/\/ikisbaby.com\/index.php\/loja-roupa-para-bebe\/\"},{\"@type\":\"ListItem\",\"position\":3,\"name\":\"Conjunto Malha La\u00e7o\"}]},{\"@type\":\"WebSite\",\"@id\":\"https:\/\/ikisbaby.com\/#website\",\"url\":\"https:\/\/ikisbaby.com\/\",\"name\":\"Ikisbaby\",\"description\":\"Loja Online para Beb\u00e9\",\"publisher\":{\"@id\":\"https:\/\/ikisbaby.com\/#organization\"},\"potentialAction\":[{\"@type\":\"SearchAction\",\"target\":{\"@type\":\"EntryPoint\",\"urlTemplate\":\"https:\/\/ikisbaby.com\/?s={search_term_string}\"},\"query-input\":{\"@type\":\"PropertyValueSpecification\",\"valueRequired\":true,\"valueName\":\"search_term_string\"}}],\"inLanguage\":\"pt-PT\"},{\"@type\":\"Organization\",\"@id\":\"https:\/\/ikisbaby.com\/#organization\",\"name\":\"Ikisbaby\",\"url\":\"https:\/\/ikisbaby.com\/\",\"logo\":{\"@type\":\"ImageObject\",\"inLanguage\":\"pt-PT\",\"@id\":\"https:\/\/ikisbaby.com\/#\/schema\/logo\/image\/\",\"url\":\"https:\/\/ikisbaby.com\/wp-content\/uploads\/2019\/02\/favicon.png\",\"contentUrl\":\"https:\/\/ikisbaby.com\/wp-content\/uploads\/2019\/02\/favicon.png\",\"width\":512,\"height\":512,\"caption\":\"Ikisbaby\"},\"image\":{\"@id\":\"https:\/\/ikisbaby.com\/#\/schema\/logo\/image\/\"},\"sameAs\":[\"https:\/\/facebook.com\/ikisbaby\",\"https:\/\/www.instagram.com\/ikisbaby\/\"]}]}<\/script>\n<!-- \/ Yoast SEO plugin. -->","yoast_head_json":{"title":"Conjunto em malha verde para beb\u00e9 - Ikisbaby - Loja Online","description":"Conjunto em malha verde para beb\u00e9. Conjunto composto por camisola, cal\u00e7a com p\u00e9 e touca. Malha trabalhada. Composi\u00e7\u00e3o 100% algod\u00e3o.","robots":{"index":"index","follow":"follow","max-snippet":"max-snippet:-1","max-image-preview":"max-image-preview:large","max-video-preview":"max-video-preview:-1"},"canonical":"https:\/\/ikisbaby.com\/index.php\/produto\/conjunto-em-malha-verde\/","og_locale":"pt_PT","og_type":"article","og_title":"Conjunto em malha verde para beb\u00e9 - Ikisbaby - Loja Online","og_description":"Conjunto em malha verde para beb\u00e9. Conjunto composto por camisola, cal\u00e7a com p\u00e9 e touca. Malha trabalhada. Composi\u00e7\u00e3o 100% algod\u00e3o.","og_url":"https:\/\/ikisbaby.com\/index.php\/produto\/conjunto-em-malha-verde\/","og_site_name":"Ikisbaby","article_publisher":"https:\/\/facebook.com\/ikisbaby","article_modified_time":"2020-03-05T18:46:14+00:00","og_image":[{"width":750,"height":1000,"url":"https:\/\/ikisbaby.com\/wp-content\/uploads\/2020\/02\/conjunto_malha_laco.png","type":"image\/png"}],"schema":{"@context":"https:\/\/schema.org","@graph":[{"@type":"WebPage","@id":"https:\/\/ikisbaby.com\/index.php\/produto\/conjunto-em-malha-verde\/","url":"https:\/\/ikisbaby.com\/index.php\/produto\/conjunto-em-malha-verde\/","name":"Conjunto em malha verde para beb\u00e9 - Ikisbaby - Loja Online","isPartOf":{"@id":"https:\/\/ikisbaby.com\/#website"},"primaryImageOfPage":{"@id":"https:\/\/ikisbaby.com\/index.php\/produto\/conjunto-em-malha-verde\/#primaryimage"},"image":{"@id":"https:\/\/ikisbaby.com\/index.php\/produto\/conjunto-em-malha-verde\/#primaryimage"},"thumbnailUrl":"https:\/\/ikisbaby.com\/wp-content\/uploads\/2020\/02\/conjunto_malha_laco.png","datePublished":"2020-02-05T10:51:16+00:00","dateModified":"2020-03-05T18:46:14+00:00","description":"Conjunto em malha verde para beb\u00e9. Conjunto composto por camisola, cal\u00e7a com p\u00e9 e touca. Malha trabalhada. Composi\u00e7\u00e3o 100% algod\u00e3o.","breadcrumb":{"@id":"https:\/\/ikisbaby.com\/index.php\/produto\/conjunto-em-malha-verde\/#breadcrumb"},"inLanguage":"pt-PT","potentialAction":[{"@type":"ReadAction","target":["https:\/\/ikisbaby.com\/index.php\/produto\/conjunto-em-malha-verde\/"]}]},{"@type":"ImageObject","inLanguage":"pt-PT","@id":"https:\/\/ikisbaby.com\/index.php\/produto\/conjunto-em-malha-verde\/#primaryimage","url":"https:\/\/ikisbaby.com\/wp-content\/uploads\/2020\/02\/conjunto_malha_laco.png","contentUrl":"https:\/\/ikisbaby.com\/wp-content\/uploads\/2020\/02\/conjunto_malha_laco.png","width":750,"height":1000,"caption":"Conjunto em malha verde"},{"@type":"BreadcrumbList","@id":"https:\/\/ikisbaby.com\/index.php\/produto\/conjunto-em-malha-verde\/#breadcrumb","itemListElement":[{"@type":"ListItem","position":1,"name":"In\u00edcio","item":"https:\/\/ikisbaby.com\/"},{"@type":"ListItem","position":2,"name":"Loja","item":"https:\/\/ikisbaby.com\/index.php\/loja-roupa-para-bebe\/"},{"@type":"ListItem","position":3,"name":"Conjunto Malha La\u00e7o"}]},{"@type":"WebSite","@id":"https:\/\/ikisbaby.com\/#website","url":"https:\/\/ikisbaby.com\/","name":"Ikisbaby","description":"Loja Online para Beb\u00e9","publisher":{"@id":"https:\/\/ikisbaby.com\/#organization"},"potentialAction":[{"@type":"SearchAction","target":{"@type":"EntryPoint","urlTemplate":"https:\/\/ikisbaby.com\/?s={search_term_string}"},"query-input":{"@type":"PropertyValueSpecification","valueRequired":true,"valueName":"search_term_string"}}],"inLanguage":"pt-PT"},{"@type":"Organization","@id":"https:\/\/ikisbaby.com\/#organization","name":"Ikisbaby","url":"https:\/\/ikisbaby.com\/","logo":{"@type":"ImageObject","inLanguage":"pt-PT","@id":"https:\/\/ikisbaby.com\/#\/schema\/logo\/image\/","url":"https:\/\/ikisbaby.com\/wp-content\/uploads\/2019\/02\/favicon.png","contentUrl":"https:\/\/ikisbaby.com\/wp-content\/uploads\/2019\/02\/favicon.png","width":512,"height":512,"caption":"Ikisbaby"},"image":{"@id":"https:\/\/ikisbaby.com\/#\/schema\/logo\/image\/"},"sameAs":["https:\/\/facebook.com\/ikisbaby","https:\/\/www.instagram.com\/ikisbaby\/"]}]}},"_links":{"self":[{"href":"https:\/\/ikisbaby.com\/index.php\/wp-json\/wp\/v2\/product\/23615","targetHints":{"allow":["GET"]}}],"collection":[{"href":"https:\/\/ikisbaby.com\/index.php\/wp-json\/wp\/v2\/product"}],"about":[{"href":"https:\/\/ikisbaby.com\/index.php\/wp-json\/wp\/v2\/types\/product"}],"replies":[{"embeddable":true,"href":"https:\/\/ikisbaby.com\/index.php\/wp-json\/wp\/v2\/comments?post=23615"}],"version-history":[{"count":0,"href":"https:\/\/ikisbaby.com\/index.php\/wp-json\/wp\/v2\/product\/23615\/revisions"}],"wp:featuredmedia":[{"embeddable":true,"href":"https:\/\/ikisbaby.com\/index.php\/wp-json\/wp\/v2\/media\/23617"}],"wp:attachment":[{"href":"https:\/\/ikisbaby.com\/index.php\/wp-json\/wp\/v2\/media?parent=23615"}],"wp:term":[{"taxonomy":"product_brand","embeddable":true,"href":"https:\/\/ikisbaby.com\/index.php\/wp-json\/wp\/v2\/product_brand?post=23615"},{"taxonomy":"product_cat","embeddable":true,"href":"https:\/\/ikisbaby.com\/index.php\/wp-json\/wp\/v2\/product_cat?post=23615"},{"taxonomy":"product_tag","embeddable":true,"href":"https:\/\/ikisbaby.com\/index.php\/wp-json\/wp\/v2\/product_tag?post=23615"}],"curies":[{"name":"wp","href":"https:\/\/api.w.org\/{rel}","templated":true}]}}