{"id":23374,"date":"2020-01-20T16:31:09","date_gmt":"2020-01-20T16:31:09","guid":{"rendered":"https:\/\/ikisbaby.com\/?post_type=product&#038;p=23374"},"modified":"2025-01-19T17:13:30","modified_gmt":"2025-01-19T17:13:30","slug":"fralda-para-bebe-bordada-coroa","status":"publish","type":"product","link":"https:\/\/ikisbaby.com\/index.php\/produto\/fralda-para-bebe-bordada-coroa\/","title":{"rendered":"Fralda Coroa Pintas"},"content":{"rendered":"<p>Fralda para beb\u00e9 bordada coroa pintas.<\/p>\n<p>Um item essencial na lista de enxoval do seu beb\u00e9.<\/p>\n<p>100% algod\u00e3o.<\/p>\n","protected":false},"excerpt":{"rendered":"<p>Fralda para beb\u00e9 bordada coroa pintas.<\/p>\n<p>Um item essencial na lista de enxoval do seu beb\u00e9.<\/p>\n<ul>\n<li>100% algod\u00e3o.<\/li>\n<\/ul>\n","protected":false},"featured_media":23377,"comment_status":"closed","ping_status":"closed","template":"","meta":[],"product_brand":[],"product_cat":[68],"product_tag":[97,822,685],"class_list":{"0":"post-23374","1":"product","2":"type-product","3":"status-publish","6":"product_cat-fraldas","7":"product_tag-fralda","8":"product_tag-fralda-algodao","9":"product_tag-fralda-de-pano-100-algodao","11":"first","12":"instock","13":"taxable","14":"shipping-taxable","15":"purchasable","16":"product-type-variable"},"yoast_head":"<!-- This site is optimized with the Yoast SEO plugin v27.0 - https:\/\/yoast.com\/product\/yoast-seo-wordpress\/ -->\n<title>Fralda para beb\u00e9 bordada coroa - ikisbaby - Loja Online<\/title>\n<meta name=\"description\" content=\"Fralda para beb\u00e9 bordada coroa pintas. Um item essencial na lista de enxoval do seu beb\u00e9. Composi\u00e7\u00e3o 100% algod\u00e3o. Em rosa e azul.\" \/>\n<meta name=\"robots\" content=\"index, follow, max-snippet:-1, max-image-preview:large, max-video-preview:-1\" \/>\n<link rel=\"canonical\" href=\"https:\/\/ikisbaby.com\/index.php\/produto\/fralda-para-bebe-bordada-coroa\/\" \/>\n<meta property=\"og:locale\" content=\"pt_PT\" \/>\n<meta property=\"og:type\" content=\"article\" \/>\n<meta property=\"og:title\" content=\"Fralda para beb\u00e9 bordada coroa - ikisbaby - Loja Online\" \/>\n<meta property=\"og:description\" content=\"Fralda para beb\u00e9 bordada coroa pintas. Um item essencial na lista de enxoval do seu beb\u00e9. Composi\u00e7\u00e3o 100% algod\u00e3o. Em rosa e azul.\" \/>\n<meta property=\"og:url\" content=\"https:\/\/ikisbaby.com\/index.php\/produto\/fralda-para-bebe-bordada-coroa\/\" \/>\n<meta property=\"og:site_name\" content=\"Ikisbaby\" \/>\n<meta property=\"article:publisher\" content=\"https:\/\/facebook.com\/ikisbaby\" \/>\n<meta property=\"article:modified_time\" content=\"2025-01-19T17:13:30+00:00\" \/>\n<meta property=\"og:image\" content=\"https:\/\/ikisbaby.com\/wp-content\/uploads\/2020\/01\/fralda_coroa_pintas-1.jpg.png\" \/>\n\t<meta property=\"og:image:width\" content=\"750\" \/>\n\t<meta property=\"og:image:height\" content=\"1000\" \/>\n\t<meta property=\"og:image:type\" content=\"image\/png\" \/>\n<script type=\"application\/ld+json\" class=\"yoast-schema-graph\">{\"@context\":\"https:\/\/schema.org\",\"@graph\":[{\"@type\":\"WebPage\",\"@id\":\"https:\/\/ikisbaby.com\/index.php\/produto\/fralda-para-bebe-bordada-coroa\/\",\"url\":\"https:\/\/ikisbaby.com\/index.php\/produto\/fralda-para-bebe-bordada-coroa\/\",\"name\":\"Fralda para beb\u00e9 bordada coroa - ikisbaby - Loja Online\",\"isPartOf\":{\"@id\":\"https:\/\/ikisbaby.com\/#website\"},\"primaryImageOfPage\":{\"@id\":\"https:\/\/ikisbaby.com\/index.php\/produto\/fralda-para-bebe-bordada-coroa\/#primaryimage\"},\"image\":{\"@id\":\"https:\/\/ikisbaby.com\/index.php\/produto\/fralda-para-bebe-bordada-coroa\/#primaryimage\"},\"thumbnailUrl\":\"https:\/\/ikisbaby.com\/wp-content\/uploads\/2020\/01\/fralda_coroa_pintas-1.jpg.png\",\"datePublished\":\"2020-01-20T16:31:09+00:00\",\"dateModified\":\"2025-01-19T17:13:30+00:00\",\"description\":\"Fralda para beb\u00e9 bordada coroa pintas. Um item essencial na lista de enxoval do seu beb\u00e9. Composi\u00e7\u00e3o 100% algod\u00e3o. Em rosa e azul.\",\"breadcrumb\":{\"@id\":\"https:\/\/ikisbaby.com\/index.php\/produto\/fralda-para-bebe-bordada-coroa\/#breadcrumb\"},\"inLanguage\":\"pt-PT\",\"potentialAction\":[{\"@type\":\"ReadAction\",\"target\":[\"https:\/\/ikisbaby.com\/index.php\/produto\/fralda-para-bebe-bordada-coroa\/\"]}]},{\"@type\":\"ImageObject\",\"inLanguage\":\"pt-PT\",\"@id\":\"https:\/\/ikisbaby.com\/index.php\/produto\/fralda-para-bebe-bordada-coroa\/#primaryimage\",\"url\":\"https:\/\/ikisbaby.com\/wp-content\/uploads\/2020\/01\/fralda_coroa_pintas-1.jpg.png\",\"contentUrl\":\"https:\/\/ikisbaby.com\/wp-content\/uploads\/2020\/01\/fralda_coroa_pintas-1.jpg.png\",\"width\":750,\"height\":1000,\"caption\":\"Fralda para beb\u00e9 bordada coroa\"},{\"@type\":\"BreadcrumbList\",\"@id\":\"https:\/\/ikisbaby.com\/index.php\/produto\/fralda-para-bebe-bordada-coroa\/#breadcrumb\",\"itemListElement\":[{\"@type\":\"ListItem\",\"position\":1,\"name\":\"In\u00edcio\",\"item\":\"https:\/\/ikisbaby.com\/\"},{\"@type\":\"ListItem\",\"position\":2,\"name\":\"Loja\",\"item\":\"https:\/\/ikisbaby.com\/index.php\/loja-roupa-para-bebe\/\"},{\"@type\":\"ListItem\",\"position\":3,\"name\":\"Fralda Coroa Pintas\"}]},{\"@type\":\"WebSite\",\"@id\":\"https:\/\/ikisbaby.com\/#website\",\"url\":\"https:\/\/ikisbaby.com\/\",\"name\":\"Ikisbaby\",\"description\":\"Loja Online para Beb\u00e9\",\"publisher\":{\"@id\":\"https:\/\/ikisbaby.com\/#organization\"},\"potentialAction\":[{\"@type\":\"SearchAction\",\"target\":{\"@type\":\"EntryPoint\",\"urlTemplate\":\"https:\/\/ikisbaby.com\/?s={search_term_string}\"},\"query-input\":{\"@type\":\"PropertyValueSpecification\",\"valueRequired\":true,\"valueName\":\"search_term_string\"}}],\"inLanguage\":\"pt-PT\"},{\"@type\":\"Organization\",\"@id\":\"https:\/\/ikisbaby.com\/#organization\",\"name\":\"Ikisbaby\",\"url\":\"https:\/\/ikisbaby.com\/\",\"logo\":{\"@type\":\"ImageObject\",\"inLanguage\":\"pt-PT\",\"@id\":\"https:\/\/ikisbaby.com\/#\/schema\/logo\/image\/\",\"url\":\"https:\/\/ikisbaby.com\/wp-content\/uploads\/2019\/02\/favicon.png\",\"contentUrl\":\"https:\/\/ikisbaby.com\/wp-content\/uploads\/2019\/02\/favicon.png\",\"width\":512,\"height\":512,\"caption\":\"Ikisbaby\"},\"image\":{\"@id\":\"https:\/\/ikisbaby.com\/#\/schema\/logo\/image\/\"},\"sameAs\":[\"https:\/\/facebook.com\/ikisbaby\",\"https:\/\/www.instagram.com\/ikisbaby\/\"]}]}<\/script>\n<!-- \/ Yoast SEO plugin. -->","yoast_head_json":{"title":"Fralda para beb\u00e9 bordada coroa - ikisbaby - Loja Online","description":"Fralda para beb\u00e9 bordada coroa pintas. Um item essencial na lista de enxoval do seu beb\u00e9. Composi\u00e7\u00e3o 100% algod\u00e3o. Em rosa e azul.","robots":{"index":"index","follow":"follow","max-snippet":"max-snippet:-1","max-image-preview":"max-image-preview:large","max-video-preview":"max-video-preview:-1"},"canonical":"https:\/\/ikisbaby.com\/index.php\/produto\/fralda-para-bebe-bordada-coroa\/","og_locale":"pt_PT","og_type":"article","og_title":"Fralda para beb\u00e9 bordada coroa - ikisbaby - Loja Online","og_description":"Fralda para beb\u00e9 bordada coroa pintas. Um item essencial na lista de enxoval do seu beb\u00e9. Composi\u00e7\u00e3o 100% algod\u00e3o. Em rosa e azul.","og_url":"https:\/\/ikisbaby.com\/index.php\/produto\/fralda-para-bebe-bordada-coroa\/","og_site_name":"Ikisbaby","article_publisher":"https:\/\/facebook.com\/ikisbaby","article_modified_time":"2025-01-19T17:13:30+00:00","og_image":[{"width":750,"height":1000,"url":"https:\/\/ikisbaby.com\/wp-content\/uploads\/2020\/01\/fralda_coroa_pintas-1.jpg.png","type":"image\/png"}],"schema":{"@context":"https:\/\/schema.org","@graph":[{"@type":"WebPage","@id":"https:\/\/ikisbaby.com\/index.php\/produto\/fralda-para-bebe-bordada-coroa\/","url":"https:\/\/ikisbaby.com\/index.php\/produto\/fralda-para-bebe-bordada-coroa\/","name":"Fralda para beb\u00e9 bordada coroa - ikisbaby - Loja Online","isPartOf":{"@id":"https:\/\/ikisbaby.com\/#website"},"primaryImageOfPage":{"@id":"https:\/\/ikisbaby.com\/index.php\/produto\/fralda-para-bebe-bordada-coroa\/#primaryimage"},"image":{"@id":"https:\/\/ikisbaby.com\/index.php\/produto\/fralda-para-bebe-bordada-coroa\/#primaryimage"},"thumbnailUrl":"https:\/\/ikisbaby.com\/wp-content\/uploads\/2020\/01\/fralda_coroa_pintas-1.jpg.png","datePublished":"2020-01-20T16:31:09+00:00","dateModified":"2025-01-19T17:13:30+00:00","description":"Fralda para beb\u00e9 bordada coroa pintas. Um item essencial na lista de enxoval do seu beb\u00e9. Composi\u00e7\u00e3o 100% algod\u00e3o. Em rosa e azul.","breadcrumb":{"@id":"https:\/\/ikisbaby.com\/index.php\/produto\/fralda-para-bebe-bordada-coroa\/#breadcrumb"},"inLanguage":"pt-PT","potentialAction":[{"@type":"ReadAction","target":["https:\/\/ikisbaby.com\/index.php\/produto\/fralda-para-bebe-bordada-coroa\/"]}]},{"@type":"ImageObject","inLanguage":"pt-PT","@id":"https:\/\/ikisbaby.com\/index.php\/produto\/fralda-para-bebe-bordada-coroa\/#primaryimage","url":"https:\/\/ikisbaby.com\/wp-content\/uploads\/2020\/01\/fralda_coroa_pintas-1.jpg.png","contentUrl":"https:\/\/ikisbaby.com\/wp-content\/uploads\/2020\/01\/fralda_coroa_pintas-1.jpg.png","width":750,"height":1000,"caption":"Fralda para beb\u00e9 bordada coroa"},{"@type":"BreadcrumbList","@id":"https:\/\/ikisbaby.com\/index.php\/produto\/fralda-para-bebe-bordada-coroa\/#breadcrumb","itemListElement":[{"@type":"ListItem","position":1,"name":"In\u00edcio","item":"https:\/\/ikisbaby.com\/"},{"@type":"ListItem","position":2,"name":"Loja","item":"https:\/\/ikisbaby.com\/index.php\/loja-roupa-para-bebe\/"},{"@type":"ListItem","position":3,"name":"Fralda Coroa Pintas"}]},{"@type":"WebSite","@id":"https:\/\/ikisbaby.com\/#website","url":"https:\/\/ikisbaby.com\/","name":"Ikisbaby","description":"Loja Online para Beb\u00e9","publisher":{"@id":"https:\/\/ikisbaby.com\/#organization"},"potentialAction":[{"@type":"SearchAction","target":{"@type":"EntryPoint","urlTemplate":"https:\/\/ikisbaby.com\/?s={search_term_string}"},"query-input":{"@type":"PropertyValueSpecification","valueRequired":true,"valueName":"search_term_string"}}],"inLanguage":"pt-PT"},{"@type":"Organization","@id":"https:\/\/ikisbaby.com\/#organization","name":"Ikisbaby","url":"https:\/\/ikisbaby.com\/","logo":{"@type":"ImageObject","inLanguage":"pt-PT","@id":"https:\/\/ikisbaby.com\/#\/schema\/logo\/image\/","url":"https:\/\/ikisbaby.com\/wp-content\/uploads\/2019\/02\/favicon.png","contentUrl":"https:\/\/ikisbaby.com\/wp-content\/uploads\/2019\/02\/favicon.png","width":512,"height":512,"caption":"Ikisbaby"},"image":{"@id":"https:\/\/ikisbaby.com\/#\/schema\/logo\/image\/"},"sameAs":["https:\/\/facebook.com\/ikisbaby","https:\/\/www.instagram.com\/ikisbaby\/"]}]}},"_links":{"self":[{"href":"https:\/\/ikisbaby.com\/index.php\/wp-json\/wp\/v2\/product\/23374","targetHints":{"allow":["GET"]}}],"collection":[{"href":"https:\/\/ikisbaby.com\/index.php\/wp-json\/wp\/v2\/product"}],"about":[{"href":"https:\/\/ikisbaby.com\/index.php\/wp-json\/wp\/v2\/types\/product"}],"replies":[{"embeddable":true,"href":"https:\/\/ikisbaby.com\/index.php\/wp-json\/wp\/v2\/comments?post=23374"}],"version-history":[{"count":3,"href":"https:\/\/ikisbaby.com\/index.php\/wp-json\/wp\/v2\/product\/23374\/revisions"}],"predecessor-version":[{"id":28444,"href":"https:\/\/ikisbaby.com\/index.php\/wp-json\/wp\/v2\/product\/23374\/revisions\/28444"}],"wp:featuredmedia":[{"embeddable":true,"href":"https:\/\/ikisbaby.com\/index.php\/wp-json\/wp\/v2\/media\/23377"}],"wp:attachment":[{"href":"https:\/\/ikisbaby.com\/index.php\/wp-json\/wp\/v2\/media?parent=23374"}],"wp:term":[{"taxonomy":"product_brand","embeddable":true,"href":"https:\/\/ikisbaby.com\/index.php\/wp-json\/wp\/v2\/product_brand?post=23374"},{"taxonomy":"product_cat","embeddable":true,"href":"https:\/\/ikisbaby.com\/index.php\/wp-json\/wp\/v2\/product_cat?post=23374"},{"taxonomy":"product_tag","embeddable":true,"href":"https:\/\/ikisbaby.com\/index.php\/wp-json\/wp\/v2\/product_tag?post=23374"}],"curies":[{"name":"wp","href":"https:\/\/api.w.org\/{rel}","templated":true}]}}