{"id":23352,"date":"2020-01-20T12:50:46","date_gmt":"2020-01-20T12:50:46","guid":{"rendered":"https:\/\/ikisbaby.com\/?post_type=product&#038;p=23352"},"modified":"2020-03-27T10:38:59","modified_gmt":"2020-03-27T10:38:59","slug":"conjunto-interior-com-chambre","status":"publish","type":"product","link":"https:\/\/ikisbaby.com\/index.php\/produto\/conjunto-interior-com-chambre\/","title":{"rendered":"Chambre com Cal\u00e7as Peixe"},"content":{"rendered":"<p>Conjunto Interior com Chambre bordado e Collant em Algod\u00e3o &#8211; <strong>SEM CARDA<\/strong><\/p>\n<p>Conjunto inclu\u00ed 3 pe\u00e7as.<\/p>\n<p>Composi\u00e7\u00e3o: <strong>100% Algod\u00e3o<\/strong><\/p>\n","protected":false},"excerpt":{"rendered":"<p>Conjunto Interior com Chambre bordado e Collant em Algod\u00e3o &#8211; <strong>SEM CARDA<\/strong><\/p>\n<p>Conjunto inclu\u00ed 3 pe\u00e7as.<\/p>\n<p>Composi\u00e7\u00e3o: <strong>100% Algod\u00e3o<\/strong><\/p>\n","protected":false},"featured_media":23356,"comment_status":"closed","ping_status":"closed","template":"","meta":[],"product_brand":[],"product_cat":[267,69],"product_tag":[95,106],"class_list":{"0":"post-23352","1":"product","2":"type-product","3":"status-publish","6":"product_cat-outono-inverno-2022","7":"product_cat-bodys-bebe","8":"product_tag-conjunto-de-bebe","9":"product_tag-interiores-de-bebe","11":"first","12":"outofstock","13":"taxable","14":"shipping-taxable","15":"product-type-variable"},"yoast_head":"<!-- This site is optimized with the Yoast SEO plugin v27.0 - https:\/\/yoast.com\/product\/yoast-seo-wordpress\/ -->\n<title>Conjunto Interior com chambre para Beb\u00e9 - Ikisbaby - Loja Online<\/title>\n<meta name=\"description\" content=\"Conjunto Interior com Chambre bordado e Collant em Algod\u00e3o - SEM CARDA. Conjunto inclu\u00ed 3 pe\u00e7as. Composi\u00e7\u00e3o: 100% Algod\u00e3o\" \/>\n<meta name=\"robots\" content=\"index, follow, max-snippet:-1, max-image-preview:large, max-video-preview:-1\" \/>\n<link rel=\"canonical\" href=\"https:\/\/ikisbaby.com\/index.php\/produto\/conjunto-interior-com-chambre\/\" \/>\n<meta property=\"og:locale\" content=\"pt_PT\" \/>\n<meta property=\"og:type\" content=\"article\" \/>\n<meta property=\"og:title\" content=\"Conjunto Interior com chambre para Beb\u00e9 - Ikisbaby - Loja Online\" \/>\n<meta property=\"og:description\" content=\"Conjunto Interior com Chambre bordado e Collant em Algod\u00e3o - SEM CARDA. Conjunto inclu\u00ed 3 pe\u00e7as. Composi\u00e7\u00e3o: 100% Algod\u00e3o\" \/>\n<meta property=\"og:url\" content=\"https:\/\/ikisbaby.com\/index.php\/produto\/conjunto-interior-com-chambre\/\" \/>\n<meta property=\"og:site_name\" content=\"Ikisbaby\" \/>\n<meta property=\"article:publisher\" content=\"https:\/\/facebook.com\/ikisbaby\" \/>\n<meta property=\"article:modified_time\" content=\"2020-03-27T10:38:59+00:00\" \/>\n<meta property=\"og:image\" content=\"https:\/\/ikisbaby.com\/wp-content\/uploads\/2020\/01\/chambre_peixes.jpg.png\" \/>\n\t<meta property=\"og:image:width\" content=\"750\" \/>\n\t<meta property=\"og:image:height\" content=\"1000\" \/>\n\t<meta property=\"og:image:type\" content=\"image\/png\" \/>\n<script type=\"application\/ld+json\" class=\"yoast-schema-graph\">{\"@context\":\"https:\/\/schema.org\",\"@graph\":[{\"@type\":\"WebPage\",\"@id\":\"https:\/\/ikisbaby.com\/index.php\/produto\/conjunto-interior-com-chambre\/\",\"url\":\"https:\/\/ikisbaby.com\/index.php\/produto\/conjunto-interior-com-chambre\/\",\"name\":\"Conjunto Interior com chambre para Beb\u00e9 - Ikisbaby - Loja Online\",\"isPartOf\":{\"@id\":\"https:\/\/ikisbaby.com\/#website\"},\"primaryImageOfPage\":{\"@id\":\"https:\/\/ikisbaby.com\/index.php\/produto\/conjunto-interior-com-chambre\/#primaryimage\"},\"image\":{\"@id\":\"https:\/\/ikisbaby.com\/index.php\/produto\/conjunto-interior-com-chambre\/#primaryimage\"},\"thumbnailUrl\":\"https:\/\/ikisbaby.com\/wp-content\/uploads\/2020\/01\/chambre_peixes.jpg.png\",\"datePublished\":\"2020-01-20T12:50:46+00:00\",\"dateModified\":\"2020-03-27T10:38:59+00:00\",\"description\":\"Conjunto Interior com Chambre bordado e Collant em Algod\u00e3o - SEM CARDA. Conjunto inclu\u00ed 3 pe\u00e7as. Composi\u00e7\u00e3o: 100% Algod\u00e3o\",\"breadcrumb\":{\"@id\":\"https:\/\/ikisbaby.com\/index.php\/produto\/conjunto-interior-com-chambre\/#breadcrumb\"},\"inLanguage\":\"pt-PT\",\"potentialAction\":[{\"@type\":\"ReadAction\",\"target\":[\"https:\/\/ikisbaby.com\/index.php\/produto\/conjunto-interior-com-chambre\/\"]}]},{\"@type\":\"ImageObject\",\"inLanguage\":\"pt-PT\",\"@id\":\"https:\/\/ikisbaby.com\/index.php\/produto\/conjunto-interior-com-chambre\/#primaryimage\",\"url\":\"https:\/\/ikisbaby.com\/wp-content\/uploads\/2020\/01\/chambre_peixes.jpg.png\",\"contentUrl\":\"https:\/\/ikisbaby.com\/wp-content\/uploads\/2020\/01\/chambre_peixes.jpg.png\",\"width\":750,\"height\":1000,\"caption\":\"Conjunto Interior com Chambre\"},{\"@type\":\"BreadcrumbList\",\"@id\":\"https:\/\/ikisbaby.com\/index.php\/produto\/conjunto-interior-com-chambre\/#breadcrumb\",\"itemListElement\":[{\"@type\":\"ListItem\",\"position\":1,\"name\":\"In\u00edcio\",\"item\":\"https:\/\/ikisbaby.com\/\"},{\"@type\":\"ListItem\",\"position\":2,\"name\":\"Loja\",\"item\":\"https:\/\/ikisbaby.com\/index.php\/loja-roupa-para-bebe\/\"},{\"@type\":\"ListItem\",\"position\":3,\"name\":\"Chambre com Cal\u00e7as Peixe\"}]},{\"@type\":\"WebSite\",\"@id\":\"https:\/\/ikisbaby.com\/#website\",\"url\":\"https:\/\/ikisbaby.com\/\",\"name\":\"Ikisbaby\",\"description\":\"Loja Online para Beb\u00e9\",\"publisher\":{\"@id\":\"https:\/\/ikisbaby.com\/#organization\"},\"potentialAction\":[{\"@type\":\"SearchAction\",\"target\":{\"@type\":\"EntryPoint\",\"urlTemplate\":\"https:\/\/ikisbaby.com\/?s={search_term_string}\"},\"query-input\":{\"@type\":\"PropertyValueSpecification\",\"valueRequired\":true,\"valueName\":\"search_term_string\"}}],\"inLanguage\":\"pt-PT\"},{\"@type\":\"Organization\",\"@id\":\"https:\/\/ikisbaby.com\/#organization\",\"name\":\"Ikisbaby\",\"url\":\"https:\/\/ikisbaby.com\/\",\"logo\":{\"@type\":\"ImageObject\",\"inLanguage\":\"pt-PT\",\"@id\":\"https:\/\/ikisbaby.com\/#\/schema\/logo\/image\/\",\"url\":\"https:\/\/ikisbaby.com\/wp-content\/uploads\/2019\/02\/favicon.png\",\"contentUrl\":\"https:\/\/ikisbaby.com\/wp-content\/uploads\/2019\/02\/favicon.png\",\"width\":512,\"height\":512,\"caption\":\"Ikisbaby\"},\"image\":{\"@id\":\"https:\/\/ikisbaby.com\/#\/schema\/logo\/image\/\"},\"sameAs\":[\"https:\/\/facebook.com\/ikisbaby\",\"https:\/\/www.instagram.com\/ikisbaby\/\"]}]}<\/script>\n<!-- \/ Yoast SEO plugin. -->","yoast_head_json":{"title":"Conjunto Interior com chambre para Beb\u00e9 - Ikisbaby - Loja Online","description":"Conjunto Interior com Chambre bordado e Collant em Algod\u00e3o - SEM CARDA. Conjunto inclu\u00ed 3 pe\u00e7as. Composi\u00e7\u00e3o: 100% Algod\u00e3o","robots":{"index":"index","follow":"follow","max-snippet":"max-snippet:-1","max-image-preview":"max-image-preview:large","max-video-preview":"max-video-preview:-1"},"canonical":"https:\/\/ikisbaby.com\/index.php\/produto\/conjunto-interior-com-chambre\/","og_locale":"pt_PT","og_type":"article","og_title":"Conjunto Interior com chambre para Beb\u00e9 - Ikisbaby - Loja Online","og_description":"Conjunto Interior com Chambre bordado e Collant em Algod\u00e3o - SEM CARDA. Conjunto inclu\u00ed 3 pe\u00e7as. Composi\u00e7\u00e3o: 100% Algod\u00e3o","og_url":"https:\/\/ikisbaby.com\/index.php\/produto\/conjunto-interior-com-chambre\/","og_site_name":"Ikisbaby","article_publisher":"https:\/\/facebook.com\/ikisbaby","article_modified_time":"2020-03-27T10:38:59+00:00","og_image":[{"width":750,"height":1000,"url":"https:\/\/ikisbaby.com\/wp-content\/uploads\/2020\/01\/chambre_peixes.jpg.png","type":"image\/png"}],"schema":{"@context":"https:\/\/schema.org","@graph":[{"@type":"WebPage","@id":"https:\/\/ikisbaby.com\/index.php\/produto\/conjunto-interior-com-chambre\/","url":"https:\/\/ikisbaby.com\/index.php\/produto\/conjunto-interior-com-chambre\/","name":"Conjunto Interior com chambre para Beb\u00e9 - Ikisbaby - Loja Online","isPartOf":{"@id":"https:\/\/ikisbaby.com\/#website"},"primaryImageOfPage":{"@id":"https:\/\/ikisbaby.com\/index.php\/produto\/conjunto-interior-com-chambre\/#primaryimage"},"image":{"@id":"https:\/\/ikisbaby.com\/index.php\/produto\/conjunto-interior-com-chambre\/#primaryimage"},"thumbnailUrl":"https:\/\/ikisbaby.com\/wp-content\/uploads\/2020\/01\/chambre_peixes.jpg.png","datePublished":"2020-01-20T12:50:46+00:00","dateModified":"2020-03-27T10:38:59+00:00","description":"Conjunto Interior com Chambre bordado e Collant em Algod\u00e3o - SEM CARDA. Conjunto inclu\u00ed 3 pe\u00e7as. Composi\u00e7\u00e3o: 100% Algod\u00e3o","breadcrumb":{"@id":"https:\/\/ikisbaby.com\/index.php\/produto\/conjunto-interior-com-chambre\/#breadcrumb"},"inLanguage":"pt-PT","potentialAction":[{"@type":"ReadAction","target":["https:\/\/ikisbaby.com\/index.php\/produto\/conjunto-interior-com-chambre\/"]}]},{"@type":"ImageObject","inLanguage":"pt-PT","@id":"https:\/\/ikisbaby.com\/index.php\/produto\/conjunto-interior-com-chambre\/#primaryimage","url":"https:\/\/ikisbaby.com\/wp-content\/uploads\/2020\/01\/chambre_peixes.jpg.png","contentUrl":"https:\/\/ikisbaby.com\/wp-content\/uploads\/2020\/01\/chambre_peixes.jpg.png","width":750,"height":1000,"caption":"Conjunto Interior com Chambre"},{"@type":"BreadcrumbList","@id":"https:\/\/ikisbaby.com\/index.php\/produto\/conjunto-interior-com-chambre\/#breadcrumb","itemListElement":[{"@type":"ListItem","position":1,"name":"In\u00edcio","item":"https:\/\/ikisbaby.com\/"},{"@type":"ListItem","position":2,"name":"Loja","item":"https:\/\/ikisbaby.com\/index.php\/loja-roupa-para-bebe\/"},{"@type":"ListItem","position":3,"name":"Chambre com Cal\u00e7as Peixe"}]},{"@type":"WebSite","@id":"https:\/\/ikisbaby.com\/#website","url":"https:\/\/ikisbaby.com\/","name":"Ikisbaby","description":"Loja Online para Beb\u00e9","publisher":{"@id":"https:\/\/ikisbaby.com\/#organization"},"potentialAction":[{"@type":"SearchAction","target":{"@type":"EntryPoint","urlTemplate":"https:\/\/ikisbaby.com\/?s={search_term_string}"},"query-input":{"@type":"PropertyValueSpecification","valueRequired":true,"valueName":"search_term_string"}}],"inLanguage":"pt-PT"},{"@type":"Organization","@id":"https:\/\/ikisbaby.com\/#organization","name":"Ikisbaby","url":"https:\/\/ikisbaby.com\/","logo":{"@type":"ImageObject","inLanguage":"pt-PT","@id":"https:\/\/ikisbaby.com\/#\/schema\/logo\/image\/","url":"https:\/\/ikisbaby.com\/wp-content\/uploads\/2019\/02\/favicon.png","contentUrl":"https:\/\/ikisbaby.com\/wp-content\/uploads\/2019\/02\/favicon.png","width":512,"height":512,"caption":"Ikisbaby"},"image":{"@id":"https:\/\/ikisbaby.com\/#\/schema\/logo\/image\/"},"sameAs":["https:\/\/facebook.com\/ikisbaby","https:\/\/www.instagram.com\/ikisbaby\/"]}]}},"_links":{"self":[{"href":"https:\/\/ikisbaby.com\/index.php\/wp-json\/wp\/v2\/product\/23352","targetHints":{"allow":["GET"]}}],"collection":[{"href":"https:\/\/ikisbaby.com\/index.php\/wp-json\/wp\/v2\/product"}],"about":[{"href":"https:\/\/ikisbaby.com\/index.php\/wp-json\/wp\/v2\/types\/product"}],"replies":[{"embeddable":true,"href":"https:\/\/ikisbaby.com\/index.php\/wp-json\/wp\/v2\/comments?post=23352"}],"version-history":[{"count":0,"href":"https:\/\/ikisbaby.com\/index.php\/wp-json\/wp\/v2\/product\/23352\/revisions"}],"wp:featuredmedia":[{"embeddable":true,"href":"https:\/\/ikisbaby.com\/index.php\/wp-json\/wp\/v2\/media\/23356"}],"wp:attachment":[{"href":"https:\/\/ikisbaby.com\/index.php\/wp-json\/wp\/v2\/media?parent=23352"}],"wp:term":[{"taxonomy":"product_brand","embeddable":true,"href":"https:\/\/ikisbaby.com\/index.php\/wp-json\/wp\/v2\/product_brand?post=23352"},{"taxonomy":"product_cat","embeddable":true,"href":"https:\/\/ikisbaby.com\/index.php\/wp-json\/wp\/v2\/product_cat?post=23352"},{"taxonomy":"product_tag","embeddable":true,"href":"https:\/\/ikisbaby.com\/index.php\/wp-json\/wp\/v2\/product_tag?post=23352"}],"curies":[{"name":"wp","href":"https:\/\/api.w.org\/{rel}","templated":true}]}}