{"id":22808,"date":"2019-12-09T17:52:57","date_gmt":"2019-12-09T17:52:57","guid":{"rendered":"https:\/\/ikisbaby.com\/?post_type=product&#038;p=22808"},"modified":"2023-08-02T15:02:44","modified_gmt":"2023-08-02T14:02:44","slug":"casaco-malha-rosa-forrado","status":"publish","type":"product","link":"https:\/\/ikisbaby.com\/index.php\/produto\/casaco-malha-rosa-forrado\/","title":{"rendered":"Casaco Malha Forrado"},"content":{"rendered":"<p>Casaco malha rosa forrado.<\/p>\n<p>Al\u00e9m de ser ador\u00e1vel, o casaco de malha forrado tamb\u00e9m \u00e9 altamente funcional. O forro interno mant\u00e9m o beb\u00e9 aquecido e protegido do frio, garantindo que esteja sempre confort\u00e1vel e protegido.<\/p>\n<ul>\n<li>Bot\u00f5es em madeira<\/li>\n<li>Etiqueta interna para escrever o nome do beb\u00e9<\/li>\n<\/ul>\n<p>Composi\u00e7\u00e3o 100% acr\u00edlico.<\/p>\n<p>&nbsp;<\/p>\n","protected":false},"excerpt":{"rendered":"<p>Casaco malha rosa forrado.<\/p>\n<p>Al\u00e9m de ser ador\u00e1vel, o casaco de malha forrado tamb\u00e9m \u00e9 altamente funcional. O forro interno mant\u00e9m o beb\u00e9 aquecido e protegido do frio, garantindo que esteja sempre confort\u00e1vel e protegido.<\/p>\n<ul>\n<li>Bot\u00f5es em madeira<\/li>\n<li>Etiqueta interna para escrever o nome do beb\u00e9<\/li>\n<\/ul>\n<p>Composi\u00e7\u00e3o 100% acr\u00edlico.<\/p>\n<p><strong>Informa\u00e7\u00e3o de tamanhos:<\/strong><br \/>\n1-3m &#8211; 56-62cm<br \/>\n3-6m &#8211; 62-68cm<br \/>\n6-9m &#8211; 68-74cm<\/p>\n","protected":false},"featured_media":22812,"comment_status":"closed","ping_status":"closed","template":"","meta":[],"product_brand":[],"product_cat":[62],"product_tag":[],"class_list":{"0":"post-22808","1":"product","2":"type-product","3":"status-publish","6":"product_cat-casacos-bebe-menina","8":"first","9":"instock","10":"taxable","11":"shipping-taxable","12":"purchasable","13":"product-type-variable"},"yoast_head":"<!-- This site is optimized with the Yoast SEO plugin v27.0 - https:\/\/yoast.com\/product\/yoast-seo-wordpress\/ -->\n<title>Casaco malha rosa forrado - Ikisbaby - Loja Online<\/title>\n<meta name=\"description\" content=\"Casaco malha rosa forrado com p\u00ealo.Casaco de beb\u00e9 em malha com capuz.Com forro no interior a imitar o p\u00ealo, quente e fofinho como um peluche.\" \/>\n<meta name=\"robots\" content=\"index, follow, max-snippet:-1, max-image-preview:large, max-video-preview:-1\" \/>\n<link rel=\"canonical\" href=\"https:\/\/ikisbaby.com\/index.php\/produto\/casaco-malha-rosa-forrado\/\" \/>\n<meta property=\"og:locale\" content=\"pt_PT\" \/>\n<meta property=\"og:type\" content=\"article\" \/>\n<meta property=\"og:title\" content=\"Casaco malha rosa forrado - Ikisbaby - Loja Online\" \/>\n<meta property=\"og:description\" content=\"Casaco malha rosa forrado com p\u00ealo.Casaco de beb\u00e9 em malha com capuz.Com forro no interior a imitar o p\u00ealo, quente e fofinho como um peluche.\" \/>\n<meta property=\"og:url\" content=\"https:\/\/ikisbaby.com\/index.php\/produto\/casaco-malha-rosa-forrado\/\" \/>\n<meta property=\"og:site_name\" content=\"Ikisbaby\" \/>\n<meta property=\"article:publisher\" content=\"https:\/\/facebook.com\/ikisbaby\" \/>\n<meta property=\"article:modified_time\" content=\"2023-08-02T14:02:44+00:00\" \/>\n<meta property=\"og:image\" content=\"https:\/\/ikisbaby.com\/wp-content\/uploads\/2019\/12\/casaco_malha_forrado-2.jpg.png\" \/>\n\t<meta property=\"og:image:width\" content=\"750\" \/>\n\t<meta property=\"og:image:height\" content=\"1000\" \/>\n\t<meta property=\"og:image:type\" content=\"image\/png\" \/>\n<script type=\"application\/ld+json\" class=\"yoast-schema-graph\">{\"@context\":\"https:\/\/schema.org\",\"@graph\":[{\"@type\":\"WebPage\",\"@id\":\"https:\/\/ikisbaby.com\/index.php\/produto\/casaco-malha-rosa-forrado\/\",\"url\":\"https:\/\/ikisbaby.com\/index.php\/produto\/casaco-malha-rosa-forrado\/\",\"name\":\"Casaco malha rosa forrado - Ikisbaby - Loja Online\",\"isPartOf\":{\"@id\":\"https:\/\/ikisbaby.com\/#website\"},\"primaryImageOfPage\":{\"@id\":\"https:\/\/ikisbaby.com\/index.php\/produto\/casaco-malha-rosa-forrado\/#primaryimage\"},\"image\":{\"@id\":\"https:\/\/ikisbaby.com\/index.php\/produto\/casaco-malha-rosa-forrado\/#primaryimage\"},\"thumbnailUrl\":\"https:\/\/ikisbaby.com\/wp-content\/uploads\/2019\/12\/casaco_malha_forrado-2.jpg.png\",\"datePublished\":\"2019-12-09T17:52:57+00:00\",\"dateModified\":\"2023-08-02T14:02:44+00:00\",\"description\":\"Casaco malha rosa forrado com p\u00ealo.Casaco de beb\u00e9 em malha com capuz.Com forro no interior a imitar o p\u00ealo, quente e fofinho como um peluche.\",\"breadcrumb\":{\"@id\":\"https:\/\/ikisbaby.com\/index.php\/produto\/casaco-malha-rosa-forrado\/#breadcrumb\"},\"inLanguage\":\"pt-PT\",\"potentialAction\":[{\"@type\":\"ReadAction\",\"target\":[\"https:\/\/ikisbaby.com\/index.php\/produto\/casaco-malha-rosa-forrado\/\"]}]},{\"@type\":\"ImageObject\",\"inLanguage\":\"pt-PT\",\"@id\":\"https:\/\/ikisbaby.com\/index.php\/produto\/casaco-malha-rosa-forrado\/#primaryimage\",\"url\":\"https:\/\/ikisbaby.com\/wp-content\/uploads\/2019\/12\/casaco_malha_forrado-2.jpg.png\",\"contentUrl\":\"https:\/\/ikisbaby.com\/wp-content\/uploads\/2019\/12\/casaco_malha_forrado-2.jpg.png\",\"width\":750,\"height\":1000,\"caption\":\"Casaco malha rosa forrado\"},{\"@type\":\"BreadcrumbList\",\"@id\":\"https:\/\/ikisbaby.com\/index.php\/produto\/casaco-malha-rosa-forrado\/#breadcrumb\",\"itemListElement\":[{\"@type\":\"ListItem\",\"position\":1,\"name\":\"In\u00edcio\",\"item\":\"https:\/\/ikisbaby.com\/\"},{\"@type\":\"ListItem\",\"position\":2,\"name\":\"Loja\",\"item\":\"https:\/\/ikisbaby.com\/index.php\/loja-roupa-para-bebe\/\"},{\"@type\":\"ListItem\",\"position\":3,\"name\":\"Casaco Malha Forrado\"}]},{\"@type\":\"WebSite\",\"@id\":\"https:\/\/ikisbaby.com\/#website\",\"url\":\"https:\/\/ikisbaby.com\/\",\"name\":\"Ikisbaby\",\"description\":\"Loja Online para Beb\u00e9\",\"publisher\":{\"@id\":\"https:\/\/ikisbaby.com\/#organization\"},\"potentialAction\":[{\"@type\":\"SearchAction\",\"target\":{\"@type\":\"EntryPoint\",\"urlTemplate\":\"https:\/\/ikisbaby.com\/?s={search_term_string}\"},\"query-input\":{\"@type\":\"PropertyValueSpecification\",\"valueRequired\":true,\"valueName\":\"search_term_string\"}}],\"inLanguage\":\"pt-PT\"},{\"@type\":\"Organization\",\"@id\":\"https:\/\/ikisbaby.com\/#organization\",\"name\":\"Ikisbaby\",\"url\":\"https:\/\/ikisbaby.com\/\",\"logo\":{\"@type\":\"ImageObject\",\"inLanguage\":\"pt-PT\",\"@id\":\"https:\/\/ikisbaby.com\/#\/schema\/logo\/image\/\",\"url\":\"https:\/\/ikisbaby.com\/wp-content\/uploads\/2019\/02\/favicon.png\",\"contentUrl\":\"https:\/\/ikisbaby.com\/wp-content\/uploads\/2019\/02\/favicon.png\",\"width\":512,\"height\":512,\"caption\":\"Ikisbaby\"},\"image\":{\"@id\":\"https:\/\/ikisbaby.com\/#\/schema\/logo\/image\/\"},\"sameAs\":[\"https:\/\/facebook.com\/ikisbaby\",\"https:\/\/www.instagram.com\/ikisbaby\/\"]}]}<\/script>\n<!-- \/ Yoast SEO plugin. -->","yoast_head_json":{"title":"Casaco malha rosa forrado - Ikisbaby - Loja Online","description":"Casaco malha rosa forrado com p\u00ealo.Casaco de beb\u00e9 em malha com capuz.Com forro no interior a imitar o p\u00ealo, quente e fofinho como um peluche.","robots":{"index":"index","follow":"follow","max-snippet":"max-snippet:-1","max-image-preview":"max-image-preview:large","max-video-preview":"max-video-preview:-1"},"canonical":"https:\/\/ikisbaby.com\/index.php\/produto\/casaco-malha-rosa-forrado\/","og_locale":"pt_PT","og_type":"article","og_title":"Casaco malha rosa forrado - Ikisbaby - Loja Online","og_description":"Casaco malha rosa forrado com p\u00ealo.Casaco de beb\u00e9 em malha com capuz.Com forro no interior a imitar o p\u00ealo, quente e fofinho como um peluche.","og_url":"https:\/\/ikisbaby.com\/index.php\/produto\/casaco-malha-rosa-forrado\/","og_site_name":"Ikisbaby","article_publisher":"https:\/\/facebook.com\/ikisbaby","article_modified_time":"2023-08-02T14:02:44+00:00","og_image":[{"width":750,"height":1000,"url":"https:\/\/ikisbaby.com\/wp-content\/uploads\/2019\/12\/casaco_malha_forrado-2.jpg.png","type":"image\/png"}],"schema":{"@context":"https:\/\/schema.org","@graph":[{"@type":"WebPage","@id":"https:\/\/ikisbaby.com\/index.php\/produto\/casaco-malha-rosa-forrado\/","url":"https:\/\/ikisbaby.com\/index.php\/produto\/casaco-malha-rosa-forrado\/","name":"Casaco malha rosa forrado - Ikisbaby - Loja Online","isPartOf":{"@id":"https:\/\/ikisbaby.com\/#website"},"primaryImageOfPage":{"@id":"https:\/\/ikisbaby.com\/index.php\/produto\/casaco-malha-rosa-forrado\/#primaryimage"},"image":{"@id":"https:\/\/ikisbaby.com\/index.php\/produto\/casaco-malha-rosa-forrado\/#primaryimage"},"thumbnailUrl":"https:\/\/ikisbaby.com\/wp-content\/uploads\/2019\/12\/casaco_malha_forrado-2.jpg.png","datePublished":"2019-12-09T17:52:57+00:00","dateModified":"2023-08-02T14:02:44+00:00","description":"Casaco malha rosa forrado com p\u00ealo.Casaco de beb\u00e9 em malha com capuz.Com forro no interior a imitar o p\u00ealo, quente e fofinho como um peluche.","breadcrumb":{"@id":"https:\/\/ikisbaby.com\/index.php\/produto\/casaco-malha-rosa-forrado\/#breadcrumb"},"inLanguage":"pt-PT","potentialAction":[{"@type":"ReadAction","target":["https:\/\/ikisbaby.com\/index.php\/produto\/casaco-malha-rosa-forrado\/"]}]},{"@type":"ImageObject","inLanguage":"pt-PT","@id":"https:\/\/ikisbaby.com\/index.php\/produto\/casaco-malha-rosa-forrado\/#primaryimage","url":"https:\/\/ikisbaby.com\/wp-content\/uploads\/2019\/12\/casaco_malha_forrado-2.jpg.png","contentUrl":"https:\/\/ikisbaby.com\/wp-content\/uploads\/2019\/12\/casaco_malha_forrado-2.jpg.png","width":750,"height":1000,"caption":"Casaco malha rosa forrado"},{"@type":"BreadcrumbList","@id":"https:\/\/ikisbaby.com\/index.php\/produto\/casaco-malha-rosa-forrado\/#breadcrumb","itemListElement":[{"@type":"ListItem","position":1,"name":"In\u00edcio","item":"https:\/\/ikisbaby.com\/"},{"@type":"ListItem","position":2,"name":"Loja","item":"https:\/\/ikisbaby.com\/index.php\/loja-roupa-para-bebe\/"},{"@type":"ListItem","position":3,"name":"Casaco Malha Forrado"}]},{"@type":"WebSite","@id":"https:\/\/ikisbaby.com\/#website","url":"https:\/\/ikisbaby.com\/","name":"Ikisbaby","description":"Loja Online para Beb\u00e9","publisher":{"@id":"https:\/\/ikisbaby.com\/#organization"},"potentialAction":[{"@type":"SearchAction","target":{"@type":"EntryPoint","urlTemplate":"https:\/\/ikisbaby.com\/?s={search_term_string}"},"query-input":{"@type":"PropertyValueSpecification","valueRequired":true,"valueName":"search_term_string"}}],"inLanguage":"pt-PT"},{"@type":"Organization","@id":"https:\/\/ikisbaby.com\/#organization","name":"Ikisbaby","url":"https:\/\/ikisbaby.com\/","logo":{"@type":"ImageObject","inLanguage":"pt-PT","@id":"https:\/\/ikisbaby.com\/#\/schema\/logo\/image\/","url":"https:\/\/ikisbaby.com\/wp-content\/uploads\/2019\/02\/favicon.png","contentUrl":"https:\/\/ikisbaby.com\/wp-content\/uploads\/2019\/02\/favicon.png","width":512,"height":512,"caption":"Ikisbaby"},"image":{"@id":"https:\/\/ikisbaby.com\/#\/schema\/logo\/image\/"},"sameAs":["https:\/\/facebook.com\/ikisbaby","https:\/\/www.instagram.com\/ikisbaby\/"]}]}},"_links":{"self":[{"href":"https:\/\/ikisbaby.com\/index.php\/wp-json\/wp\/v2\/product\/22808","targetHints":{"allow":["GET"]}}],"collection":[{"href":"https:\/\/ikisbaby.com\/index.php\/wp-json\/wp\/v2\/product"}],"about":[{"href":"https:\/\/ikisbaby.com\/index.php\/wp-json\/wp\/v2\/types\/product"}],"replies":[{"embeddable":true,"href":"https:\/\/ikisbaby.com\/index.php\/wp-json\/wp\/v2\/comments?post=22808"}],"version-history":[{"count":2,"href":"https:\/\/ikisbaby.com\/index.php\/wp-json\/wp\/v2\/product\/22808\/revisions"}],"predecessor-version":[{"id":28235,"href":"https:\/\/ikisbaby.com\/index.php\/wp-json\/wp\/v2\/product\/22808\/revisions\/28235"}],"wp:featuredmedia":[{"embeddable":true,"href":"https:\/\/ikisbaby.com\/index.php\/wp-json\/wp\/v2\/media\/22812"}],"wp:attachment":[{"href":"https:\/\/ikisbaby.com\/index.php\/wp-json\/wp\/v2\/media?parent=22808"}],"wp:term":[{"taxonomy":"product_brand","embeddable":true,"href":"https:\/\/ikisbaby.com\/index.php\/wp-json\/wp\/v2\/product_brand?post=22808"},{"taxonomy":"product_cat","embeddable":true,"href":"https:\/\/ikisbaby.com\/index.php\/wp-json\/wp\/v2\/product_cat?post=22808"},{"taxonomy":"product_tag","embeddable":true,"href":"https:\/\/ikisbaby.com\/index.php\/wp-json\/wp\/v2\/product_tag?post=22808"}],"curies":[{"name":"wp","href":"https:\/\/api.w.org\/{rel}","templated":true}]}}