{"id":22105,"date":"2019-11-16T12:48:48","date_gmt":"2019-11-16T12:48:48","guid":{"rendered":"https:\/\/ikisbaby.com\/?post_type=product&#038;p=22105"},"modified":"2024-06-15T18:11:29","modified_gmt":"2024-06-15T17:11:29","slug":"fato-de-treino-vermelho-bebe-menino","status":"publish","type":"product","link":"https:\/\/ikisbaby.com\/index.php\/produto\/fato-de-treino-vermelho-bebe-menino\/","title":{"rendered":"Fato Treino Vermelho Animais"},"content":{"rendered":"<p>Fato de treino de beb\u00e9 menino, composto por camisola vermelha e cal\u00e7a azul.<\/p>\n<p>Com estampado de animais.<\/p>\n<p>Muito confort\u00e1vel e quentinho.<\/p>\n<p>Composi\u00e7\u00e3o: Camisola 48% Algod\u00e3o 48% Poli\u00e9ster 4% Elastano<\/p>\n<p>Cal\u00e7a: 50% Algod\u00e3o 50% Poli\u00e9ster<\/p>\n","protected":false},"excerpt":{"rendered":"<p>Fato de treino de beb\u00e9 menino, composto por camisola e cal\u00e7a.<\/p>\n<p>Com estampado de animais.<\/p>\n<p>Muito confort\u00e1vel e quentinho.<\/p>\n<p>Composi\u00e7\u00e3o: Camisola 48% Algod\u00e3o 48% Poli\u00e9ster 4% Elastano<\/p>\n<p>Cal\u00e7a: 50% Algod\u00e3o 50% Poli\u00e9ster<\/p>\n","protected":false},"featured_media":22108,"comment_status":"closed","ping_status":"closed","template":"","meta":[],"product_brand":[],"product_cat":[89],"product_tag":[167],"class_list":{"0":"post-22105","1":"product","2":"type-product","3":"status-publish","6":"product_cat-vestuario-para-bebe-menino","7":"product_tag-fato-de-treino","9":"first","10":"instock","11":"taxable","12":"shipping-taxable","13":"purchasable","14":"product-type-variable"},"yoast_head":"<!-- This site is optimized with the Yoast SEO plugin v27.0 - https:\/\/yoast.com\/product\/yoast-seo-wordpress\/ -->\n<title>Fato de treino vermelho para beb\u00e9 - ikisbaby - Loja Beb\u00e9 Online<\/title>\n<meta name=\"description\" content=\"Fato de treino vermelho beb\u00e9 menino, composto por camisola e cal\u00e7a. Com estampado de animais. Muito confort\u00e1vel e quentinho.\" \/>\n<meta name=\"robots\" content=\"index, follow, max-snippet:-1, max-image-preview:large, max-video-preview:-1\" \/>\n<link rel=\"canonical\" href=\"https:\/\/ikisbaby.com\/index.php\/produto\/fato-de-treino-vermelho-bebe-menino\/\" \/>\n<meta property=\"og:locale\" content=\"pt_PT\" \/>\n<meta property=\"og:type\" content=\"article\" \/>\n<meta property=\"og:title\" content=\"Fato de treino vermelho para beb\u00e9 - ikisbaby - Loja Beb\u00e9 Online\" \/>\n<meta property=\"og:description\" content=\"Fato de treino vermelho beb\u00e9 menino, composto por camisola e cal\u00e7a. Com estampado de animais. Muito confort\u00e1vel e quentinho.\" \/>\n<meta property=\"og:url\" content=\"https:\/\/ikisbaby.com\/index.php\/produto\/fato-de-treino-vermelho-bebe-menino\/\" \/>\n<meta property=\"og:site_name\" content=\"Ikisbaby\" \/>\n<meta property=\"article:publisher\" content=\"https:\/\/facebook.com\/ikisbaby\" \/>\n<meta property=\"article:modified_time\" content=\"2024-06-15T17:11:29+00:00\" \/>\n<meta property=\"og:image\" content=\"https:\/\/ikisbaby.com\/wp-content\/uploads\/2019\/11\/fato-treino-bebe-1.png\" \/>\n\t<meta property=\"og:image:width\" content=\"750\" \/>\n\t<meta property=\"og:image:height\" content=\"1000\" \/>\n\t<meta property=\"og:image:type\" content=\"image\/png\" \/>\n<script type=\"application\/ld+json\" class=\"yoast-schema-graph\">{\"@context\":\"https:\/\/schema.org\",\"@graph\":[{\"@type\":\"WebPage\",\"@id\":\"https:\/\/ikisbaby.com\/index.php\/produto\/fato-de-treino-vermelho-bebe-menino\/\",\"url\":\"https:\/\/ikisbaby.com\/index.php\/produto\/fato-de-treino-vermelho-bebe-menino\/\",\"name\":\"Fato de treino vermelho para beb\u00e9 - ikisbaby - Loja Beb\u00e9 Online\",\"isPartOf\":{\"@id\":\"https:\/\/ikisbaby.com\/#website\"},\"primaryImageOfPage\":{\"@id\":\"https:\/\/ikisbaby.com\/index.php\/produto\/fato-de-treino-vermelho-bebe-menino\/#primaryimage\"},\"image\":{\"@id\":\"https:\/\/ikisbaby.com\/index.php\/produto\/fato-de-treino-vermelho-bebe-menino\/#primaryimage\"},\"thumbnailUrl\":\"https:\/\/ikisbaby.com\/wp-content\/uploads\/2019\/11\/fato-treino-bebe-1.png\",\"datePublished\":\"2019-11-16T12:48:48+00:00\",\"dateModified\":\"2024-06-15T17:11:29+00:00\",\"description\":\"Fato de treino vermelho beb\u00e9 menino, composto por camisola e cal\u00e7a. Com estampado de animais. Muito confort\u00e1vel e quentinho.\",\"breadcrumb\":{\"@id\":\"https:\/\/ikisbaby.com\/index.php\/produto\/fato-de-treino-vermelho-bebe-menino\/#breadcrumb\"},\"inLanguage\":\"pt-PT\",\"potentialAction\":[{\"@type\":\"ReadAction\",\"target\":[\"https:\/\/ikisbaby.com\/index.php\/produto\/fato-de-treino-vermelho-bebe-menino\/\"]}]},{\"@type\":\"ImageObject\",\"inLanguage\":\"pt-PT\",\"@id\":\"https:\/\/ikisbaby.com\/index.php\/produto\/fato-de-treino-vermelho-bebe-menino\/#primaryimage\",\"url\":\"https:\/\/ikisbaby.com\/wp-content\/uploads\/2019\/11\/fato-treino-bebe-1.png\",\"contentUrl\":\"https:\/\/ikisbaby.com\/wp-content\/uploads\/2019\/11\/fato-treino-bebe-1.png\",\"width\":750,\"height\":1000,\"caption\":\"Fato de treino de beb\u00e9 menino\"},{\"@type\":\"BreadcrumbList\",\"@id\":\"https:\/\/ikisbaby.com\/index.php\/produto\/fato-de-treino-vermelho-bebe-menino\/#breadcrumb\",\"itemListElement\":[{\"@type\":\"ListItem\",\"position\":1,\"name\":\"In\u00edcio\",\"item\":\"https:\/\/ikisbaby.com\/\"},{\"@type\":\"ListItem\",\"position\":2,\"name\":\"Loja\",\"item\":\"https:\/\/ikisbaby.com\/index.php\/loja-roupa-para-bebe\/\"},{\"@type\":\"ListItem\",\"position\":3,\"name\":\"Fato Treino Vermelho Animais\"}]},{\"@type\":\"WebSite\",\"@id\":\"https:\/\/ikisbaby.com\/#website\",\"url\":\"https:\/\/ikisbaby.com\/\",\"name\":\"Ikisbaby\",\"description\":\"Loja Online para Beb\u00e9\",\"publisher\":{\"@id\":\"https:\/\/ikisbaby.com\/#organization\"},\"potentialAction\":[{\"@type\":\"SearchAction\",\"target\":{\"@type\":\"EntryPoint\",\"urlTemplate\":\"https:\/\/ikisbaby.com\/?s={search_term_string}\"},\"query-input\":{\"@type\":\"PropertyValueSpecification\",\"valueRequired\":true,\"valueName\":\"search_term_string\"}}],\"inLanguage\":\"pt-PT\"},{\"@type\":\"Organization\",\"@id\":\"https:\/\/ikisbaby.com\/#organization\",\"name\":\"Ikisbaby\",\"url\":\"https:\/\/ikisbaby.com\/\",\"logo\":{\"@type\":\"ImageObject\",\"inLanguage\":\"pt-PT\",\"@id\":\"https:\/\/ikisbaby.com\/#\/schema\/logo\/image\/\",\"url\":\"https:\/\/ikisbaby.com\/wp-content\/uploads\/2019\/02\/favicon.png\",\"contentUrl\":\"https:\/\/ikisbaby.com\/wp-content\/uploads\/2019\/02\/favicon.png\",\"width\":512,\"height\":512,\"caption\":\"Ikisbaby\"},\"image\":{\"@id\":\"https:\/\/ikisbaby.com\/#\/schema\/logo\/image\/\"},\"sameAs\":[\"https:\/\/facebook.com\/ikisbaby\",\"https:\/\/www.instagram.com\/ikisbaby\/\"]}]}<\/script>\n<!-- \/ Yoast SEO plugin. -->","yoast_head_json":{"title":"Fato de treino vermelho para beb\u00e9 - ikisbaby - Loja Beb\u00e9 Online","description":"Fato de treino vermelho beb\u00e9 menino, composto por camisola e cal\u00e7a. Com estampado de animais. Muito confort\u00e1vel e quentinho.","robots":{"index":"index","follow":"follow","max-snippet":"max-snippet:-1","max-image-preview":"max-image-preview:large","max-video-preview":"max-video-preview:-1"},"canonical":"https:\/\/ikisbaby.com\/index.php\/produto\/fato-de-treino-vermelho-bebe-menino\/","og_locale":"pt_PT","og_type":"article","og_title":"Fato de treino vermelho para beb\u00e9 - ikisbaby - Loja Beb\u00e9 Online","og_description":"Fato de treino vermelho beb\u00e9 menino, composto por camisola e cal\u00e7a. Com estampado de animais. Muito confort\u00e1vel e quentinho.","og_url":"https:\/\/ikisbaby.com\/index.php\/produto\/fato-de-treino-vermelho-bebe-menino\/","og_site_name":"Ikisbaby","article_publisher":"https:\/\/facebook.com\/ikisbaby","article_modified_time":"2024-06-15T17:11:29+00:00","og_image":[{"width":750,"height":1000,"url":"https:\/\/ikisbaby.com\/wp-content\/uploads\/2019\/11\/fato-treino-bebe-1.png","type":"image\/png"}],"schema":{"@context":"https:\/\/schema.org","@graph":[{"@type":"WebPage","@id":"https:\/\/ikisbaby.com\/index.php\/produto\/fato-de-treino-vermelho-bebe-menino\/","url":"https:\/\/ikisbaby.com\/index.php\/produto\/fato-de-treino-vermelho-bebe-menino\/","name":"Fato de treino vermelho para beb\u00e9 - ikisbaby - Loja Beb\u00e9 Online","isPartOf":{"@id":"https:\/\/ikisbaby.com\/#website"},"primaryImageOfPage":{"@id":"https:\/\/ikisbaby.com\/index.php\/produto\/fato-de-treino-vermelho-bebe-menino\/#primaryimage"},"image":{"@id":"https:\/\/ikisbaby.com\/index.php\/produto\/fato-de-treino-vermelho-bebe-menino\/#primaryimage"},"thumbnailUrl":"https:\/\/ikisbaby.com\/wp-content\/uploads\/2019\/11\/fato-treino-bebe-1.png","datePublished":"2019-11-16T12:48:48+00:00","dateModified":"2024-06-15T17:11:29+00:00","description":"Fato de treino vermelho beb\u00e9 menino, composto por camisola e cal\u00e7a. Com estampado de animais. Muito confort\u00e1vel e quentinho.","breadcrumb":{"@id":"https:\/\/ikisbaby.com\/index.php\/produto\/fato-de-treino-vermelho-bebe-menino\/#breadcrumb"},"inLanguage":"pt-PT","potentialAction":[{"@type":"ReadAction","target":["https:\/\/ikisbaby.com\/index.php\/produto\/fato-de-treino-vermelho-bebe-menino\/"]}]},{"@type":"ImageObject","inLanguage":"pt-PT","@id":"https:\/\/ikisbaby.com\/index.php\/produto\/fato-de-treino-vermelho-bebe-menino\/#primaryimage","url":"https:\/\/ikisbaby.com\/wp-content\/uploads\/2019\/11\/fato-treino-bebe-1.png","contentUrl":"https:\/\/ikisbaby.com\/wp-content\/uploads\/2019\/11\/fato-treino-bebe-1.png","width":750,"height":1000,"caption":"Fato de treino de beb\u00e9 menino"},{"@type":"BreadcrumbList","@id":"https:\/\/ikisbaby.com\/index.php\/produto\/fato-de-treino-vermelho-bebe-menino\/#breadcrumb","itemListElement":[{"@type":"ListItem","position":1,"name":"In\u00edcio","item":"https:\/\/ikisbaby.com\/"},{"@type":"ListItem","position":2,"name":"Loja","item":"https:\/\/ikisbaby.com\/index.php\/loja-roupa-para-bebe\/"},{"@type":"ListItem","position":3,"name":"Fato Treino Vermelho Animais"}]},{"@type":"WebSite","@id":"https:\/\/ikisbaby.com\/#website","url":"https:\/\/ikisbaby.com\/","name":"Ikisbaby","description":"Loja Online para Beb\u00e9","publisher":{"@id":"https:\/\/ikisbaby.com\/#organization"},"potentialAction":[{"@type":"SearchAction","target":{"@type":"EntryPoint","urlTemplate":"https:\/\/ikisbaby.com\/?s={search_term_string}"},"query-input":{"@type":"PropertyValueSpecification","valueRequired":true,"valueName":"search_term_string"}}],"inLanguage":"pt-PT"},{"@type":"Organization","@id":"https:\/\/ikisbaby.com\/#organization","name":"Ikisbaby","url":"https:\/\/ikisbaby.com\/","logo":{"@type":"ImageObject","inLanguage":"pt-PT","@id":"https:\/\/ikisbaby.com\/#\/schema\/logo\/image\/","url":"https:\/\/ikisbaby.com\/wp-content\/uploads\/2019\/02\/favicon.png","contentUrl":"https:\/\/ikisbaby.com\/wp-content\/uploads\/2019\/02\/favicon.png","width":512,"height":512,"caption":"Ikisbaby"},"image":{"@id":"https:\/\/ikisbaby.com\/#\/schema\/logo\/image\/"},"sameAs":["https:\/\/facebook.com\/ikisbaby","https:\/\/www.instagram.com\/ikisbaby\/"]}]}},"_links":{"self":[{"href":"https:\/\/ikisbaby.com\/index.php\/wp-json\/wp\/v2\/product\/22105","targetHints":{"allow":["GET"]}}],"collection":[{"href":"https:\/\/ikisbaby.com\/index.php\/wp-json\/wp\/v2\/product"}],"about":[{"href":"https:\/\/ikisbaby.com\/index.php\/wp-json\/wp\/v2\/types\/product"}],"replies":[{"embeddable":true,"href":"https:\/\/ikisbaby.com\/index.php\/wp-json\/wp\/v2\/comments?post=22105"}],"version-history":[{"count":2,"href":"https:\/\/ikisbaby.com\/index.php\/wp-json\/wp\/v2\/product\/22105\/revisions"}],"predecessor-version":[{"id":28596,"href":"https:\/\/ikisbaby.com\/index.php\/wp-json\/wp\/v2\/product\/22105\/revisions\/28596"}],"wp:featuredmedia":[{"embeddable":true,"href":"https:\/\/ikisbaby.com\/index.php\/wp-json\/wp\/v2\/media\/22108"}],"wp:attachment":[{"href":"https:\/\/ikisbaby.com\/index.php\/wp-json\/wp\/v2\/media?parent=22105"}],"wp:term":[{"taxonomy":"product_brand","embeddable":true,"href":"https:\/\/ikisbaby.com\/index.php\/wp-json\/wp\/v2\/product_brand?post=22105"},{"taxonomy":"product_cat","embeddable":true,"href":"https:\/\/ikisbaby.com\/index.php\/wp-json\/wp\/v2\/product_cat?post=22105"},{"taxonomy":"product_tag","embeddable":true,"href":"https:\/\/ikisbaby.com\/index.php\/wp-json\/wp\/v2\/product_tag?post=22105"}],"curies":[{"name":"wp","href":"https:\/\/api.w.org\/{rel}","templated":true}]}}