{"id":2052,"date":"2017-09-20T14:47:32","date_gmt":"2017-09-20T13:47:32","guid":{"rendered":"https:\/\/ikisbaby.com\/?post_type=product&#038;p=2052"},"modified":"2024-06-18T18:11:37","modified_gmt":"2024-06-18T17:11:37","slug":"casaco-de-malha-para-bebe-2","status":"publish","type":"product","link":"https:\/\/ikisbaby.com\/index.php\/produto\/casaco-de-malha-para-bebe-2\/","title":{"rendered":"Casaco de Malha"},"content":{"rendered":"<p>Casaco de malha para beb\u00e9.<\/p>\n<p>Malha trabalhada 100% acr\u00edlico.<\/p>\n<p>V\u00e1rios Tamanhos<\/p>\n<p>Ideal para completar um look confort\u00e1vel.<\/p>\n","protected":false},"excerpt":{"rendered":"<p>Casaco de malha para beb\u00e9.<\/p>\n<p>Malha trabalhada 100% acr\u00edlico.<\/p>\n<p>Tamanho \u00fanico (12 mese).<\/p>\n<p>Ideal para completar um look confort\u00e1vel.<\/p>\n","protected":false},"featured_media":7970,"comment_status":"closed","ping_status":"closed","template":"","meta":[],"product_brand":[],"product_cat":[62,63],"product_tag":[102],"class_list":{"0":"post-2052","1":"product","2":"type-product","3":"status-publish","6":"product_cat-casacos-bebe-menina","7":"product_cat-casacos-bebe-menino","8":"product_tag-casaco-de-bebe","10":"first","11":"instock","12":"taxable","13":"shipping-taxable","14":"product-type-variable"},"yoast_head":"<!-- This site is optimized with the Yoast SEO plugin v27.0 - https:\/\/yoast.com\/product\/yoast-seo-wordpress\/ -->\n<title>Casaco de malha para beb\u00e9. - ikisbaby - Loja Online<\/title>\n<meta name=\"description\" content=\"Casaco de malha para beb\u00e9. Malha trabalhada 100% acr\u00edlico. V\u00e1rios tamanhos rec\u00e9m-nsacido e 12meses. Ideal para completar um look confort\u00e1vel.\" \/>\n<meta name=\"robots\" content=\"index, follow, max-snippet:-1, max-image-preview:large, max-video-preview:-1\" \/>\n<link rel=\"canonical\" href=\"https:\/\/ikisbaby.com\/index.php\/produto\/casaco-de-malha-para-bebe-2\/\" \/>\n<meta property=\"og:locale\" content=\"pt_PT\" \/>\n<meta property=\"og:type\" content=\"article\" \/>\n<meta property=\"og:title\" content=\"Casaco de malha para beb\u00e9. - ikisbaby - Loja Online\" \/>\n<meta property=\"og:description\" content=\"Casaco de malha para beb\u00e9. Malha trabalhada 100% acr\u00edlico. V\u00e1rios tamanhos rec\u00e9m-nsacido e 12meses. Ideal para completar um look confort\u00e1vel.\" \/>\n<meta property=\"og:url\" content=\"https:\/\/ikisbaby.com\/index.php\/produto\/casaco-de-malha-para-bebe-2\/\" \/>\n<meta property=\"og:site_name\" content=\"Ikisbaby\" \/>\n<meta property=\"article:publisher\" content=\"https:\/\/facebook.com\/ikisbaby\" \/>\n<meta property=\"article:modified_time\" content=\"2024-06-18T17:11:37+00:00\" \/>\n<meta property=\"og:image\" content=\"https:\/\/ikisbaby.com\/wp-content\/uploads\/2017\/09\/casaco_tran\u00e7as.png\" \/>\n\t<meta property=\"og:image:width\" content=\"700\" \/>\n\t<meta property=\"og:image:height\" content=\"750\" \/>\n\t<meta property=\"og:image:type\" content=\"image\/png\" \/>\n<script type=\"application\/ld+json\" class=\"yoast-schema-graph\">{\"@context\":\"https:\/\/schema.org\",\"@graph\":[{\"@type\":\"WebPage\",\"@id\":\"https:\/\/ikisbaby.com\/index.php\/produto\/casaco-de-malha-para-bebe-2\/\",\"url\":\"https:\/\/ikisbaby.com\/index.php\/produto\/casaco-de-malha-para-bebe-2\/\",\"name\":\"Casaco de malha para beb\u00e9. - ikisbaby - Loja Online\",\"isPartOf\":{\"@id\":\"https:\/\/ikisbaby.com\/#website\"},\"primaryImageOfPage\":{\"@id\":\"https:\/\/ikisbaby.com\/index.php\/produto\/casaco-de-malha-para-bebe-2\/#primaryimage\"},\"image\":{\"@id\":\"https:\/\/ikisbaby.com\/index.php\/produto\/casaco-de-malha-para-bebe-2\/#primaryimage\"},\"thumbnailUrl\":\"https:\/\/ikisbaby.com\/wp-content\/uploads\/2017\/09\/casaco_tran\u00e7as.png\",\"datePublished\":\"2017-09-20T13:47:32+00:00\",\"dateModified\":\"2024-06-18T17:11:37+00:00\",\"description\":\"Casaco de malha para beb\u00e9. Malha trabalhada 100% acr\u00edlico. V\u00e1rios tamanhos rec\u00e9m-nsacido e 12meses. Ideal para completar um look confort\u00e1vel.\",\"breadcrumb\":{\"@id\":\"https:\/\/ikisbaby.com\/index.php\/produto\/casaco-de-malha-para-bebe-2\/#breadcrumb\"},\"inLanguage\":\"pt-PT\",\"potentialAction\":[{\"@type\":\"ReadAction\",\"target\":[\"https:\/\/ikisbaby.com\/index.php\/produto\/casaco-de-malha-para-bebe-2\/\"]}]},{\"@type\":\"ImageObject\",\"inLanguage\":\"pt-PT\",\"@id\":\"https:\/\/ikisbaby.com\/index.php\/produto\/casaco-de-malha-para-bebe-2\/#primaryimage\",\"url\":\"https:\/\/ikisbaby.com\/wp-content\/uploads\/2017\/09\/casaco_tran\u00e7as.png\",\"contentUrl\":\"https:\/\/ikisbaby.com\/wp-content\/uploads\/2017\/09\/casaco_tran\u00e7as.png\",\"width\":700,\"height\":750,\"caption\":\"Casaco de malha para beb\u00e9.\"},{\"@type\":\"BreadcrumbList\",\"@id\":\"https:\/\/ikisbaby.com\/index.php\/produto\/casaco-de-malha-para-bebe-2\/#breadcrumb\",\"itemListElement\":[{\"@type\":\"ListItem\",\"position\":1,\"name\":\"In\u00edcio\",\"item\":\"https:\/\/ikisbaby.com\/\"},{\"@type\":\"ListItem\",\"position\":2,\"name\":\"Loja\",\"item\":\"https:\/\/ikisbaby.com\/index.php\/loja-roupa-para-bebe\/\"},{\"@type\":\"ListItem\",\"position\":3,\"name\":\"Casaco de Malha\"}]},{\"@type\":\"WebSite\",\"@id\":\"https:\/\/ikisbaby.com\/#website\",\"url\":\"https:\/\/ikisbaby.com\/\",\"name\":\"Ikisbaby\",\"description\":\"Loja Online para Beb\u00e9\",\"publisher\":{\"@id\":\"https:\/\/ikisbaby.com\/#organization\"},\"potentialAction\":[{\"@type\":\"SearchAction\",\"target\":{\"@type\":\"EntryPoint\",\"urlTemplate\":\"https:\/\/ikisbaby.com\/?s={search_term_string}\"},\"query-input\":{\"@type\":\"PropertyValueSpecification\",\"valueRequired\":true,\"valueName\":\"search_term_string\"}}],\"inLanguage\":\"pt-PT\"},{\"@type\":\"Organization\",\"@id\":\"https:\/\/ikisbaby.com\/#organization\",\"name\":\"Ikisbaby\",\"url\":\"https:\/\/ikisbaby.com\/\",\"logo\":{\"@type\":\"ImageObject\",\"inLanguage\":\"pt-PT\",\"@id\":\"https:\/\/ikisbaby.com\/#\/schema\/logo\/image\/\",\"url\":\"https:\/\/ikisbaby.com\/wp-content\/uploads\/2019\/02\/favicon.png\",\"contentUrl\":\"https:\/\/ikisbaby.com\/wp-content\/uploads\/2019\/02\/favicon.png\",\"width\":512,\"height\":512,\"caption\":\"Ikisbaby\"},\"image\":{\"@id\":\"https:\/\/ikisbaby.com\/#\/schema\/logo\/image\/\"},\"sameAs\":[\"https:\/\/facebook.com\/ikisbaby\",\"https:\/\/www.instagram.com\/ikisbaby\/\"]}]}<\/script>\n<!-- \/ Yoast SEO plugin. -->","yoast_head_json":{"title":"Casaco de malha para beb\u00e9. - ikisbaby - Loja Online","description":"Casaco de malha para beb\u00e9. Malha trabalhada 100% acr\u00edlico. V\u00e1rios tamanhos rec\u00e9m-nsacido e 12meses. Ideal para completar um look confort\u00e1vel.","robots":{"index":"index","follow":"follow","max-snippet":"max-snippet:-1","max-image-preview":"max-image-preview:large","max-video-preview":"max-video-preview:-1"},"canonical":"https:\/\/ikisbaby.com\/index.php\/produto\/casaco-de-malha-para-bebe-2\/","og_locale":"pt_PT","og_type":"article","og_title":"Casaco de malha para beb\u00e9. - ikisbaby - Loja Online","og_description":"Casaco de malha para beb\u00e9. Malha trabalhada 100% acr\u00edlico. V\u00e1rios tamanhos rec\u00e9m-nsacido e 12meses. Ideal para completar um look confort\u00e1vel.","og_url":"https:\/\/ikisbaby.com\/index.php\/produto\/casaco-de-malha-para-bebe-2\/","og_site_name":"Ikisbaby","article_publisher":"https:\/\/facebook.com\/ikisbaby","article_modified_time":"2024-06-18T17:11:37+00:00","og_image":[{"width":700,"height":750,"url":"https:\/\/ikisbaby.com\/wp-content\/uploads\/2017\/09\/casaco_tran\u00e7as.png","type":"image\/png"}],"schema":{"@context":"https:\/\/schema.org","@graph":[{"@type":"WebPage","@id":"https:\/\/ikisbaby.com\/index.php\/produto\/casaco-de-malha-para-bebe-2\/","url":"https:\/\/ikisbaby.com\/index.php\/produto\/casaco-de-malha-para-bebe-2\/","name":"Casaco de malha para beb\u00e9. - ikisbaby - Loja Online","isPartOf":{"@id":"https:\/\/ikisbaby.com\/#website"},"primaryImageOfPage":{"@id":"https:\/\/ikisbaby.com\/index.php\/produto\/casaco-de-malha-para-bebe-2\/#primaryimage"},"image":{"@id":"https:\/\/ikisbaby.com\/index.php\/produto\/casaco-de-malha-para-bebe-2\/#primaryimage"},"thumbnailUrl":"https:\/\/ikisbaby.com\/wp-content\/uploads\/2017\/09\/casaco_tran\u00e7as.png","datePublished":"2017-09-20T13:47:32+00:00","dateModified":"2024-06-18T17:11:37+00:00","description":"Casaco de malha para beb\u00e9. Malha trabalhada 100% acr\u00edlico. V\u00e1rios tamanhos rec\u00e9m-nsacido e 12meses. Ideal para completar um look confort\u00e1vel.","breadcrumb":{"@id":"https:\/\/ikisbaby.com\/index.php\/produto\/casaco-de-malha-para-bebe-2\/#breadcrumb"},"inLanguage":"pt-PT","potentialAction":[{"@type":"ReadAction","target":["https:\/\/ikisbaby.com\/index.php\/produto\/casaco-de-malha-para-bebe-2\/"]}]},{"@type":"ImageObject","inLanguage":"pt-PT","@id":"https:\/\/ikisbaby.com\/index.php\/produto\/casaco-de-malha-para-bebe-2\/#primaryimage","url":"https:\/\/ikisbaby.com\/wp-content\/uploads\/2017\/09\/casaco_tran\u00e7as.png","contentUrl":"https:\/\/ikisbaby.com\/wp-content\/uploads\/2017\/09\/casaco_tran\u00e7as.png","width":700,"height":750,"caption":"Casaco de malha para beb\u00e9."},{"@type":"BreadcrumbList","@id":"https:\/\/ikisbaby.com\/index.php\/produto\/casaco-de-malha-para-bebe-2\/#breadcrumb","itemListElement":[{"@type":"ListItem","position":1,"name":"In\u00edcio","item":"https:\/\/ikisbaby.com\/"},{"@type":"ListItem","position":2,"name":"Loja","item":"https:\/\/ikisbaby.com\/index.php\/loja-roupa-para-bebe\/"},{"@type":"ListItem","position":3,"name":"Casaco de Malha"}]},{"@type":"WebSite","@id":"https:\/\/ikisbaby.com\/#website","url":"https:\/\/ikisbaby.com\/","name":"Ikisbaby","description":"Loja Online para Beb\u00e9","publisher":{"@id":"https:\/\/ikisbaby.com\/#organization"},"potentialAction":[{"@type":"SearchAction","target":{"@type":"EntryPoint","urlTemplate":"https:\/\/ikisbaby.com\/?s={search_term_string}"},"query-input":{"@type":"PropertyValueSpecification","valueRequired":true,"valueName":"search_term_string"}}],"inLanguage":"pt-PT"},{"@type":"Organization","@id":"https:\/\/ikisbaby.com\/#organization","name":"Ikisbaby","url":"https:\/\/ikisbaby.com\/","logo":{"@type":"ImageObject","inLanguage":"pt-PT","@id":"https:\/\/ikisbaby.com\/#\/schema\/logo\/image\/","url":"https:\/\/ikisbaby.com\/wp-content\/uploads\/2019\/02\/favicon.png","contentUrl":"https:\/\/ikisbaby.com\/wp-content\/uploads\/2019\/02\/favicon.png","width":512,"height":512,"caption":"Ikisbaby"},"image":{"@id":"https:\/\/ikisbaby.com\/#\/schema\/logo\/image\/"},"sameAs":["https:\/\/facebook.com\/ikisbaby","https:\/\/www.instagram.com\/ikisbaby\/"]}]}},"_links":{"self":[{"href":"https:\/\/ikisbaby.com\/index.php\/wp-json\/wp\/v2\/product\/2052","targetHints":{"allow":["GET"]}}],"collection":[{"href":"https:\/\/ikisbaby.com\/index.php\/wp-json\/wp\/v2\/product"}],"about":[{"href":"https:\/\/ikisbaby.com\/index.php\/wp-json\/wp\/v2\/types\/product"}],"replies":[{"embeddable":true,"href":"https:\/\/ikisbaby.com\/index.php\/wp-json\/wp\/v2\/comments?post=2052"}],"version-history":[{"count":2,"href":"https:\/\/ikisbaby.com\/index.php\/wp-json\/wp\/v2\/product\/2052\/revisions"}],"predecessor-version":[{"id":28688,"href":"https:\/\/ikisbaby.com\/index.php\/wp-json\/wp\/v2\/product\/2052\/revisions\/28688"}],"wp:featuredmedia":[{"embeddable":true,"href":"https:\/\/ikisbaby.com\/index.php\/wp-json\/wp\/v2\/media\/7970"}],"wp:attachment":[{"href":"https:\/\/ikisbaby.com\/index.php\/wp-json\/wp\/v2\/media?parent=2052"}],"wp:term":[{"taxonomy":"product_brand","embeddable":true,"href":"https:\/\/ikisbaby.com\/index.php\/wp-json\/wp\/v2\/product_brand?post=2052"},{"taxonomy":"product_cat","embeddable":true,"href":"https:\/\/ikisbaby.com\/index.php\/wp-json\/wp\/v2\/product_cat?post=2052"},{"taxonomy":"product_tag","embeddable":true,"href":"https:\/\/ikisbaby.com\/index.php\/wp-json\/wp\/v2\/product_tag?post=2052"}],"curies":[{"name":"wp","href":"https:\/\/api.w.org\/{rel}","templated":true}]}}