{"id":19741,"date":"2020-05-28T15:35:28","date_gmt":"2020-05-28T14:35:28","guid":{"rendered":"https:\/\/ikisbaby.com\/?post_type=product&#038;p=19741"},"modified":"2024-06-20T16:37:50","modified_gmt":"2024-06-20T15:37:50","slug":"carapins-de-bebe","status":"publish","type":"product","link":"https:\/\/ikisbaby.com\/index.php\/produto\/carapins-de-bebe\/","title":{"rendered":"Carapins Malha Tran\u00e7a e La\u00e7o"},"content":{"rendered":"<div class=\"woocommerce-product-details__short-description\">\n<p>Carapins de beb\u00e9 em malha trabalhada com tran\u00e7a e la\u00e7o na dobra no tornozelo.<\/p>\n<p>Desing delicado. Para completar o look do seu beb\u00e9, e deixa-lo ainda mais confort\u00e1vel.<\/p>\n<p>Tamanho \u00fanico (<strong>Primeiros meses<\/strong>).<\/p>\n<p>Composi\u00e7\u00e3o: 100% acr\u00edlico.<\/p>\n<\/div>\n","protected":false},"excerpt":{"rendered":"<p>Carapins beb\u00e9 em malha trabalhada com tran\u00e7a e la\u00e7o na dobra no tornozelo.<\/p>\n<p>Desing delicado. Para completar o look do seu beb\u00e9, e deixa-lo ainda mais confort\u00e1vel.<\/p>\n<p>Tamanho \u00fanico (<strong>Primeiros meses<\/strong>).<\/p>\n<p>Composi\u00e7\u00e3o: 100% acr\u00edlico.<\/p>\n","protected":false},"featured_media":19749,"comment_status":"closed","ping_status":"closed","template":"","meta":[],"product_brand":[],"product_cat":[71],"product_tag":[],"class_list":{"0":"post-19741","1":"product","2":"type-product","3":"status-publish","6":"product_cat-meias-carapins","8":"first","9":"instock","10":"taxable","11":"shipping-taxable","12":"purchasable","13":"product-type-variable"},"yoast_head":"<!-- This site is optimized with the Yoast SEO plugin v27.0 - https:\/\/yoast.com\/product\/yoast-seo-wordpress\/ -->\n<title>Carapins de beb\u00e9 em malha trabalha - Ikisbaby - Loja Beb\u00e9 Online<\/title>\n<meta name=\"description\" content=\"Carapins de beb\u00e9 em malha trabalhada com tran\u00e7a e la\u00e7o na dobra no tornozelo. Para completar o look do seu beb\u00e9, e deixa-lo ainda mais confort\u00e1vel.\" \/>\n<meta name=\"robots\" content=\"index, follow, max-snippet:-1, max-image-preview:large, max-video-preview:-1\" \/>\n<link rel=\"canonical\" href=\"https:\/\/ikisbaby.com\/index.php\/produto\/carapins-de-bebe\/\" \/>\n<meta property=\"og:locale\" content=\"pt_PT\" \/>\n<meta property=\"og:type\" content=\"article\" \/>\n<meta property=\"og:title\" content=\"Carapins de beb\u00e9 em malha trabalha - Ikisbaby - Loja Beb\u00e9 Online\" \/>\n<meta property=\"og:description\" content=\"Carapins de beb\u00e9 em malha trabalhada com tran\u00e7a e la\u00e7o na dobra no tornozelo. Para completar o look do seu beb\u00e9, e deixa-lo ainda mais confort\u00e1vel.\" \/>\n<meta property=\"og:url\" content=\"https:\/\/ikisbaby.com\/index.php\/produto\/carapins-de-bebe\/\" \/>\n<meta property=\"og:site_name\" content=\"Ikisbaby\" \/>\n<meta property=\"article:publisher\" content=\"https:\/\/facebook.com\/ikisbaby\" \/>\n<meta property=\"article:modified_time\" content=\"2024-06-20T15:37:50+00:00\" \/>\n<meta property=\"og:image\" content=\"https:\/\/ikisbaby.com\/wp-content\/uploads\/2019\/08\/carapins_malha_tran\u00e7a_m-1.png\" \/>\n\t<meta property=\"og:image:width\" content=\"750\" \/>\n\t<meta property=\"og:image:height\" content=\"1000\" \/>\n\t<meta property=\"og:image:type\" content=\"image\/png\" \/>\n<script type=\"application\/ld+json\" class=\"yoast-schema-graph\">{\"@context\":\"https:\/\/schema.org\",\"@graph\":[{\"@type\":\"WebPage\",\"@id\":\"https:\/\/ikisbaby.com\/index.php\/produto\/carapins-de-bebe\/\",\"url\":\"https:\/\/ikisbaby.com\/index.php\/produto\/carapins-de-bebe\/\",\"name\":\"Carapins de beb\u00e9 em malha trabalha - Ikisbaby - Loja Beb\u00e9 Online\",\"isPartOf\":{\"@id\":\"https:\/\/ikisbaby.com\/#website\"},\"primaryImageOfPage\":{\"@id\":\"https:\/\/ikisbaby.com\/index.php\/produto\/carapins-de-bebe\/#primaryimage\"},\"image\":{\"@id\":\"https:\/\/ikisbaby.com\/index.php\/produto\/carapins-de-bebe\/#primaryimage\"},\"thumbnailUrl\":\"https:\/\/ikisbaby.com\/wp-content\/uploads\/2019\/08\/carapins_malha_tran\u00e7a_m-1.png\",\"datePublished\":\"2020-05-28T14:35:28+00:00\",\"dateModified\":\"2024-06-20T15:37:50+00:00\",\"description\":\"Carapins de beb\u00e9 em malha trabalhada com tran\u00e7a e la\u00e7o na dobra no tornozelo. Para completar o look do seu beb\u00e9, e deixa-lo ainda mais confort\u00e1vel.\",\"breadcrumb\":{\"@id\":\"https:\/\/ikisbaby.com\/index.php\/produto\/carapins-de-bebe\/#breadcrumb\"},\"inLanguage\":\"pt-PT\",\"potentialAction\":[{\"@type\":\"ReadAction\",\"target\":[\"https:\/\/ikisbaby.com\/index.php\/produto\/carapins-de-bebe\/\"]}]},{\"@type\":\"ImageObject\",\"inLanguage\":\"pt-PT\",\"@id\":\"https:\/\/ikisbaby.com\/index.php\/produto\/carapins-de-bebe\/#primaryimage\",\"url\":\"https:\/\/ikisbaby.com\/wp-content\/uploads\/2019\/08\/carapins_malha_tran\u00e7a_m-1.png\",\"contentUrl\":\"https:\/\/ikisbaby.com\/wp-content\/uploads\/2019\/08\/carapins_malha_tran\u00e7a_m-1.png\",\"width\":750,\"height\":1000,\"caption\":\"Carapins de beb\u00e9\"},{\"@type\":\"BreadcrumbList\",\"@id\":\"https:\/\/ikisbaby.com\/index.php\/produto\/carapins-de-bebe\/#breadcrumb\",\"itemListElement\":[{\"@type\":\"ListItem\",\"position\":1,\"name\":\"In\u00edcio\",\"item\":\"https:\/\/ikisbaby.com\/\"},{\"@type\":\"ListItem\",\"position\":2,\"name\":\"Loja\",\"item\":\"https:\/\/ikisbaby.com\/index.php\/loja-roupa-para-bebe\/\"},{\"@type\":\"ListItem\",\"position\":3,\"name\":\"Carapins Malha Tran\u00e7a e La\u00e7o\"}]},{\"@type\":\"WebSite\",\"@id\":\"https:\/\/ikisbaby.com\/#website\",\"url\":\"https:\/\/ikisbaby.com\/\",\"name\":\"Ikisbaby\",\"description\":\"Loja Online para Beb\u00e9\",\"publisher\":{\"@id\":\"https:\/\/ikisbaby.com\/#organization\"},\"potentialAction\":[{\"@type\":\"SearchAction\",\"target\":{\"@type\":\"EntryPoint\",\"urlTemplate\":\"https:\/\/ikisbaby.com\/?s={search_term_string}\"},\"query-input\":{\"@type\":\"PropertyValueSpecification\",\"valueRequired\":true,\"valueName\":\"search_term_string\"}}],\"inLanguage\":\"pt-PT\"},{\"@type\":\"Organization\",\"@id\":\"https:\/\/ikisbaby.com\/#organization\",\"name\":\"Ikisbaby\",\"url\":\"https:\/\/ikisbaby.com\/\",\"logo\":{\"@type\":\"ImageObject\",\"inLanguage\":\"pt-PT\",\"@id\":\"https:\/\/ikisbaby.com\/#\/schema\/logo\/image\/\",\"url\":\"https:\/\/ikisbaby.com\/wp-content\/uploads\/2019\/02\/favicon.png\",\"contentUrl\":\"https:\/\/ikisbaby.com\/wp-content\/uploads\/2019\/02\/favicon.png\",\"width\":512,\"height\":512,\"caption\":\"Ikisbaby\"},\"image\":{\"@id\":\"https:\/\/ikisbaby.com\/#\/schema\/logo\/image\/\"},\"sameAs\":[\"https:\/\/facebook.com\/ikisbaby\",\"https:\/\/www.instagram.com\/ikisbaby\/\"]}]}<\/script>\n<!-- \/ Yoast SEO plugin. -->","yoast_head_json":{"title":"Carapins de beb\u00e9 em malha trabalha - Ikisbaby - Loja Beb\u00e9 Online","description":"Carapins de beb\u00e9 em malha trabalhada com tran\u00e7a e la\u00e7o na dobra no tornozelo. Para completar o look do seu beb\u00e9, e deixa-lo ainda mais confort\u00e1vel.","robots":{"index":"index","follow":"follow","max-snippet":"max-snippet:-1","max-image-preview":"max-image-preview:large","max-video-preview":"max-video-preview:-1"},"canonical":"https:\/\/ikisbaby.com\/index.php\/produto\/carapins-de-bebe\/","og_locale":"pt_PT","og_type":"article","og_title":"Carapins de beb\u00e9 em malha trabalha - Ikisbaby - Loja Beb\u00e9 Online","og_description":"Carapins de beb\u00e9 em malha trabalhada com tran\u00e7a e la\u00e7o na dobra no tornozelo. Para completar o look do seu beb\u00e9, e deixa-lo ainda mais confort\u00e1vel.","og_url":"https:\/\/ikisbaby.com\/index.php\/produto\/carapins-de-bebe\/","og_site_name":"Ikisbaby","article_publisher":"https:\/\/facebook.com\/ikisbaby","article_modified_time":"2024-06-20T15:37:50+00:00","og_image":[{"width":750,"height":1000,"url":"https:\/\/ikisbaby.com\/wp-content\/uploads\/2019\/08\/carapins_malha_tran\u00e7a_m-1.png","type":"image\/png"}],"schema":{"@context":"https:\/\/schema.org","@graph":[{"@type":"WebPage","@id":"https:\/\/ikisbaby.com\/index.php\/produto\/carapins-de-bebe\/","url":"https:\/\/ikisbaby.com\/index.php\/produto\/carapins-de-bebe\/","name":"Carapins de beb\u00e9 em malha trabalha - Ikisbaby - Loja Beb\u00e9 Online","isPartOf":{"@id":"https:\/\/ikisbaby.com\/#website"},"primaryImageOfPage":{"@id":"https:\/\/ikisbaby.com\/index.php\/produto\/carapins-de-bebe\/#primaryimage"},"image":{"@id":"https:\/\/ikisbaby.com\/index.php\/produto\/carapins-de-bebe\/#primaryimage"},"thumbnailUrl":"https:\/\/ikisbaby.com\/wp-content\/uploads\/2019\/08\/carapins_malha_tran\u00e7a_m-1.png","datePublished":"2020-05-28T14:35:28+00:00","dateModified":"2024-06-20T15:37:50+00:00","description":"Carapins de beb\u00e9 em malha trabalhada com tran\u00e7a e la\u00e7o na dobra no tornozelo. Para completar o look do seu beb\u00e9, e deixa-lo ainda mais confort\u00e1vel.","breadcrumb":{"@id":"https:\/\/ikisbaby.com\/index.php\/produto\/carapins-de-bebe\/#breadcrumb"},"inLanguage":"pt-PT","potentialAction":[{"@type":"ReadAction","target":["https:\/\/ikisbaby.com\/index.php\/produto\/carapins-de-bebe\/"]}]},{"@type":"ImageObject","inLanguage":"pt-PT","@id":"https:\/\/ikisbaby.com\/index.php\/produto\/carapins-de-bebe\/#primaryimage","url":"https:\/\/ikisbaby.com\/wp-content\/uploads\/2019\/08\/carapins_malha_tran\u00e7a_m-1.png","contentUrl":"https:\/\/ikisbaby.com\/wp-content\/uploads\/2019\/08\/carapins_malha_tran\u00e7a_m-1.png","width":750,"height":1000,"caption":"Carapins de beb\u00e9"},{"@type":"BreadcrumbList","@id":"https:\/\/ikisbaby.com\/index.php\/produto\/carapins-de-bebe\/#breadcrumb","itemListElement":[{"@type":"ListItem","position":1,"name":"In\u00edcio","item":"https:\/\/ikisbaby.com\/"},{"@type":"ListItem","position":2,"name":"Loja","item":"https:\/\/ikisbaby.com\/index.php\/loja-roupa-para-bebe\/"},{"@type":"ListItem","position":3,"name":"Carapins Malha Tran\u00e7a e La\u00e7o"}]},{"@type":"WebSite","@id":"https:\/\/ikisbaby.com\/#website","url":"https:\/\/ikisbaby.com\/","name":"Ikisbaby","description":"Loja Online para Beb\u00e9","publisher":{"@id":"https:\/\/ikisbaby.com\/#organization"},"potentialAction":[{"@type":"SearchAction","target":{"@type":"EntryPoint","urlTemplate":"https:\/\/ikisbaby.com\/?s={search_term_string}"},"query-input":{"@type":"PropertyValueSpecification","valueRequired":true,"valueName":"search_term_string"}}],"inLanguage":"pt-PT"},{"@type":"Organization","@id":"https:\/\/ikisbaby.com\/#organization","name":"Ikisbaby","url":"https:\/\/ikisbaby.com\/","logo":{"@type":"ImageObject","inLanguage":"pt-PT","@id":"https:\/\/ikisbaby.com\/#\/schema\/logo\/image\/","url":"https:\/\/ikisbaby.com\/wp-content\/uploads\/2019\/02\/favicon.png","contentUrl":"https:\/\/ikisbaby.com\/wp-content\/uploads\/2019\/02\/favicon.png","width":512,"height":512,"caption":"Ikisbaby"},"image":{"@id":"https:\/\/ikisbaby.com\/#\/schema\/logo\/image\/"},"sameAs":["https:\/\/facebook.com\/ikisbaby","https:\/\/www.instagram.com\/ikisbaby\/"]}]}},"_links":{"self":[{"href":"https:\/\/ikisbaby.com\/index.php\/wp-json\/wp\/v2\/product\/19741","targetHints":{"allow":["GET"]}}],"collection":[{"href":"https:\/\/ikisbaby.com\/index.php\/wp-json\/wp\/v2\/product"}],"about":[{"href":"https:\/\/ikisbaby.com\/index.php\/wp-json\/wp\/v2\/types\/product"}],"replies":[{"embeddable":true,"href":"https:\/\/ikisbaby.com\/index.php\/wp-json\/wp\/v2\/comments?post=19741"}],"version-history":[{"count":2,"href":"https:\/\/ikisbaby.com\/index.php\/wp-json\/wp\/v2\/product\/19741\/revisions"}],"predecessor-version":[{"id":28344,"href":"https:\/\/ikisbaby.com\/index.php\/wp-json\/wp\/v2\/product\/19741\/revisions\/28344"}],"wp:featuredmedia":[{"embeddable":true,"href":"https:\/\/ikisbaby.com\/index.php\/wp-json\/wp\/v2\/media\/19749"}],"wp:attachment":[{"href":"https:\/\/ikisbaby.com\/index.php\/wp-json\/wp\/v2\/media?parent=19741"}],"wp:term":[{"taxonomy":"product_brand","embeddable":true,"href":"https:\/\/ikisbaby.com\/index.php\/wp-json\/wp\/v2\/product_brand?post=19741"},{"taxonomy":"product_cat","embeddable":true,"href":"https:\/\/ikisbaby.com\/index.php\/wp-json\/wp\/v2\/product_cat?post=19741"},{"taxonomy":"product_tag","embeddable":true,"href":"https:\/\/ikisbaby.com\/index.php\/wp-json\/wp\/v2\/product_tag?post=19741"}],"curies":[{"name":"wp","href":"https:\/\/api.w.org\/{rel}","templated":true}]}}