{"id":18978,"date":"2019-07-27T17:38:46","date_gmt":"2019-07-27T17:38:46","guid":{"rendered":"https:\/\/ikisbaby.com\/?post_type=product&#038;p=18978"},"modified":"2024-07-03T17:16:19","modified_gmt":"2024-07-03T16:16:19","slug":"body-rosa-com-gola","status":"publish","type":"product","link":"https:\/\/ikisbaby.com\/index.php\/produto\/body-rosa-com-gola\/","title":{"rendered":"Body Gola Colorido"},"content":{"rendered":"<p>Body rosa com gola.<\/p>\n<p>Body em algod\u00e3o cardado colorido com molas de press\u00e3o atr\u00e1s e entre as pernas.<\/p>\n<p>Algod\u00e3o de elevada qualidade.<\/p>\n<p>Composi\u00e7\u00e3o: 100% algod\u00e3o.<\/p>\n","protected":false},"excerpt":{"rendered":"<p>Body rosa com gola.<\/p>\n<p>Body em algod\u00e3o cardado colorido com molas de press\u00e3o atr\u00e1s e entre as pernas.<\/p>\n<p>Algod\u00e3o de elevada qualidade.<\/p>\n<p>Composi\u00e7\u00e3o: 100% algod\u00e3o.<\/p>\n","protected":false},"featured_media":18979,"comment_status":"closed","ping_status":"closed","template":"","meta":[],"product_brand":[],"product_cat":[69],"product_tag":[588],"class_list":{"0":"post-18978","1":"product","2":"type-product","3":"status-publish","6":"product_cat-bodys-bebe","7":"product_tag-body-com-gola","9":"first","10":"instock","11":"taxable","12":"shipping-taxable","13":"purchasable","14":"product-type-variable"},"yoast_head":"<!-- This site is optimized with the Yoast SEO plugin v27.0 - https:\/\/yoast.com\/product\/yoast-seo-wordpress\/ -->\n<title>Body rosa com gola cardado - Ikisbaby - Loja Beb\u00e9 Online<\/title>\n<meta name=\"description\" content=\"Body rosa com gola. Body em algod\u00e3o cardado colorido com molas de press\u00e3o atr\u00e1s e entre as pernas. 100% Algod\u00e3o de elevada qualidade.\" \/>\n<meta name=\"robots\" content=\"index, follow, max-snippet:-1, max-image-preview:large, max-video-preview:-1\" \/>\n<link rel=\"canonical\" href=\"https:\/\/ikisbaby.com\/index.php\/produto\/body-rosa-com-gola\/\" \/>\n<meta property=\"og:locale\" content=\"pt_PT\" \/>\n<meta property=\"og:type\" content=\"article\" \/>\n<meta property=\"og:title\" content=\"Body rosa com gola cardado - Ikisbaby - Loja Beb\u00e9 Online\" \/>\n<meta property=\"og:description\" content=\"Body rosa com gola. Body em algod\u00e3o cardado colorido com molas de press\u00e3o atr\u00e1s e entre as pernas. 100% Algod\u00e3o de elevada qualidade.\" \/>\n<meta property=\"og:url\" content=\"https:\/\/ikisbaby.com\/index.php\/produto\/body-rosa-com-gola\/\" \/>\n<meta property=\"og:site_name\" content=\"Ikisbaby\" \/>\n<meta property=\"article:publisher\" content=\"https:\/\/facebook.com\/ikisbaby\" \/>\n<meta property=\"article:modified_time\" content=\"2024-07-03T16:16:19+00:00\" \/>\n<meta property=\"og:image\" content=\"https:\/\/ikisbaby.com\/wp-content\/uploads\/2019\/07\/Photo_1564156484991.jpg-e1718553267462.png\" \/>\n\t<meta property=\"og:image:width\" content=\"645\" \/>\n\t<meta property=\"og:image:height\" content=\"860\" \/>\n\t<meta property=\"og:image:type\" content=\"image\/png\" \/>\n<script type=\"application\/ld+json\" class=\"yoast-schema-graph\">{\"@context\":\"https:\/\/schema.org\",\"@graph\":[{\"@type\":\"WebPage\",\"@id\":\"https:\/\/ikisbaby.com\/index.php\/produto\/body-rosa-com-gola\/\",\"url\":\"https:\/\/ikisbaby.com\/index.php\/produto\/body-rosa-com-gola\/\",\"name\":\"Body rosa com gola cardado - Ikisbaby - Loja Beb\u00e9 Online\",\"isPartOf\":{\"@id\":\"https:\/\/ikisbaby.com\/#website\"},\"primaryImageOfPage\":{\"@id\":\"https:\/\/ikisbaby.com\/index.php\/produto\/body-rosa-com-gola\/#primaryimage\"},\"image\":{\"@id\":\"https:\/\/ikisbaby.com\/index.php\/produto\/body-rosa-com-gola\/#primaryimage\"},\"thumbnailUrl\":\"https:\/\/ikisbaby.com\/wp-content\/uploads\/2019\/07\/Photo_1564156484991.jpg-e1718553267462.png\",\"datePublished\":\"2019-07-27T17:38:46+00:00\",\"dateModified\":\"2024-07-03T16:16:19+00:00\",\"description\":\"Body rosa com gola. Body em algod\u00e3o cardado colorido com molas de press\u00e3o atr\u00e1s e entre as pernas. 100% Algod\u00e3o de elevada qualidade.\",\"breadcrumb\":{\"@id\":\"https:\/\/ikisbaby.com\/index.php\/produto\/body-rosa-com-gola\/#breadcrumb\"},\"inLanguage\":\"pt-PT\",\"potentialAction\":[{\"@type\":\"ReadAction\",\"target\":[\"https:\/\/ikisbaby.com\/index.php\/produto\/body-rosa-com-gola\/\"]}]},{\"@type\":\"ImageObject\",\"inLanguage\":\"pt-PT\",\"@id\":\"https:\/\/ikisbaby.com\/index.php\/produto\/body-rosa-com-gola\/#primaryimage\",\"url\":\"https:\/\/ikisbaby.com\/wp-content\/uploads\/2019\/07\/Photo_1564156484991.jpg-e1718553267462.png\",\"contentUrl\":\"https:\/\/ikisbaby.com\/wp-content\/uploads\/2019\/07\/Photo_1564156484991.jpg-e1718553267462.png\",\"width\":645,\"height\":860,\"caption\":\"Body rosa com gola\"},{\"@type\":\"BreadcrumbList\",\"@id\":\"https:\/\/ikisbaby.com\/index.php\/produto\/body-rosa-com-gola\/#breadcrumb\",\"itemListElement\":[{\"@type\":\"ListItem\",\"position\":1,\"name\":\"In\u00edcio\",\"item\":\"https:\/\/ikisbaby.com\/\"},{\"@type\":\"ListItem\",\"position\":2,\"name\":\"Loja\",\"item\":\"https:\/\/ikisbaby.com\/index.php\/loja-roupa-para-bebe\/\"},{\"@type\":\"ListItem\",\"position\":3,\"name\":\"Body Gola Colorido\"}]},{\"@type\":\"WebSite\",\"@id\":\"https:\/\/ikisbaby.com\/#website\",\"url\":\"https:\/\/ikisbaby.com\/\",\"name\":\"Ikisbaby\",\"description\":\"Loja Online para Beb\u00e9\",\"publisher\":{\"@id\":\"https:\/\/ikisbaby.com\/#organization\"},\"potentialAction\":[{\"@type\":\"SearchAction\",\"target\":{\"@type\":\"EntryPoint\",\"urlTemplate\":\"https:\/\/ikisbaby.com\/?s={search_term_string}\"},\"query-input\":{\"@type\":\"PropertyValueSpecification\",\"valueRequired\":true,\"valueName\":\"search_term_string\"}}],\"inLanguage\":\"pt-PT\"},{\"@type\":\"Organization\",\"@id\":\"https:\/\/ikisbaby.com\/#organization\",\"name\":\"Ikisbaby\",\"url\":\"https:\/\/ikisbaby.com\/\",\"logo\":{\"@type\":\"ImageObject\",\"inLanguage\":\"pt-PT\",\"@id\":\"https:\/\/ikisbaby.com\/#\/schema\/logo\/image\/\",\"url\":\"https:\/\/ikisbaby.com\/wp-content\/uploads\/2019\/02\/favicon.png\",\"contentUrl\":\"https:\/\/ikisbaby.com\/wp-content\/uploads\/2019\/02\/favicon.png\",\"width\":512,\"height\":512,\"caption\":\"Ikisbaby\"},\"image\":{\"@id\":\"https:\/\/ikisbaby.com\/#\/schema\/logo\/image\/\"},\"sameAs\":[\"https:\/\/facebook.com\/ikisbaby\",\"https:\/\/www.instagram.com\/ikisbaby\/\"]}]}<\/script>\n<!-- \/ Yoast SEO plugin. -->","yoast_head_json":{"title":"Body rosa com gola cardado - Ikisbaby - Loja Beb\u00e9 Online","description":"Body rosa com gola. Body em algod\u00e3o cardado colorido com molas de press\u00e3o atr\u00e1s e entre as pernas. 100% Algod\u00e3o de elevada qualidade.","robots":{"index":"index","follow":"follow","max-snippet":"max-snippet:-1","max-image-preview":"max-image-preview:large","max-video-preview":"max-video-preview:-1"},"canonical":"https:\/\/ikisbaby.com\/index.php\/produto\/body-rosa-com-gola\/","og_locale":"pt_PT","og_type":"article","og_title":"Body rosa com gola cardado - Ikisbaby - Loja Beb\u00e9 Online","og_description":"Body rosa com gola. Body em algod\u00e3o cardado colorido com molas de press\u00e3o atr\u00e1s e entre as pernas. 100% Algod\u00e3o de elevada qualidade.","og_url":"https:\/\/ikisbaby.com\/index.php\/produto\/body-rosa-com-gola\/","og_site_name":"Ikisbaby","article_publisher":"https:\/\/facebook.com\/ikisbaby","article_modified_time":"2024-07-03T16:16:19+00:00","og_image":[{"width":645,"height":860,"url":"https:\/\/ikisbaby.com\/wp-content\/uploads\/2019\/07\/Photo_1564156484991.jpg-e1718553267462.png","type":"image\/png"}],"schema":{"@context":"https:\/\/schema.org","@graph":[{"@type":"WebPage","@id":"https:\/\/ikisbaby.com\/index.php\/produto\/body-rosa-com-gola\/","url":"https:\/\/ikisbaby.com\/index.php\/produto\/body-rosa-com-gola\/","name":"Body rosa com gola cardado - Ikisbaby - Loja Beb\u00e9 Online","isPartOf":{"@id":"https:\/\/ikisbaby.com\/#website"},"primaryImageOfPage":{"@id":"https:\/\/ikisbaby.com\/index.php\/produto\/body-rosa-com-gola\/#primaryimage"},"image":{"@id":"https:\/\/ikisbaby.com\/index.php\/produto\/body-rosa-com-gola\/#primaryimage"},"thumbnailUrl":"https:\/\/ikisbaby.com\/wp-content\/uploads\/2019\/07\/Photo_1564156484991.jpg-e1718553267462.png","datePublished":"2019-07-27T17:38:46+00:00","dateModified":"2024-07-03T16:16:19+00:00","description":"Body rosa com gola. Body em algod\u00e3o cardado colorido com molas de press\u00e3o atr\u00e1s e entre as pernas. 100% Algod\u00e3o de elevada qualidade.","breadcrumb":{"@id":"https:\/\/ikisbaby.com\/index.php\/produto\/body-rosa-com-gola\/#breadcrumb"},"inLanguage":"pt-PT","potentialAction":[{"@type":"ReadAction","target":["https:\/\/ikisbaby.com\/index.php\/produto\/body-rosa-com-gola\/"]}]},{"@type":"ImageObject","inLanguage":"pt-PT","@id":"https:\/\/ikisbaby.com\/index.php\/produto\/body-rosa-com-gola\/#primaryimage","url":"https:\/\/ikisbaby.com\/wp-content\/uploads\/2019\/07\/Photo_1564156484991.jpg-e1718553267462.png","contentUrl":"https:\/\/ikisbaby.com\/wp-content\/uploads\/2019\/07\/Photo_1564156484991.jpg-e1718553267462.png","width":645,"height":860,"caption":"Body rosa com gola"},{"@type":"BreadcrumbList","@id":"https:\/\/ikisbaby.com\/index.php\/produto\/body-rosa-com-gola\/#breadcrumb","itemListElement":[{"@type":"ListItem","position":1,"name":"In\u00edcio","item":"https:\/\/ikisbaby.com\/"},{"@type":"ListItem","position":2,"name":"Loja","item":"https:\/\/ikisbaby.com\/index.php\/loja-roupa-para-bebe\/"},{"@type":"ListItem","position":3,"name":"Body Gola Colorido"}]},{"@type":"WebSite","@id":"https:\/\/ikisbaby.com\/#website","url":"https:\/\/ikisbaby.com\/","name":"Ikisbaby","description":"Loja Online para Beb\u00e9","publisher":{"@id":"https:\/\/ikisbaby.com\/#organization"},"potentialAction":[{"@type":"SearchAction","target":{"@type":"EntryPoint","urlTemplate":"https:\/\/ikisbaby.com\/?s={search_term_string}"},"query-input":{"@type":"PropertyValueSpecification","valueRequired":true,"valueName":"search_term_string"}}],"inLanguage":"pt-PT"},{"@type":"Organization","@id":"https:\/\/ikisbaby.com\/#organization","name":"Ikisbaby","url":"https:\/\/ikisbaby.com\/","logo":{"@type":"ImageObject","inLanguage":"pt-PT","@id":"https:\/\/ikisbaby.com\/#\/schema\/logo\/image\/","url":"https:\/\/ikisbaby.com\/wp-content\/uploads\/2019\/02\/favicon.png","contentUrl":"https:\/\/ikisbaby.com\/wp-content\/uploads\/2019\/02\/favicon.png","width":512,"height":512,"caption":"Ikisbaby"},"image":{"@id":"https:\/\/ikisbaby.com\/#\/schema\/logo\/image\/"},"sameAs":["https:\/\/facebook.com\/ikisbaby","https:\/\/www.instagram.com\/ikisbaby\/"]}]}},"_links":{"self":[{"href":"https:\/\/ikisbaby.com\/index.php\/wp-json\/wp\/v2\/product\/18978","targetHints":{"allow":["GET"]}}],"collection":[{"href":"https:\/\/ikisbaby.com\/index.php\/wp-json\/wp\/v2\/product"}],"about":[{"href":"https:\/\/ikisbaby.com\/index.php\/wp-json\/wp\/v2\/types\/product"}],"replies":[{"embeddable":true,"href":"https:\/\/ikisbaby.com\/index.php\/wp-json\/wp\/v2\/comments?post=18978"}],"version-history":[{"count":1,"href":"https:\/\/ikisbaby.com\/index.php\/wp-json\/wp\/v2\/product\/18978\/revisions"}],"predecessor-version":[{"id":28623,"href":"https:\/\/ikisbaby.com\/index.php\/wp-json\/wp\/v2\/product\/18978\/revisions\/28623"}],"wp:featuredmedia":[{"embeddable":true,"href":"https:\/\/ikisbaby.com\/index.php\/wp-json\/wp\/v2\/media\/18979"}],"wp:attachment":[{"href":"https:\/\/ikisbaby.com\/index.php\/wp-json\/wp\/v2\/media?parent=18978"}],"wp:term":[{"taxonomy":"product_brand","embeddable":true,"href":"https:\/\/ikisbaby.com\/index.php\/wp-json\/wp\/v2\/product_brand?post=18978"},{"taxonomy":"product_cat","embeddable":true,"href":"https:\/\/ikisbaby.com\/index.php\/wp-json\/wp\/v2\/product_cat?post=18978"},{"taxonomy":"product_tag","embeddable":true,"href":"https:\/\/ikisbaby.com\/index.php\/wp-json\/wp\/v2\/product_tag?post=18978"}],"curies":[{"name":"wp","href":"https:\/\/api.w.org\/{rel}","templated":true}]}}