{"id":18702,"date":"2019-07-20T14:55:55","date_gmt":"2019-07-20T13:55:55","guid":{"rendered":"https:\/\/ikisbaby.com\/?post_type=product&#038;p=18702"},"modified":"2023-11-13T16:51:08","modified_gmt":"2023-11-13T16:51:08","slug":"manta-bonecos-rosa","status":"publish","type":"product","link":"https:\/\/ikisbaby.com\/index.php\/produto\/manta-bonecos-rosa\/","title":{"rendered":"Manta Veludo Bonecos"},"content":{"rendered":"<div class=\"woocommerce-product-details__short-description\">\n<p>Manta bonecos rosa e p\u00e9rola.<\/p>\n<p>Manta de veludo bordada com bonecos com cachecol.<\/p>\n<p>Medida aproximada: 80x80cm.<\/p>\n<p>Composi\u00e7\u00e3o 80%algod\u00e3o 20%poli\u00e9ster.<\/p>\n<\/div>\n","protected":false},"excerpt":{"rendered":"<p>Manta bonecos rosa e p\u00e9rola.<\/p>\n<p>Manta de veludo bordada com bonecos com cachecol.<\/p>\n<p>Medida aproximada: 80x80cm.<\/p>\n<p>Composi\u00e7\u00e3o 80%algod\u00e3o 20%poli\u00e9ster.<\/p>\n","protected":false},"featured_media":18703,"comment_status":"closed","ping_status":"closed","template":"","meta":[],"product_brand":[],"product_cat":[267,264,70],"product_tag":[101,609],"class_list":{"0":"post-18702","1":"product","2":"type-product","3":"status-publish","6":"product_cat-outono-inverno-2022","7":"product_cat-saldos","8":"product_cat-mantas","9":"product_tag-manta","10":"product_tag-manta-de-veludo","12":"first","13":"outofstock","14":"taxable","15":"shipping-taxable","16":"purchasable","17":"product-type-simple"},"yoast_head":"<!-- This site is optimized with the Yoast SEO plugin v27.0 - https:\/\/yoast.com\/product\/yoast-seo-wordpress\/ -->\n<title>Manta bonecos rosa para Beb\u00e9 - Ikisbaby - Loja Beb\u00e9 Online<\/title>\n<meta name=\"description\" content=\"Manta bonecos rosa e p\u00e9rola.Manta de veludo bordada com bonecos com cachecol.Medida aproximada: 80x80cm.Composi\u00e7\u00e3o 80%algod\u00e3o 20%poli\u00e9ster.\" \/>\n<meta name=\"robots\" content=\"index, follow, max-snippet:-1, max-image-preview:large, max-video-preview:-1\" \/>\n<link rel=\"canonical\" href=\"https:\/\/ikisbaby.com\/index.php\/produto\/manta-bonecos-rosa\/\" \/>\n<meta property=\"og:locale\" content=\"pt_PT\" \/>\n<meta property=\"og:type\" content=\"article\" \/>\n<meta property=\"og:title\" content=\"Manta bonecos rosa para Beb\u00e9 - Ikisbaby - Loja Beb\u00e9 Online\" \/>\n<meta property=\"og:description\" content=\"Manta bonecos rosa e p\u00e9rola.Manta de veludo bordada com bonecos com cachecol.Medida aproximada: 80x80cm.Composi\u00e7\u00e3o 80%algod\u00e3o 20%poli\u00e9ster.\" \/>\n<meta property=\"og:url\" content=\"https:\/\/ikisbaby.com\/index.php\/produto\/manta-bonecos-rosa\/\" \/>\n<meta property=\"og:site_name\" content=\"Ikisbaby\" \/>\n<meta property=\"article:publisher\" content=\"https:\/\/facebook.com\/ikisbaby\" \/>\n<meta property=\"article:modified_time\" content=\"2023-11-13T16:51:08+00:00\" \/>\n<meta property=\"og:image\" content=\"https:\/\/ikisbaby.com\/wp-content\/uploads\/2019\/07\/manta_bonecos-3.jpg.png\" \/>\n\t<meta property=\"og:image:width\" content=\"750\" \/>\n\t<meta property=\"og:image:height\" content=\"1000\" \/>\n\t<meta property=\"og:image:type\" content=\"image\/png\" \/>\n<script type=\"application\/ld+json\" class=\"yoast-schema-graph\">{\"@context\":\"https:\/\/schema.org\",\"@graph\":[{\"@type\":\"WebPage\",\"@id\":\"https:\/\/ikisbaby.com\/index.php\/produto\/manta-bonecos-rosa\/\",\"url\":\"https:\/\/ikisbaby.com\/index.php\/produto\/manta-bonecos-rosa\/\",\"name\":\"Manta bonecos rosa para Beb\u00e9 - Ikisbaby - Loja Beb\u00e9 Online\",\"isPartOf\":{\"@id\":\"https:\/\/ikisbaby.com\/#website\"},\"primaryImageOfPage\":{\"@id\":\"https:\/\/ikisbaby.com\/index.php\/produto\/manta-bonecos-rosa\/#primaryimage\"},\"image\":{\"@id\":\"https:\/\/ikisbaby.com\/index.php\/produto\/manta-bonecos-rosa\/#primaryimage\"},\"thumbnailUrl\":\"https:\/\/ikisbaby.com\/wp-content\/uploads\/2019\/07\/manta_bonecos-3.jpg.png\",\"datePublished\":\"2019-07-20T13:55:55+00:00\",\"dateModified\":\"2023-11-13T16:51:08+00:00\",\"description\":\"Manta bonecos rosa e p\u00e9rola.Manta de veludo bordada com bonecos com cachecol.Medida aproximada: 80x80cm.Composi\u00e7\u00e3o 80%algod\u00e3o 20%poli\u00e9ster.\",\"breadcrumb\":{\"@id\":\"https:\/\/ikisbaby.com\/index.php\/produto\/manta-bonecos-rosa\/#breadcrumb\"},\"inLanguage\":\"pt-PT\",\"potentialAction\":[{\"@type\":\"ReadAction\",\"target\":[\"https:\/\/ikisbaby.com\/index.php\/produto\/manta-bonecos-rosa\/\"]}]},{\"@type\":\"ImageObject\",\"inLanguage\":\"pt-PT\",\"@id\":\"https:\/\/ikisbaby.com\/index.php\/produto\/manta-bonecos-rosa\/#primaryimage\",\"url\":\"https:\/\/ikisbaby.com\/wp-content\/uploads\/2019\/07\/manta_bonecos-3.jpg.png\",\"contentUrl\":\"https:\/\/ikisbaby.com\/wp-content\/uploads\/2019\/07\/manta_bonecos-3.jpg.png\",\"width\":750,\"height\":1000,\"caption\":\"Manta bonecos rosa\"},{\"@type\":\"BreadcrumbList\",\"@id\":\"https:\/\/ikisbaby.com\/index.php\/produto\/manta-bonecos-rosa\/#breadcrumb\",\"itemListElement\":[{\"@type\":\"ListItem\",\"position\":1,\"name\":\"In\u00edcio\",\"item\":\"https:\/\/ikisbaby.com\/\"},{\"@type\":\"ListItem\",\"position\":2,\"name\":\"Loja\",\"item\":\"https:\/\/ikisbaby.com\/index.php\/loja-roupa-para-bebe\/\"},{\"@type\":\"ListItem\",\"position\":3,\"name\":\"Manta Veludo Bonecos\"}]},{\"@type\":\"WebSite\",\"@id\":\"https:\/\/ikisbaby.com\/#website\",\"url\":\"https:\/\/ikisbaby.com\/\",\"name\":\"Ikisbaby\",\"description\":\"Loja Online para Beb\u00e9\",\"publisher\":{\"@id\":\"https:\/\/ikisbaby.com\/#organization\"},\"potentialAction\":[{\"@type\":\"SearchAction\",\"target\":{\"@type\":\"EntryPoint\",\"urlTemplate\":\"https:\/\/ikisbaby.com\/?s={search_term_string}\"},\"query-input\":{\"@type\":\"PropertyValueSpecification\",\"valueRequired\":true,\"valueName\":\"search_term_string\"}}],\"inLanguage\":\"pt-PT\"},{\"@type\":\"Organization\",\"@id\":\"https:\/\/ikisbaby.com\/#organization\",\"name\":\"Ikisbaby\",\"url\":\"https:\/\/ikisbaby.com\/\",\"logo\":{\"@type\":\"ImageObject\",\"inLanguage\":\"pt-PT\",\"@id\":\"https:\/\/ikisbaby.com\/#\/schema\/logo\/image\/\",\"url\":\"https:\/\/ikisbaby.com\/wp-content\/uploads\/2019\/02\/favicon.png\",\"contentUrl\":\"https:\/\/ikisbaby.com\/wp-content\/uploads\/2019\/02\/favicon.png\",\"width\":512,\"height\":512,\"caption\":\"Ikisbaby\"},\"image\":{\"@id\":\"https:\/\/ikisbaby.com\/#\/schema\/logo\/image\/\"},\"sameAs\":[\"https:\/\/facebook.com\/ikisbaby\",\"https:\/\/www.instagram.com\/ikisbaby\/\"]}]}<\/script>\n<!-- \/ Yoast SEO plugin. -->","yoast_head_json":{"title":"Manta bonecos rosa para Beb\u00e9 - Ikisbaby - Loja Beb\u00e9 Online","description":"Manta bonecos rosa e p\u00e9rola.Manta de veludo bordada com bonecos com cachecol.Medida aproximada: 80x80cm.Composi\u00e7\u00e3o 80%algod\u00e3o 20%poli\u00e9ster.","robots":{"index":"index","follow":"follow","max-snippet":"max-snippet:-1","max-image-preview":"max-image-preview:large","max-video-preview":"max-video-preview:-1"},"canonical":"https:\/\/ikisbaby.com\/index.php\/produto\/manta-bonecos-rosa\/","og_locale":"pt_PT","og_type":"article","og_title":"Manta bonecos rosa para Beb\u00e9 - Ikisbaby - Loja Beb\u00e9 Online","og_description":"Manta bonecos rosa e p\u00e9rola.Manta de veludo bordada com bonecos com cachecol.Medida aproximada: 80x80cm.Composi\u00e7\u00e3o 80%algod\u00e3o 20%poli\u00e9ster.","og_url":"https:\/\/ikisbaby.com\/index.php\/produto\/manta-bonecos-rosa\/","og_site_name":"Ikisbaby","article_publisher":"https:\/\/facebook.com\/ikisbaby","article_modified_time":"2023-11-13T16:51:08+00:00","og_image":[{"width":750,"height":1000,"url":"https:\/\/ikisbaby.com\/wp-content\/uploads\/2019\/07\/manta_bonecos-3.jpg.png","type":"image\/png"}],"schema":{"@context":"https:\/\/schema.org","@graph":[{"@type":"WebPage","@id":"https:\/\/ikisbaby.com\/index.php\/produto\/manta-bonecos-rosa\/","url":"https:\/\/ikisbaby.com\/index.php\/produto\/manta-bonecos-rosa\/","name":"Manta bonecos rosa para Beb\u00e9 - Ikisbaby - Loja Beb\u00e9 Online","isPartOf":{"@id":"https:\/\/ikisbaby.com\/#website"},"primaryImageOfPage":{"@id":"https:\/\/ikisbaby.com\/index.php\/produto\/manta-bonecos-rosa\/#primaryimage"},"image":{"@id":"https:\/\/ikisbaby.com\/index.php\/produto\/manta-bonecos-rosa\/#primaryimage"},"thumbnailUrl":"https:\/\/ikisbaby.com\/wp-content\/uploads\/2019\/07\/manta_bonecos-3.jpg.png","datePublished":"2019-07-20T13:55:55+00:00","dateModified":"2023-11-13T16:51:08+00:00","description":"Manta bonecos rosa e p\u00e9rola.Manta de veludo bordada com bonecos com cachecol.Medida aproximada: 80x80cm.Composi\u00e7\u00e3o 80%algod\u00e3o 20%poli\u00e9ster.","breadcrumb":{"@id":"https:\/\/ikisbaby.com\/index.php\/produto\/manta-bonecos-rosa\/#breadcrumb"},"inLanguage":"pt-PT","potentialAction":[{"@type":"ReadAction","target":["https:\/\/ikisbaby.com\/index.php\/produto\/manta-bonecos-rosa\/"]}]},{"@type":"ImageObject","inLanguage":"pt-PT","@id":"https:\/\/ikisbaby.com\/index.php\/produto\/manta-bonecos-rosa\/#primaryimage","url":"https:\/\/ikisbaby.com\/wp-content\/uploads\/2019\/07\/manta_bonecos-3.jpg.png","contentUrl":"https:\/\/ikisbaby.com\/wp-content\/uploads\/2019\/07\/manta_bonecos-3.jpg.png","width":750,"height":1000,"caption":"Manta bonecos rosa"},{"@type":"BreadcrumbList","@id":"https:\/\/ikisbaby.com\/index.php\/produto\/manta-bonecos-rosa\/#breadcrumb","itemListElement":[{"@type":"ListItem","position":1,"name":"In\u00edcio","item":"https:\/\/ikisbaby.com\/"},{"@type":"ListItem","position":2,"name":"Loja","item":"https:\/\/ikisbaby.com\/index.php\/loja-roupa-para-bebe\/"},{"@type":"ListItem","position":3,"name":"Manta Veludo Bonecos"}]},{"@type":"WebSite","@id":"https:\/\/ikisbaby.com\/#website","url":"https:\/\/ikisbaby.com\/","name":"Ikisbaby","description":"Loja Online para Beb\u00e9","publisher":{"@id":"https:\/\/ikisbaby.com\/#organization"},"potentialAction":[{"@type":"SearchAction","target":{"@type":"EntryPoint","urlTemplate":"https:\/\/ikisbaby.com\/?s={search_term_string}"},"query-input":{"@type":"PropertyValueSpecification","valueRequired":true,"valueName":"search_term_string"}}],"inLanguage":"pt-PT"},{"@type":"Organization","@id":"https:\/\/ikisbaby.com\/#organization","name":"Ikisbaby","url":"https:\/\/ikisbaby.com\/","logo":{"@type":"ImageObject","inLanguage":"pt-PT","@id":"https:\/\/ikisbaby.com\/#\/schema\/logo\/image\/","url":"https:\/\/ikisbaby.com\/wp-content\/uploads\/2019\/02\/favicon.png","contentUrl":"https:\/\/ikisbaby.com\/wp-content\/uploads\/2019\/02\/favicon.png","width":512,"height":512,"caption":"Ikisbaby"},"image":{"@id":"https:\/\/ikisbaby.com\/#\/schema\/logo\/image\/"},"sameAs":["https:\/\/facebook.com\/ikisbaby","https:\/\/www.instagram.com\/ikisbaby\/"]}]}},"_links":{"self":[{"href":"https:\/\/ikisbaby.com\/index.php\/wp-json\/wp\/v2\/product\/18702","targetHints":{"allow":["GET"]}}],"collection":[{"href":"https:\/\/ikisbaby.com\/index.php\/wp-json\/wp\/v2\/product"}],"about":[{"href":"https:\/\/ikisbaby.com\/index.php\/wp-json\/wp\/v2\/types\/product"}],"replies":[{"embeddable":true,"href":"https:\/\/ikisbaby.com\/index.php\/wp-json\/wp\/v2\/comments?post=18702"}],"version-history":[{"count":0,"href":"https:\/\/ikisbaby.com\/index.php\/wp-json\/wp\/v2\/product\/18702\/revisions"}],"wp:featuredmedia":[{"embeddable":true,"href":"https:\/\/ikisbaby.com\/index.php\/wp-json\/wp\/v2\/media\/18703"}],"wp:attachment":[{"href":"https:\/\/ikisbaby.com\/index.php\/wp-json\/wp\/v2\/media?parent=18702"}],"wp:term":[{"taxonomy":"product_brand","embeddable":true,"href":"https:\/\/ikisbaby.com\/index.php\/wp-json\/wp\/v2\/product_brand?post=18702"},{"taxonomy":"product_cat","embeddable":true,"href":"https:\/\/ikisbaby.com\/index.php\/wp-json\/wp\/v2\/product_cat?post=18702"},{"taxonomy":"product_tag","embeddable":true,"href":"https:\/\/ikisbaby.com\/index.php\/wp-json\/wp\/v2\/product_tag?post=18702"}],"curies":[{"name":"wp","href":"https:\/\/api.w.org\/{rel}","templated":true}]}}