{"id":18018,"date":"2019-06-29T10:31:52","date_gmt":"2019-06-29T09:31:52","guid":{"rendered":"https:\/\/ikisbaby.com\/?post_type=product&#038;p=18018"},"modified":"2024-07-17T17:48:13","modified_gmt":"2024-07-17T16:48:13","slug":"ninho-azul","status":"publish","type":"product","link":"https:\/\/ikisbaby.com\/index.php\/produto\/ninho-azul\/","title":{"rendered":"Ninho para Bebe Zig-Zag"},"content":{"rendered":"<p>Ninho para Beb\u00e9 azul com Tecido Estampado e renda aplicada.<\/p>\n<p>Permite manter o seu beb\u00e9 seguro e confort\u00e1vel em qualquer lugar.<\/p>\n<p>Adequado para beb\u00e9s de 0 a 6 meses.<\/p>\n<p>Reduz o risco de morte s\u00fabita, a perda de calor e a sensa\u00e7\u00e3o de n\u00e3o estar protegido.<\/p>\n<p>Capa remov\u00edvel para uma f\u00e1cil lavagem.<\/p>\n<p>Abertura ajust\u00e1vel.<\/p>\n<p>Composi\u00e7\u00e3o: Exterior: 50% Algod\u00e3o 50% Poli\u00e9ster \/ Interior: Microfibra 100% Poli\u00e9ster \/ Enchimento: 100% Poli\u00e9ster<\/p>\n<p>&nbsp;<\/p>\n<p><strong>NOTA:<\/strong>\u00a0Ao adicionar este produto ao seu carrinho de compras, a op\u00e7\u00e3o\u00a0<strong>\u201cPagamento \u00e0 cobran\u00e7a\u201d<\/strong>\u00a0n\u00e3o estar\u00e1 dispon\u00edvel.<\/p>\n","protected":false},"excerpt":{"rendered":"<p>Ninho Azul para Beb\u00e9 com Tecido Estampado e renda aplicada.<\/p>\n<p>Permite manter o seu beb\u00e9 seguro e confort\u00e1vel em qualquer lugar.<\/p>\n<p>Adequado para beb\u00e9s de 0 a 6 meses.<\/p>\n<p>Reduz o risco de morte s\u00fabita, a perda de calor e a sensa\u00e7\u00e3o de n\u00e3o estar protegido.<\/p>\n<p>Capa remov\u00edvel para uma f\u00e1cil lavagem.<\/p>\n<p>Abertura ajust\u00e1vel.<\/p>\n<p>Composi\u00e7\u00e3o: Exterior: 50% Algod\u00e3o 50% Poli\u00e9ster \/ Interior: Microfibra 100% Poli\u00e9ster \/ Enchimento: 100% Poli\u00e9ster<\/p>\n<p>&nbsp;<\/p>\n<p><strong>NOTA:<\/strong>\u00a0Ao adicionar este produto ao seu carrinho de compras, a op\u00e7\u00e3o\u00a0<strong>\u201cPagamento \u00e0 cobran\u00e7a\u201d<\/strong>\u00a0n\u00e3o estar\u00e1 dispon\u00edvel.<\/p>\n","protected":false},"featured_media":18019,"comment_status":"closed","ping_status":"closed","template":"","meta":[],"product_brand":[],"product_cat":[291],"product_tag":[292,572,293],"class_list":{"0":"post-18018","1":"product","2":"type-product","3":"status-publish","6":"product_cat-ninho-para-bebe","7":"product_tag-ninho-de-bebe","8":"product_tag-ninho-redutor-de-berco","9":"product_tag-redutor-de-berco","11":"first","12":"instock","13":"taxable","14":"shipping-taxable","15":"purchasable","16":"product-type-simple"},"yoast_head":"<!-- This site is optimized with the Yoast SEO plugin v27.0 - https:\/\/yoast.com\/product\/yoast-seo-wordpress\/ -->\n<title>Ninho Azul para Beb\u00e9 ou Redutor de Ber\u00e7o - Ikisbaby - Loja Online<\/title>\n<meta name=\"description\" content=\"Ninho Azul para Beb\u00e9 com Tecido Estampado e renda aplicada.Permite manter o seu beb\u00e9 seguro e confort\u00e1vel.Adequado para beb\u00e9s de 0 a 6 meses.\" \/>\n<meta name=\"robots\" content=\"index, follow, max-snippet:-1, max-image-preview:large, max-video-preview:-1\" \/>\n<link rel=\"canonical\" href=\"https:\/\/ikisbaby.com\/index.php\/produto\/ninho-azul\/\" \/>\n<meta property=\"og:locale\" content=\"pt_PT\" \/>\n<meta property=\"og:type\" content=\"article\" \/>\n<meta property=\"og:title\" content=\"Ninho Azul para Beb\u00e9 ou Redutor de Ber\u00e7o - Ikisbaby - Loja Online\" \/>\n<meta property=\"og:description\" content=\"Ninho Azul para Beb\u00e9 com Tecido Estampado e renda aplicada.Permite manter o seu beb\u00e9 seguro e confort\u00e1vel.Adequado para beb\u00e9s de 0 a 6 meses.\" \/>\n<meta property=\"og:url\" content=\"https:\/\/ikisbaby.com\/index.php\/produto\/ninho-azul\/\" \/>\n<meta property=\"og:site_name\" content=\"Ikisbaby\" \/>\n<meta property=\"article:publisher\" content=\"https:\/\/facebook.com\/ikisbaby\" \/>\n<meta property=\"article:modified_time\" content=\"2024-07-17T16:48:13+00:00\" \/>\n<meta property=\"og:image\" content=\"https:\/\/ikisbaby.com\/wp-content\/uploads\/2019\/06\/ninho_zigzag-3.png\" \/>\n\t<meta property=\"og:image:width\" content=\"750\" \/>\n\t<meta property=\"og:image:height\" content=\"1000\" \/>\n\t<meta property=\"og:image:type\" content=\"image\/png\" \/>\n<script type=\"application\/ld+json\" class=\"yoast-schema-graph\">{\"@context\":\"https:\/\/schema.org\",\"@graph\":[{\"@type\":\"WebPage\",\"@id\":\"https:\/\/ikisbaby.com\/index.php\/produto\/ninho-azul\/\",\"url\":\"https:\/\/ikisbaby.com\/index.php\/produto\/ninho-azul\/\",\"name\":\"Ninho Azul para Beb\u00e9 ou Redutor de Ber\u00e7o - Ikisbaby - Loja Online\",\"isPartOf\":{\"@id\":\"https:\/\/ikisbaby.com\/#website\"},\"primaryImageOfPage\":{\"@id\":\"https:\/\/ikisbaby.com\/index.php\/produto\/ninho-azul\/#primaryimage\"},\"image\":{\"@id\":\"https:\/\/ikisbaby.com\/index.php\/produto\/ninho-azul\/#primaryimage\"},\"thumbnailUrl\":\"https:\/\/ikisbaby.com\/wp-content\/uploads\/2019\/06\/ninho_zigzag-3.png\",\"datePublished\":\"2019-06-29T09:31:52+00:00\",\"dateModified\":\"2024-07-17T16:48:13+00:00\",\"description\":\"Ninho Azul para Beb\u00e9 com Tecido Estampado e renda aplicada.Permite manter o seu beb\u00e9 seguro e confort\u00e1vel.Adequado para beb\u00e9s de 0 a 6 meses.\",\"breadcrumb\":{\"@id\":\"https:\/\/ikisbaby.com\/index.php\/produto\/ninho-azul\/#breadcrumb\"},\"inLanguage\":\"pt-PT\",\"potentialAction\":[{\"@type\":\"ReadAction\",\"target\":[\"https:\/\/ikisbaby.com\/index.php\/produto\/ninho-azul\/\"]}]},{\"@type\":\"ImageObject\",\"inLanguage\":\"pt-PT\",\"@id\":\"https:\/\/ikisbaby.com\/index.php\/produto\/ninho-azul\/#primaryimage\",\"url\":\"https:\/\/ikisbaby.com\/wp-content\/uploads\/2019\/06\/ninho_zigzag-3.png\",\"contentUrl\":\"https:\/\/ikisbaby.com\/wp-content\/uploads\/2019\/06\/ninho_zigzag-3.png\",\"width\":750,\"height\":1000,\"caption\":\"Ninho Azul\"},{\"@type\":\"BreadcrumbList\",\"@id\":\"https:\/\/ikisbaby.com\/index.php\/produto\/ninho-azul\/#breadcrumb\",\"itemListElement\":[{\"@type\":\"ListItem\",\"position\":1,\"name\":\"In\u00edcio\",\"item\":\"https:\/\/ikisbaby.com\/\"},{\"@type\":\"ListItem\",\"position\":2,\"name\":\"Loja\",\"item\":\"https:\/\/ikisbaby.com\/index.php\/loja-roupa-para-bebe\/\"},{\"@type\":\"ListItem\",\"position\":3,\"name\":\"Ninho para Bebe Zig-Zag\"}]},{\"@type\":\"WebSite\",\"@id\":\"https:\/\/ikisbaby.com\/#website\",\"url\":\"https:\/\/ikisbaby.com\/\",\"name\":\"Ikisbaby\",\"description\":\"Loja Online para Beb\u00e9\",\"publisher\":{\"@id\":\"https:\/\/ikisbaby.com\/#organization\"},\"potentialAction\":[{\"@type\":\"SearchAction\",\"target\":{\"@type\":\"EntryPoint\",\"urlTemplate\":\"https:\/\/ikisbaby.com\/?s={search_term_string}\"},\"query-input\":{\"@type\":\"PropertyValueSpecification\",\"valueRequired\":true,\"valueName\":\"search_term_string\"}}],\"inLanguage\":\"pt-PT\"},{\"@type\":\"Organization\",\"@id\":\"https:\/\/ikisbaby.com\/#organization\",\"name\":\"Ikisbaby\",\"url\":\"https:\/\/ikisbaby.com\/\",\"logo\":{\"@type\":\"ImageObject\",\"inLanguage\":\"pt-PT\",\"@id\":\"https:\/\/ikisbaby.com\/#\/schema\/logo\/image\/\",\"url\":\"https:\/\/ikisbaby.com\/wp-content\/uploads\/2019\/02\/favicon.png\",\"contentUrl\":\"https:\/\/ikisbaby.com\/wp-content\/uploads\/2019\/02\/favicon.png\",\"width\":512,\"height\":512,\"caption\":\"Ikisbaby\"},\"image\":{\"@id\":\"https:\/\/ikisbaby.com\/#\/schema\/logo\/image\/\"},\"sameAs\":[\"https:\/\/facebook.com\/ikisbaby\",\"https:\/\/www.instagram.com\/ikisbaby\/\"]}]}<\/script>\n<!-- \/ Yoast SEO plugin. -->","yoast_head_json":{"title":"Ninho Azul para Beb\u00e9 ou Redutor de Ber\u00e7o - Ikisbaby - Loja Online","description":"Ninho Azul para Beb\u00e9 com Tecido Estampado e renda aplicada.Permite manter o seu beb\u00e9 seguro e confort\u00e1vel.Adequado para beb\u00e9s de 0 a 6 meses.","robots":{"index":"index","follow":"follow","max-snippet":"max-snippet:-1","max-image-preview":"max-image-preview:large","max-video-preview":"max-video-preview:-1"},"canonical":"https:\/\/ikisbaby.com\/index.php\/produto\/ninho-azul\/","og_locale":"pt_PT","og_type":"article","og_title":"Ninho Azul para Beb\u00e9 ou Redutor de Ber\u00e7o - Ikisbaby - Loja Online","og_description":"Ninho Azul para Beb\u00e9 com Tecido Estampado e renda aplicada.Permite manter o seu beb\u00e9 seguro e confort\u00e1vel.Adequado para beb\u00e9s de 0 a 6 meses.","og_url":"https:\/\/ikisbaby.com\/index.php\/produto\/ninho-azul\/","og_site_name":"Ikisbaby","article_publisher":"https:\/\/facebook.com\/ikisbaby","article_modified_time":"2024-07-17T16:48:13+00:00","og_image":[{"width":750,"height":1000,"url":"https:\/\/ikisbaby.com\/wp-content\/uploads\/2019\/06\/ninho_zigzag-3.png","type":"image\/png"}],"schema":{"@context":"https:\/\/schema.org","@graph":[{"@type":"WebPage","@id":"https:\/\/ikisbaby.com\/index.php\/produto\/ninho-azul\/","url":"https:\/\/ikisbaby.com\/index.php\/produto\/ninho-azul\/","name":"Ninho Azul para Beb\u00e9 ou Redutor de Ber\u00e7o - Ikisbaby - Loja Online","isPartOf":{"@id":"https:\/\/ikisbaby.com\/#website"},"primaryImageOfPage":{"@id":"https:\/\/ikisbaby.com\/index.php\/produto\/ninho-azul\/#primaryimage"},"image":{"@id":"https:\/\/ikisbaby.com\/index.php\/produto\/ninho-azul\/#primaryimage"},"thumbnailUrl":"https:\/\/ikisbaby.com\/wp-content\/uploads\/2019\/06\/ninho_zigzag-3.png","datePublished":"2019-06-29T09:31:52+00:00","dateModified":"2024-07-17T16:48:13+00:00","description":"Ninho Azul para Beb\u00e9 com Tecido Estampado e renda aplicada.Permite manter o seu beb\u00e9 seguro e confort\u00e1vel.Adequado para beb\u00e9s de 0 a 6 meses.","breadcrumb":{"@id":"https:\/\/ikisbaby.com\/index.php\/produto\/ninho-azul\/#breadcrumb"},"inLanguage":"pt-PT","potentialAction":[{"@type":"ReadAction","target":["https:\/\/ikisbaby.com\/index.php\/produto\/ninho-azul\/"]}]},{"@type":"ImageObject","inLanguage":"pt-PT","@id":"https:\/\/ikisbaby.com\/index.php\/produto\/ninho-azul\/#primaryimage","url":"https:\/\/ikisbaby.com\/wp-content\/uploads\/2019\/06\/ninho_zigzag-3.png","contentUrl":"https:\/\/ikisbaby.com\/wp-content\/uploads\/2019\/06\/ninho_zigzag-3.png","width":750,"height":1000,"caption":"Ninho Azul"},{"@type":"BreadcrumbList","@id":"https:\/\/ikisbaby.com\/index.php\/produto\/ninho-azul\/#breadcrumb","itemListElement":[{"@type":"ListItem","position":1,"name":"In\u00edcio","item":"https:\/\/ikisbaby.com\/"},{"@type":"ListItem","position":2,"name":"Loja","item":"https:\/\/ikisbaby.com\/index.php\/loja-roupa-para-bebe\/"},{"@type":"ListItem","position":3,"name":"Ninho para Bebe Zig-Zag"}]},{"@type":"WebSite","@id":"https:\/\/ikisbaby.com\/#website","url":"https:\/\/ikisbaby.com\/","name":"Ikisbaby","description":"Loja Online para Beb\u00e9","publisher":{"@id":"https:\/\/ikisbaby.com\/#organization"},"potentialAction":[{"@type":"SearchAction","target":{"@type":"EntryPoint","urlTemplate":"https:\/\/ikisbaby.com\/?s={search_term_string}"},"query-input":{"@type":"PropertyValueSpecification","valueRequired":true,"valueName":"search_term_string"}}],"inLanguage":"pt-PT"},{"@type":"Organization","@id":"https:\/\/ikisbaby.com\/#organization","name":"Ikisbaby","url":"https:\/\/ikisbaby.com\/","logo":{"@type":"ImageObject","inLanguage":"pt-PT","@id":"https:\/\/ikisbaby.com\/#\/schema\/logo\/image\/","url":"https:\/\/ikisbaby.com\/wp-content\/uploads\/2019\/02\/favicon.png","contentUrl":"https:\/\/ikisbaby.com\/wp-content\/uploads\/2019\/02\/favicon.png","width":512,"height":512,"caption":"Ikisbaby"},"image":{"@id":"https:\/\/ikisbaby.com\/#\/schema\/logo\/image\/"},"sameAs":["https:\/\/facebook.com\/ikisbaby","https:\/\/www.instagram.com\/ikisbaby\/"]}]}},"_links":{"self":[{"href":"https:\/\/ikisbaby.com\/index.php\/wp-json\/wp\/v2\/product\/18018","targetHints":{"allow":["GET"]}}],"collection":[{"href":"https:\/\/ikisbaby.com\/index.php\/wp-json\/wp\/v2\/product"}],"about":[{"href":"https:\/\/ikisbaby.com\/index.php\/wp-json\/wp\/v2\/types\/product"}],"replies":[{"embeddable":true,"href":"https:\/\/ikisbaby.com\/index.php\/wp-json\/wp\/v2\/comments?post=18018"}],"version-history":[{"count":1,"href":"https:\/\/ikisbaby.com\/index.php\/wp-json\/wp\/v2\/product\/18018\/revisions"}],"predecessor-version":[{"id":28562,"href":"https:\/\/ikisbaby.com\/index.php\/wp-json\/wp\/v2\/product\/18018\/revisions\/28562"}],"wp:featuredmedia":[{"embeddable":true,"href":"https:\/\/ikisbaby.com\/index.php\/wp-json\/wp\/v2\/media\/18019"}],"wp:attachment":[{"href":"https:\/\/ikisbaby.com\/index.php\/wp-json\/wp\/v2\/media?parent=18018"}],"wp:term":[{"taxonomy":"product_brand","embeddable":true,"href":"https:\/\/ikisbaby.com\/index.php\/wp-json\/wp\/v2\/product_brand?post=18018"},{"taxonomy":"product_cat","embeddable":true,"href":"https:\/\/ikisbaby.com\/index.php\/wp-json\/wp\/v2\/product_cat?post=18018"},{"taxonomy":"product_tag","embeddable":true,"href":"https:\/\/ikisbaby.com\/index.php\/wp-json\/wp\/v2\/product_tag?post=18018"}],"curies":[{"name":"wp","href":"https:\/\/api.w.org\/{rel}","templated":true}]}}