{"id":17637,"date":"2019-06-19T18:56:41","date_gmt":"2019-06-19T17:56:41","guid":{"rendered":"https:\/\/ikisbaby.com\/?post_type=product&#038;p=17637"},"modified":"2021-07-17T12:42:44","modified_gmt":"2021-07-17T11:42:44","slug":"manta-malha-verde","status":"publish","type":"product","link":"https:\/\/ikisbaby.com\/index.php\/produto\/manta-malha-verde\/","title":{"rendered":"Manta\/Xaile em Malha Verde"},"content":{"rendered":"<p>Manta malha verde para beb\u00e9.<\/p>\n<p>Com aplica\u00e7\u00e3o de la\u00e7o em cetim<\/p>\n<p>Ideal para deixar o seu beb\u00e9 confort\u00e1vel e com um look clean.<\/p>\n<p>100% Acr\u00edlico<\/p>\n","protected":false},"excerpt":{"rendered":"<p>Manta malha verde para beb\u00e9.<\/p>\n<p>Com aplica\u00e7\u00e3o de la\u00e7o em cetim<\/p>\n<p>Ideal para deixar o seu beb\u00e9 confort\u00e1vel e com um look clean.<\/p>\n<p>100% Acr\u00edlico<\/p>\n","protected":false},"featured_media":25047,"comment_status":"closed","ping_status":"closed","template":"","meta":[],"product_brand":[],"product_cat":[70],"product_tag":[168,101],"class_list":{"0":"post-17637","1":"product","2":"type-product","3":"status-publish","6":"product_cat-mantas","7":"product_tag-malha","8":"product_tag-manta","10":"first","11":"instock","12":"taxable","13":"shipping-taxable","14":"purchasable","15":"product-type-simple"},"yoast_head":"<!-- This site is optimized with the Yoast SEO plugin v27.0 - https:\/\/yoast.com\/product\/yoast-seo-wordpress\/ -->\n<title>Manta em Malha Verde para Beb\u00e9 - Ikisbaby - Loja Online<\/title>\n<meta name=\"description\" content=\"Manta malha verde para beb\u00e9. Com aplica\u00e7\u00e3o de la\u00e7o em cetim. Ideal para deixar o seu beb\u00e9 confort\u00e1vel e com um look simples. 100% Acr\u00edlico\" \/>\n<meta name=\"robots\" content=\"index, follow, max-snippet:-1, max-image-preview:large, max-video-preview:-1\" \/>\n<link rel=\"canonical\" href=\"https:\/\/ikisbaby.com\/index.php\/produto\/manta-malha-verde\/\" \/>\n<meta property=\"og:locale\" content=\"pt_PT\" \/>\n<meta property=\"og:type\" content=\"article\" \/>\n<meta property=\"og:title\" content=\"Manta em Malha Verde para Beb\u00e9 - Ikisbaby - Loja Online\" \/>\n<meta property=\"og:description\" content=\"Manta malha verde para beb\u00e9. Com aplica\u00e7\u00e3o de la\u00e7o em cetim. Ideal para deixar o seu beb\u00e9 confort\u00e1vel e com um look simples. 100% Acr\u00edlico\" \/>\n<meta property=\"og:url\" content=\"https:\/\/ikisbaby.com\/index.php\/produto\/manta-malha-verde\/\" \/>\n<meta property=\"og:site_name\" content=\"Ikisbaby\" \/>\n<meta property=\"article:publisher\" content=\"https:\/\/facebook.com\/ikisbaby\" \/>\n<meta property=\"article:modified_time\" content=\"2021-07-17T11:42:44+00:00\" \/>\n<meta property=\"og:image\" content=\"https:\/\/ikisbaby.com\/wp-content\/uploads\/2019\/06\/Manta-v-scaled-e1603677294685.jpg\" \/>\n\t<meta property=\"og:image:width\" content=\"1080\" \/>\n\t<meta property=\"og:image:height\" content=\"1080\" \/>\n\t<meta property=\"og:image:type\" content=\"image\/jpeg\" \/>\n<script type=\"application\/ld+json\" class=\"yoast-schema-graph\">{\"@context\":\"https:\/\/schema.org\",\"@graph\":[{\"@type\":\"WebPage\",\"@id\":\"https:\/\/ikisbaby.com\/index.php\/produto\/manta-malha-verde\/\",\"url\":\"https:\/\/ikisbaby.com\/index.php\/produto\/manta-malha-verde\/\",\"name\":\"Manta em Malha Verde para Beb\u00e9 - Ikisbaby - Loja Online\",\"isPartOf\":{\"@id\":\"https:\/\/ikisbaby.com\/#website\"},\"primaryImageOfPage\":{\"@id\":\"https:\/\/ikisbaby.com\/index.php\/produto\/manta-malha-verde\/#primaryimage\"},\"image\":{\"@id\":\"https:\/\/ikisbaby.com\/index.php\/produto\/manta-malha-verde\/#primaryimage\"},\"thumbnailUrl\":\"https:\/\/ikisbaby.com\/wp-content\/uploads\/2019\/06\/Manta-v-scaled-e1603677294685.jpg\",\"datePublished\":\"2019-06-19T17:56:41+00:00\",\"dateModified\":\"2021-07-17T11:42:44+00:00\",\"description\":\"Manta malha verde para beb\u00e9. Com aplica\u00e7\u00e3o de la\u00e7o em cetim. Ideal para deixar o seu beb\u00e9 confort\u00e1vel e com um look simples. 100% Acr\u00edlico\",\"breadcrumb\":{\"@id\":\"https:\/\/ikisbaby.com\/index.php\/produto\/manta-malha-verde\/#breadcrumb\"},\"inLanguage\":\"pt-PT\",\"potentialAction\":[{\"@type\":\"ReadAction\",\"target\":[\"https:\/\/ikisbaby.com\/index.php\/produto\/manta-malha-verde\/\"]}]},{\"@type\":\"ImageObject\",\"inLanguage\":\"pt-PT\",\"@id\":\"https:\/\/ikisbaby.com\/index.php\/produto\/manta-malha-verde\/#primaryimage\",\"url\":\"https:\/\/ikisbaby.com\/wp-content\/uploads\/2019\/06\/Manta-v-scaled-e1603677294685.jpg\",\"contentUrl\":\"https:\/\/ikisbaby.com\/wp-content\/uploads\/2019\/06\/Manta-v-scaled-e1603677294685.jpg\",\"width\":1080,\"height\":1080,\"caption\":\"manta em malha verde\"},{\"@type\":\"BreadcrumbList\",\"@id\":\"https:\/\/ikisbaby.com\/index.php\/produto\/manta-malha-verde\/#breadcrumb\",\"itemListElement\":[{\"@type\":\"ListItem\",\"position\":1,\"name\":\"In\u00edcio\",\"item\":\"https:\/\/ikisbaby.com\/\"},{\"@type\":\"ListItem\",\"position\":2,\"name\":\"Loja\",\"item\":\"https:\/\/ikisbaby.com\/index.php\/loja-roupa-para-bebe\/\"},{\"@type\":\"ListItem\",\"position\":3,\"name\":\"Manta\/Xaile em Malha Verde\"}]},{\"@type\":\"WebSite\",\"@id\":\"https:\/\/ikisbaby.com\/#website\",\"url\":\"https:\/\/ikisbaby.com\/\",\"name\":\"Ikisbaby\",\"description\":\"Loja Online para Beb\u00e9\",\"publisher\":{\"@id\":\"https:\/\/ikisbaby.com\/#organization\"},\"potentialAction\":[{\"@type\":\"SearchAction\",\"target\":{\"@type\":\"EntryPoint\",\"urlTemplate\":\"https:\/\/ikisbaby.com\/?s={search_term_string}\"},\"query-input\":{\"@type\":\"PropertyValueSpecification\",\"valueRequired\":true,\"valueName\":\"search_term_string\"}}],\"inLanguage\":\"pt-PT\"},{\"@type\":\"Organization\",\"@id\":\"https:\/\/ikisbaby.com\/#organization\",\"name\":\"Ikisbaby\",\"url\":\"https:\/\/ikisbaby.com\/\",\"logo\":{\"@type\":\"ImageObject\",\"inLanguage\":\"pt-PT\",\"@id\":\"https:\/\/ikisbaby.com\/#\/schema\/logo\/image\/\",\"url\":\"https:\/\/ikisbaby.com\/wp-content\/uploads\/2019\/02\/favicon.png\",\"contentUrl\":\"https:\/\/ikisbaby.com\/wp-content\/uploads\/2019\/02\/favicon.png\",\"width\":512,\"height\":512,\"caption\":\"Ikisbaby\"},\"image\":{\"@id\":\"https:\/\/ikisbaby.com\/#\/schema\/logo\/image\/\"},\"sameAs\":[\"https:\/\/facebook.com\/ikisbaby\",\"https:\/\/www.instagram.com\/ikisbaby\/\"]}]}<\/script>\n<!-- \/ Yoast SEO plugin. -->","yoast_head_json":{"title":"Manta em Malha Verde para Beb\u00e9 - Ikisbaby - Loja Online","description":"Manta malha verde para beb\u00e9. Com aplica\u00e7\u00e3o de la\u00e7o em cetim. Ideal para deixar o seu beb\u00e9 confort\u00e1vel e com um look simples. 100% Acr\u00edlico","robots":{"index":"index","follow":"follow","max-snippet":"max-snippet:-1","max-image-preview":"max-image-preview:large","max-video-preview":"max-video-preview:-1"},"canonical":"https:\/\/ikisbaby.com\/index.php\/produto\/manta-malha-verde\/","og_locale":"pt_PT","og_type":"article","og_title":"Manta em Malha Verde para Beb\u00e9 - Ikisbaby - Loja Online","og_description":"Manta malha verde para beb\u00e9. Com aplica\u00e7\u00e3o de la\u00e7o em cetim. Ideal para deixar o seu beb\u00e9 confort\u00e1vel e com um look simples. 100% Acr\u00edlico","og_url":"https:\/\/ikisbaby.com\/index.php\/produto\/manta-malha-verde\/","og_site_name":"Ikisbaby","article_publisher":"https:\/\/facebook.com\/ikisbaby","article_modified_time":"2021-07-17T11:42:44+00:00","og_image":[{"width":1080,"height":1080,"url":"https:\/\/ikisbaby.com\/wp-content\/uploads\/2019\/06\/Manta-v-scaled-e1603677294685.jpg","type":"image\/jpeg"}],"schema":{"@context":"https:\/\/schema.org","@graph":[{"@type":"WebPage","@id":"https:\/\/ikisbaby.com\/index.php\/produto\/manta-malha-verde\/","url":"https:\/\/ikisbaby.com\/index.php\/produto\/manta-malha-verde\/","name":"Manta em Malha Verde para Beb\u00e9 - Ikisbaby - Loja Online","isPartOf":{"@id":"https:\/\/ikisbaby.com\/#website"},"primaryImageOfPage":{"@id":"https:\/\/ikisbaby.com\/index.php\/produto\/manta-malha-verde\/#primaryimage"},"image":{"@id":"https:\/\/ikisbaby.com\/index.php\/produto\/manta-malha-verde\/#primaryimage"},"thumbnailUrl":"https:\/\/ikisbaby.com\/wp-content\/uploads\/2019\/06\/Manta-v-scaled-e1603677294685.jpg","datePublished":"2019-06-19T17:56:41+00:00","dateModified":"2021-07-17T11:42:44+00:00","description":"Manta malha verde para beb\u00e9. Com aplica\u00e7\u00e3o de la\u00e7o em cetim. Ideal para deixar o seu beb\u00e9 confort\u00e1vel e com um look simples. 100% Acr\u00edlico","breadcrumb":{"@id":"https:\/\/ikisbaby.com\/index.php\/produto\/manta-malha-verde\/#breadcrumb"},"inLanguage":"pt-PT","potentialAction":[{"@type":"ReadAction","target":["https:\/\/ikisbaby.com\/index.php\/produto\/manta-malha-verde\/"]}]},{"@type":"ImageObject","inLanguage":"pt-PT","@id":"https:\/\/ikisbaby.com\/index.php\/produto\/manta-malha-verde\/#primaryimage","url":"https:\/\/ikisbaby.com\/wp-content\/uploads\/2019\/06\/Manta-v-scaled-e1603677294685.jpg","contentUrl":"https:\/\/ikisbaby.com\/wp-content\/uploads\/2019\/06\/Manta-v-scaled-e1603677294685.jpg","width":1080,"height":1080,"caption":"manta em malha verde"},{"@type":"BreadcrumbList","@id":"https:\/\/ikisbaby.com\/index.php\/produto\/manta-malha-verde\/#breadcrumb","itemListElement":[{"@type":"ListItem","position":1,"name":"In\u00edcio","item":"https:\/\/ikisbaby.com\/"},{"@type":"ListItem","position":2,"name":"Loja","item":"https:\/\/ikisbaby.com\/index.php\/loja-roupa-para-bebe\/"},{"@type":"ListItem","position":3,"name":"Manta\/Xaile em Malha Verde"}]},{"@type":"WebSite","@id":"https:\/\/ikisbaby.com\/#website","url":"https:\/\/ikisbaby.com\/","name":"Ikisbaby","description":"Loja Online para Beb\u00e9","publisher":{"@id":"https:\/\/ikisbaby.com\/#organization"},"potentialAction":[{"@type":"SearchAction","target":{"@type":"EntryPoint","urlTemplate":"https:\/\/ikisbaby.com\/?s={search_term_string}"},"query-input":{"@type":"PropertyValueSpecification","valueRequired":true,"valueName":"search_term_string"}}],"inLanguage":"pt-PT"},{"@type":"Organization","@id":"https:\/\/ikisbaby.com\/#organization","name":"Ikisbaby","url":"https:\/\/ikisbaby.com\/","logo":{"@type":"ImageObject","inLanguage":"pt-PT","@id":"https:\/\/ikisbaby.com\/#\/schema\/logo\/image\/","url":"https:\/\/ikisbaby.com\/wp-content\/uploads\/2019\/02\/favicon.png","contentUrl":"https:\/\/ikisbaby.com\/wp-content\/uploads\/2019\/02\/favicon.png","width":512,"height":512,"caption":"Ikisbaby"},"image":{"@id":"https:\/\/ikisbaby.com\/#\/schema\/logo\/image\/"},"sameAs":["https:\/\/facebook.com\/ikisbaby","https:\/\/www.instagram.com\/ikisbaby\/"]}]}},"_links":{"self":[{"href":"https:\/\/ikisbaby.com\/index.php\/wp-json\/wp\/v2\/product\/17637","targetHints":{"allow":["GET"]}}],"collection":[{"href":"https:\/\/ikisbaby.com\/index.php\/wp-json\/wp\/v2\/product"}],"about":[{"href":"https:\/\/ikisbaby.com\/index.php\/wp-json\/wp\/v2\/types\/product"}],"replies":[{"embeddable":true,"href":"https:\/\/ikisbaby.com\/index.php\/wp-json\/wp\/v2\/comments?post=17637"}],"version-history":[{"count":1,"href":"https:\/\/ikisbaby.com\/index.php\/wp-json\/wp\/v2\/product\/17637\/revisions"}],"predecessor-version":[{"id":25048,"href":"https:\/\/ikisbaby.com\/index.php\/wp-json\/wp\/v2\/product\/17637\/revisions\/25048"}],"wp:featuredmedia":[{"embeddable":true,"href":"https:\/\/ikisbaby.com\/index.php\/wp-json\/wp\/v2\/media\/25047"}],"wp:attachment":[{"href":"https:\/\/ikisbaby.com\/index.php\/wp-json\/wp\/v2\/media?parent=17637"}],"wp:term":[{"taxonomy":"product_brand","embeddable":true,"href":"https:\/\/ikisbaby.com\/index.php\/wp-json\/wp\/v2\/product_brand?post=17637"},{"taxonomy":"product_cat","embeddable":true,"href":"https:\/\/ikisbaby.com\/index.php\/wp-json\/wp\/v2\/product_cat?post=17637"},{"taxonomy":"product_tag","embeddable":true,"href":"https:\/\/ikisbaby.com\/index.php\/wp-json\/wp\/v2\/product_tag?post=17637"}],"curies":[{"name":"wp","href":"https:\/\/api.w.org\/{rel}","templated":true}]}}