{"id":1750,"date":"2017-09-11T17:25:32","date_gmt":"2017-09-11T17:25:32","guid":{"rendered":"https:\/\/ikisbaby.com\/?post_type=product&#038;p=1750"},"modified":"2020-06-30T14:41:51","modified_gmt":"2020-06-30T13:41:51","slug":"body-com-gola-de-bico-perola-para-bebe","status":"publish","type":"product","link":"https:\/\/ikisbaby.com\/index.php\/produto\/body-com-gola-de-bico-perola-para-bebe\/","title":{"rendered":"Body Gola de Bico"},"content":{"rendered":"<p>Body com gola de bico p\u00e9rola para beb\u00e9.<\/p>\n<p>Vai deixar o seu beb\u00e9 com um look \u00e0 homenzinho.<\/p>\n<p>Com molas a apertar entre pernas para facilitar a troca da fralda.<\/p>\n<p>100% algod\u00e3o.<\/p>\n","protected":false},"excerpt":{"rendered":"<p>Body com gola de bico p\u00e9rola para beb\u00e9.<\/p>\n<p>Vai deixar o seu beb\u00e9 com um look \u00e0 homenzinho.<\/p>\n<p>Com molas a apertar entre pernas para facilitar a troca da fralda.<\/p>\n<p>100% algod\u00e3o.<\/p>\n","protected":false},"featured_media":7320,"comment_status":"closed","ping_status":"closed","template":"","meta":[],"product_brand":[],"product_cat":[190,69],"product_tag":[182],"class_list":{"0":"post-1750","1":"product","2":"type-product","3":"status-publish","6":"product_cat-bodies-com-gola","7":"product_cat-bodys-bebe","8":"product_tag-body","10":"first","11":"outofstock","12":"taxable","13":"shipping-taxable","14":"product-type-variable"},"yoast_head":"<!-- This site is optimized with the Yoast SEO plugin v27.0 - https:\/\/yoast.com\/product\/yoast-seo-wordpress\/ -->\n<title>Body com gola de bico p\u00e9rola para beb\u00e9 - ikisbaby -Loja Online<\/title>\n<meta name=\"description\" content=\"Body com gola de bico p\u00e9rola para beb\u00e9. 100% Algod\u00e3o. Vai deixar o seu beb\u00e9 com um look \u00e0 homenzinho. Com molas a apertar entre pernas.\" \/>\n<meta name=\"robots\" content=\"index, follow, max-snippet:-1, max-image-preview:large, max-video-preview:-1\" \/>\n<link rel=\"canonical\" href=\"https:\/\/ikisbaby.com\/index.php\/produto\/body-com-gola-de-bico-perola-para-bebe\/\" \/>\n<meta property=\"og:locale\" content=\"pt_PT\" \/>\n<meta property=\"og:type\" content=\"article\" \/>\n<meta property=\"og:title\" content=\"Body com gola de bico p\u00e9rola para beb\u00e9 - ikisbaby -Loja Online\" \/>\n<meta property=\"og:description\" content=\"Body com gola de bico p\u00e9rola para beb\u00e9. 100% Algod\u00e3o. Vai deixar o seu beb\u00e9 com um look \u00e0 homenzinho. Com molas a apertar entre pernas.\" \/>\n<meta property=\"og:url\" content=\"https:\/\/ikisbaby.com\/index.php\/produto\/body-com-gola-de-bico-perola-para-bebe\/\" \/>\n<meta property=\"og:site_name\" content=\"Ikisbaby\" \/>\n<meta property=\"article:publisher\" content=\"https:\/\/facebook.com\/ikisbaby\" \/>\n<meta property=\"article:modified_time\" content=\"2020-06-30T13:41:51+00:00\" \/>\n<meta property=\"og:image\" content=\"https:\/\/ikisbaby.com\/wp-content\/uploads\/2017\/09\/body_gola_bico_perola.png\" \/>\n\t<meta property=\"og:image:width\" content=\"700\" \/>\n\t<meta property=\"og:image:height\" content=\"750\" \/>\n\t<meta property=\"og:image:type\" content=\"image\/png\" \/>\n<script type=\"application\/ld+json\" class=\"yoast-schema-graph\">{\"@context\":\"https:\/\/schema.org\",\"@graph\":[{\"@type\":\"WebPage\",\"@id\":\"https:\/\/ikisbaby.com\/index.php\/produto\/body-com-gola-de-bico-perola-para-bebe\/\",\"url\":\"https:\/\/ikisbaby.com\/index.php\/produto\/body-com-gola-de-bico-perola-para-bebe\/\",\"name\":\"Body com gola de bico p\u00e9rola para beb\u00e9 - ikisbaby -Loja Online\",\"isPartOf\":{\"@id\":\"https:\/\/ikisbaby.com\/#website\"},\"primaryImageOfPage\":{\"@id\":\"https:\/\/ikisbaby.com\/index.php\/produto\/body-com-gola-de-bico-perola-para-bebe\/#primaryimage\"},\"image\":{\"@id\":\"https:\/\/ikisbaby.com\/index.php\/produto\/body-com-gola-de-bico-perola-para-bebe\/#primaryimage\"},\"thumbnailUrl\":\"https:\/\/ikisbaby.com\/wp-content\/uploads\/2017\/09\/body_gola_bico_perola.png\",\"datePublished\":\"2017-09-11T17:25:32+00:00\",\"dateModified\":\"2020-06-30T13:41:51+00:00\",\"description\":\"Body com gola de bico p\u00e9rola para beb\u00e9. 100% Algod\u00e3o. Vai deixar o seu beb\u00e9 com um look \u00e0 homenzinho. Com molas a apertar entre pernas.\",\"breadcrumb\":{\"@id\":\"https:\/\/ikisbaby.com\/index.php\/produto\/body-com-gola-de-bico-perola-para-bebe\/#breadcrumb\"},\"inLanguage\":\"pt-PT\",\"potentialAction\":[{\"@type\":\"ReadAction\",\"target\":[\"https:\/\/ikisbaby.com\/index.php\/produto\/body-com-gola-de-bico-perola-para-bebe\/\"]}]},{\"@type\":\"ImageObject\",\"inLanguage\":\"pt-PT\",\"@id\":\"https:\/\/ikisbaby.com\/index.php\/produto\/body-com-gola-de-bico-perola-para-bebe\/#primaryimage\",\"url\":\"https:\/\/ikisbaby.com\/wp-content\/uploads\/2017\/09\/body_gola_bico_perola.png\",\"contentUrl\":\"https:\/\/ikisbaby.com\/wp-content\/uploads\/2017\/09\/body_gola_bico_perola.png\",\"width\":700,\"height\":750,\"caption\":\"Body com gola de bico p\u00e9rola para beb\u00e9\"},{\"@type\":\"BreadcrumbList\",\"@id\":\"https:\/\/ikisbaby.com\/index.php\/produto\/body-com-gola-de-bico-perola-para-bebe\/#breadcrumb\",\"itemListElement\":[{\"@type\":\"ListItem\",\"position\":1,\"name\":\"In\u00edcio\",\"item\":\"https:\/\/ikisbaby.com\/\"},{\"@type\":\"ListItem\",\"position\":2,\"name\":\"Loja\",\"item\":\"https:\/\/ikisbaby.com\/index.php\/loja-roupa-para-bebe\/\"},{\"@type\":\"ListItem\",\"position\":3,\"name\":\"Body Gola de Bico\"}]},{\"@type\":\"WebSite\",\"@id\":\"https:\/\/ikisbaby.com\/#website\",\"url\":\"https:\/\/ikisbaby.com\/\",\"name\":\"Ikisbaby\",\"description\":\"Loja Online para Beb\u00e9\",\"publisher\":{\"@id\":\"https:\/\/ikisbaby.com\/#organization\"},\"potentialAction\":[{\"@type\":\"SearchAction\",\"target\":{\"@type\":\"EntryPoint\",\"urlTemplate\":\"https:\/\/ikisbaby.com\/?s={search_term_string}\"},\"query-input\":{\"@type\":\"PropertyValueSpecification\",\"valueRequired\":true,\"valueName\":\"search_term_string\"}}],\"inLanguage\":\"pt-PT\"},{\"@type\":\"Organization\",\"@id\":\"https:\/\/ikisbaby.com\/#organization\",\"name\":\"Ikisbaby\",\"url\":\"https:\/\/ikisbaby.com\/\",\"logo\":{\"@type\":\"ImageObject\",\"inLanguage\":\"pt-PT\",\"@id\":\"https:\/\/ikisbaby.com\/#\/schema\/logo\/image\/\",\"url\":\"https:\/\/ikisbaby.com\/wp-content\/uploads\/2019\/02\/favicon.png\",\"contentUrl\":\"https:\/\/ikisbaby.com\/wp-content\/uploads\/2019\/02\/favicon.png\",\"width\":512,\"height\":512,\"caption\":\"Ikisbaby\"},\"image\":{\"@id\":\"https:\/\/ikisbaby.com\/#\/schema\/logo\/image\/\"},\"sameAs\":[\"https:\/\/facebook.com\/ikisbaby\",\"https:\/\/www.instagram.com\/ikisbaby\/\"]}]}<\/script>\n<!-- \/ Yoast SEO plugin. -->","yoast_head_json":{"title":"Body com gola de bico p\u00e9rola para beb\u00e9 - ikisbaby -Loja Online","description":"Body com gola de bico p\u00e9rola para beb\u00e9. 100% Algod\u00e3o. Vai deixar o seu beb\u00e9 com um look \u00e0 homenzinho. Com molas a apertar entre pernas.","robots":{"index":"index","follow":"follow","max-snippet":"max-snippet:-1","max-image-preview":"max-image-preview:large","max-video-preview":"max-video-preview:-1"},"canonical":"https:\/\/ikisbaby.com\/index.php\/produto\/body-com-gola-de-bico-perola-para-bebe\/","og_locale":"pt_PT","og_type":"article","og_title":"Body com gola de bico p\u00e9rola para beb\u00e9 - ikisbaby -Loja Online","og_description":"Body com gola de bico p\u00e9rola para beb\u00e9. 100% Algod\u00e3o. Vai deixar o seu beb\u00e9 com um look \u00e0 homenzinho. Com molas a apertar entre pernas.","og_url":"https:\/\/ikisbaby.com\/index.php\/produto\/body-com-gola-de-bico-perola-para-bebe\/","og_site_name":"Ikisbaby","article_publisher":"https:\/\/facebook.com\/ikisbaby","article_modified_time":"2020-06-30T13:41:51+00:00","og_image":[{"width":700,"height":750,"url":"https:\/\/ikisbaby.com\/wp-content\/uploads\/2017\/09\/body_gola_bico_perola.png","type":"image\/png"}],"schema":{"@context":"https:\/\/schema.org","@graph":[{"@type":"WebPage","@id":"https:\/\/ikisbaby.com\/index.php\/produto\/body-com-gola-de-bico-perola-para-bebe\/","url":"https:\/\/ikisbaby.com\/index.php\/produto\/body-com-gola-de-bico-perola-para-bebe\/","name":"Body com gola de bico p\u00e9rola para beb\u00e9 - ikisbaby -Loja Online","isPartOf":{"@id":"https:\/\/ikisbaby.com\/#website"},"primaryImageOfPage":{"@id":"https:\/\/ikisbaby.com\/index.php\/produto\/body-com-gola-de-bico-perola-para-bebe\/#primaryimage"},"image":{"@id":"https:\/\/ikisbaby.com\/index.php\/produto\/body-com-gola-de-bico-perola-para-bebe\/#primaryimage"},"thumbnailUrl":"https:\/\/ikisbaby.com\/wp-content\/uploads\/2017\/09\/body_gola_bico_perola.png","datePublished":"2017-09-11T17:25:32+00:00","dateModified":"2020-06-30T13:41:51+00:00","description":"Body com gola de bico p\u00e9rola para beb\u00e9. 100% Algod\u00e3o. Vai deixar o seu beb\u00e9 com um look \u00e0 homenzinho. Com molas a apertar entre pernas.","breadcrumb":{"@id":"https:\/\/ikisbaby.com\/index.php\/produto\/body-com-gola-de-bico-perola-para-bebe\/#breadcrumb"},"inLanguage":"pt-PT","potentialAction":[{"@type":"ReadAction","target":["https:\/\/ikisbaby.com\/index.php\/produto\/body-com-gola-de-bico-perola-para-bebe\/"]}]},{"@type":"ImageObject","inLanguage":"pt-PT","@id":"https:\/\/ikisbaby.com\/index.php\/produto\/body-com-gola-de-bico-perola-para-bebe\/#primaryimage","url":"https:\/\/ikisbaby.com\/wp-content\/uploads\/2017\/09\/body_gola_bico_perola.png","contentUrl":"https:\/\/ikisbaby.com\/wp-content\/uploads\/2017\/09\/body_gola_bico_perola.png","width":700,"height":750,"caption":"Body com gola de bico p\u00e9rola para beb\u00e9"},{"@type":"BreadcrumbList","@id":"https:\/\/ikisbaby.com\/index.php\/produto\/body-com-gola-de-bico-perola-para-bebe\/#breadcrumb","itemListElement":[{"@type":"ListItem","position":1,"name":"In\u00edcio","item":"https:\/\/ikisbaby.com\/"},{"@type":"ListItem","position":2,"name":"Loja","item":"https:\/\/ikisbaby.com\/index.php\/loja-roupa-para-bebe\/"},{"@type":"ListItem","position":3,"name":"Body Gola de Bico"}]},{"@type":"WebSite","@id":"https:\/\/ikisbaby.com\/#website","url":"https:\/\/ikisbaby.com\/","name":"Ikisbaby","description":"Loja Online para Beb\u00e9","publisher":{"@id":"https:\/\/ikisbaby.com\/#organization"},"potentialAction":[{"@type":"SearchAction","target":{"@type":"EntryPoint","urlTemplate":"https:\/\/ikisbaby.com\/?s={search_term_string}"},"query-input":{"@type":"PropertyValueSpecification","valueRequired":true,"valueName":"search_term_string"}}],"inLanguage":"pt-PT"},{"@type":"Organization","@id":"https:\/\/ikisbaby.com\/#organization","name":"Ikisbaby","url":"https:\/\/ikisbaby.com\/","logo":{"@type":"ImageObject","inLanguage":"pt-PT","@id":"https:\/\/ikisbaby.com\/#\/schema\/logo\/image\/","url":"https:\/\/ikisbaby.com\/wp-content\/uploads\/2019\/02\/favicon.png","contentUrl":"https:\/\/ikisbaby.com\/wp-content\/uploads\/2019\/02\/favicon.png","width":512,"height":512,"caption":"Ikisbaby"},"image":{"@id":"https:\/\/ikisbaby.com\/#\/schema\/logo\/image\/"},"sameAs":["https:\/\/facebook.com\/ikisbaby","https:\/\/www.instagram.com\/ikisbaby\/"]}]}},"_links":{"self":[{"href":"https:\/\/ikisbaby.com\/index.php\/wp-json\/wp\/v2\/product\/1750","targetHints":{"allow":["GET"]}}],"collection":[{"href":"https:\/\/ikisbaby.com\/index.php\/wp-json\/wp\/v2\/product"}],"about":[{"href":"https:\/\/ikisbaby.com\/index.php\/wp-json\/wp\/v2\/types\/product"}],"replies":[{"embeddable":true,"href":"https:\/\/ikisbaby.com\/index.php\/wp-json\/wp\/v2\/comments?post=1750"}],"version-history":[{"count":0,"href":"https:\/\/ikisbaby.com\/index.php\/wp-json\/wp\/v2\/product\/1750\/revisions"}],"wp:featuredmedia":[{"embeddable":true,"href":"https:\/\/ikisbaby.com\/index.php\/wp-json\/wp\/v2\/media\/7320"}],"wp:attachment":[{"href":"https:\/\/ikisbaby.com\/index.php\/wp-json\/wp\/v2\/media?parent=1750"}],"wp:term":[{"taxonomy":"product_brand","embeddable":true,"href":"https:\/\/ikisbaby.com\/index.php\/wp-json\/wp\/v2\/product_brand?post=1750"},{"taxonomy":"product_cat","embeddable":true,"href":"https:\/\/ikisbaby.com\/index.php\/wp-json\/wp\/v2\/product_cat?post=1750"},{"taxonomy":"product_tag","embeddable":true,"href":"https:\/\/ikisbaby.com\/index.php\/wp-json\/wp\/v2\/product_tag?post=1750"}],"curies":[{"name":"wp","href":"https:\/\/api.w.org\/{rel}","templated":true}]}}