{"id":15674,"date":"2019-03-06T17:29:15","date_gmt":"2019-03-06T17:29:15","guid":{"rendered":"https:\/\/ikisbaby.com\/?post_type=product&#038;p=15674"},"modified":"2020-05-17T13:42:23","modified_gmt":"2020-05-17T12:42:23","slug":"saco-e-muda-fraldas-3","status":"publish","type":"product","link":"https:\/\/ikisbaby.com\/index.php\/produto\/saco-e-muda-fraldas-3\/","title":{"rendered":"Saco + Muda Fraldas Azul"},"content":{"rendered":"<p><a href=\"https:\/\/ikisbaby.com\/index.php\/categoria-produto\/puericultura\/sacos-de-maternidade\/\">Saco e Muda Fraldas<\/a>, pr\u00e1tico para levar e organizar tudo do seu beb\u00e9.<\/p>\n<p>Saco com Exterior Plastificado, levemente acolchoado e com dois bolsos exteriores na parte de tr\u00e1s.<\/p>\n<p>Com Fecho eclair superior e tr\u00eas tipos de al\u00e7as (curtas superiores, duas laterais com molas de press\u00e3o para adaptar ao carrinho do beb\u00e9 e 1 longa).<\/p>\n<p>Medidas do saco muda fraldas: L: 45 cm, A: 25 cm P: 20cm.<\/p>\n<p>Composi\u00e7\u00e3o: Exterior: Plastificado acabamento mate. Tecido 100% Algod\u00e3o e Recheio: 100% de fibra de poli\u00e9ster.<\/p>\n<p>Muda Fraldas Port\u00e1til, pr\u00e1tico e leve para transportar para qualquer lugar. Interior plastificado.<\/p>\n<p>Medidas 45&#215;75 cm aproximadamente.<\/p>\n<p>INSTRU\u00c7\u00d5ES DE LAVAGEM:<br \/>\nLavar \u00e0 m\u00e3o temp. max. 30 \u00b0 C.<br \/>\nN\u00e3o use lixivia.<br \/>\nN\u00e3o use m\u00e1quina de secar roupa.<\/p>\n<p><strong>NOTA:<\/strong>\u00a0Ao adicionar este produto ao seu carrinho de compras, a op\u00e7\u00e3o\u00a0<strong>\u201cPagamento \u00e0 cobran\u00e7a\u201d<\/strong>\u00a0n\u00e3o estar\u00e1 dispon\u00edvel.<\/p>\n","protected":false},"excerpt":{"rendered":"<p><a href=\"https:\/\/ikisbaby.com\/index.php\/categoria-produto\/puericultura\/sacos-de-maternidade\/\">Saco e Muda Fraldas<\/a>, pr\u00e1tico para levar e organizar tudo do seu beb\u00e9.<\/p>\n<p>Saco com Exterior Plastificado, levemente acolchoado e com dois bolsos exteriores na parte de tr\u00e1s.<\/p>\n<p>Com Fecho eclair superior e tr\u00eas tipos de al\u00e7as (curtas superiores, duas laterais com molas de press\u00e3o para adaptar ao carrinho do beb\u00e9 e 1 longa).<\/p>\n<p>Medidas do saco muda fraldas: L: 45 cm, A: 25 cm P: 20cm.<\/p>\n<p>Composi\u00e7\u00e3o: Exterior: Plastificado acabamento mate. Tecido 100% Algod\u00e3o e Recheio: 100% de fibra de poli\u00e9ster.<\/p>\n<p>Muda Fraldas Port\u00e1til, pr\u00e1tico e leve para transportar para qualquer lugar. Interior plastificado.<\/p>\n<p>Medidas 45&#215;75 cm aproximadamente.<\/p>\n<p>INSTRU\u00c7\u00d5ES DE LAVAGEM:<br \/>\nLavar \u00e0 m\u00e3o temp. max. 30 \u00b0 C.<br \/>\nN\u00e3o use lixivia.<br \/>\nN\u00e3o use m\u00e1quina de secar roupa.<\/p>\n<p><strong>NOTA:<\/strong>\u00a0Ao adicionar este produto ao seu carrinho de compras, a op\u00e7\u00e3o\u00a0<strong>\u201cPagamento \u00e0 cobran\u00e7a\u201d<\/strong>\u00a0n\u00e3o estar\u00e1 dispon\u00edvel.<\/p>\n","protected":false},"featured_media":15675,"comment_status":"closed","ping_status":"closed","template":"","meta":[],"product_brand":[],"product_cat":[573,66],"product_tag":[577,575,574,576,128],"class_list":{"0":"post-15674","1":"product","2":"type-product","3":"status-publish","6":"product_cat-sacos-de-maternidade","7":"product_cat-acessorios","8":"product_tag-bolsa-de-bebe","9":"product_tag-saco-de-fraldas","10":"product_tag-saco-de-maternidade","11":"product_tag-saco-muda-fraldas","12":"product_tag-saco-para-bebe","14":"first","15":"outofstock","16":"taxable","17":"shipping-taxable","18":"purchasable","19":"product-type-simple"},"yoast_head":"<!-- This site is optimized with the Yoast SEO plugin v27.0 - https:\/\/yoast.com\/product\/yoast-seo-wordpress\/ -->\n<title>Saco e Muda Fraldas Plastificado - Ikisbaby - Loja Online<\/title>\n<meta name=\"description\" content=\"Saco e Muda Fraldas, pr\u00e1tico para levar e organizar tudo do beb\u00e9.Exterior Plastificado, que permite uma melhor limpeza. Tecido de algod\u00e3o alcochoado.\" \/>\n<meta name=\"robots\" content=\"index, follow, max-snippet:-1, max-image-preview:large, max-video-preview:-1\" \/>\n<link rel=\"canonical\" href=\"https:\/\/ikisbaby.com\/index.php\/produto\/saco-e-muda-fraldas-3\/\" \/>\n<meta property=\"og:locale\" content=\"pt_PT\" \/>\n<meta property=\"og:type\" content=\"article\" \/>\n<meta property=\"og:title\" content=\"Saco e Muda Fraldas Plastificado - Ikisbaby - Loja Online\" \/>\n<meta property=\"og:description\" content=\"Saco e Muda Fraldas, pr\u00e1tico para levar e organizar tudo do beb\u00e9.Exterior Plastificado, que permite uma melhor limpeza. Tecido de algod\u00e3o alcochoado.\" \/>\n<meta property=\"og:url\" content=\"https:\/\/ikisbaby.com\/index.php\/produto\/saco-e-muda-fraldas-3\/\" \/>\n<meta property=\"og:site_name\" content=\"Ikisbaby\" \/>\n<meta property=\"article:publisher\" content=\"https:\/\/facebook.com\/ikisbaby\" \/>\n<meta property=\"article:modified_time\" content=\"2020-05-17T12:42:23+00:00\" \/>\n<meta property=\"og:image\" content=\"https:\/\/ikisbaby.com\/wp-content\/uploads\/2019\/03\/saco_muda_fralda_ursos_azul.jpg\" \/>\n\t<meta property=\"og:image:width\" content=\"768\" \/>\n\t<meta property=\"og:image:height\" content=\"1024\" \/>\n\t<meta property=\"og:image:type\" content=\"image\/jpeg\" \/>\n<script type=\"application\/ld+json\" class=\"yoast-schema-graph\">{\"@context\":\"https:\/\/schema.org\",\"@graph\":[{\"@type\":\"WebPage\",\"@id\":\"https:\/\/ikisbaby.com\/index.php\/produto\/saco-e-muda-fraldas-3\/\",\"url\":\"https:\/\/ikisbaby.com\/index.php\/produto\/saco-e-muda-fraldas-3\/\",\"name\":\"Saco e Muda Fraldas Plastificado - Ikisbaby - Loja Online\",\"isPartOf\":{\"@id\":\"https:\/\/ikisbaby.com\/#website\"},\"primaryImageOfPage\":{\"@id\":\"https:\/\/ikisbaby.com\/index.php\/produto\/saco-e-muda-fraldas-3\/#primaryimage\"},\"image\":{\"@id\":\"https:\/\/ikisbaby.com\/index.php\/produto\/saco-e-muda-fraldas-3\/#primaryimage\"},\"thumbnailUrl\":\"https:\/\/ikisbaby.com\/wp-content\/uploads\/2019\/03\/saco_muda_fralda_ursos_azul.jpg\",\"datePublished\":\"2019-03-06T17:29:15+00:00\",\"dateModified\":\"2020-05-17T12:42:23+00:00\",\"description\":\"Saco e Muda Fraldas, pr\u00e1tico para levar e organizar tudo do beb\u00e9.Exterior Plastificado, que permite uma melhor limpeza. Tecido de algod\u00e3o alcochoado.\",\"breadcrumb\":{\"@id\":\"https:\/\/ikisbaby.com\/index.php\/produto\/saco-e-muda-fraldas-3\/#breadcrumb\"},\"inLanguage\":\"pt-PT\",\"potentialAction\":[{\"@type\":\"ReadAction\",\"target\":[\"https:\/\/ikisbaby.com\/index.php\/produto\/saco-e-muda-fraldas-3\/\"]}]},{\"@type\":\"ImageObject\",\"inLanguage\":\"pt-PT\",\"@id\":\"https:\/\/ikisbaby.com\/index.php\/produto\/saco-e-muda-fraldas-3\/#primaryimage\",\"url\":\"https:\/\/ikisbaby.com\/wp-content\/uploads\/2019\/03\/saco_muda_fralda_ursos_azul.jpg\",\"contentUrl\":\"https:\/\/ikisbaby.com\/wp-content\/uploads\/2019\/03\/saco_muda_fralda_ursos_azul.jpg\",\"width\":768,\"height\":1024,\"caption\":\"Saco Muda Fraldas\"},{\"@type\":\"BreadcrumbList\",\"@id\":\"https:\/\/ikisbaby.com\/index.php\/produto\/saco-e-muda-fraldas-3\/#breadcrumb\",\"itemListElement\":[{\"@type\":\"ListItem\",\"position\":1,\"name\":\"In\u00edcio\",\"item\":\"https:\/\/ikisbaby.com\/\"},{\"@type\":\"ListItem\",\"position\":2,\"name\":\"Loja\",\"item\":\"https:\/\/ikisbaby.com\/index.php\/loja-roupa-para-bebe\/\"},{\"@type\":\"ListItem\",\"position\":3,\"name\":\"Saco + Muda Fraldas Azul\"}]},{\"@type\":\"WebSite\",\"@id\":\"https:\/\/ikisbaby.com\/#website\",\"url\":\"https:\/\/ikisbaby.com\/\",\"name\":\"Ikisbaby\",\"description\":\"Loja Online para Beb\u00e9\",\"publisher\":{\"@id\":\"https:\/\/ikisbaby.com\/#organization\"},\"potentialAction\":[{\"@type\":\"SearchAction\",\"target\":{\"@type\":\"EntryPoint\",\"urlTemplate\":\"https:\/\/ikisbaby.com\/?s={search_term_string}\"},\"query-input\":{\"@type\":\"PropertyValueSpecification\",\"valueRequired\":true,\"valueName\":\"search_term_string\"}}],\"inLanguage\":\"pt-PT\"},{\"@type\":\"Organization\",\"@id\":\"https:\/\/ikisbaby.com\/#organization\",\"name\":\"Ikisbaby\",\"url\":\"https:\/\/ikisbaby.com\/\",\"logo\":{\"@type\":\"ImageObject\",\"inLanguage\":\"pt-PT\",\"@id\":\"https:\/\/ikisbaby.com\/#\/schema\/logo\/image\/\",\"url\":\"https:\/\/ikisbaby.com\/wp-content\/uploads\/2019\/02\/favicon.png\",\"contentUrl\":\"https:\/\/ikisbaby.com\/wp-content\/uploads\/2019\/02\/favicon.png\",\"width\":512,\"height\":512,\"caption\":\"Ikisbaby\"},\"image\":{\"@id\":\"https:\/\/ikisbaby.com\/#\/schema\/logo\/image\/\"},\"sameAs\":[\"https:\/\/facebook.com\/ikisbaby\",\"https:\/\/www.instagram.com\/ikisbaby\/\"]}]}<\/script>\n<!-- \/ Yoast SEO plugin. -->","yoast_head_json":{"title":"Saco e Muda Fraldas Plastificado - Ikisbaby - Loja Online","description":"Saco e Muda Fraldas, pr\u00e1tico para levar e organizar tudo do beb\u00e9.Exterior Plastificado, que permite uma melhor limpeza. Tecido de algod\u00e3o alcochoado.","robots":{"index":"index","follow":"follow","max-snippet":"max-snippet:-1","max-image-preview":"max-image-preview:large","max-video-preview":"max-video-preview:-1"},"canonical":"https:\/\/ikisbaby.com\/index.php\/produto\/saco-e-muda-fraldas-3\/","og_locale":"pt_PT","og_type":"article","og_title":"Saco e Muda Fraldas Plastificado - Ikisbaby - Loja Online","og_description":"Saco e Muda Fraldas, pr\u00e1tico para levar e organizar tudo do beb\u00e9.Exterior Plastificado, que permite uma melhor limpeza. Tecido de algod\u00e3o alcochoado.","og_url":"https:\/\/ikisbaby.com\/index.php\/produto\/saco-e-muda-fraldas-3\/","og_site_name":"Ikisbaby","article_publisher":"https:\/\/facebook.com\/ikisbaby","article_modified_time":"2020-05-17T12:42:23+00:00","og_image":[{"width":768,"height":1024,"url":"https:\/\/ikisbaby.com\/wp-content\/uploads\/2019\/03\/saco_muda_fralda_ursos_azul.jpg","type":"image\/jpeg"}],"schema":{"@context":"https:\/\/schema.org","@graph":[{"@type":"WebPage","@id":"https:\/\/ikisbaby.com\/index.php\/produto\/saco-e-muda-fraldas-3\/","url":"https:\/\/ikisbaby.com\/index.php\/produto\/saco-e-muda-fraldas-3\/","name":"Saco e Muda Fraldas Plastificado - Ikisbaby - Loja Online","isPartOf":{"@id":"https:\/\/ikisbaby.com\/#website"},"primaryImageOfPage":{"@id":"https:\/\/ikisbaby.com\/index.php\/produto\/saco-e-muda-fraldas-3\/#primaryimage"},"image":{"@id":"https:\/\/ikisbaby.com\/index.php\/produto\/saco-e-muda-fraldas-3\/#primaryimage"},"thumbnailUrl":"https:\/\/ikisbaby.com\/wp-content\/uploads\/2019\/03\/saco_muda_fralda_ursos_azul.jpg","datePublished":"2019-03-06T17:29:15+00:00","dateModified":"2020-05-17T12:42:23+00:00","description":"Saco e Muda Fraldas, pr\u00e1tico para levar e organizar tudo do beb\u00e9.Exterior Plastificado, que permite uma melhor limpeza. Tecido de algod\u00e3o alcochoado.","breadcrumb":{"@id":"https:\/\/ikisbaby.com\/index.php\/produto\/saco-e-muda-fraldas-3\/#breadcrumb"},"inLanguage":"pt-PT","potentialAction":[{"@type":"ReadAction","target":["https:\/\/ikisbaby.com\/index.php\/produto\/saco-e-muda-fraldas-3\/"]}]},{"@type":"ImageObject","inLanguage":"pt-PT","@id":"https:\/\/ikisbaby.com\/index.php\/produto\/saco-e-muda-fraldas-3\/#primaryimage","url":"https:\/\/ikisbaby.com\/wp-content\/uploads\/2019\/03\/saco_muda_fralda_ursos_azul.jpg","contentUrl":"https:\/\/ikisbaby.com\/wp-content\/uploads\/2019\/03\/saco_muda_fralda_ursos_azul.jpg","width":768,"height":1024,"caption":"Saco Muda Fraldas"},{"@type":"BreadcrumbList","@id":"https:\/\/ikisbaby.com\/index.php\/produto\/saco-e-muda-fraldas-3\/#breadcrumb","itemListElement":[{"@type":"ListItem","position":1,"name":"In\u00edcio","item":"https:\/\/ikisbaby.com\/"},{"@type":"ListItem","position":2,"name":"Loja","item":"https:\/\/ikisbaby.com\/index.php\/loja-roupa-para-bebe\/"},{"@type":"ListItem","position":3,"name":"Saco + Muda Fraldas Azul"}]},{"@type":"WebSite","@id":"https:\/\/ikisbaby.com\/#website","url":"https:\/\/ikisbaby.com\/","name":"Ikisbaby","description":"Loja Online para Beb\u00e9","publisher":{"@id":"https:\/\/ikisbaby.com\/#organization"},"potentialAction":[{"@type":"SearchAction","target":{"@type":"EntryPoint","urlTemplate":"https:\/\/ikisbaby.com\/?s={search_term_string}"},"query-input":{"@type":"PropertyValueSpecification","valueRequired":true,"valueName":"search_term_string"}}],"inLanguage":"pt-PT"},{"@type":"Organization","@id":"https:\/\/ikisbaby.com\/#organization","name":"Ikisbaby","url":"https:\/\/ikisbaby.com\/","logo":{"@type":"ImageObject","inLanguage":"pt-PT","@id":"https:\/\/ikisbaby.com\/#\/schema\/logo\/image\/","url":"https:\/\/ikisbaby.com\/wp-content\/uploads\/2019\/02\/favicon.png","contentUrl":"https:\/\/ikisbaby.com\/wp-content\/uploads\/2019\/02\/favicon.png","width":512,"height":512,"caption":"Ikisbaby"},"image":{"@id":"https:\/\/ikisbaby.com\/#\/schema\/logo\/image\/"},"sameAs":["https:\/\/facebook.com\/ikisbaby","https:\/\/www.instagram.com\/ikisbaby\/"]}]}},"_links":{"self":[{"href":"https:\/\/ikisbaby.com\/index.php\/wp-json\/wp\/v2\/product\/15674","targetHints":{"allow":["GET"]}}],"collection":[{"href":"https:\/\/ikisbaby.com\/index.php\/wp-json\/wp\/v2\/product"}],"about":[{"href":"https:\/\/ikisbaby.com\/index.php\/wp-json\/wp\/v2\/types\/product"}],"replies":[{"embeddable":true,"href":"https:\/\/ikisbaby.com\/index.php\/wp-json\/wp\/v2\/comments?post=15674"}],"version-history":[{"count":0,"href":"https:\/\/ikisbaby.com\/index.php\/wp-json\/wp\/v2\/product\/15674\/revisions"}],"wp:featuredmedia":[{"embeddable":true,"href":"https:\/\/ikisbaby.com\/index.php\/wp-json\/wp\/v2\/media\/15675"}],"wp:attachment":[{"href":"https:\/\/ikisbaby.com\/index.php\/wp-json\/wp\/v2\/media?parent=15674"}],"wp:term":[{"taxonomy":"product_brand","embeddable":true,"href":"https:\/\/ikisbaby.com\/index.php\/wp-json\/wp\/v2\/product_brand?post=15674"},{"taxonomy":"product_cat","embeddable":true,"href":"https:\/\/ikisbaby.com\/index.php\/wp-json\/wp\/v2\/product_cat?post=15674"},{"taxonomy":"product_tag","embeddable":true,"href":"https:\/\/ikisbaby.com\/index.php\/wp-json\/wp\/v2\/product_tag?post=15674"}],"curies":[{"name":"wp","href":"https:\/\/api.w.org\/{rel}","templated":true}]}}