{"id":15585,"date":"2019-03-05T17:17:00","date_gmt":"2019-03-05T17:17:00","guid":{"rendered":"https:\/\/ikisbaby.com\/?post_type=product&#038;p=15585"},"modified":"2024-06-16T01:54:59","modified_gmt":"2024-06-16T00:54:59","slug":"porta-chupeta-13","status":"publish","type":"product","link":"https:\/\/ikisbaby.com\/index.php\/produto\/porta-chupeta-13\/","title":{"rendered":"Porta Chupeta Florido"},"content":{"rendered":"<p>Porta chupeta em tecido florido.<\/p>\n<p>Acess\u00f3rio essencial no enxoval do seu beb\u00e9.<\/p>\n<p>Mant\u00e9m a chucha protegida evitando que caia ao ch\u00e3o.<\/p>\n<p>Artigo feito \u00e0 m\u00e3o.<\/p>\n","protected":false},"excerpt":{"rendered":"<p>Porta chupeta em tecido.<\/p>\n<p>Acess\u00f3rio essencial no enxoval do seu beb\u00e9.<\/p>\n<p>Mant\u00e9m a chucha protegida evitando que caia ao ch\u00e3o.<\/p>\n<p>Artigo feito \u00e0 m\u00e3o.<\/p>\n","protected":false},"featured_media":15586,"comment_status":"closed","ping_status":"closed","template":"","meta":[],"product_brand":[],"product_cat":[66],"product_tag":[579,268],"class_list":{"0":"post-15585","1":"product","2":"type-product","3":"status-publish","6":"product_cat-acessorios","7":"product_tag-acessorios-de-bebe","8":"product_tag-porta-chupeta","10":"first","11":"instock","12":"taxable","13":"shipping-taxable","14":"purchasable","15":"product-type-simple"},"yoast_head":"<!-- This site is optimized with the Yoast SEO plugin v27.0 - https:\/\/yoast.com\/product\/yoast-seo-wordpress\/ -->\n<title>Porta Chupeta Florido - Ikisbaby - Loja Beb\u00e9 Online<\/title>\n<meta name=\"description\" content=\"Porta chupeta em tecido florido. Acess\u00f3rio essencial no enxoval do seu beb\u00e9. Mant\u00e9m a chucha protegida evitando que caia ao ch\u00e3o.\" \/>\n<meta name=\"robots\" content=\"index, follow, max-snippet:-1, max-image-preview:large, max-video-preview:-1\" \/>\n<link rel=\"canonical\" href=\"https:\/\/ikisbaby.com\/index.php\/produto\/porta-chupeta-13\/\" \/>\n<meta property=\"og:locale\" content=\"pt_PT\" \/>\n<meta property=\"og:type\" content=\"article\" \/>\n<meta property=\"og:title\" content=\"Porta Chupeta Florido - Ikisbaby - Loja Beb\u00e9 Online\" \/>\n<meta property=\"og:description\" content=\"Porta chupeta em tecido florido. Acess\u00f3rio essencial no enxoval do seu beb\u00e9. Mant\u00e9m a chucha protegida evitando que caia ao ch\u00e3o.\" \/>\n<meta property=\"og:url\" content=\"https:\/\/ikisbaby.com\/index.php\/produto\/porta-chupeta-13\/\" \/>\n<meta property=\"og:site_name\" content=\"Ikisbaby\" \/>\n<meta property=\"article:publisher\" content=\"https:\/\/facebook.com\/ikisbaby\" \/>\n<meta property=\"article:modified_time\" content=\"2024-06-16T00:54:59+00:00\" \/>\n<meta property=\"og:image\" content=\"https:\/\/ikisbaby.com\/wp-content\/uploads\/2019\/03\/15517792961123.jpg\" \/>\n\t<meta property=\"og:image:width\" content=\"768\" \/>\n\t<meta property=\"og:image:height\" content=\"1024\" \/>\n\t<meta property=\"og:image:type\" content=\"image\/jpeg\" \/>\n<script type=\"application\/ld+json\" class=\"yoast-schema-graph\">{\"@context\":\"https:\/\/schema.org\",\"@graph\":[{\"@type\":\"WebPage\",\"@id\":\"https:\/\/ikisbaby.com\/index.php\/produto\/porta-chupeta-13\/\",\"url\":\"https:\/\/ikisbaby.com\/index.php\/produto\/porta-chupeta-13\/\",\"name\":\"Porta Chupeta Florido - Ikisbaby - Loja Beb\u00e9 Online\",\"isPartOf\":{\"@id\":\"https:\/\/ikisbaby.com\/#website\"},\"primaryImageOfPage\":{\"@id\":\"https:\/\/ikisbaby.com\/index.php\/produto\/porta-chupeta-13\/#primaryimage\"},\"image\":{\"@id\":\"https:\/\/ikisbaby.com\/index.php\/produto\/porta-chupeta-13\/#primaryimage\"},\"thumbnailUrl\":\"https:\/\/ikisbaby.com\/wp-content\/uploads\/2019\/03\/15517792961123.jpg\",\"datePublished\":\"2019-03-05T17:17:00+00:00\",\"dateModified\":\"2024-06-16T00:54:59+00:00\",\"description\":\"Porta chupeta em tecido florido. Acess\u00f3rio essencial no enxoval do seu beb\u00e9. Mant\u00e9m a chucha protegida evitando que caia ao ch\u00e3o.\",\"breadcrumb\":{\"@id\":\"https:\/\/ikisbaby.com\/index.php\/produto\/porta-chupeta-13\/#breadcrumb\"},\"inLanguage\":\"pt-PT\",\"potentialAction\":[{\"@type\":\"ReadAction\",\"target\":[\"https:\/\/ikisbaby.com\/index.php\/produto\/porta-chupeta-13\/\"]}]},{\"@type\":\"ImageObject\",\"inLanguage\":\"pt-PT\",\"@id\":\"https:\/\/ikisbaby.com\/index.php\/produto\/porta-chupeta-13\/#primaryimage\",\"url\":\"https:\/\/ikisbaby.com\/wp-content\/uploads\/2019\/03\/15517792961123.jpg\",\"contentUrl\":\"https:\/\/ikisbaby.com\/wp-content\/uploads\/2019\/03\/15517792961123.jpg\",\"width\":768,\"height\":1024,\"caption\":\"Porta Chupeta\"},{\"@type\":\"BreadcrumbList\",\"@id\":\"https:\/\/ikisbaby.com\/index.php\/produto\/porta-chupeta-13\/#breadcrumb\",\"itemListElement\":[{\"@type\":\"ListItem\",\"position\":1,\"name\":\"In\u00edcio\",\"item\":\"https:\/\/ikisbaby.com\/\"},{\"@type\":\"ListItem\",\"position\":2,\"name\":\"Loja\",\"item\":\"https:\/\/ikisbaby.com\/index.php\/loja-roupa-para-bebe\/\"},{\"@type\":\"ListItem\",\"position\":3,\"name\":\"Porta Chupeta Florido\"}]},{\"@type\":\"WebSite\",\"@id\":\"https:\/\/ikisbaby.com\/#website\",\"url\":\"https:\/\/ikisbaby.com\/\",\"name\":\"Ikisbaby\",\"description\":\"Loja Online para Beb\u00e9\",\"publisher\":{\"@id\":\"https:\/\/ikisbaby.com\/#organization\"},\"potentialAction\":[{\"@type\":\"SearchAction\",\"target\":{\"@type\":\"EntryPoint\",\"urlTemplate\":\"https:\/\/ikisbaby.com\/?s={search_term_string}\"},\"query-input\":{\"@type\":\"PropertyValueSpecification\",\"valueRequired\":true,\"valueName\":\"search_term_string\"}}],\"inLanguage\":\"pt-PT\"},{\"@type\":\"Organization\",\"@id\":\"https:\/\/ikisbaby.com\/#organization\",\"name\":\"Ikisbaby\",\"url\":\"https:\/\/ikisbaby.com\/\",\"logo\":{\"@type\":\"ImageObject\",\"inLanguage\":\"pt-PT\",\"@id\":\"https:\/\/ikisbaby.com\/#\/schema\/logo\/image\/\",\"url\":\"https:\/\/ikisbaby.com\/wp-content\/uploads\/2019\/02\/favicon.png\",\"contentUrl\":\"https:\/\/ikisbaby.com\/wp-content\/uploads\/2019\/02\/favicon.png\",\"width\":512,\"height\":512,\"caption\":\"Ikisbaby\"},\"image\":{\"@id\":\"https:\/\/ikisbaby.com\/#\/schema\/logo\/image\/\"},\"sameAs\":[\"https:\/\/facebook.com\/ikisbaby\",\"https:\/\/www.instagram.com\/ikisbaby\/\"]}]}<\/script>\n<!-- \/ Yoast SEO plugin. -->","yoast_head_json":{"title":"Porta Chupeta Florido - Ikisbaby - Loja Beb\u00e9 Online","description":"Porta chupeta em tecido florido. Acess\u00f3rio essencial no enxoval do seu beb\u00e9. Mant\u00e9m a chucha protegida evitando que caia ao ch\u00e3o.","robots":{"index":"index","follow":"follow","max-snippet":"max-snippet:-1","max-image-preview":"max-image-preview:large","max-video-preview":"max-video-preview:-1"},"canonical":"https:\/\/ikisbaby.com\/index.php\/produto\/porta-chupeta-13\/","og_locale":"pt_PT","og_type":"article","og_title":"Porta Chupeta Florido - Ikisbaby - Loja Beb\u00e9 Online","og_description":"Porta chupeta em tecido florido. Acess\u00f3rio essencial no enxoval do seu beb\u00e9. Mant\u00e9m a chucha protegida evitando que caia ao ch\u00e3o.","og_url":"https:\/\/ikisbaby.com\/index.php\/produto\/porta-chupeta-13\/","og_site_name":"Ikisbaby","article_publisher":"https:\/\/facebook.com\/ikisbaby","article_modified_time":"2024-06-16T00:54:59+00:00","og_image":[{"width":768,"height":1024,"url":"https:\/\/ikisbaby.com\/wp-content\/uploads\/2019\/03\/15517792961123.jpg","type":"image\/jpeg"}],"schema":{"@context":"https:\/\/schema.org","@graph":[{"@type":"WebPage","@id":"https:\/\/ikisbaby.com\/index.php\/produto\/porta-chupeta-13\/","url":"https:\/\/ikisbaby.com\/index.php\/produto\/porta-chupeta-13\/","name":"Porta Chupeta Florido - Ikisbaby - Loja Beb\u00e9 Online","isPartOf":{"@id":"https:\/\/ikisbaby.com\/#website"},"primaryImageOfPage":{"@id":"https:\/\/ikisbaby.com\/index.php\/produto\/porta-chupeta-13\/#primaryimage"},"image":{"@id":"https:\/\/ikisbaby.com\/index.php\/produto\/porta-chupeta-13\/#primaryimage"},"thumbnailUrl":"https:\/\/ikisbaby.com\/wp-content\/uploads\/2019\/03\/15517792961123.jpg","datePublished":"2019-03-05T17:17:00+00:00","dateModified":"2024-06-16T00:54:59+00:00","description":"Porta chupeta em tecido florido. Acess\u00f3rio essencial no enxoval do seu beb\u00e9. Mant\u00e9m a chucha protegida evitando que caia ao ch\u00e3o.","breadcrumb":{"@id":"https:\/\/ikisbaby.com\/index.php\/produto\/porta-chupeta-13\/#breadcrumb"},"inLanguage":"pt-PT","potentialAction":[{"@type":"ReadAction","target":["https:\/\/ikisbaby.com\/index.php\/produto\/porta-chupeta-13\/"]}]},{"@type":"ImageObject","inLanguage":"pt-PT","@id":"https:\/\/ikisbaby.com\/index.php\/produto\/porta-chupeta-13\/#primaryimage","url":"https:\/\/ikisbaby.com\/wp-content\/uploads\/2019\/03\/15517792961123.jpg","contentUrl":"https:\/\/ikisbaby.com\/wp-content\/uploads\/2019\/03\/15517792961123.jpg","width":768,"height":1024,"caption":"Porta Chupeta"},{"@type":"BreadcrumbList","@id":"https:\/\/ikisbaby.com\/index.php\/produto\/porta-chupeta-13\/#breadcrumb","itemListElement":[{"@type":"ListItem","position":1,"name":"In\u00edcio","item":"https:\/\/ikisbaby.com\/"},{"@type":"ListItem","position":2,"name":"Loja","item":"https:\/\/ikisbaby.com\/index.php\/loja-roupa-para-bebe\/"},{"@type":"ListItem","position":3,"name":"Porta Chupeta Florido"}]},{"@type":"WebSite","@id":"https:\/\/ikisbaby.com\/#website","url":"https:\/\/ikisbaby.com\/","name":"Ikisbaby","description":"Loja Online para Beb\u00e9","publisher":{"@id":"https:\/\/ikisbaby.com\/#organization"},"potentialAction":[{"@type":"SearchAction","target":{"@type":"EntryPoint","urlTemplate":"https:\/\/ikisbaby.com\/?s={search_term_string}"},"query-input":{"@type":"PropertyValueSpecification","valueRequired":true,"valueName":"search_term_string"}}],"inLanguage":"pt-PT"},{"@type":"Organization","@id":"https:\/\/ikisbaby.com\/#organization","name":"Ikisbaby","url":"https:\/\/ikisbaby.com\/","logo":{"@type":"ImageObject","inLanguage":"pt-PT","@id":"https:\/\/ikisbaby.com\/#\/schema\/logo\/image\/","url":"https:\/\/ikisbaby.com\/wp-content\/uploads\/2019\/02\/favicon.png","contentUrl":"https:\/\/ikisbaby.com\/wp-content\/uploads\/2019\/02\/favicon.png","width":512,"height":512,"caption":"Ikisbaby"},"image":{"@id":"https:\/\/ikisbaby.com\/#\/schema\/logo\/image\/"},"sameAs":["https:\/\/facebook.com\/ikisbaby","https:\/\/www.instagram.com\/ikisbaby\/"]}]}},"_links":{"self":[{"href":"https:\/\/ikisbaby.com\/index.php\/wp-json\/wp\/v2\/product\/15585","targetHints":{"allow":["GET"]}}],"collection":[{"href":"https:\/\/ikisbaby.com\/index.php\/wp-json\/wp\/v2\/product"}],"about":[{"href":"https:\/\/ikisbaby.com\/index.php\/wp-json\/wp\/v2\/types\/product"}],"replies":[{"embeddable":true,"href":"https:\/\/ikisbaby.com\/index.php\/wp-json\/wp\/v2\/comments?post=15585"}],"version-history":[{"count":1,"href":"https:\/\/ikisbaby.com\/index.php\/wp-json\/wp\/v2\/product\/15585\/revisions"}],"predecessor-version":[{"id":28621,"href":"https:\/\/ikisbaby.com\/index.php\/wp-json\/wp\/v2\/product\/15585\/revisions\/28621"}],"wp:featuredmedia":[{"embeddable":true,"href":"https:\/\/ikisbaby.com\/index.php\/wp-json\/wp\/v2\/media\/15586"}],"wp:attachment":[{"href":"https:\/\/ikisbaby.com\/index.php\/wp-json\/wp\/v2\/media?parent=15585"}],"wp:term":[{"taxonomy":"product_brand","embeddable":true,"href":"https:\/\/ikisbaby.com\/index.php\/wp-json\/wp\/v2\/product_brand?post=15585"},{"taxonomy":"product_cat","embeddable":true,"href":"https:\/\/ikisbaby.com\/index.php\/wp-json\/wp\/v2\/product_cat?post=15585"},{"taxonomy":"product_tag","embeddable":true,"href":"https:\/\/ikisbaby.com\/index.php\/wp-json\/wp\/v2\/product_tag?post=15585"}],"curies":[{"name":"wp","href":"https:\/\/api.w.org\/{rel}","templated":true}]}}