{"id":19998,"date":"2023-06-20T00:32:43","date_gmt":"2023-06-19T23:32:43","guid":{"rendered":"https:\/\/ikisbaby.com\/?page_id=19998"},"modified":"2023-06-20T00:42:42","modified_gmt":"2023-06-19T23:42:42","slug":"guia-de-tamanhos-bebe","status":"publish","type":"page","link":"https:\/\/ikisbaby.com\/index.php\/guia-de-tamanhos-bebe\/","title":{"rendered":"Guia de Tamanhos Beb\u00e9"},"content":{"rendered":"\n<p>Nesta tabela, fornecemos uma refer\u00eancia pr\u00e1tica e f\u00e1cil de usar, que relaciona as medidas do beb\u00e9, com os tamanhos de roupa mais comuns.<\/p>\n\n\n\n<h2 class=\"wp-block-heading has-text-align-center has-medium-font-size\"><strong>Guia de tamanhos bebe rec\u00e9m-nascido at\u00e9 36 meses<\/strong><\/h2>\n\n\n\n<figure class=\"wp-block-table\"><table><tbody><tr><td class=\"has-text-align-center\" data-align=\"center\"><strong>Idade\/Tamanho<\/strong><\/td><td class=\"has-text-align-center\" data-align=\"center\"><center><strong>Altura (cm) <\/strong><\/center><\/td><td class=\"has-text-align-center\" data-align=\"center\"><br><center><strong>Largura Peito (cm)<br><\/strong><\/center><\/td><\/tr><tr><td class=\"has-text-align-center\" data-align=\"center\">0<\/td><td class=\"has-text-align-center\" data-align=\"center\">50<\/td><td class=\"has-text-align-center\" data-align=\"center\">22<\/td><\/tr><tr><td class=\"has-text-align-center\" data-align=\"center\">1 m\u00eas<\/td><td class=\"has-text-align-center\" data-align=\"center\">51-56<\/td><td class=\"has-text-align-center\" data-align=\"center\">23<\/td><\/tr><tr><td class=\"has-text-align-center\" data-align=\"center\">3 meses<\/td><td class=\"has-text-align-center\" data-align=\"center\">57-62<\/td><td class=\"has-text-align-center\" data-align=\"center\">24<\/td><\/tr><tr><td class=\"has-text-align-center\" data-align=\"center\">6 meses<\/td><td class=\"has-text-align-center\" data-align=\"center\">63-68<\/td><td class=\"has-text-align-center\" data-align=\"center\">25<\/td><\/tr><tr><td class=\"has-text-align-center\" data-align=\"center\">9 meses<\/td><td class=\"has-text-align-center\" data-align=\"center\">69-74<\/td><td class=\"has-text-align-center\" data-align=\"center\">26<\/td><\/tr><tr><td class=\"has-text-align-center\" data-align=\"center\">12 meses<\/td><td class=\"has-text-align-center\" data-align=\"center\">75-80<\/td><td class=\"has-text-align-center\" data-align=\"center\">27<\/td><\/tr><tr><td class=\"has-text-align-center\" data-align=\"center\">18 meses<\/td><td class=\"has-text-align-center\" data-align=\"center\">81-86<\/td><td class=\"has-text-align-center\" data-align=\"center\">28,5<\/td><\/tr><tr><td class=\"has-text-align-center\" data-align=\"center\">24 meses<\/td><td class=\"has-text-align-center\" data-align=\"center\">87-92<\/td><td class=\"has-text-align-center\" data-align=\"center\">29,5<\/td><\/tr><tr><td class=\"has-text-align-center\" data-align=\"center\">36 meses<\/td><td class=\"has-text-align-center\" data-align=\"center\">93-98<\/td><td class=\"has-text-align-center\" data-align=\"center\">30,5<\/td><\/tr><\/tbody><\/table><\/figure>\n\n\n\n<h2 class=\"wp-block-heading\">*Medir desde a planta do p\u00e9, at\u00e9 ao topo da cabe\u00e7a.<\/h2>\n","protected":false},"excerpt":{"rendered":"<p>Nesta tabela, fornecemos uma refer\u00eancia pr\u00e1tica e f\u00e1cil de usar, que relaciona as medidas do beb\u00e9, com os tamanhos de roupa mais comuns. Guia de tamanhos bebe rec\u00e9m-nascido at\u00e9 36<\/p>\n","protected":false},"author":1,"featured_media":0,"parent":0,"menu_order":0,"comment_status":"closed","ping_status":"closed","template":"","meta":{"footnotes":""},"class_list":{"1":"page","2":"type-page","3":"status-publish","4":"hentry"},"yoast_head":"<!-- This site is optimized with the Yoast SEO plugin v27.0 - https:\/\/yoast.com\/product\/yoast-seo-wordpress\/ -->\n<title>Guia de Tamanhos Beb\u00e9 - Ikisbaby<\/title>\n<meta name=\"description\" content=\"Guia de tamanhos beb\u00e9, rec\u00e9m nascido at\u00e9 36 meses! Relaciona as medidas do beb\u00e9, com os tamanhos de roupa mais comuns.\" \/>\n<meta name=\"robots\" content=\"index, follow, max-snippet:-1, max-image-preview:large, max-video-preview:-1\" \/>\n<link rel=\"canonical\" href=\"https:\/\/ikisbaby.com\/index.php\/guia-de-tamanhos-bebe\/\" \/>\n<meta property=\"og:locale\" content=\"pt_PT\" \/>\n<meta property=\"og:type\" content=\"article\" \/>\n<meta property=\"og:title\" content=\"Guia de Tamanhos Beb\u00e9 - Ikisbaby\" \/>\n<meta property=\"og:description\" content=\"Guia de tamanhos beb\u00e9, rec\u00e9m nascido at\u00e9 36 meses! Relaciona as medidas do beb\u00e9, com os tamanhos de roupa mais comuns.\" \/>\n<meta property=\"og:url\" content=\"https:\/\/ikisbaby.com\/index.php\/guia-de-tamanhos-bebe\/\" \/>\n<meta property=\"og:site_name\" content=\"Ikisbaby\" \/>\n<meta property=\"article:publisher\" content=\"https:\/\/facebook.com\/ikisbaby\" \/>\n<meta property=\"article:modified_time\" content=\"2023-06-19T23:42:42+00:00\" \/>\n<meta property=\"og:image\" content=\"https:\/\/ikisbaby.com\/wp-content\/uploads\/2019\/02\/favicon.png\" \/>\n\t<meta property=\"og:image:width\" content=\"512\" \/>\n\t<meta property=\"og:image:height\" content=\"512\" \/>\n\t<meta property=\"og:image:type\" content=\"image\/png\" \/>\n<script type=\"application\/ld+json\" class=\"yoast-schema-graph\">{\"@context\":\"https:\/\/schema.org\",\"@graph\":[{\"@type\":\"WebPage\",\"@id\":\"https:\/\/ikisbaby.com\/index.php\/guia-de-tamanhos-bebe\/\",\"url\":\"https:\/\/ikisbaby.com\/index.php\/guia-de-tamanhos-bebe\/\",\"name\":\"Guia de Tamanhos Beb\u00e9 - Ikisbaby\",\"isPartOf\":{\"@id\":\"https:\/\/ikisbaby.com\/#website\"},\"datePublished\":\"2023-06-19T23:32:43+00:00\",\"dateModified\":\"2023-06-19T23:42:42+00:00\",\"description\":\"Guia de tamanhos beb\u00e9, rec\u00e9m nascido at\u00e9 36 meses! Relaciona as medidas do beb\u00e9, com os tamanhos de roupa mais comuns.\",\"breadcrumb\":{\"@id\":\"https:\/\/ikisbaby.com\/index.php\/guia-de-tamanhos-bebe\/#breadcrumb\"},\"inLanguage\":\"pt-PT\",\"potentialAction\":[{\"@type\":\"ReadAction\",\"target\":[\"https:\/\/ikisbaby.com\/index.php\/guia-de-tamanhos-bebe\/\"]}]},{\"@type\":\"BreadcrumbList\",\"@id\":\"https:\/\/ikisbaby.com\/index.php\/guia-de-tamanhos-bebe\/#breadcrumb\",\"itemListElement\":[{\"@type\":\"ListItem\",\"position\":1,\"name\":\"In\u00edcio\",\"item\":\"https:\/\/ikisbaby.com\/\"},{\"@type\":\"ListItem\",\"position\":2,\"name\":\"Guia de Tamanhos Beb\u00e9\"}]},{\"@type\":\"WebSite\",\"@id\":\"https:\/\/ikisbaby.com\/#website\",\"url\":\"https:\/\/ikisbaby.com\/\",\"name\":\"Ikisbaby\",\"description\":\"Loja Online para Beb\u00e9\",\"publisher\":{\"@id\":\"https:\/\/ikisbaby.com\/#organization\"},\"potentialAction\":[{\"@type\":\"SearchAction\",\"target\":{\"@type\":\"EntryPoint\",\"urlTemplate\":\"https:\/\/ikisbaby.com\/?s={search_term_string}\"},\"query-input\":{\"@type\":\"PropertyValueSpecification\",\"valueRequired\":true,\"valueName\":\"search_term_string\"}}],\"inLanguage\":\"pt-PT\"},{\"@type\":\"Organization\",\"@id\":\"https:\/\/ikisbaby.com\/#organization\",\"name\":\"Ikisbaby\",\"url\":\"https:\/\/ikisbaby.com\/\",\"logo\":{\"@type\":\"ImageObject\",\"inLanguage\":\"pt-PT\",\"@id\":\"https:\/\/ikisbaby.com\/#\/schema\/logo\/image\/\",\"url\":\"https:\/\/ikisbaby.com\/wp-content\/uploads\/2019\/02\/favicon.png\",\"contentUrl\":\"https:\/\/ikisbaby.com\/wp-content\/uploads\/2019\/02\/favicon.png\",\"width\":512,\"height\":512,\"caption\":\"Ikisbaby\"},\"image\":{\"@id\":\"https:\/\/ikisbaby.com\/#\/schema\/logo\/image\/\"},\"sameAs\":[\"https:\/\/facebook.com\/ikisbaby\",\"https:\/\/www.instagram.com\/ikisbaby\/\"]}]}<\/script>\n<!-- \/ Yoast SEO plugin. -->","yoast_head_json":{"title":"Guia de Tamanhos Beb\u00e9 - Ikisbaby","description":"Guia de tamanhos beb\u00e9, rec\u00e9m nascido at\u00e9 36 meses! Relaciona as medidas do beb\u00e9, com os tamanhos de roupa mais comuns.","robots":{"index":"index","follow":"follow","max-snippet":"max-snippet:-1","max-image-preview":"max-image-preview:large","max-video-preview":"max-video-preview:-1"},"canonical":"https:\/\/ikisbaby.com\/index.php\/guia-de-tamanhos-bebe\/","og_locale":"pt_PT","og_type":"article","og_title":"Guia de Tamanhos Beb\u00e9 - Ikisbaby","og_description":"Guia de tamanhos beb\u00e9, rec\u00e9m nascido at\u00e9 36 meses! Relaciona as medidas do beb\u00e9, com os tamanhos de roupa mais comuns.","og_url":"https:\/\/ikisbaby.com\/index.php\/guia-de-tamanhos-bebe\/","og_site_name":"Ikisbaby","article_publisher":"https:\/\/facebook.com\/ikisbaby","article_modified_time":"2023-06-19T23:42:42+00:00","og_image":[{"width":512,"height":512,"url":"https:\/\/ikisbaby.com\/wp-content\/uploads\/2019\/02\/favicon.png","type":"image\/png"}],"schema":{"@context":"https:\/\/schema.org","@graph":[{"@type":"WebPage","@id":"https:\/\/ikisbaby.com\/index.php\/guia-de-tamanhos-bebe\/","url":"https:\/\/ikisbaby.com\/index.php\/guia-de-tamanhos-bebe\/","name":"Guia de Tamanhos Beb\u00e9 - Ikisbaby","isPartOf":{"@id":"https:\/\/ikisbaby.com\/#website"},"datePublished":"2023-06-19T23:32:43+00:00","dateModified":"2023-06-19T23:42:42+00:00","description":"Guia de tamanhos beb\u00e9, rec\u00e9m nascido at\u00e9 36 meses! Relaciona as medidas do beb\u00e9, com os tamanhos de roupa mais comuns.","breadcrumb":{"@id":"https:\/\/ikisbaby.com\/index.php\/guia-de-tamanhos-bebe\/#breadcrumb"},"inLanguage":"pt-PT","potentialAction":[{"@type":"ReadAction","target":["https:\/\/ikisbaby.com\/index.php\/guia-de-tamanhos-bebe\/"]}]},{"@type":"BreadcrumbList","@id":"https:\/\/ikisbaby.com\/index.php\/guia-de-tamanhos-bebe\/#breadcrumb","itemListElement":[{"@type":"ListItem","position":1,"name":"In\u00edcio","item":"https:\/\/ikisbaby.com\/"},{"@type":"ListItem","position":2,"name":"Guia de Tamanhos Beb\u00e9"}]},{"@type":"WebSite","@id":"https:\/\/ikisbaby.com\/#website","url":"https:\/\/ikisbaby.com\/","name":"Ikisbaby","description":"Loja Online para Beb\u00e9","publisher":{"@id":"https:\/\/ikisbaby.com\/#organization"},"potentialAction":[{"@type":"SearchAction","target":{"@type":"EntryPoint","urlTemplate":"https:\/\/ikisbaby.com\/?s={search_term_string}"},"query-input":{"@type":"PropertyValueSpecification","valueRequired":true,"valueName":"search_term_string"}}],"inLanguage":"pt-PT"},{"@type":"Organization","@id":"https:\/\/ikisbaby.com\/#organization","name":"Ikisbaby","url":"https:\/\/ikisbaby.com\/","logo":{"@type":"ImageObject","inLanguage":"pt-PT","@id":"https:\/\/ikisbaby.com\/#\/schema\/logo\/image\/","url":"https:\/\/ikisbaby.com\/wp-content\/uploads\/2019\/02\/favicon.png","contentUrl":"https:\/\/ikisbaby.com\/wp-content\/uploads\/2019\/02\/favicon.png","width":512,"height":512,"caption":"Ikisbaby"},"image":{"@id":"https:\/\/ikisbaby.com\/#\/schema\/logo\/image\/"},"sameAs":["https:\/\/facebook.com\/ikisbaby","https:\/\/www.instagram.com\/ikisbaby\/"]}]}},"_links":{"self":[{"href":"https:\/\/ikisbaby.com\/index.php\/wp-json\/wp\/v2\/pages\/19998","targetHints":{"allow":["GET"]}}],"collection":[{"href":"https:\/\/ikisbaby.com\/index.php\/wp-json\/wp\/v2\/pages"}],"about":[{"href":"https:\/\/ikisbaby.com\/index.php\/wp-json\/wp\/v2\/types\/page"}],"author":[{"embeddable":true,"href":"https:\/\/ikisbaby.com\/index.php\/wp-json\/wp\/v2\/users\/1"}],"replies":[{"embeddable":true,"href":"https:\/\/ikisbaby.com\/index.php\/wp-json\/wp\/v2\/comments?post=19998"}],"version-history":[{"count":9,"href":"https:\/\/ikisbaby.com\/index.php\/wp-json\/wp\/v2\/pages\/19998\/revisions"}],"predecessor-version":[{"id":28124,"href":"https:\/\/ikisbaby.com\/index.php\/wp-json\/wp\/v2\/pages\/19998\/revisions\/28124"}],"wp:attachment":[{"href":"https:\/\/ikisbaby.com\/index.php\/wp-json\/wp\/v2\/media?parent=19998"}],"curies":[{"name":"wp","href":"https:\/\/api.w.org\/{rel}","templated":true}]}}