{"id":16960,"date":"2019-05-23T22:22:30","date_gmt":"2019-05-23T22:22:30","guid":{"rendered":"https:\/\/ikisbaby.com\/?page_id=16960"},"modified":"2023-09-16T00:37:29","modified_gmt":"2023-09-15T23:37:29","slug":"roupa-de-bebe-inicio","status":"publish","type":"page","link":"https:\/\/ikisbaby.com\/","title":{"rendered":"Loja de Beb\u00e9 Online Ikisbaby"},"content":{"rendered":"\t\t<div data-elementor-type=\"wp-page\" data-elementor-id=\"16960\" class=\"elementor elementor-16960\">\n\t\t\t\t\t\t<section class=\"elementor-section elementor-top-section elementor-element elementor-element-5ab4004 elementor-section-boxed elementor-section-height-default elementor-section-height-default\" data-id=\"5ab4004\" data-element_type=\"section\" data-e-type=\"section\">\n\t\t\t\t\t\t<div class=\"elementor-container elementor-column-gap-default\">\n\t\t\t\t\t<div class=\"elementor-column elementor-col-100 elementor-top-column elementor-element elementor-element-cbe7c12\" data-id=\"cbe7c12\" data-element_type=\"column\" data-e-type=\"column\">\n\t\t\t<div class=\"elementor-widget-wrap\">\n\t\t\t\t\t\t\t<\/div>\n\t\t<\/div>\n\t\t\t\t\t<\/div>\n\t\t<\/section>\n\t\t\t\t<section class=\"elementor-section elementor-top-section elementor-element elementor-element-c65c8f1 elementor-section-full_width elementor-section-height-default elementor-section-height-default\" data-id=\"c65c8f1\" data-element_type=\"section\" data-e-type=\"section\">\n\t\t\t\t\t\t<div class=\"elementor-container elementor-column-gap-default\">\n\t\t\t\t\t<div class=\"elementor-column elementor-col-100 elementor-top-column elementor-element elementor-element-727c3db\" data-id=\"727c3db\" data-element_type=\"column\" data-e-type=\"column\">\n\t\t\t<div class=\"elementor-widget-wrap elementor-element-populated\">\n\t\t\t\t\t\t<div class=\"elementor-element elementor-element-1e33b6b elementor-widget elementor-widget-jet-woo-widgets-categories\" data-id=\"1e33b6b\" data-element_type=\"widget\" data-e-type=\"widget\" data-widget_type=\"jet-woo-widgets-categories.default\">\n\t\t\t\t<div class=\"elementor-widget-container\">\n\t\t\t\t\t<div class=\"elementor-jet-woo-widgets-categories jet-woo-widgets\">\n<div class=\"jet-woo-categories jet-woo-categories--preset-1 col-row \">\n<div class=\"jet-woo-categories__item\">\n\t<div class=\"jet-woo-categories__inner-box\">\n\t\t\n<div class=\"jet-woo-categories-thumbnail__wrap\"><div class=\"jet-woo-category-thumbnail\">\n\t<a href=\"https:\/\/ikisbaby.com\/index.php\/categoria-produto\/complementos\/\" rel=\"bookmark\"><img fetchpriority=\"high\" decoding=\"async\" width=\"450\" height=\"450\" src=\"https:\/\/ikisbaby.com\/wp-content\/uploads\/2020\/02\/manta-xaile-vermelho-e1688901090317-450x450.jpg\" class=\"attachment-woocommerce_thumbnail size-woocommerce_thumbnail\" alt=\"manta beb\u00e9 xaile vermelho\" \/><\/a>\n\t<div class=\"jet-woo-category-img-overlay\"><\/div>\n\t<div class=\"jet-woo-category-img-overlay__hover\"><\/div>\n<\/div>\n\t<div class=\"jet-woo-category-count__wrap\"><\/div>\n<\/div>\n<div class=\"jet-woo-categories-content\">\n<div class=\"jet-woo-category-title\">\n\t<a href=\"https:\/\/ikisbaby.com\/index.php\/categoria-produto\/complementos\/\" class=\"jet-woo-category-title__link\">Complementos<\/a>\n<\/div>\n<\/div>\t<\/div>\n<\/div><div class=\"jet-woo-categories__item\">\n\t<div class=\"jet-woo-categories__inner-box\">\n\t\t\n<div class=\"jet-woo-categories-thumbnail__wrap\"><div class=\"jet-woo-category-thumbnail\">\n\t<a href=\"https:\/\/ikisbaby.com\/index.php\/categoria-produto\/complementos\/meias-carapins\/\" rel=\"bookmark\"><img decoding=\"async\" width=\"450\" height=\"450\" src=\"https:\/\/ikisbaby.com\/wp-content\/uploads\/2024\/07\/carapins_verao_final_1-450x450.jpeg\" class=\"attachment-woocommerce_thumbnail size-woocommerce_thumbnail\" alt=\"Carapins de ver\u00e3o\" \/><\/a>\n\t<div class=\"jet-woo-category-img-overlay\"><\/div>\n\t<div class=\"jet-woo-category-img-overlay__hover\"><\/div>\n<\/div>\n\t<div class=\"jet-woo-category-count__wrap\"><\/div>\n<\/div>\n<div class=\"jet-woo-categories-content\">\n<div class=\"jet-woo-category-title\">\n\t<a href=\"https:\/\/ikisbaby.com\/index.php\/categoria-produto\/complementos\/meias-carapins\/\" class=\"jet-woo-category-title__link\">Carapins<\/a>\n<\/div>\n<\/div>\t<\/div>\n<\/div><div class=\"jet-woo-categories__item\">\n\t<div class=\"jet-woo-categories__inner-box\">\n\t\t\n<div class=\"jet-woo-categories-thumbnail__wrap\"><div class=\"jet-woo-category-thumbnail\">\n\t<a href=\"https:\/\/ikisbaby.com\/index.php\/categoria-produto\/roupa-bebe-menino\/\" rel=\"bookmark\"><img decoding=\"async\" width=\"450\" height=\"450\" src=\"https:\/\/ikisbaby.com\/wp-content\/uploads\/2020\/10\/babygrow-malha-riscas-scaled-e1603971377847-450x450.jpg\" class=\"attachment-woocommerce_thumbnail size-woocommerce_thumbnail\" alt=\"fato malha riscas\" \/><\/a>\n\t<div class=\"jet-woo-category-img-overlay\"><\/div>\n\t<div class=\"jet-woo-category-img-overlay__hover\"><\/div>\n<\/div>\n\t<div class=\"jet-woo-category-count__wrap\"><\/div>\n<\/div>\n<div class=\"jet-woo-categories-content\">\n<div class=\"jet-woo-category-title\">\n\t<a href=\"https:\/\/ikisbaby.com\/index.php\/categoria-produto\/roupa-bebe-menino\/\" class=\"jet-woo-category-title__link\">Beb\u00e9 Menino<\/a>\n<\/div>\n<\/div>\t<\/div>\n<\/div><div class=\"jet-woo-categories__item\">\n\t<div class=\"jet-woo-categories__inner-box\">\n\t\t\n<div class=\"jet-woo-categories-thumbnail__wrap\"><div class=\"jet-woo-category-thumbnail\">\n\t<a href=\"https:\/\/ikisbaby.com\/index.php\/categoria-produto\/roupa-bebe-menina\/\" rel=\"bookmark\"><img loading=\"lazy\" decoding=\"async\" width=\"450\" height=\"447\" src=\"https:\/\/ikisbaby.com\/wp-content\/uploads\/2020\/02\/vestido_flores_rosa_bebe.jpg-e1690467069485-450x447.png\" class=\"attachment-woocommerce_thumbnail size-woocommerce_thumbnail\" alt=\"Vestido beb\u00e9 menina flores rosas\" \/><\/a>\n\t<div class=\"jet-woo-category-img-overlay\"><\/div>\n\t<div class=\"jet-woo-category-img-overlay__hover\"><\/div>\n<\/div>\n\t<div class=\"jet-woo-category-count__wrap\"><\/div>\n<\/div>\n<div class=\"jet-woo-categories-content\">\n<div class=\"jet-woo-category-title\">\n\t<a href=\"https:\/\/ikisbaby.com\/index.php\/categoria-produto\/roupa-bebe-menina\/\" class=\"jet-woo-category-title__link\">Beb\u00e9 Menina<\/a>\n<\/div>\n<\/div>\t<\/div>\n<\/div><\/div>\n<\/div>\t\t\t\t<\/div>\n\t\t\t\t<\/div>\n\t\t\t\t<div class=\"elementor-element elementor-element-422a473 elementor-widget elementor-widget-shortcode\" data-id=\"422a473\" data-element_type=\"widget\" data-e-type=\"widget\" data-widget_type=\"shortcode.default\">\n\t\t\t\t<div class=\"elementor-widget-container\">\n\t\t\t\t\t\t\t<div class=\"elementor-shortcode\">[newsletter_form]<\/div>\n\t\t\t\t\t\t<\/div>\n\t\t\t\t<\/div>\n\t\t\t\t\t<\/div>\n\t\t<\/div>\n\t\t\t\t\t<\/div>\n\t\t<\/section>\n\t\t\t\t<section class=\"elementor-section elementor-top-section elementor-element elementor-element-af343b4 elementor-section-boxed elementor-section-height-default elementor-section-height-default\" data-id=\"af343b4\" data-element_type=\"section\" data-e-type=\"section\">\n\t\t\t\t\t\t<div class=\"elementor-container elementor-column-gap-default\">\n\t\t\t\t\t<div class=\"elementor-column elementor-col-100 elementor-top-column elementor-element elementor-element-73ba9a0\" data-id=\"73ba9a0\" data-element_type=\"column\" data-e-type=\"column\">\n\t\t\t<div class=\"elementor-widget-wrap elementor-element-populated\">\n\t\t\t\t\t\t<div class=\"elementor-element elementor-element-96de1fd elementor-shape-rounded elementor-grid-0 e-grid-align-center elementor-widget elementor-widget-social-icons\" data-id=\"96de1fd\" data-element_type=\"widget\" data-e-type=\"widget\" data-widget_type=\"social-icons.default\">\n\t\t\t\t<div class=\"elementor-widget-container\">\n\t\t\t\t\t\t\t<div class=\"elementor-social-icons-wrapper elementor-grid\" role=\"list\">\n\t\t\t\t\t\t\t<span class=\"elementor-grid-item\" role=\"listitem\">\n\t\t\t\t\t<a class=\"elementor-icon elementor-social-icon elementor-social-icon-facebook elementor-repeater-item-dafdcc8\" href=\"https:\/\/www.facebook.com\/ikisbaby\" target=\"_blank\">\n\t\t\t\t\t\t<span class=\"elementor-screen-only\">Facebook<\/span>\n\t\t\t\t\t\t<i aria-hidden=\"true\" class=\"fab fa-facebook\"><\/i>\t\t\t\t\t<\/a>\n\t\t\t\t<\/span>\n\t\t\t\t\t\t\t<span class=\"elementor-grid-item\" role=\"listitem\">\n\t\t\t\t\t<a class=\"elementor-icon elementor-social-icon elementor-social-icon-instagram elementor-repeater-item-ec1de80\" href=\"https:\/\/www.instagram.com\/ikisbaby\/\" target=\"_blank\">\n\t\t\t\t\t\t<span class=\"elementor-screen-only\">Instagram<\/span>\n\t\t\t\t\t\t<i aria-hidden=\"true\" class=\"fab fa-instagram\"><\/i>\t\t\t\t\t<\/a>\n\t\t\t\t<\/span>\n\t\t\t\t\t<\/div>\n\t\t\t\t\t\t<\/div>\n\t\t\t\t<\/div>\n\t\t\t\t\t<\/div>\n\t\t<\/div>\n\t\t\t\t\t<\/div>\n\t\t<\/section>\n\t\t\t\t<\/div>\n\t\t","protected":false},"excerpt":{"rendered":"<p>Complementos Carapins Beb\u00e9 Menino Beb\u00e9 Menina [newsletter_form] Facebook Instagram<\/p>\n","protected":false},"author":1,"featured_media":0,"parent":0,"menu_order":0,"comment_status":"closed","ping_status":"closed","template":"","meta":{"footnotes":""},"class_list":{"1":"page","2":"type-page","3":"status-publish","4":"hentry"},"yoast_head":"<!-- This site is optimized with the Yoast SEO plugin v27.0 - https:\/\/yoast.com\/product\/yoast-seo-wordpress\/ -->\n<title>Loja de beb\u00e9 Online - Ikisbaby - Roupa de Beb\u00e9 e Complementos<\/title>\n<meta name=\"description\" content=\"Loja de beb\u00e9 Online, rec\u00e9m-nascido e beb\u00e9. Encontre fraldas, primeiras roupas, carapins, toalhas de banho, len\u00e7\u00f3is, tudo com envio 24\/48H.\" \/>\n<meta name=\"robots\" content=\"index, follow, max-snippet:-1, max-image-preview:large, max-video-preview:-1\" \/>\n<link rel=\"canonical\" href=\"https:\/\/ikisbaby.com\/\" \/>\n<meta property=\"og:locale\" content=\"pt_PT\" \/>\n<meta property=\"og:type\" content=\"article\" \/>\n<meta property=\"og:title\" content=\"Loja de beb\u00e9 Online - Ikisbaby - Roupa de Beb\u00e9 e Complementos\" \/>\n<meta property=\"og:description\" content=\"Loja de beb\u00e9 Online, rec\u00e9m-nascido e beb\u00e9. Encontre fraldas, primeiras roupas, carapins, toalhas de banho, len\u00e7\u00f3is, tudo com envio 24\/48H.\" \/>\n<meta property=\"og:url\" content=\"https:\/\/ikisbaby.com\/\" \/>\n<meta property=\"og:site_name\" content=\"Ikisbaby\" \/>\n<meta property=\"article:publisher\" content=\"https:\/\/facebook.com\/ikisbaby\" \/>\n<meta property=\"article:modified_time\" content=\"2023-09-15T23:37:29+00:00\" \/>\n<meta property=\"og:image\" content=\"https:\/\/ikisbaby.com\/wp-content\/uploads\/2020\/02\/manta-xaile-vermelho-e1688901090317-450x450.jpg\" \/>\n<script type=\"application\/ld+json\" class=\"yoast-schema-graph\">{\"@context\":\"https:\/\/schema.org\",\"@graph\":[{\"@type\":\"WebPage\",\"@id\":\"https:\/\/ikisbaby.com\/\",\"url\":\"https:\/\/ikisbaby.com\/\",\"name\":\"Loja de beb\u00e9 Online - Ikisbaby - Roupa de Beb\u00e9 e Complementos\",\"isPartOf\":{\"@id\":\"https:\/\/ikisbaby.com\/#website\"},\"primaryImageOfPage\":{\"@id\":\"https:\/\/ikisbaby.com\/#primaryimage\"},\"image\":{\"@id\":\"https:\/\/ikisbaby.com\/#primaryimage\"},\"thumbnailUrl\":\"https:\/\/ikisbaby.com\/wp-content\/uploads\/2020\/02\/manta-xaile-vermelho-e1688901090317-450x450.jpg\",\"datePublished\":\"2019-05-23T22:22:30+00:00\",\"dateModified\":\"2023-09-15T23:37:29+00:00\",\"description\":\"Loja de beb\u00e9 Online, rec\u00e9m-nascido e beb\u00e9. Encontre fraldas, primeiras roupas, carapins, toalhas de banho, len\u00e7\u00f3is, tudo com envio 24\/48H.\",\"breadcrumb\":{\"@id\":\"https:\/\/ikisbaby.com\/#breadcrumb\"},\"inLanguage\":\"pt-PT\",\"potentialAction\":[{\"@type\":\"ReadAction\",\"target\":[\"https:\/\/ikisbaby.com\/\"]}]},{\"@type\":\"ImageObject\",\"inLanguage\":\"pt-PT\",\"@id\":\"https:\/\/ikisbaby.com\/#primaryimage\",\"url\":\"https:\/\/ikisbaby.com\/wp-content\/uploads\/2020\/02\/manta-xaile-vermelho-e1688901090317.jpg\",\"contentUrl\":\"https:\/\/ikisbaby.com\/wp-content\/uploads\/2020\/02\/manta-xaile-vermelho-e1688901090317.jpg\",\"width\":600,\"height\":600,\"caption\":\"manta beb\u00e9 xaile vermelho\"},{\"@type\":\"BreadcrumbList\",\"@id\":\"https:\/\/ikisbaby.com\/#breadcrumb\",\"itemListElement\":[{\"@type\":\"ListItem\",\"position\":1,\"name\":\"In\u00edcio\",\"item\":\"https:\/\/ikisbaby.com\/\"},{\"@type\":\"ListItem\",\"position\":2,\"name\":\"Loja de Beb\u00e9 Online Ikisbaby\"}]},{\"@type\":\"WebSite\",\"@id\":\"https:\/\/ikisbaby.com\/#website\",\"url\":\"https:\/\/ikisbaby.com\/\",\"name\":\"Ikisbaby\",\"description\":\"Loja Online para Beb\u00e9\",\"publisher\":{\"@id\":\"https:\/\/ikisbaby.com\/#organization\"},\"potentialAction\":[{\"@type\":\"SearchAction\",\"target\":{\"@type\":\"EntryPoint\",\"urlTemplate\":\"https:\/\/ikisbaby.com\/?s={search_term_string}\"},\"query-input\":{\"@type\":\"PropertyValueSpecification\",\"valueRequired\":true,\"valueName\":\"search_term_string\"}}],\"inLanguage\":\"pt-PT\"},{\"@type\":\"Organization\",\"@id\":\"https:\/\/ikisbaby.com\/#organization\",\"name\":\"Ikisbaby\",\"url\":\"https:\/\/ikisbaby.com\/\",\"logo\":{\"@type\":\"ImageObject\",\"inLanguage\":\"pt-PT\",\"@id\":\"https:\/\/ikisbaby.com\/#\/schema\/logo\/image\/\",\"url\":\"https:\/\/ikisbaby.com\/wp-content\/uploads\/2019\/02\/favicon.png\",\"contentUrl\":\"https:\/\/ikisbaby.com\/wp-content\/uploads\/2019\/02\/favicon.png\",\"width\":512,\"height\":512,\"caption\":\"Ikisbaby\"},\"image\":{\"@id\":\"https:\/\/ikisbaby.com\/#\/schema\/logo\/image\/\"},\"sameAs\":[\"https:\/\/facebook.com\/ikisbaby\",\"https:\/\/www.instagram.com\/ikisbaby\/\"]}]}<\/script>\n<!-- \/ Yoast SEO plugin. -->","yoast_head_json":{"title":"Loja de beb\u00e9 Online - Ikisbaby - Roupa de Beb\u00e9 e Complementos","description":"Loja de beb\u00e9 Online, rec\u00e9m-nascido e beb\u00e9. Encontre fraldas, primeiras roupas, carapins, toalhas de banho, len\u00e7\u00f3is, tudo com envio 24\/48H.","robots":{"index":"index","follow":"follow","max-snippet":"max-snippet:-1","max-image-preview":"max-image-preview:large","max-video-preview":"max-video-preview:-1"},"canonical":"https:\/\/ikisbaby.com\/","og_locale":"pt_PT","og_type":"article","og_title":"Loja de beb\u00e9 Online - Ikisbaby - Roupa de Beb\u00e9 e Complementos","og_description":"Loja de beb\u00e9 Online, rec\u00e9m-nascido e beb\u00e9. Encontre fraldas, primeiras roupas, carapins, toalhas de banho, len\u00e7\u00f3is, tudo com envio 24\/48H.","og_url":"https:\/\/ikisbaby.com\/","og_site_name":"Ikisbaby","article_publisher":"https:\/\/facebook.com\/ikisbaby","article_modified_time":"2023-09-15T23:37:29+00:00","og_image":[{"url":"https:\/\/ikisbaby.com\/wp-content\/uploads\/2020\/02\/manta-xaile-vermelho-e1688901090317-450x450.jpg","type":"","width":"","height":""}],"schema":{"@context":"https:\/\/schema.org","@graph":[{"@type":"WebPage","@id":"https:\/\/ikisbaby.com\/","url":"https:\/\/ikisbaby.com\/","name":"Loja de beb\u00e9 Online - Ikisbaby - Roupa de Beb\u00e9 e Complementos","isPartOf":{"@id":"https:\/\/ikisbaby.com\/#website"},"primaryImageOfPage":{"@id":"https:\/\/ikisbaby.com\/#primaryimage"},"image":{"@id":"https:\/\/ikisbaby.com\/#primaryimage"},"thumbnailUrl":"https:\/\/ikisbaby.com\/wp-content\/uploads\/2020\/02\/manta-xaile-vermelho-e1688901090317-450x450.jpg","datePublished":"2019-05-23T22:22:30+00:00","dateModified":"2023-09-15T23:37:29+00:00","description":"Loja de beb\u00e9 Online, rec\u00e9m-nascido e beb\u00e9. Encontre fraldas, primeiras roupas, carapins, toalhas de banho, len\u00e7\u00f3is, tudo com envio 24\/48H.","breadcrumb":{"@id":"https:\/\/ikisbaby.com\/#breadcrumb"},"inLanguage":"pt-PT","potentialAction":[{"@type":"ReadAction","target":["https:\/\/ikisbaby.com\/"]}]},{"@type":"ImageObject","inLanguage":"pt-PT","@id":"https:\/\/ikisbaby.com\/#primaryimage","url":"https:\/\/ikisbaby.com\/wp-content\/uploads\/2020\/02\/manta-xaile-vermelho-e1688901090317.jpg","contentUrl":"https:\/\/ikisbaby.com\/wp-content\/uploads\/2020\/02\/manta-xaile-vermelho-e1688901090317.jpg","width":600,"height":600,"caption":"manta beb\u00e9 xaile vermelho"},{"@type":"BreadcrumbList","@id":"https:\/\/ikisbaby.com\/#breadcrumb","itemListElement":[{"@type":"ListItem","position":1,"name":"In\u00edcio","item":"https:\/\/ikisbaby.com\/"},{"@type":"ListItem","position":2,"name":"Loja de Beb\u00e9 Online Ikisbaby"}]},{"@type":"WebSite","@id":"https:\/\/ikisbaby.com\/#website","url":"https:\/\/ikisbaby.com\/","name":"Ikisbaby","description":"Loja Online para Beb\u00e9","publisher":{"@id":"https:\/\/ikisbaby.com\/#organization"},"potentialAction":[{"@type":"SearchAction","target":{"@type":"EntryPoint","urlTemplate":"https:\/\/ikisbaby.com\/?s={search_term_string}"},"query-input":{"@type":"PropertyValueSpecification","valueRequired":true,"valueName":"search_term_string"}}],"inLanguage":"pt-PT"},{"@type":"Organization","@id":"https:\/\/ikisbaby.com\/#organization","name":"Ikisbaby","url":"https:\/\/ikisbaby.com\/","logo":{"@type":"ImageObject","inLanguage":"pt-PT","@id":"https:\/\/ikisbaby.com\/#\/schema\/logo\/image\/","url":"https:\/\/ikisbaby.com\/wp-content\/uploads\/2019\/02\/favicon.png","contentUrl":"https:\/\/ikisbaby.com\/wp-content\/uploads\/2019\/02\/favicon.png","width":512,"height":512,"caption":"Ikisbaby"},"image":{"@id":"https:\/\/ikisbaby.com\/#\/schema\/logo\/image\/"},"sameAs":["https:\/\/facebook.com\/ikisbaby","https:\/\/www.instagram.com\/ikisbaby\/"]}]}},"_links":{"self":[{"href":"https:\/\/ikisbaby.com\/index.php\/wp-json\/wp\/v2\/pages\/16960","targetHints":{"allow":["GET"]}}],"collection":[{"href":"https:\/\/ikisbaby.com\/index.php\/wp-json\/wp\/v2\/pages"}],"about":[{"href":"https:\/\/ikisbaby.com\/index.php\/wp-json\/wp\/v2\/types\/page"}],"author":[{"embeddable":true,"href":"https:\/\/ikisbaby.com\/index.php\/wp-json\/wp\/v2\/users\/1"}],"replies":[{"embeddable":true,"href":"https:\/\/ikisbaby.com\/index.php\/wp-json\/wp\/v2\/comments?post=16960"}],"version-history":[{"count":426,"href":"https:\/\/ikisbaby.com\/index.php\/wp-json\/wp\/v2\/pages\/16960\/revisions"}],"predecessor-version":[{"id":28309,"href":"https:\/\/ikisbaby.com\/index.php\/wp-json\/wp\/v2\/pages\/16960\/revisions\/28309"}],"wp:attachment":[{"href":"https:\/\/ikisbaby.com\/index.php\/wp-json\/wp\/v2\/media?parent=16960"}],"curies":[{"name":"wp","href":"https:\/\/api.w.org\/{rel}","templated":true}]}}