{"id":11632,"date":"2019-01-30T22:14:35","date_gmt":"2019-01-30T22:14:35","guid":{"rendered":"http:\/\/ikisbaby.com\/?page_id=3"},"modified":"2019-02-27T22:17:35","modified_gmt":"2019-02-27T22:17:35","slug":"termos-e-condicoes-2","status":"publish","type":"page","link":"https:\/\/ikisbaby.com\/index.php\/termos-e-condicoes-2\/","title":{"rendered":"Termos e Condi\u00e7\u00f5es"},"content":{"rendered":"\n<h2 class=\"wp-block-heading\">Quem somos<\/h2>\n\n\n\n<p>O endere\u00e7o do nosso site \u00e9: http:\/\/ikisbaby.com<\/p>\n\n\n\n<p><strong>CONDI\u00c7\u00d5ES GERAIS DE UTILIZA\u00c7\u00c3O E VENDA ONLINE DO SITE HTTPS:\/\/IKISBABY.COM<\/strong><\/p>\n\n\n\n<p>O presente documento estabelece as Condi\u00e7\u00f5es Gerais de utiliza\u00e7\u00e3o e as Condi\u00e7\u00f5es Gerais de Venda Online da p\u00e1gina web https:\/\/ikisbaby.com.<\/p>\n\n\n\n<p>A ikisbaby reserva-se o direito de modificar livremente e a qualquer momento as presentes Condi\u00e7\u00f5es Gerais de uso e venda de modo a adequ\u00e1-las \u00e0 legisla\u00e7\u00e3o aplic\u00e1vel, sem necessidade de qualquer pr\u00e9-aviso.<br>Tanto a navega\u00e7\u00e3o pelo website www.ikisbaby.com bem como a compra de qualquer produto neste espa\u00e7o online pressup\u00f5e a aceita\u00e7\u00e3o das presentes Condi\u00e7\u00f5es Gerais de utiliza\u00e7\u00e3o e Venda Online constantes nesta p\u00e1gina.<br>A venda online s\u00f3 \u00e9 v\u00e1lida e aplic\u00e1vel aos territ\u00f3rios de Portugal Continental, Ilhas e pa\u00edses da Uni\u00e3o Europeia.<\/p>\n\n\n\n<p>O seu email ser\u00e1 utilizado estritamente pela Ikisbaby para atualiza\u00e7\u00e3o do estado das encomendas, assuntos relacionados com a sua conta bem como para o envio de ofertas promocionais relativas ao website. O email n\u00e3o ser\u00e1 fornecido a qualquer entidade que n\u00e3o a Ikisbaby. Pode cancelar a subscri\u00e7\u00e3o dos emails atrav\u00e9s do link no pr\u00f3prio email ou solicitar a remo\u00e7\u00e3o atrav\u00e9s do nosso formul\u00e1rio de contacto.<\/p>\n\n\n\n<p><strong>ALTERA\u00c7\u00c3O DAS PRESENTES CONDI\u00c7\u00d5ES<br><\/strong><\/p>\n\n\n\n<p>A Ikisbaby reserva-se o direito de modificar unilateralmente e em qualquer momento, sem aviso pr\u00e9vio, a apresenta\u00e7\u00e3o e conte\u00fado do s\u00edtio Web, seus servi\u00e7os e as condi\u00e7\u00f5es gerais de utiliza\u00e7\u00e3o. Essas modifica\u00e7\u00f5es servir\u00e3o para uma melhoria do website, melhorando simultaneamente os servi\u00e7os oferecidos ao utilizador do website.<\/p>\n\n\n\n<p>Todo o conte\u00fado e informa\u00e7\u00e3o constantes em www.ikisbaby.com, s\u00e3o propriedade da Ikisbaby e por isso a utiliza\u00e7\u00e3o, reprodu\u00e7\u00e3o, c\u00f3pia e divulga\u00e7\u00e3o por outros meios de logotipos, textos, imagens e v\u00eddeos constantes naquele website est\u00e1 sujeita \u00e0 sua autoriza\u00e7\u00e3o pr\u00e9via nesse sentido.<\/p>\n\n\n\n<p><strong>INFORMA\u00c7\u00c3O SOBRE OS PRODUTOS E SOBRE PRE\u00c7OS<\/strong><\/p>\n\n\n\n<p><strong>Informa\u00e7\u00e3o de Produtos<\/strong><br>A Ikisbaby&nbsp; tem em considera\u00e7\u00e3o a informa\u00e7\u00e3o relativa \u00e0s carater\u00edsticas essenciais dos produtos mediante descri\u00e7\u00f5es fornecidas pelos seus fornecedores, e de fotografias que ilustram os produtos comercializados, em rigoroso respeito pelos melhores padr\u00f5es do mercado.<\/p>\n\n\n\n<p><strong>Informa\u00e7\u00e3o de Pre\u00e7os<\/strong><br>Os pre\u00e7os de venda ao p\u00fablico indicados em www.ikisbaby.com s\u00e3o apresentados em euros. Todos os pre\u00e7os indicados s\u00e3o com IVA inclu\u00eddo.<\/p>\n\n\n\n<p>Os custos do servi\u00e7o de envio s\u00e3o por conta do utilizador e comprador, e acrescem ao total do valor dos produtos selecionados.<br>A Ikisbaby&nbsp; reserva-se o direito de alterar os pre\u00e7os em qualquer momento. No entanto, a Ikisbaby compromete-se a aplicar as taxas e pre\u00e7os dos artigos, indicados no momento da realiza\u00e7\u00e3o do pedido de compra, salvo:<\/p>\n\n\n\n<p>no caso de ocorr\u00eancia de erro inform\u00e1tico, manual, t\u00e9cnico, ou de qualquer outra origem, que cause uma altera\u00e7\u00e3o substancial n\u00e3o prevista, no pre\u00e7o de venda ao p\u00fablico, de tal modo que este se transforme exorbitante ou manifestamente irris\u00f3rio.<\/p>\n\n\n\n<p>Nestes casos o pedido de compra ser\u00e1 considerado inv\u00e1lido e anulado.<\/p>\n\n\n\n<p>Os pre\u00e7os e produtos disponibilizados em www.ikisbaby.com s\u00e3o unicamente v\u00e1lidos para pedidos de compra realizados atrav\u00e9s de www.ikisbaby.com<\/p>\n\n\n\n<p><strong>RESOLU\u00c7\u00c3O ALTERNATIVA DO LIT\u00cdGIOS DE CONSUMO<\/strong><\/p>\n\n\n\n<p>Em caso de lit\u00edgio de consumo, o consumidor pode recorrer \u00e0 Plataforma Europeia de Resolu\u00e7\u00e3o de Lit\u00edgios em Linha, dispon\u00edvel em <a href=\"http:\/\/ec.europa.eu\/consumers\/odr\">http:\/\/ec.europa.eu\/consumers\/odr<\/a> ou \u00e0s seguintes entidades de resolu\u00e7\u00e3o alternativa de lit\u00edgios de consumo:<\/p>\n\n\n\n<p>1. CNIACC &#8211; Centro Nacional de Informa\u00e7\u00e3o e Arbitragem de Conflitos de Consumo<br>Tel.: 213 847 484;<br>E-mail: cniacc@unl.pt<\/p>\n\n\n\n<p>2. CIMAAL &#8211; Centro de Informa\u00e7\u00e3o, Media\u00e7\u00e3o e Arbitragem de Conflitos de Consumo do Algarve<br>Tel.: 289 823 135;<br>E-mail: cimaal@mail.telepac.pt<\/p>\n\n\n\n<p>3. Centro de Arbitragem de Conflitos de Consumo do Distrito de Coimbra<br>Tel.: 239 821 690\/289.<br>E-mail: geral@centrodearbitragemdecoimbra.com<\/p>\n\n\n\n<p>4. Centro de Arbitragem de Conflitos de Consumo de Lisboa<br>Tel.: 218 807 000 \/ 218807030.<br>E-mail: juridico@centroarbitragemlisboa.pt; director@centroarbitragemlisboa.pt<\/p>\n\n\n\n<p>5. Centro de Informa\u00e7\u00e3o de Consumo e Arbitragem do Porto<br>Tel.: 225 508 349 \/ 225 029 791;<br>E-mail: cicap@mail.telepac.pt<\/p>\n\n\n\n<p>6. Centro de Arbitragem de Conflitos de Consumo do Vale do Ave\/Tribunal Arbitral<br>Tel.: 253 422 410;<br>E-mail: triave@gmail.com<\/p>\n\n\n\n<p>7. Centro de Informa\u00e7\u00e3o, Media\u00e7\u00e3o e Arbitragem de Consumo (Tribunal Arbitral de Consumo)<br>Tel.: 253 617 604;<br>E-mail: geral@ciab.pt<\/p>\n\n\n\n<p>8. Centro de Arbitragem de Conflitos de Consumo da Regi\u00e3o Aut\u00f3noma da Madeira<br>Morada: Rua Direita, 27 &#8211; 1\u00ba Andar,<br>9050-405 Funchal;<br>E-mail: centroarbitragem.sras@govmadeira.pt<\/p>\n\n\n\n<h3 class=\"wp-block-heading\">Cookies<\/h3>\n\n\n\n<p>Se deixar um coment\u00e1rio no nosso site pode optar por guardar o seu nome, endere\u00e7o de email e site nos cookies. Isto \u00e9 para sua conveni\u00eancia para n\u00e3o ter de preencher novamente os seus dados quando deixar outro coment\u00e1rio. Estes cookies durar\u00e3o um ano.<\/p>\n\n\n\n<p>Se tem uma conta e iniciar sess\u00e3o neste site, ser\u00e1 configurado um cookie tempor\u00e1rio para determinar se o seu navegador aceita cookies. Este cookie n\u00e3o cont\u00e9m dados pessoais e ser\u00e1 eliminado ao fechar o seu navegador. <\/p>\n\n\n\n<p>Ao iniciar a sess\u00e3o, ser\u00e3o configurados alguns cookies para guardar a sua informa\u00e7\u00e3o de sess\u00e3o e as suas escolhas de visualiza\u00e7\u00e3o de ecr\u00e3. Os cookies de in\u00edcio de sess\u00e3o duram um ano. Se seleccionar &#8220;Lembrar-me&#8221;, a sua sess\u00e3o ir\u00e1 persistir durante duas semanas. Ao terminar a sess\u00e3o, os cookies de inicio de sess\u00e3o ser\u00e3o removidos.<\/p>\n\n\n\n<p>Se editar ou publicar um artigo, ser\u00e1 guardado no seu navegador um cookie adicional. Este cookie n\u00e3o inclui dados pessoais apenas indica o ID de conte\u00fado do artigo que acabou de editar. Expira ao fim de 1 dia.<\/p>\n\n\n\n<p>Os artigos neste site podem incluir conte\u00fado incorporado (por exemplo: v\u00eddeos, imagens, artigos, etc.). O conte\u00fado incorporado de outros sites comporta-se tal como se o utilizador visitasse esses sites.<\/p>\n\n\n\n<h2 class=\"wp-block-heading\">Que direitos tem sobre os seus dados<\/h2>\n\n\n\n<p>Se tiver uma conta neste site, ou deixou coment\u00e1rios, pode pedir para receber um ficheiro de exporta\u00e7\u00e3o com os dados pessoais guardados sobre si, incluindo qualquer dado pessoal que indicou. Tamb\u00e9m pode solicitar que os dados guardados sejam eliminados. Isto n\u00e3o inclui qualquer dado pessoal que seja obrigat\u00f3rio manter para fins administrativos, legais ou de seguran\u00e7a.<\/p>\n\n\n\n<h2 class=\"wp-block-heading\">Para onde s\u00e3o enviados os seus dados<\/h2>\n\n\n\n<p>Os coment\u00e1rios dos visitantes podem ser verificados atrav\u00e9s de um servi\u00e7o autom\u00e1tico de detec\u00e7\u00e3o de spam.<\/p>\n\n\n\n<p><\/p>\n","protected":false},"excerpt":{"rendered":"<p>Quem somos O endere\u00e7o do nosso site \u00e9: http:\/\/ikisbaby.com CONDI\u00c7\u00d5ES GERAIS DE UTILIZA\u00c7\u00c3O E VENDA ONLINE DO SITE HTTPS:\/\/IKISBABY.COM O presente documento estabelece as Condi\u00e7\u00f5es Gerais de utiliza\u00e7\u00e3o e as<\/p>\n","protected":false},"author":1,"featured_media":0,"parent":0,"menu_order":0,"comment_status":"closed","ping_status":"closed","template":"","meta":{"footnotes":""},"class_list":{"1":"page","2":"type-page","3":"status-publish","4":"hentry"},"yoast_head":"<!-- This site is optimized with the Yoast SEO plugin v27.0 - https:\/\/yoast.com\/product\/yoast-seo-wordpress\/ -->\n<title>Termos e Condi\u00e7\u00f5es - Ikisbaby<\/title>\n<meta name=\"robots\" content=\"index, follow, max-snippet:-1, max-image-preview:large, max-video-preview:-1\" \/>\n<link rel=\"canonical\" href=\"https:\/\/ikisbaby.com\/index.php\/termos-e-condicoes-2\/\" \/>\n<meta property=\"og:locale\" content=\"pt_PT\" \/>\n<meta property=\"og:type\" content=\"article\" \/>\n<meta property=\"og:title\" content=\"Termos e Condi\u00e7\u00f5es - Ikisbaby\" \/>\n<meta property=\"og:description\" content=\"Quem somos O endere\u00e7o do nosso site \u00e9: http:\/\/ikisbaby.com CONDI\u00c7\u00d5ES GERAIS DE UTILIZA\u00c7\u00c3O E VENDA ONLINE DO SITE HTTPS:\/\/IKISBABY.COM O presente documento estabelece as Condi\u00e7\u00f5es Gerais de utiliza\u00e7\u00e3o e as\" \/>\n<meta property=\"og:url\" content=\"https:\/\/ikisbaby.com\/index.php\/termos-e-condicoes-2\/\" \/>\n<meta property=\"og:site_name\" content=\"Ikisbaby\" \/>\n<meta property=\"article:publisher\" content=\"https:\/\/facebook.com\/ikisbaby\" \/>\n<meta property=\"article:modified_time\" content=\"2019-02-27T22:17:35+00:00\" \/>\n<meta property=\"og:image\" content=\"https:\/\/ikisbaby.com\/wp-content\/uploads\/2019\/02\/favicon.png\" \/>\n\t<meta property=\"og:image:width\" content=\"512\" \/>\n\t<meta property=\"og:image:height\" content=\"512\" \/>\n\t<meta property=\"og:image:type\" content=\"image\/png\" \/>\n<script type=\"application\/ld+json\" class=\"yoast-schema-graph\">{\"@context\":\"https:\/\/schema.org\",\"@graph\":[{\"@type\":\"WebPage\",\"@id\":\"https:\/\/ikisbaby.com\/index.php\/termos-e-condicoes-2\/\",\"url\":\"https:\/\/ikisbaby.com\/index.php\/termos-e-condicoes-2\/\",\"name\":\"Termos e Condi\u00e7\u00f5es - Ikisbaby\",\"isPartOf\":{\"@id\":\"https:\/\/ikisbaby.com\/#website\"},\"datePublished\":\"2019-01-30T22:14:35+00:00\",\"dateModified\":\"2019-02-27T22:17:35+00:00\",\"breadcrumb\":{\"@id\":\"https:\/\/ikisbaby.com\/index.php\/termos-e-condicoes-2\/#breadcrumb\"},\"inLanguage\":\"pt-PT\",\"potentialAction\":[{\"@type\":\"ReadAction\",\"target\":[\"https:\/\/ikisbaby.com\/index.php\/termos-e-condicoes-2\/\"]}]},{\"@type\":\"BreadcrumbList\",\"@id\":\"https:\/\/ikisbaby.com\/index.php\/termos-e-condicoes-2\/#breadcrumb\",\"itemListElement\":[{\"@type\":\"ListItem\",\"position\":1,\"name\":\"In\u00edcio\",\"item\":\"https:\/\/ikisbaby.com\/\"},{\"@type\":\"ListItem\",\"position\":2,\"name\":\"Termos e Condi\u00e7\u00f5es\"}]},{\"@type\":\"WebSite\",\"@id\":\"https:\/\/ikisbaby.com\/#website\",\"url\":\"https:\/\/ikisbaby.com\/\",\"name\":\"Ikisbaby\",\"description\":\"Loja Online para Beb\u00e9\",\"publisher\":{\"@id\":\"https:\/\/ikisbaby.com\/#organization\"},\"potentialAction\":[{\"@type\":\"SearchAction\",\"target\":{\"@type\":\"EntryPoint\",\"urlTemplate\":\"https:\/\/ikisbaby.com\/?s={search_term_string}\"},\"query-input\":{\"@type\":\"PropertyValueSpecification\",\"valueRequired\":true,\"valueName\":\"search_term_string\"}}],\"inLanguage\":\"pt-PT\"},{\"@type\":\"Organization\",\"@id\":\"https:\/\/ikisbaby.com\/#organization\",\"name\":\"Ikisbaby\",\"url\":\"https:\/\/ikisbaby.com\/\",\"logo\":{\"@type\":\"ImageObject\",\"inLanguage\":\"pt-PT\",\"@id\":\"https:\/\/ikisbaby.com\/#\/schema\/logo\/image\/\",\"url\":\"https:\/\/ikisbaby.com\/wp-content\/uploads\/2019\/02\/favicon.png\",\"contentUrl\":\"https:\/\/ikisbaby.com\/wp-content\/uploads\/2019\/02\/favicon.png\",\"width\":512,\"height\":512,\"caption\":\"Ikisbaby\"},\"image\":{\"@id\":\"https:\/\/ikisbaby.com\/#\/schema\/logo\/image\/\"},\"sameAs\":[\"https:\/\/facebook.com\/ikisbaby\",\"https:\/\/www.instagram.com\/ikisbaby\/\"]}]}<\/script>\n<!-- \/ Yoast SEO plugin. -->","yoast_head_json":{"title":"Termos e Condi\u00e7\u00f5es - Ikisbaby","robots":{"index":"index","follow":"follow","max-snippet":"max-snippet:-1","max-image-preview":"max-image-preview:large","max-video-preview":"max-video-preview:-1"},"canonical":"https:\/\/ikisbaby.com\/index.php\/termos-e-condicoes-2\/","og_locale":"pt_PT","og_type":"article","og_title":"Termos e Condi\u00e7\u00f5es - Ikisbaby","og_description":"Quem somos O endere\u00e7o do nosso site \u00e9: http:\/\/ikisbaby.com CONDI\u00c7\u00d5ES GERAIS DE UTILIZA\u00c7\u00c3O E VENDA ONLINE DO SITE HTTPS:\/\/IKISBABY.COM O presente documento estabelece as Condi\u00e7\u00f5es Gerais de utiliza\u00e7\u00e3o e as","og_url":"https:\/\/ikisbaby.com\/index.php\/termos-e-condicoes-2\/","og_site_name":"Ikisbaby","article_publisher":"https:\/\/facebook.com\/ikisbaby","article_modified_time":"2019-02-27T22:17:35+00:00","og_image":[{"width":512,"height":512,"url":"https:\/\/ikisbaby.com\/wp-content\/uploads\/2019\/02\/favicon.png","type":"image\/png"}],"schema":{"@context":"https:\/\/schema.org","@graph":[{"@type":"WebPage","@id":"https:\/\/ikisbaby.com\/index.php\/termos-e-condicoes-2\/","url":"https:\/\/ikisbaby.com\/index.php\/termos-e-condicoes-2\/","name":"Termos e Condi\u00e7\u00f5es - Ikisbaby","isPartOf":{"@id":"https:\/\/ikisbaby.com\/#website"},"datePublished":"2019-01-30T22:14:35+00:00","dateModified":"2019-02-27T22:17:35+00:00","breadcrumb":{"@id":"https:\/\/ikisbaby.com\/index.php\/termos-e-condicoes-2\/#breadcrumb"},"inLanguage":"pt-PT","potentialAction":[{"@type":"ReadAction","target":["https:\/\/ikisbaby.com\/index.php\/termos-e-condicoes-2\/"]}]},{"@type":"BreadcrumbList","@id":"https:\/\/ikisbaby.com\/index.php\/termos-e-condicoes-2\/#breadcrumb","itemListElement":[{"@type":"ListItem","position":1,"name":"In\u00edcio","item":"https:\/\/ikisbaby.com\/"},{"@type":"ListItem","position":2,"name":"Termos e Condi\u00e7\u00f5es"}]},{"@type":"WebSite","@id":"https:\/\/ikisbaby.com\/#website","url":"https:\/\/ikisbaby.com\/","name":"Ikisbaby","description":"Loja Online para Beb\u00e9","publisher":{"@id":"https:\/\/ikisbaby.com\/#organization"},"potentialAction":[{"@type":"SearchAction","target":{"@type":"EntryPoint","urlTemplate":"https:\/\/ikisbaby.com\/?s={search_term_string}"},"query-input":{"@type":"PropertyValueSpecification","valueRequired":true,"valueName":"search_term_string"}}],"inLanguage":"pt-PT"},{"@type":"Organization","@id":"https:\/\/ikisbaby.com\/#organization","name":"Ikisbaby","url":"https:\/\/ikisbaby.com\/","logo":{"@type":"ImageObject","inLanguage":"pt-PT","@id":"https:\/\/ikisbaby.com\/#\/schema\/logo\/image\/","url":"https:\/\/ikisbaby.com\/wp-content\/uploads\/2019\/02\/favicon.png","contentUrl":"https:\/\/ikisbaby.com\/wp-content\/uploads\/2019\/02\/favicon.png","width":512,"height":512,"caption":"Ikisbaby"},"image":{"@id":"https:\/\/ikisbaby.com\/#\/schema\/logo\/image\/"},"sameAs":["https:\/\/facebook.com\/ikisbaby","https:\/\/www.instagram.com\/ikisbaby\/"]}]}},"_links":{"self":[{"href":"https:\/\/ikisbaby.com\/index.php\/wp-json\/wp\/v2\/pages\/11632","targetHints":{"allow":["GET"]}}],"collection":[{"href":"https:\/\/ikisbaby.com\/index.php\/wp-json\/wp\/v2\/pages"}],"about":[{"href":"https:\/\/ikisbaby.com\/index.php\/wp-json\/wp\/v2\/types\/page"}],"author":[{"embeddable":true,"href":"https:\/\/ikisbaby.com\/index.php\/wp-json\/wp\/v2\/users\/1"}],"replies":[{"embeddable":true,"href":"https:\/\/ikisbaby.com\/index.php\/wp-json\/wp\/v2\/comments?post=11632"}],"version-history":[{"count":3,"href":"https:\/\/ikisbaby.com\/index.php\/wp-json\/wp\/v2\/pages\/11632\/revisions"}],"predecessor-version":[{"id":27540,"href":"https:\/\/ikisbaby.com\/index.php\/wp-json\/wp\/v2\/pages\/11632\/revisions\/27540"}],"wp:attachment":[{"href":"https:\/\/ikisbaby.com\/index.php\/wp-json\/wp\/v2\/media?parent=11632"}],"curies":[{"name":"wp","href":"https:\/\/api.w.org\/{rel}","templated":true}]}}